{"id":850,"date":"2016-09-05T10:27:00","date_gmt":"2016-09-05T08:27:00","guid":{"rendered":"http:\/\/univet.hu\/fuer-studenten\/studentenunterstutzung-und-beratungsdienste\/"},"modified":"2019-07-15T16:14:02","modified_gmt":"2019-07-15T14:14:02","slug":"studentenunterstutzung-und-beratungsdienste","status":"publish","type":"page","link":"https:\/\/univet.hu\/de\/studenten\/studentenunterstutzung-und-beratungsdienste\/","title":{"rendered":"Unterst\u00fctzung &#038; Beratung f\u00fcr Studierende"},"content":{"rendered":"<p>Willkommen bei der UNIVET On-campus Unterst\u00fctzung &amp; Beratung f\u00fcr Studierende.<\/p> <p>&nbsp;<\/p> <p>Studierendenberatung. Seit 2014 bietet die Universit\u00e4t allen Univet-Studierenden eine kostenlose, vertrauliche Studierendenunterst\u00fctzung auf dem Campus an. Als unabh\u00e4ngiger Dienstleister f\u00fcr Studierende engagiert sich Human-Service in der Unterst\u00fctzung von Studierenden auf dem Campus. Neben einer vertraulichen Einzel- (1:1) und Gruppenberatung bietet unsere Website Zugang zu n\u00fctzlichen Ressourcen f\u00fcr viele Lebensbereiche, da wir wissen, dass das Leben an einer medizinischen Universit\u00e4t f\u00fcr internationale Studierende manchmal schwierig sein kann.<\/p> <p>Psychotherapeut f\u00fcr Studierende: Herr Levente Somogyi<\/p> <p>\u00d6ffnungszeiten: montags zwischen 7:00 &#8211; 12:00 Uhr (offene Sprechzeiten: 7:00 &#8211; 8:00 Uhr) und mittwochs zwischen 9:00 und 13:00 Uhr.<\/p> <p>Tel.: +36-30-386-989898<\/p> <p>E-Mail-Adresse: <a class=\"decrypt\" rel=\"tpnphzj\/mfwfoufAvojwfu\/iv\" href=\"javascript:void(0);\">[Click to see email]<\/a>; <a class=\"decrypt\" rel=\"itAivnbo.tfswjdf\/iv\" href=\"javascript:void(0);\">[Click to see email]<\/a><br \/> Website f\u00fcr die Dienstleistung: <a href=\"http:\/\/www.mentalhub.hu\">www.mentalhub.hu<\/a><\/p> <p>Sie k\u00f6nnen Online-Termine f\u00fcr ein 1:1-Meeting vereinbaren, indem Sie unser Terminbuchungssystem aufsuchen. Sie k\u00f6nnen die Beratungsstelle bei kleineren Problemen w\u00e4hrend der offenen Sprechzeiten auch ohne Terminvereinbarung aufsuchen. Neben der vertraulichen Einzel- und Gruppenberatung bietet die Website f\u00fcr die Dienstleistung: <a href=\"http:\/\/www.mentalhub.hu\">www.mentalhub.hu<\/a> Zugang zu n\u00fctzlichen Ressourcen in vielen speziellen Bereichen des studentischen Lebens.<\/p> <p>Unterst\u00fctzungsgruppendienste. Unser B\u00fcro bietet Unterst\u00fctzungsgruppen f\u00fcr internationale Studierende in verschiedenen Bereichen an (z. B.: Aufwachsen unter schwierigen Bedingungen, Sucht, Missbrauch und andere Herausforderungen &#8211; siehe Service-Website f\u00fcr weitere Informationen unter UNIVET-Unterst\u00fctzungsgruppen.<\/p> <p>Peer-Mentoring-Programm f\u00fcr neue Studierende (Erstsemester oder Studierende, die die Universit\u00e4t gewechselt haben). Da wir wissen, was f\u00fcr eine Herausforderung ein Auslandsaufenthalt darstellt, haben wir ein einzigartiges Peer-Mentoring-System f\u00fcr Erstsemester mit dem Titel SAM-buddy Peer-Mentoring entwickelt. Ziel ist es, neue Studierende im Herbstsemester f\u00fcr einen Zeitraum von 8 Wochen auf einer 1:1-Basis zu unterst\u00fctzen. Erfahren Sie mehr \u00fcber das Programm, indem Sie den Men\u00fcpunkt UNIVET Peer-Mentoring aufsuchen.<\/p> <p>Lerntechniken und Lernmethoden (1 Credit Point) Wahlpflichtfach. Medizinische Fakult\u00e4ten und Universit\u00e4ten neigen dazu, von den Studierenden viel zu verlangen, die meisten Studierenden verf\u00fcgen jedoch lediglich \u00fcber ein oder zwei Lerntechniken, die m\u00f6glicherweise nicht geeignet sind, das extrem hohe Materialvolumen in einem schnellen Tempo zu bew\u00e4ltigen. Das Wahlpflichtfach soll einen Einblick in andere Lernmethoden geben sowie Zeit und Energie sparen. Weitere Informationen finden Sie in der Kursbeschreibung im NEPTUN-System.<\/p> <p>Study-Buddy- und Studiergruppen-Finderdienste. An medizinischen Universit\u00e4ten\/Fakult\u00e4ten bietet gemeinsames Studieren zur Vorbereitung auf die Veranstaltungen oder eine Pr\u00fcfung einen gro\u00dfen Mehrwert. Die UNIVET bietet ihren Studierenden nun ein zus\u00e4tzliches experimentelles, neues Instrument zur Suche nach Studierpartnern an. Besuchen Sie die Website <a href=\"http:\/\/www.studygroups.hu\">www.studygroups.hu<\/a> und klicken Sie auf Study-Buddy- &amp; Studiergruppenfinder, um sich anzumelden. Sobald eine positive \u00dcbereinstimmung mit Ihren Suchparametern vorliegt, erhalten Sie eine Benachrichtigung und die Kontaktdaten der jeweiligen Gruppe bzw. des Partners, an der Sie teilnehmen bzw. mit dem Sie lernen k\u00f6nnen.<\/p>","protected":false},"excerpt":{"rendered":"<p>Willkommen bei der UNIVET On-campus Unterst\u00fctzung &amp; Beratung f\u00fcr Studierende. &nbsp; Studierendenberatung. Seit 2014 bietet die Universit\u00e4t allen Univet-Studierenden eine kostenlose, vertrauliche Studierendenunterst\u00fctzung auf dem Campus an. Als unabh\u00e4ngiger Dienstleister f\u00fcr Studierende engagiert sich Human-Service in der Unterst\u00fctzung von Studierenden auf dem Campus. Neben einer vertraulichen Einzel- (1:1) und Gruppenberatung bietet unsere Website Zugang zu<\/p>\n","protected":false},"author":1,"featured_media":0,"parent":349,"menu_order":302,"comment_status":"closed","ping_status":"closed","template":"","meta":{"_acf_changed":false,"footnotes":""},"categories":[],"tags":[],"class_list":["post-850","page","type-page","status-publish","hentry"],"acf":[],"_links":{"self":[{"href":"https:\/\/univet.hu\/de\/wp-json\/wp\/v2\/pages\/850","targetHints":{"allow":["GET"]}}],"collection":[{"href":"https:\/\/univet.hu\/de\/wp-json\/wp\/v2\/pages"}],"about":[{"href":"https:\/\/univet.hu\/de\/wp-json\/wp\/v2\/types\/page"}],"author":[{"embeddable":true,"href":"https:\/\/univet.hu\/de\/wp-json\/wp\/v2\/users\/1"}],"replies":[{"embeddable":true,"href":"https:\/\/univet.hu\/de\/wp-json\/wp\/v2\/comments?post=850"}],"version-history":[{"count":0,"href":"https:\/\/univet.hu\/de\/wp-json\/wp\/v2\/pages\/850\/revisions"}],"up":[{"embeddable":true,"href":"https:\/\/univet.hu\/de\/wp-json\/wp\/v2\/pages\/349"}],"wp:attachment":[{"href":"https:\/\/univet.hu\/de\/wp-json\/wp\/v2\/media?parent=850"}],"wp:term":[{"taxonomy":"category","embeddable":true,"href":"https:\/\/univet.hu\/de\/wp-json\/wp\/v2\/categories?post=850"},{"taxonomy":"post_tag","embeddable":true,"href":"https:\/\/univet.hu\/de\/wp-json\/wp\/v2\/tags?post=850"}],"curies":[{"name":"wp","href":"https:\/\/api.w.org\/{rel}","templated":true}]}}