{"id":853,"date":"2017-04-07T13:56:00","date_gmt":"2017-04-07T11:56:00","guid":{"rendered":"http:\/\/univet.hu\/die-universitaet\/vorstellung\/"},"modified":"2023-10-10T15:05:16","modified_gmt":"2023-10-10T13:05:16","slug":"vorstellung","status":"publish","type":"page","link":"https:\/\/univet.hu\/de\/universitaet\/vorstellung\/","title":{"rendered":"Vorstellung"},"content":{"rendered":"<h2>Willkommen<\/h2> <p><a href=\"https:\/\/univet.hu\/wp-content\/uploads\/2023\/10\/portre_2.jpg\"><img loading=\"lazy\" decoding=\"async\" class=\"size-medium wp-image-95991 alignleft\" src=\"https:\/\/univet.hu\/wp-content\/uploads\/2023\/10\/portre_2-259x320.jpg\" alt=\"\" width=\"259\" height=\"320\" srcset=\"https:\/\/univet.hu\/wp-content\/uploads\/2023\/10\/portre_2-259x320.jpg 259w, https:\/\/univet.hu\/wp-content\/uploads\/2023\/10\/portre_2-768x950.jpg 768w, https:\/\/univet.hu\/wp-content\/uploads\/2023\/10\/portre_2-776x960.jpg 776w\" sizes=\"auto, (max-width: 259px) 100vw, 259px\" \/><\/a><\/p> <p class=\"p1\"> <p>Liebe Leser, hier bekommen Sie einen \u00dcberblick \u00fcber die vergangenen Jahrhunderte und den Alltag einer der \u00e4ltesten veterin\u00e4rmedizinischen Ausbildungsst\u00e4tten Europas, der Veterin\u00e4rmedizinischen Universit\u00e4t, die erst vor kurzem ihre Unabh\u00e4ngigkeit wiedererlangt hat und die jahrhundertealte Traditionen und das Erbe unserer Vorfahren am Leben erh\u00e4lt.<\/p> <p>In den letzten Jahrzehnten hat es viele Ver\u00e4nderungen gegeben, aber unsere allgemeinen Prinzipien sind seit 1787 unver\u00e4ndert geblieben. Unser Ziel ist es auch heute noch, Tier\u00e4rzte auszubilden, die in der Lage sind, sich dem Wettbewerb in allen Segmenten des Tierarztberufs zu stellen.<\/p> <p>Die veterin\u00e4rmedizinische Ausbildung in Ungarn erfolgt in drei Sprachen; neben dem ungarischen Programm k\u00f6nnen wir auch ein englisches und ein deutsches Programm f\u00fcr Studenten aus rund 50 L\u00e4ndern der Welt anbieten, deren Anzahl weitaus h\u00f6her ist als die der ungarischen Studenten.<\/p> <p>W\u00e4hrend andere ungarische Universit\u00e4ten darum k\u00e4mpfen, zu den Besten der Welt zu geh\u00f6ren, nimmt unsere Alma Mater aufgrund der Akkreditierung durch EAEVE bereits eine f\u00fchrende Position in Europa ein.<\/p> <p>Wir sind allen dankbar, die uns mit Begeisterung und Vertrauen in unsere Zukunft unterst\u00fctzt haben. Viele haben erkannt, dass wir uns in einer einzigartigen Position befinden, da man uns als einzige Einrichtung f\u00fcr die Tier\u00e4rzte-Ausbildung in Ungarn aus fachlicher Sicht nur mit veterin\u00e4rmedizinischen Hochschulen im Ausland vergleichen kann.<\/p> <p><strong>Dr. P\u00e9ter S\u00f3tonyi<\/strong>, Rektor der Universit\u00e4t<\/p> <p>&nbsp;<\/p>","protected":false},"excerpt":{"rendered":"<p>Willkommen Liebe Leser, hier bekommen Sie einen \u00dcberblick \u00fcber die vergangenen Jahrhunderte und den Alltag einer der \u00e4ltesten veterin\u00e4rmedizinischen Ausbildungsst\u00e4tten Europas, der Veterin\u00e4rmedizinischen Universit\u00e4t, die erst vor kurzem ihre Unabh\u00e4ngigkeit wiedererlangt hat und die jahrhundertealte Traditionen und das Erbe unserer Vorfahren am Leben erh\u00e4lt. In den letzten Jahrzehnten hat es viele Ver\u00e4nderungen gegeben, aber unsere<\/p>\n","protected":false},"author":1,"featured_media":0,"parent":335,"menu_order":309,"comment_status":"closed","ping_status":"closed","template":"page-templates\/page-introduction.php","meta":{"_acf_changed":false,"footnotes":""},"categories":[],"tags":[],"class_list":["post-853","page","type-page","status-publish","hentry"],"acf":[],"_links":{"self":[{"href":"https:\/\/univet.hu\/de\/wp-json\/wp\/v2\/pages\/853","targetHints":{"allow":["GET"]}}],"collection":[{"href":"https:\/\/univet.hu\/de\/wp-json\/wp\/v2\/pages"}],"about":[{"href":"https:\/\/univet.hu\/de\/wp-json\/wp\/v2\/types\/page"}],"author":[{"embeddable":true,"href":"https:\/\/univet.hu\/de\/wp-json\/wp\/v2\/users\/1"}],"replies":[{"embeddable":true,"href":"https:\/\/univet.hu\/de\/wp-json\/wp\/v2\/comments?post=853"}],"version-history":[{"count":0,"href":"https:\/\/univet.hu\/de\/wp-json\/wp\/v2\/pages\/853\/revisions"}],"up":[{"embeddable":true,"href":"https:\/\/univet.hu\/de\/wp-json\/wp\/v2\/pages\/335"}],"wp:attachment":[{"href":"https:\/\/univet.hu\/de\/wp-json\/wp\/v2\/media?parent=853"}],"wp:term":[{"taxonomy":"category","embeddable":true,"href":"https:\/\/univet.hu\/de\/wp-json\/wp\/v2\/categories?post=853"},{"taxonomy":"post_tag","embeddable":true,"href":"https:\/\/univet.hu\/de\/wp-json\/wp\/v2\/tags?post=853"}],"curies":[{"name":"wp","href":"https:\/\/api.w.org\/{rel}","templated":true}]}}