{"id":85455,"date":"2021-12-16T14:38:01","date_gmt":"2021-12-16T13:38:01","guid":{"rendered":"https:\/\/univet.hu\/studenten\/kurse\/studentessay\/"},"modified":"2026-02-10T00:05:26","modified_gmt":"2026-02-09T23:05:26","slug":"studentessay","status":"publish","type":"page","link":"https:\/\/univet.hu\/de\/studenten\/kurse\/studentessay\/","title":{"rendered":"Studentenaufsatz Physiologie"},"content":{"rendered":"<p>Studenten d\u00fcrfen sich <strong>freiwillig<\/strong> zur Anfertigung eines Studentenaufsatzes anmelden. Die<strong> Zahl<\/strong> der m\u00f6glichen Pl\u00e4tze ist jedoch durch den ge\u00f6ffneten Themen <strong>begrenzt<\/strong>! Ziel der Arbeit ist unter Anleitung eines Projektleiters eine Wiki Web Seite auf dem WikiWikiWeb des Lehrstuhls und darunter das Erlernen bzw. \u00dcben wie man eine wissenschaftliche Abhandlung inclusive Literatursuche (in der Bibliothek und im Internet) verfasst.<\/p> <p>F\u00fcr weitere Details besuchen Sie die E-Learning-Seite des Kurses.<\/p>","protected":false},"excerpt":{"rendered":"<p>Studenten d\u00fcrfen sich freiwillig zur Anfertigung eines Studentenaufsatzes anmelden. Die Zahl der m\u00f6glichen Pl\u00e4tze ist jedoch durch den ge\u00f6ffneten Themen begrenzt! Ziel der Arbeit ist unter Anleitung eines Projektleiters eine Wiki Web Seite auf dem WikiWikiWeb des Lehrstuhls und darunter das Erlernen bzw. \u00dcben wie man eine wissenschaftliche Abhandlung inclusive Literatursuche (in der Bibliothek und<\/p>\n","protected":false},"author":3837,"featured_media":0,"parent":678,"menu_order":0,"comment_status":"open","ping_status":"open","template":"","meta":{"_acf_changed":false,"footnotes":""},"categories":[65],"tags":[],"class_list":["post-85455","page","type-page","status-publish","hentry","category-kurse"],"acf":[],"_links":{"self":[{"href":"https:\/\/univet.hu\/de\/wp-json\/wp\/v2\/pages\/85455","targetHints":{"allow":["GET"]}}],"collection":[{"href":"https:\/\/univet.hu\/de\/wp-json\/wp\/v2\/pages"}],"about":[{"href":"https:\/\/univet.hu\/de\/wp-json\/wp\/v2\/types\/page"}],"author":[{"embeddable":true,"href":"https:\/\/univet.hu\/de\/wp-json\/wp\/v2\/users\/3837"}],"replies":[{"embeddable":true,"href":"https:\/\/univet.hu\/de\/wp-json\/wp\/v2\/comments?post=85455"}],"version-history":[{"count":3,"href":"https:\/\/univet.hu\/de\/wp-json\/wp\/v2\/pages\/85455\/revisions"}],"predecessor-version":[{"id":198793,"href":"https:\/\/univet.hu\/de\/wp-json\/wp\/v2\/pages\/85455\/revisions\/198793"}],"up":[{"embeddable":true,"href":"https:\/\/univet.hu\/de\/wp-json\/wp\/v2\/pages\/678"}],"wp:attachment":[{"href":"https:\/\/univet.hu\/de\/wp-json\/wp\/v2\/media?parent=85455"}],"wp:term":[{"taxonomy":"category","embeddable":true,"href":"https:\/\/univet.hu\/de\/wp-json\/wp\/v2\/categories?post=85455"},{"taxonomy":"post_tag","embeddable":true,"href":"https:\/\/univet.hu\/de\/wp-json\/wp\/v2\/tags?post=85455"}],"curies":[{"name":"wp","href":"https:\/\/api.w.org\/{rel}","templated":true}]}}