{"id":88120,"date":"2023-07-05T13:04:20","date_gmt":"2023-07-05T11:04:20","guid":{"rendered":"https:\/\/univet.hu\/?page_id=88120"},"modified":"2023-07-05T13:04:20","modified_gmt":"2023-07-05T11:04:20","slug":"iso-zertifikat","status":"publish","type":"page","link":"https:\/\/univet.hu\/de\/universitaet\/qualitatsmanagement\/iso-zertifikat\/","title":{"rendered":"ISO Zertifikat"},"content":{"rendered":"<p><a href=\"https:\/\/univet.hu\/wp-content\/uploads\/2023\/07\/Tan\u00fas\u00edtv\u00e1ny_n\u00e9met_\u00c1llatorvostudom\u00e1nyi-Egyetem_ISO9001.pdf\">ISO 9001:2015 Zertifikat<\/a><\/p>","protected":false},"excerpt":{"rendered":"<p>ISO 9001:2015 Zertifikat<\/p>\n","protected":false},"author":4185,"featured_media":0,"parent":1114,"menu_order":0,"comment_status":"open","ping_status":"open","template":"","meta":{"_acf_changed":false,"footnotes":""},"categories":[],"tags":[],"class_list":["post-88120","page","type-page","status-publish","hentry"],"acf":[],"_links":{"self":[{"href":"https:\/\/univet.hu\/de\/wp-json\/wp\/v2\/pages\/88120","targetHints":{"allow":["GET"]}}],"collection":[{"href":"https:\/\/univet.hu\/de\/wp-json\/wp\/v2\/pages"}],"about":[{"href":"https:\/\/univet.hu\/de\/wp-json\/wp\/v2\/types\/page"}],"author":[{"embeddable":true,"href":"https:\/\/univet.hu\/de\/wp-json\/wp\/v2\/users\/4185"}],"replies":[{"embeddable":true,"href":"https:\/\/univet.hu\/de\/wp-json\/wp\/v2\/comments?post=88120"}],"version-history":[{"count":0,"href":"https:\/\/univet.hu\/de\/wp-json\/wp\/v2\/pages\/88120\/revisions"}],"up":[{"embeddable":true,"href":"https:\/\/univet.hu\/de\/wp-json\/wp\/v2\/pages\/1114"}],"wp:attachment":[{"href":"https:\/\/univet.hu\/de\/wp-json\/wp\/v2\/media?parent=88120"}],"wp:term":[{"taxonomy":"category","embeddable":true,"href":"https:\/\/univet.hu\/de\/wp-json\/wp\/v2\/categories?post=88120"},{"taxonomy":"post_tag","embeddable":true,"href":"https:\/\/univet.hu\/de\/wp-json\/wp\/v2\/tags?post=88120"}],"curies":[{"name":"wp","href":"https:\/\/api.w.org\/{rel}","templated":true}]}}