{"id":88191,"date":"2023-07-07T12:14:13","date_gmt":"2023-07-07T10:14:13","guid":{"rendered":"https:\/\/univet.hu\/?page_id=88191"},"modified":"2023-09-05T16:22:38","modified_gmt":"2023-09-05T14:22:38","slug":"eroeffnungsfeier-des-schuljahres-2023-2024","status":"publish","type":"page","link":"https:\/\/univet.hu\/de\/eroeffnungsfeier-des-schuljahres-2023-2024\/","title":{"rendered":"Er\u00f6ffnungsfeier des Schuljahres 2023\/2024"},"content":{"rendered":"<p><span class=\"emphasis\">Schauen Sie sich noch einmal unsere feierliche Er\u00f6ffnung an:<\/span><\/p> <p><iframe loading=\"lazy\" title=\"YouTube video player\" src=\"https:\/\/www.youtube.com\/embed\/9WsLPOt95lw?si=ikAyeQNaoyAFAoHI\" width=\"560\" height=\"315\" frameborder=\"0\" allowfullscreen=\"allowfullscreen\"><\/iframe><\/p> <p>&nbsp;<\/p> <p>F\u00fcr weitere Fotos klicken Sie <a href=\"https:\/\/allatorvosiegyetem.sharepoint.com\/:f:\/s\/kommunikacio\/EhRimQser2VOtek_AEzeHhQBr8GeGL7Hs-jx5nxmmTOB8w?e=1ghnTf\">hier.<\/a><\/p> <p><img loading=\"lazy\" decoding=\"async\" class=\"aligncenter size-full wp-image-88744\" src=\"https:\/\/univet.hu\/wp-content\/uploads\/2023\/07\/ATE-41-megh\u00edv\u00f3-tan\u00e9vnyit\u00f3-\u00fcnneps\u00e9g.png\" alt=\"\" width=\"2363\" height=\"1624\" srcset=\"https:\/\/univet.hu\/wp-content\/uploads\/2023\/07\/ATE-41-megh\u00edv\u00f3-tan\u00e9vnyit\u00f3-\u00fcnneps\u00e9g.png 2363w, https:\/\/univet.hu\/wp-content\/uploads\/2023\/07\/ATE-41-megh\u00edv\u00f3-tan\u00e9vnyit\u00f3-\u00fcnneps\u00e9g-320x220.png 320w, https:\/\/univet.hu\/wp-content\/uploads\/2023\/07\/ATE-41-megh\u00edv\u00f3-tan\u00e9vnyit\u00f3-\u00fcnneps\u00e9g-768x528.png 768w, https:\/\/univet.hu\/wp-content\/uploads\/2023\/07\/ATE-41-megh\u00edv\u00f3-tan\u00e9vnyit\u00f3-\u00fcnneps\u00e9g-960x660.png 960w\" sizes=\"auto, (max-width: 2363px) 100vw, 2363px\" \/><\/p> <p><a href=\"https:\/\/univet.hu\/hu\/2023\/07\/18\/tanevnyito-unnepseg-2023\/ate-41-meghivo-tanevnyito-unnepseg-3\/\" target=\"_blank\" rel=\"attachment noopener wp-att-88745\">im pdf-Format herunterladen.<\/a><\/p>","protected":false},"excerpt":{"rendered":"<p>Schauen Sie sich noch einmal unsere feierliche Er\u00f6ffnung an: &nbsp; F\u00fcr weitere Fotos klicken Sie hier. im pdf-Format herunterladen.<\/p>\n","protected":false},"author":2518,"featured_media":0,"parent":0,"menu_order":0,"comment_status":"closed","ping_status":"closed","template":"","meta":{"_acf_changed":false,"footnotes":""},"categories":[],"tags":[],"class_list":["post-88191","page","type-page","status-publish","hentry"],"acf":[],"_links":{"self":[{"href":"https:\/\/univet.hu\/de\/wp-json\/wp\/v2\/pages\/88191","targetHints":{"allow":["GET"]}}],"collection":[{"href":"https:\/\/univet.hu\/de\/wp-json\/wp\/v2\/pages"}],"about":[{"href":"https:\/\/univet.hu\/de\/wp-json\/wp\/v2\/types\/page"}],"author":[{"embeddable":true,"href":"https:\/\/univet.hu\/de\/wp-json\/wp\/v2\/users\/2518"}],"replies":[{"embeddable":true,"href":"https:\/\/univet.hu\/de\/wp-json\/wp\/v2\/comments?post=88191"}],"version-history":[{"count":0,"href":"https:\/\/univet.hu\/de\/wp-json\/wp\/v2\/pages\/88191\/revisions"}],"wp:attachment":[{"href":"https:\/\/univet.hu\/de\/wp-json\/wp\/v2\/media?parent=88191"}],"wp:term":[{"taxonomy":"category","embeddable":true,"href":"https:\/\/univet.hu\/de\/wp-json\/wp\/v2\/categories?post=88191"},{"taxonomy":"post_tag","embeddable":true,"href":"https:\/\/univet.hu\/de\/wp-json\/wp\/v2\/tags?post=88191"}],"curies":[{"name":"wp","href":"https:\/\/api.w.org\/{rel}","templated":true}]}}