{"id":88972,"date":"2023-07-24T13:27:50","date_gmt":"2023-07-24T11:27:50","guid":{"rendered":"https:\/\/univet.hu\/?page_id=88972"},"modified":"2026-02-10T04:37:15","modified_gmt":"2026-02-10T03:37:15","slug":"bona-marta","status":"publish","type":"page","link":"https:\/\/univet.hu\/de\/universitaet\/mitarbeiter\/bona-marta\/","title":{"rendered":"B\u00f3na M\u00e1rta"},"content":{"rendered":"<p style=\"text-align: center;\"><strong>Einf\u00fchrung:<\/strong><\/p> <p>Ich komme aus einer l\u00e4ndlichen Viehz\u00fcchterfamilie. Mein Gro\u00dfvater war Leiter einer Schweinefarm, und mein Vater und mein j\u00fcngerer Bruder betreiben einen eigenen Legefarm, einen Eierpacker und einen Futtermischer. Ich habe mein Wissen \u00fcber die Gesundheit von Gefl\u00fcgel in der Praxis gesammelt. Mich treibt die kontinuierliche Weiterentwicklung an, mich interessiert das \u201eWarum\u201c, ich strebe danach, meine Arbeit mit wissenschaftlicher Pr\u00e4zision zu erledigen. F\u00fcr mich ist es wichtig, das Bild m\u00f6glichst vollst\u00e4ndig zu sehen. Ich habe eine analytische Denkweise und bin zudem ein innovativer Mensch. In den letzten 10 Jahren habe ich Erfahrungen in mehreren Bereichen gesammelt: 2 Jahre in der Kleintiermedizin (Hundeheim, Veterin\u00e4rapotheke, Klinik), 4 Jahre in einem Nutztierlabor, 8 Jahre in der Pharmaindustrie (Forscher f\u00fcr Wirksamkeit und Sicherheit). Tests von Schweine- und Gefl\u00fcgelimpfstoffen), 3 Jahre als Tierarzt in einer Gefl\u00fcgelfarm.<\/p> <p>Charakteristisch f\u00fcr mich ist, dass ich in mehreren Bereichen gleichzeitig t\u00e4tig war bzw. bin. Das lag zum Teil daran, dass ich auf der Gefl\u00fcgelart bestand. Andererseits erg\u00e4nzen sich die verschiedenen Bereiche sehr gut, erweitern meinen Blickwinkel und geben mir die M\u00f6glichkeit, die Sichtweisen der Akteure der Gefl\u00fcgelbranche von mehreren Seiten kennenzulernen; Das pr\u00e4gt meine berufliche Vielseitigkeit.<\/p> <p>W\u00e4hrend meiner vielf\u00e4ltigen Berufserfahrungen wurde mir klar, wie wichtig eine direkte, effektive und gute Kommunikation mit Menschen ist, weshalb ich 2019 eine Coach-Ausbildung absolvierte.<\/p> <p>Im Jahr 2019 beteiligte ich mich am Start des Poultry Mobile Clinic-Programms und wurde dann in die Abteilung f\u00fcr Tierhygiene eingeladen.<\/p> <p>Ab 2021 werde ich an der Lehre der Pflichtf\u00e4cher Tierhygiene und Bestandsgesundheit sowie Angewandte Veterin\u00e4rethologie auf Ungarisch und Englisch teilnehmen. Dar\u00fcber hinaus f\u00fchre ich mobile Klinikpraktiken und Hofbesuche in Gefl\u00fcgelfarmen auf Englisch und Ungarisch durch. Ich betreue TDK-Studenten und Abschlussarbeiten zum Thema Gefl\u00fcgel.<\/p> <p>Neben den p\u00e4dagogischen Aufgaben beteilige ich mich als wissenschaftlicher Mitarbeiter an der Umsetzung laufender Ausschreibungsprojekte.<\/p> <p><strong>Forschungsschwerpunkte:<\/strong><\/p> <ul> <li>Untersuchung der Pathogenese des niedrigpathogenen Vogelgrippevirus bei Gefl\u00fcgel<\/li> <li>Studien zur Sicherheit und Wirksamkeit von Gefl\u00fcgel- und Schweineimpfstoffen vor dem Inverkehrbringen<\/li> <li>Analyse, Bewertung und Management der Produktionsindikatoren von Gefl\u00fcgelfarmen, vor allem von Zucht-, Eier- und Broilerbetrieben<\/li> <li>Entwicklung eines \u00dcberwachungsprogramms f\u00fcr Gefl\u00fcgelfarmen, Auswertung serologischer Ergebnisse<\/li> <\/ul> <p style=\"text-align: center;\"><strong>Fortschritte:<\/strong><\/p> <p>2010 <strong>Erasmus stipendium<\/strong>\u00a0Belgium, Universiet Gent, Diergeneeskunde<\/p> <p>12-w\u00f6chiges Praktikum in der Tiermedizin<\/p> <p>2011 und 2013 <strong>Haustiermedizin:<\/strong> Hundeheim, Tierklinik, Klinik<\/p> <p>2012 <strong>Prophyl Kft.<\/strong> SPF\u00a0bei der Ansiedlung von Kolonien sowie in der Forschung und Entwicklung <strong>Ermittlungsleiter<\/strong>\u00a0und in der Position eines Tierarztes (Pr\u00fcfungen in der Pharmaindustrie).<\/p> <p>Seit 2013 Teilnahme an Arzneimittelversuchen als <strong>Privattierarzt<\/strong> mit freier Praxiszulassung<\/p> <p>2014-2017 <strong>M.A.H. Food-Controll Kft<\/strong>. Abteilung f\u00fcr Veterin\u00e4rdiagnostik des mikrobiologischen Testlabors &#8211; <strong>Cheftierarzt<\/strong>, Spezialisierung auf Gefl\u00fcgel<\/p> <p>Im Jahr 2016 begann ich neben meiner Arbeit mein <strong>Doktoratsstudium<\/strong> in Zusammenarbeit mit der Abteilung f\u00fcr Pathologie der Veterin\u00e4rmedizinischen Universit\u00e4t und der Direktion f\u00fcr wissenschaftliche Unterst\u00fctzung der Ceva-Phylaxia Zrt.<\/p> <p>Mein Thema: Untersuchung der Pathogenese des Vogelgrippevirus mit geringer Pathogenit\u00e4t bei Gefl\u00fcgel.<\/p> <p>2017 Pilotenausbildung \u2013 EU-B-Niveau; FELASA C-\u00e4quivalenter Kurs<\/p> <p>2017 <strong>Gefl\u00fcgel-Sommeruniversit\u00e4t<\/strong>\u00a0Organisiert von der Georgikon-Fakult\u00e4t der Pannonischen Universit\u00e4t Kaposv\u00e1r und der Abteilung f\u00fcr Gefl\u00fcgel- und Fischgesundheit der Veterin\u00e4rmedizinischen Universit\u00e4t Wien<\/p> <p>2019 <strong>l\u00f6sungsorientierter Coach mit Systemansatz,<\/strong><\/p> <p>Von Lemma-Coach akkreditiertes Training PL-8747<\/p> <p>2020 <strong>Veterin\u00e4rmanager, Fachtierarzt<\/strong><\/p> <p><strong>Mitgliedschaft in einer Berufsorganisation:<\/strong><\/p> <table style=\"height: 146px;\" width=\"1089\"> <tbody> <tr style=\"height: 35px;\"> <td style=\"width: 568.969px; height: 35px; text-align: center;\"><strong>Name des Ausschusses<\/strong><\/td> <td style=\"width: 114.125px; height: 35px; text-align: center;\"><b>Zeit<\/b><\/td> <td style=\"width: 383.906px; height: 35px; text-align: center;\"><strong>Eine Pflicht<\/strong><\/td> <\/tr> <tr style=\"height: 37px;\"> <td style=\"width: 568.969px; height: 37px; text-align: center;\">Magyar Orsz\u00e1gos \u00c1llatorvos Egyes\u00fclet Baromfi-eg\u00e9szs\u00e9g\u00fcgyi T\u00e1rsas\u00e1g<\/td> <td style=\"width: 114.125px; height: 37px; text-align: center;\">2012-<\/td> <td style=\"width: 383.906px; height: 37px; text-align: center;\">mitglied<\/td> <\/tr> <tr style=\"height: 15px;\"> <td style=\"width: 568.969px; height: 15px; text-align: center;\">Magyar Labor\u00e1llat-tudom\u00e1nyi Egyes\u00fclet<\/td> <td style=\"width: 114.125px; height: 15px; text-align: center;\">2017-<\/td> <td style=\"width: 383.906px; height: 15px; text-align: center;\">mitglied<\/td> <\/tr> <tr style=\"height: 18px;\"> <td style=\"width: 568.969px; height: 18px; text-align: center;\">Baromfi Term\u00e9k Tan\u00e1cs<\/td> <td style=\"width: 114.125px; height: 18px; text-align: center;\">2017-<\/td> <td style=\"width: 383.906px; height: 18px; text-align: center;\">mitglied<\/td> <\/tr> <tr style=\"height: 41px;\"> <td style=\"width: 568.969px; height: 41px; text-align: center;\">CoachOK Szakmai Sz\u00f6vets\u00e9ge<\/td> <td style=\"width: 114.125px; height: 41px; text-align: center;\">2021-<\/td> <td style=\"width: 383.906px; height: 41px; text-align: center;\">mitglied<\/td> <\/tr> <\/tbody> <\/table> <p>&nbsp;<\/p> <p><strong>Anzahl der bisherigen Abschlussarbeiten\/TDK-Studenten<\/strong><\/p> <ol> <li>\u00a0Oliver Woodroffe: Evaluation of production of grandparent flocks keeping on deep litter with different technologies.<\/li> <li>\u00a0Alexandra Goupil: The Comparison of grandparent flocks\u2019 male line\u2019s and female line\u2019s production.<\/li> <li>Kov\u00e1cs Zsuzsanna: Broiler nagysz\u00fcl\u0151p\u00e1r \u00e1llom\u00e1nyok vedlet\u00e9si programjainak \u00f6sszehasonl\u00edt\u00e1sa<br \/> Comparison of moulting programmes in broiler grandparent flocks.<\/li> <li>N\u00e9gyesi Evelin: Anyavonali broiler nagysz\u00fcl\u0151p\u00e1r \u00e1llom\u00e1nyok kel\u00e9si eredm\u00e9nyeinek vizsg\u00e1lata 2021. \u00e9vi adatok alapj\u00e1n<br \/> Examination of hatch results in broiler female line grandparent flocks based on 2021 data<\/li> <\/ol> <p><strong>\u00a0<\/strong><\/p> <p><strong><a href=\"https:\/\/univet.hu\/wp-content\/uploads\/2023\/05\/Eml\u00e9klap-1..pdf\"><span style=\"font-size: 12pt;\">Speicherkarte\u00a01.<\/span><\/a><\/strong><\/p> <p><a href=\"https:\/\/univet.hu\/wp-content\/uploads\/2023\/05\/Eml\u00e9klap-2.pdf\">Speicherkarte 2<\/a><\/p> <p><a href=\"https:\/\/univet.hu\/wp-content\/uploads\/2023\/07\/Elismer\u0151-oklev\u00e9l-OTDK_2023_BM.pdf\">Anerkennungsurkunde\u00a0OTDK_2023_BM<\/a><\/p> <p><strong>Publikationsliste (Top10) <\/strong><a href=\"https:\/\/m2.mtmt.hu\/frontend\/#view\/Publication\/SmartQuery\/1127\/\">https:\/\/m2.mtmt.hu\/frontend\/#view\/Publication\/SmartQuery\/1127\/<\/a><\/p> <ol> <li>B\u00f3na, M\u00e1rta &#x2709; ; Kiss, Istv\u00e1n ; D\u00e9nes, Lilla ; Szilasi, Anna ; M\u00e1ndoki, M\u00edra &#8211; Tissue Tropism of H9N2 Low-Pathogenic Avian Influenza Virus in Broiler Chickens by Immunohistochemistry <em>Animals<\/em>\u00a0<strong>2023<\/strong>,\u00a0<em>13<\/em>(6), 1052;\u00a0<a href=\"https:\/\/doi.org\/10.3390\/ani13061052\"><strong>https:\/\/doi.org\/10.3390\/ani13061052<\/strong><\/a><\/li> <li>B\u00f3na, M\u00e1rta ; Tat\u00e1r-Kis, T\u00edmea ; M\u00e1ndoki, M\u00edra &#x2709; ; Farsang, Attila ; Kiss, Istv\u00e1n &#8211; A H9N2 alt\u00edpus\u00fa mad\u00e1rinfluenza-v\u00edrus n\u00f6vekv\u0151 jelent\u0151s\u00e9ge a vil\u00e1gban : Irodalmi \u00f6sszefoglal\u00f3,\u00a0 MAGYAR \u00c1LLATORVOSOK LAPJA 145 : 1 pp. 19-36. , 18 p. (2023) <a href=\"https:\/\/doi.org\/10.56385\/magyallorv.2023.01.19-36\">https:\/\/doi.org\/10.56385\/magyallorv.2023.01.19-36<\/a><\/li> <li>Vajdovich, P\u00e9ter ; Szab\u00f3, Bernadett ; Szendi, Eszter ; B\u00f3na, M\u00e1rta &#8211; Ter\u00e1piarezisztencia feh\u00e9rj\u00e9k m\u0171k\u00f6d\u00e9s\u00e9nek vizsg\u00e1lata \u201eflowcytometria\u201d alkalmaz\u00e1s\u00e1val daganatos kuty\u00e1k nyirokcsom\u00f3 mint\u00e1iban (2011), MTA \u00c1llatorvostudom\u00e1nyi Bizotts\u00e1ga, Akad\u00e9miai besz\u00e1mol\u00f3, Klinikumok, gy\u00f3gyszertan,<\/li> <\/ol> <p>&nbsp;<\/p> <p>&nbsp;<\/p> <p>Beratungszeit: Basierend auf einem vorab per E-Mail vereinbarten Zeitpunkt<\/p>","protected":false},"excerpt":{"rendered":"<p>Einf\u00fchrung: Ich komme aus einer l\u00e4ndlichen Viehz\u00fcchterfamilie. Mein Gro\u00dfvater war Leiter einer Schweinefarm, und mein Vater und mein j\u00fcngerer Bruder betreiben einen eigenen Legefarm, einen Eierpacker und einen Futtermischer. Ich habe mein Wissen \u00fcber die Gesundheit von Gefl\u00fcgel in der Praxis gesammelt. Mich treibt die kontinuierliche Weiterentwicklung an, mich interessiert das \u201eWarum\u201c, ich strebe danach,<\/p>\n","protected":false},"author":5824,"featured_media":0,"parent":859,"menu_order":37,"comment_status":"closed","ping_status":"closed","template":"","meta":{"_acf_changed":false,"footnotes":""},"categories":[],"tags":[],"class_list":["post-88972","page","type-page","status-publish","hentry"],"acf":[],"_links":{"self":[{"href":"https:\/\/univet.hu\/de\/wp-json\/wp\/v2\/pages\/88972","targetHints":{"allow":["GET"]}}],"collection":[{"href":"https:\/\/univet.hu\/de\/wp-json\/wp\/v2\/pages"}],"about":[{"href":"https:\/\/univet.hu\/de\/wp-json\/wp\/v2\/types\/page"}],"author":[{"embeddable":true,"href":"https:\/\/univet.hu\/de\/wp-json\/wp\/v2\/users\/5824"}],"replies":[{"embeddable":true,"href":"https:\/\/univet.hu\/de\/wp-json\/wp\/v2\/comments?post=88972"}],"version-history":[{"count":1,"href":"https:\/\/univet.hu\/de\/wp-json\/wp\/v2\/pages\/88972\/revisions"}],"predecessor-version":[{"id":200473,"href":"https:\/\/univet.hu\/de\/wp-json\/wp\/v2\/pages\/88972\/revisions\/200473"}],"up":[{"embeddable":true,"href":"https:\/\/univet.hu\/de\/wp-json\/wp\/v2\/pages\/859"}],"wp:attachment":[{"href":"https:\/\/univet.hu\/de\/wp-json\/wp\/v2\/media?parent=88972"}],"wp:term":[{"taxonomy":"category","embeddable":true,"href":"https:\/\/univet.hu\/de\/wp-json\/wp\/v2\/categories?post=88972"},{"taxonomy":"post_tag","embeddable":true,"href":"https:\/\/univet.hu\/de\/wp-json\/wp\/v2\/tags?post=88972"}],"curies":[{"name":"wp","href":"https:\/\/api.w.org\/{rel}","templated":true}]}}