{"id":89001,"date":"2023-07-24T13:56:26","date_gmt":"2023-07-24T11:56:26","guid":{"rendered":"https:\/\/univet.hu\/?page_id=89001"},"modified":"2026-02-10T04:36:05","modified_gmt":"2026-02-10T03:36:05","slug":"freiler-nagy-agnes","status":"publish","type":"page","link":"https:\/\/univet.hu\/de\/universitaet\/mitarbeiter\/freiler-nagy-agnes\/","title":{"rendered":"Freiler-Nagy \u00c1gnes"},"content":{"rendered":"<p style=\"text-align: center;\"><strong>Einf\u00fchrung<\/strong><\/p> <p>\u00c1gnes Freiler-Nagy schloss 2011 ihren MSc in Umweltwissenschaften an der E\u00f6tv\u00f6s-Lor\u00e1nd-Universit\u00e4t ab. im Bereich Umweltphysik. In diesem Jahr begann er sein Studium an der Doctoral School of Environmental Studies der ELTE, wo sein Forschungsthema die Untersuchung des geologischen Ursprungs nat\u00fcrlicher Radioaktivit\u00e4t in verschiedenen Gebieten des Soproni-Gebirges war. Im Rahmen seiner Doktorarbeit beherrschte er eine Reihe instrumenteller Analysemethoden und leitete die Labor\u00fcbungen von Studenten der Umweltwissenschaften. Seine Doktorandenverteidigung fand 2016 statt und er wurde mit summa cum laude ausgezeichnet.<\/p> <p><strong>Forschungsschwerpunkte:<\/strong><\/p> <ul> <li>Durchf\u00fchrung instrumenteller analytischer Bestimmungen im ICP-OES-Labor (Induktiv gekoppelte Plasma-optische Emissionsspektrometrie) und AAS-Labor (Atomabsorptionsspektrometrie) der Abteilung. Bestimmung des Elementgehalts von biologischen (z. B. tierischen Geweben, Futtermitteln) und Umweltproben (z. B. Wasser, Boden), um eine st\u00e4ndig wachsende Datenbasis f\u00fcr die Auswertung verschiedener nationaler und internationaler Projekte zur Verf\u00fcgung zu haben.<\/li> <\/ul> <p><strong>Arbeitspl\u00e4tze<\/strong><\/p> <table width=\"600\"> <tbody> <tr> <td style=\"text-align: center;\" width=\"132\"><b>Zeit<\/b><\/td> <td style=\"text-align: center;\" width=\"257\"><strong>Arbeitsplatz<\/strong><\/td> <td style=\"text-align: center;\" width=\"211\"><b>Post<\/b><\/td> <\/tr> <tr> <td width=\"132\">2014-2017<\/td> <td width=\"257\">Magyar F\u00f6ldtani \u00e9s Geofizikai Int\u00e9zet<\/td> <td width=\"211\">Wissenschaftliche Mitarbeiterin<\/td> <\/tr> <tr> <td width=\"132\">2017-2023<\/td> <td width=\"257\">Cemkut Cementipari Kutat\u00f3 fejleszt\u0151 Kft.<\/td> <td width=\"211\">Leiter des Labors<\/td> <\/tr> <tr> <td width=\"132\">2023-<\/td> <td width=\"257\">\u00c1llatorvostudom\u00e1nyi Egyetem<\/td> <td width=\"211\">Wissenschaftliche Mitarbeiterin<\/td> <\/tr> <\/tbody> <\/table> <p><strong>Publikationsliste (Top10)<\/strong><\/p> <p><a href=\"https:\/\/m2.mtmt.hu\/gui2\/?type=authors&amp;mode=browse&amp;sel=authors100446981\">MTMT<\/a>\u00a0ID: 10044698<\/p> <ol> <li>Freiler, \u00c1 ; Horv\u00e1th, \u00c1 ; T\u00f6r\u00f6k, K. Ra-226 activity distribution of rocks in the Sopron Mts. (West-Hungary) JOURNAL OF RADIOANALYTICAL AND NUCLEAR CHEMISTRY 306 : 1 pp. 243-247. , 5 p. (2015)<\/li> <li>Kert\u00e9sz, Z ; Furu, E ; Angyal, A ; Freiler, \u00c1 ; T\u00f6r\u00f6k, K\u00e1lm\u00e1n ; Horv\u00e1th, \u00c1. Characterization of uranium and thorium containing minerals by nuclear microscopy JOURNAL OF RADIOANALYTICAL AND NUCLEAR CHEMISTRY 306 : 1 pp. 283-288. , 6 p. (2015)<\/li> <li>Freiler, \u00c1 ; Horv\u00e1th, \u00c1 ; T\u00f6r\u00f6k, K; F\u00f6ldes, T. Origin of radon concentration of Csal\u00f3ka Spring in the Sopron Mountains (West Hungary) JOURNAL OF ENVIRONMENTAL RADIOACTIVITY 151 pp. 174-184. , 11 p. (2016)<\/li> <li>Sendula, E ; P\u00e1les, M ; P\u00e9ter, Szab\u00f3 B ; Udvardi, B ; Kov\u00e1cs, I ; K\u00f3nya, P ; Freiler, \u00c1 ; Besnyi, A ; Kir\u00e1ly, Cs ; Sz\u00e9kely, E et al. Experimental study of CO2-saturated water \u2012 illite\/kaolinite\/montmorillonite system at 70-80\u00b0C, 100-105 bar ENERGY PROCEDIA 114 pp. 4934-4947. , 14 p. (2017)<\/li> <li>Szab\u00f3, Zs. ; Hegyfalvi, Cs. ; Freiler-Nagy, \u00c1. ; Udvardi, B. ; K\u00f3nya, P. ; Kir\u00e1ly, Cs. ; Sz\u00e9kely, E. ; Falus., Gy. Geochemical Reactions of Na-montmorillonite in Dissolved scCO2 in Relevance of Modeling Caprock Behavior in CO2 Geological Storage PERIODICA POLYTECHNICA-CHEMICAL ENGINEERING 63 : 2 pp. 318-327. , 10 p. (2019)<\/li> <li>Kov\u00e1cs-Bodor, P.; Csondor, K.; Er\u0151ss, A.; Szieberth, D.; Freiler-Nagy, \u00c1.; Horv\u00e1th, \u00c1.; Bihari, \u00c1.; M\u00e1dl-Sz\u0151nyi, J. Natural radioactivity of thermal springs and related precipitates in Gell\u00e9rt Hill area, Buda Thermal Karst, Hungary JOURNAL OF ENVIRONMENTAL RADIOACTIVITY 201 pp. 32-42. , 11 p. (2019)<\/li> <\/ol> <p>&nbsp;<\/p> <p>&nbsp;<\/p> <p>&nbsp;<\/p>","protected":false},"excerpt":{"rendered":"<p>Einf\u00fchrung \u00c1gnes Freiler-Nagy schloss 2011 ihren MSc in Umweltwissenschaften an der E\u00f6tv\u00f6s-Lor\u00e1nd-Universit\u00e4t ab. im Bereich Umweltphysik. In diesem Jahr begann er sein Studium an der Doctoral School of Environmental Studies der ELTE, wo sein Forschungsthema die Untersuchung des geologischen Ursprungs nat\u00fcrlicher Radioaktivit\u00e4t in verschiedenen Gebieten des Soproni-Gebirges war. Im Rahmen seiner Doktorarbeit beherrschte er eine<\/p>\n","protected":false},"author":5824,"featured_media":0,"parent":859,"menu_order":0,"comment_status":"closed","ping_status":"closed","template":"","meta":{"_acf_changed":false,"footnotes":""},"categories":[],"tags":[],"class_list":["post-89001","page","type-page","status-publish","hentry"],"acf":[],"_links":{"self":[{"href":"https:\/\/univet.hu\/de\/wp-json\/wp\/v2\/pages\/89001","targetHints":{"allow":["GET"]}}],"collection":[{"href":"https:\/\/univet.hu\/de\/wp-json\/wp\/v2\/pages"}],"about":[{"href":"https:\/\/univet.hu\/de\/wp-json\/wp\/v2\/types\/page"}],"author":[{"embeddable":true,"href":"https:\/\/univet.hu\/de\/wp-json\/wp\/v2\/users\/5824"}],"replies":[{"embeddable":true,"href":"https:\/\/univet.hu\/de\/wp-json\/wp\/v2\/comments?post=89001"}],"version-history":[{"count":1,"href":"https:\/\/univet.hu\/de\/wp-json\/wp\/v2\/pages\/89001\/revisions"}],"predecessor-version":[{"id":200347,"href":"https:\/\/univet.hu\/de\/wp-json\/wp\/v2\/pages\/89001\/revisions\/200347"}],"up":[{"embeddable":true,"href":"https:\/\/univet.hu\/de\/wp-json\/wp\/v2\/pages\/859"}],"wp:attachment":[{"href":"https:\/\/univet.hu\/de\/wp-json\/wp\/v2\/media?parent=89001"}],"wp:term":[{"taxonomy":"category","embeddable":true,"href":"https:\/\/univet.hu\/de\/wp-json\/wp\/v2\/categories?post=89001"},{"taxonomy":"post_tag","embeddable":true,"href":"https:\/\/univet.hu\/de\/wp-json\/wp\/v2\/tags?post=89001"}],"curies":[{"name":"wp","href":"https:\/\/api.w.org\/{rel}","templated":true}]}}