{"id":89013,"date":"2023-07-24T14:23:49","date_gmt":"2023-07-24T12:23:49","guid":{"rendered":"https:\/\/univet.hu\/?page_id=89013"},"modified":"2026-02-10T04:38:30","modified_gmt":"2026-02-10T03:38:30","slug":"kovacs-laszlo","status":"publish","type":"page","link":"https:\/\/univet.hu\/de\/universitaet\/mitarbeiter\/kovacs-laszlo\/","title":{"rendered":"Kov\u00e1cs L\u00e1szl\u00f3"},"content":{"rendered":"<p style=\"text-align: center;\"><strong>\u00a0\u00a0<span style=\"font-size: 14pt;\"> Einf\u00fchrung<\/span><br \/> <\/strong><\/p> <p>Dr. L\u00e1szl\u00f3 Kov\u00e1cs wurde in Szolnok geboren. Nach Abschluss seines Abiturstudiums am Lehel-Vez\u00e9r-Gymnasium in J\u00e1szber\u00e9ny wurde er 2011 an der Veterin\u00e4rmedizinischen Universit\u00e4t Budapest (deren damaliger Rechtsvorg\u00e4ngerin, der SZIE-Veterin\u00e4rmedizinischen Fakult\u00e4t) aufgenommen. Im Jahr 2017 schloss er sein Studium mit Auszeichnung ab und begann nach Erhalt seines Diploms bei Gallicoop Zrt. in Szarvas als Tierarzt f\u00fcr die Integration der Putenproduktion zu arbeiten. Ab 2018 arbeitete er als Tierarzt auf Enten-, G\u00e4nse- und H\u00fchnerfarmen. Zwischen 2018 und 2020 absolvierte er die postgraduale Ausbildung an der Veterin\u00e4rmedizinischen Universit\u00e4t und erlangte die Qualifikation zum Fachtierarzt f\u00fcr Gefl\u00fcgelgesundheit. Im Jahr 2019 wurde er zur\u00fcck in die Abteilung Tierhygiene berufen und mit den theoretischen und praktischen Lehraufgaben der Gefl\u00fcgelgesundheitsklinik und der Gefl\u00fcgelmobilklinik betraut. Er begann sein Doktoratsstudium im Jahr 2020. Ab 2021 wird er auch an der Veterin\u00e4rmedizinischen Universit\u00e4t Wien forschen und \u00fcber die Universit\u00e4t Wien begann er die Ausbildung zum Gefl\u00fcgelgesundheitskollegen als Assistenzarzt ECPVS. Neben seiner Lehr- und Forschungst\u00e4tigkeit ist er als Berater f\u00fcr Gefl\u00fcgelgesundheit t\u00e4tig. Sowohl in der Praxis als auch in der Forschung zeigt er ein ausgepr\u00e4gtes Interesse an der Untersuchung telehygienischer, unspezifischer Krankheitspr\u00e4ventionsmethoden und der sogenannten spezifische Pr\u00e4ventionsmethoden, Impfprotokolle oder in Richtung immunologische Forschung.<\/p> <p>.<\/p> <p><strong>Forschungsschwerpunkte:<\/strong><\/p> <ul> <li>Gesundheitskontrollen bei Gefl\u00fcgel<\/li> <li>Untersuchung mikroklimatischer Faktoren in landwirtschaftlichen Betrieben<\/li> <li>immunologische Studien<\/li> <li>Hygiene auf dem Bauernhof<\/li> <li>Untersuchung der Seuchenpr\u00e4ventionssysteme von Gefl\u00fcgelfarmen<\/li> <\/ul> <p><strong>Fortschritte<\/strong><\/p> <table style=\"height: 515px; width: 916px;\" width=\"871\"> <tbody> <tr> <td style=\"width: 209.858px; text-align: center;\"><strong>Zeit<\/strong><\/td> <td style=\"width: 385.753px; text-align: center;\"><strong>Arbeitspl\u00e4tze<\/strong><\/td> <td style=\"width: 299.872px; text-align: center;\"><b>Post<\/b><\/td> <\/tr> <tr> <td style=\"width: 209.858px;\">2023-<\/td> <td style=\"width: 385.753px;\">\u00c1llatorvostudom\u00e1nyi Egyetem, \u00c1llathigi\u00e9niai, \u00c1llom\u00e1ny-eg\u00e9szs\u00e9gtani Tansz\u00e9k<\/td> <td style=\"width: 299.872px;\">Lehrassistent an der Universit\u00e4t<\/td> <\/tr> <tr> <td style=\"width: 209.858px;\">2022-<\/td> <td style=\"width: 385.753px;\">Baromfi Term\u00e9k Tan\u00e1cs J\u00e1rv\u00e1nyv\u00e9delmi Telepaudit\u00e1l\u00f3 Rendszer\u00ae<\/td> <td style=\"width: 299.872px;\">professioneller Betreuer<\/td> <\/tr> <tr> <td style=\"width: 209.858px;\">2021-<\/td> <td style=\"width: 385.753px;\">B\u00e9csi \u00c1llatorvostudom\u00e1nyi Egyetem<\/td> <td style=\"width: 299.872px;\">ECPVS-Bewohner<br \/> (Berufskolleg f\u00fcr Gefl\u00fcgelgesundheit)<\/td> <\/tr> <tr> <td style=\"width: 209.858px;\">2020-<\/td> <td style=\"width: 385.753px;\">\u00c1llatorvostudom\u00e1nyi Egyetem, \u00c1llathigi\u00e9niai, \u00c1llom\u00e1ny-eg\u00e9szs\u00e9gtani Tansz\u00e9k<\/td> <td style=\"width: 299.872px;\">Doktorand<\/td> <\/tr> <tr> <td style=\"width: 209.858px;\">2019-<\/td> <td style=\"width: 385.753px;\">\u00c1llatorvostudom\u00e1nyi Egyetem, \u00c1llathigi\u00e9niai, \u00c1llom\u00e1ny-eg\u00e9szs\u00e9gtani Tansz\u00e9k<\/td> <td style=\"width: 299.872px;\">Abteilungstierarzt<\/td> <\/tr> <tr> <td style=\"width: 209.858px;\">2019-<\/td> <td style=\"width: 385.753px;\">Poultry-Care Kft.<\/td> <td style=\"width: 299.872px;\">Tierarzt f\u00fcr Gefl\u00fcgelgesundheit<\/td> <\/tr> <tr> <td style=\"width: 209.858px;\">2017\u20132018<\/td> <td style=\"width: 385.753px;\">Galliccop Zrt.<\/td> <td style=\"width: 299.872px;\">integrativer Tierarzt<\/td> <\/tr> <\/tbody> <\/table> <p>&nbsp;<\/p> <p><strong>Mitgliedschaft in einer Berufsorganisation<\/strong><\/p> <table style=\"height: 172px;\" width=\"749\"> <tbody> <tr style=\"height: 13px;\"> <td style=\"text-align: center; height: 13px; width: 259.167px;\"><strong>Name des Ausschusses<\/strong><\/td> <td style=\"text-align: center; height: 13px; width: 208.267px;\"><strong>Zeit<\/strong><\/td> <td style=\"text-align: center; height: 13px; width: 259.567px;\"><strong>Eine Pflicht<\/strong><\/td> <\/tr> <tr style=\"height: 48px;\"> <td style=\"height: 48px; width: 259.167px;\">\u00c1llatorvostudom\u00e1nyi Egyetem Szen\u00e1tus<\/td> <td style=\"height: 48px; width: 208.267px;\">2021-<\/td> <td style=\"height: 48px; width: 259.567px;\">senator<\/td> <\/tr> <tr style=\"height: 48px;\"> <td style=\"height: 48px; width: 259.167px;\">Magyar Baromfi-eg\u00e9szs\u00e9g\u00fcgyi T\u00e1rsas\u00e1g<\/td> <td style=\"height: 48px; width: 208.267px;\">2017-<\/td> <td style=\"height: 48px; width: 259.567px;\">mitglied<\/td> <\/tr> <tr style=\"height: 24px;\"> <td style=\"height: 24px; width: 259.167px;\">Magyar \u00c1llatorvosi Kamara<\/td> <td style=\"height: 24px; width: 208.267px;\">2017-<\/td> <td style=\"height: 24px; width: 259.567px;\">mitglied<\/td> <\/tr> <\/tbody> <\/table> <p><strong>\u00a0<\/strong><\/p> <p>Anzahl der bisherigen Abschlussarbeiten\/TDK-Studenten: 2<\/p>","protected":false},"excerpt":{"rendered":"<p>\u00a0\u00a0 Einf\u00fchrung Dr. L\u00e1szl\u00f3 Kov\u00e1cs wurde in Szolnok geboren. Nach Abschluss seines Abiturstudiums am Lehel-Vez\u00e9r-Gymnasium in J\u00e1szber\u00e9ny wurde er 2011 an der Veterin\u00e4rmedizinischen Universit\u00e4t Budapest (deren damaliger Rechtsvorg\u00e4ngerin, der SZIE-Veterin\u00e4rmedizinischen Fakult\u00e4t) aufgenommen. Im Jahr 2017 schloss er sein Studium mit Auszeichnung ab und begann nach Erhalt seines Diploms bei Gallicoop Zrt. in Szarvas als Tierarzt<\/p>\n","protected":false},"author":5824,"featured_media":0,"parent":859,"menu_order":37,"comment_status":"closed","ping_status":"closed","template":"","meta":{"_acf_changed":false,"footnotes":""},"categories":[],"tags":[],"class_list":["post-89013","page","type-page","status-publish","hentry"],"acf":[],"_links":{"self":[{"href":"https:\/\/univet.hu\/de\/wp-json\/wp\/v2\/pages\/89013","targetHints":{"allow":["GET"]}}],"collection":[{"href":"https:\/\/univet.hu\/de\/wp-json\/wp\/v2\/pages"}],"about":[{"href":"https:\/\/univet.hu\/de\/wp-json\/wp\/v2\/types\/page"}],"author":[{"embeddable":true,"href":"https:\/\/univet.hu\/de\/wp-json\/wp\/v2\/users\/5824"}],"replies":[{"embeddable":true,"href":"https:\/\/univet.hu\/de\/wp-json\/wp\/v2\/comments?post=89013"}],"version-history":[{"count":1,"href":"https:\/\/univet.hu\/de\/wp-json\/wp\/v2\/pages\/89013\/revisions"}],"predecessor-version":[{"id":200516,"href":"https:\/\/univet.hu\/de\/wp-json\/wp\/v2\/pages\/89013\/revisions\/200516"}],"up":[{"embeddable":true,"href":"https:\/\/univet.hu\/de\/wp-json\/wp\/v2\/pages\/859"}],"wp:attachment":[{"href":"https:\/\/univet.hu\/de\/wp-json\/wp\/v2\/media?parent=89013"}],"wp:term":[{"taxonomy":"category","embeddable":true,"href":"https:\/\/univet.hu\/de\/wp-json\/wp\/v2\/categories?post=89013"},{"taxonomy":"post_tag","embeddable":true,"href":"https:\/\/univet.hu\/de\/wp-json\/wp\/v2\/tags?post=89013"}],"curies":[{"name":"wp","href":"https:\/\/api.w.org\/{rel}","templated":true}]}}