{"id":89049,"date":"2023-07-24T15:45:46","date_gmt":"2023-07-24T13:45:46","guid":{"rendered":"https:\/\/univet.hu\/?page_id=89049"},"modified":"2026-02-10T04:36:50","modified_gmt":"2026-02-10T03:36:50","slug":"sipos-roland","status":"publish","type":"page","link":"https:\/\/univet.hu\/de\/universitaet\/mitarbeiter\/sipos-roland\/","title":{"rendered":"Sipos Roland"},"content":{"rendered":"<p style=\"text-align: center;\"><strong>Einf\u00fchrung<\/strong><\/p> <p>Dr. Roland Sipos wurde 1995 in Si\u00f3fok geboren. Nach seinem Abschluss am Albert-Gymnasium in Veszpr\u00e9m wurde er im Herbst 2015 an der Veterin\u00e4rmedizinischen Universit\u00e4t aufgenommen. W\u00e4hrend seines Studiums nahm er an einem Praktikumsprogramm bei MSD unter der Leitung von Dr. L\u00e1szl\u00f3 B\u00faza teil. Sp\u00e4ter trat er auch dem sogenannten \u201eSert\u00e9s Professional College\u201c des MSD bei, das ebenfalls von Dr. L\u00e1szl\u00f3 B\u00faza geleitet wurde. Im Herbst 2018 wurde die Arbeit des TDK mit dem Titel \u201eVergleichende Untersuchung des Technologieniveaus, des Herdengesundheitszustands und des Drogenkonsums von Gro\u00dfschweinehaltungsbetrieben\u201c abgeschlossen, mit der er sich sp\u00e4ter am OTDK beteiligte. Seinen Abschluss erlangte er im Februar 2021 an der Veterin\u00e4rmedizinischen Universit\u00e4t in Budapest.<\/p> <p>Nach seinem Abschluss arbeitete er als Oberarzt auf gro\u00dfen Schweinefarmen. Seit Februar 2022 nimmt er als Abteilungstierarzt am Fachbereich \u201eTierhygiene, Tiergesundheit und Mobile Klinik\u201c der Veterin\u00e4rmedizinischen Universit\u00e4t am Alltag teil.<\/p> <p><strong>Forschungsschwerpunkte:<\/strong><\/p> <p>Haupts\u00e4chlich Forschung im Zusammenhang mit der Schweinegesundheit \u2013 noch kein spezifisches Projekt<\/p>","protected":false},"excerpt":{"rendered":"<p>Einf\u00fchrung Dr. Roland Sipos wurde 1995 in Si\u00f3fok geboren. Nach seinem Abschluss am Albert-Gymnasium in Veszpr\u00e9m wurde er im Herbst 2015 an der Veterin\u00e4rmedizinischen Universit\u00e4t aufgenommen. W\u00e4hrend seines Studiums nahm er an einem Praktikumsprogramm bei MSD unter der Leitung von Dr. L\u00e1szl\u00f3 B\u00faza teil. Sp\u00e4ter trat er auch dem sogenannten \u201eSert\u00e9s Professional College\u201c des MSD<\/p>\n","protected":false},"author":5824,"featured_media":0,"parent":859,"menu_order":0,"comment_status":"closed","ping_status":"closed","template":"","meta":{"_acf_changed":false,"footnotes":""},"categories":[],"tags":[],"class_list":["post-89049","page","type-page","status-publish","hentry"],"acf":[],"_links":{"self":[{"href":"https:\/\/univet.hu\/de\/wp-json\/wp\/v2\/pages\/89049","targetHints":{"allow":["GET"]}}],"collection":[{"href":"https:\/\/univet.hu\/de\/wp-json\/wp\/v2\/pages"}],"about":[{"href":"https:\/\/univet.hu\/de\/wp-json\/wp\/v2\/types\/page"}],"author":[{"embeddable":true,"href":"https:\/\/univet.hu\/de\/wp-json\/wp\/v2\/users\/5824"}],"replies":[{"embeddable":true,"href":"https:\/\/univet.hu\/de\/wp-json\/wp\/v2\/comments?post=89049"}],"version-history":[{"count":1,"href":"https:\/\/univet.hu\/de\/wp-json\/wp\/v2\/pages\/89049\/revisions"}],"predecessor-version":[{"id":200428,"href":"https:\/\/univet.hu\/de\/wp-json\/wp\/v2\/pages\/89049\/revisions\/200428"}],"up":[{"embeddable":true,"href":"https:\/\/univet.hu\/de\/wp-json\/wp\/v2\/pages\/859"}],"wp:attachment":[{"href":"https:\/\/univet.hu\/de\/wp-json\/wp\/v2\/media?parent=89049"}],"wp:term":[{"taxonomy":"category","embeddable":true,"href":"https:\/\/univet.hu\/de\/wp-json\/wp\/v2\/categories?post=89049"},{"taxonomy":"post_tag","embeddable":true,"href":"https:\/\/univet.hu\/de\/wp-json\/wp\/v2\/tags?post=89049"}],"curies":[{"name":"wp","href":"https:\/\/api.w.org\/{rel}","templated":true}]}}