{"id":89107,"date":"2023-07-24T18:07:42","date_gmt":"2023-07-24T16:07:42","guid":{"rendered":"https:\/\/univet.hu\/?page_id=89107"},"modified":"2026-02-10T04:39:00","modified_gmt":"2026-02-10T03:39:00","slug":"balint-anna","status":"publish","type":"page","link":"https:\/\/univet.hu\/de\/universitaet\/mitarbeiter\/balint-anna\/","title":{"rendered":"B\u00e1lint Anna"},"content":{"rendered":"<p>Zu meinen Aufgaben geh\u00f6rt die administrative Koordination des Neptun, der Pr\u00fcfungen und des Blackbooks zu den folgenden Themen:<\/p> <ul> <li>Tierern\u00e4hrung I.<\/li> <li>Tierern\u00e4hrung II.<\/li> <li>Futtermittelkunde<\/li> <li>Zucht und Ern\u00e4hrung von Pelztieren<\/li> <li>Pferdedi\u00e4tetik<\/li> <li>Bewegungsphysiologie und Sportmedizin des Pferdes<\/li> <li>Insekten als Lebens- und Futtermittel<\/li> <\/ul> <p>&nbsp;<\/p>","protected":false},"excerpt":{"rendered":"<p>Zu meinen Aufgaben geh\u00f6rt die administrative Koordination des Neptun, der Pr\u00fcfungen und des Blackbooks zu den folgenden Themen: Tierern\u00e4hrung I. Tierern\u00e4hrung II. Futtermittelkunde Zucht und Ern\u00e4hrung von Pelztieren Pferdedi\u00e4tetik Bewegungsphysiologie und Sportmedizin des Pferdes Insekten als Lebens- und Futtermittel &nbsp;<\/p>\n","protected":false},"author":5824,"featured_media":0,"parent":859,"menu_order":38,"comment_status":"closed","ping_status":"closed","template":"","meta":{"_acf_changed":false,"footnotes":""},"categories":[55],"tags":[],"class_list":["post-89107","page","type-page","status-publish","hentry","category-mitarbeiter"],"acf":[],"_links":{"self":[{"href":"https:\/\/univet.hu\/de\/wp-json\/wp\/v2\/pages\/89107","targetHints":{"allow":["GET"]}}],"collection":[{"href":"https:\/\/univet.hu\/de\/wp-json\/wp\/v2\/pages"}],"about":[{"href":"https:\/\/univet.hu\/de\/wp-json\/wp\/v2\/types\/page"}],"author":[{"embeddable":true,"href":"https:\/\/univet.hu\/de\/wp-json\/wp\/v2\/users\/5824"}],"replies":[{"embeddable":true,"href":"https:\/\/univet.hu\/de\/wp-json\/wp\/v2\/comments?post=89107"}],"version-history":[{"count":1,"href":"https:\/\/univet.hu\/de\/wp-json\/wp\/v2\/pages\/89107\/revisions"}],"predecessor-version":[{"id":200561,"href":"https:\/\/univet.hu\/de\/wp-json\/wp\/v2\/pages\/89107\/revisions\/200561"}],"up":[{"embeddable":true,"href":"https:\/\/univet.hu\/de\/wp-json\/wp\/v2\/pages\/859"}],"wp:attachment":[{"href":"https:\/\/univet.hu\/de\/wp-json\/wp\/v2\/media?parent=89107"}],"wp:term":[{"taxonomy":"category","embeddable":true,"href":"https:\/\/univet.hu\/de\/wp-json\/wp\/v2\/categories?post=89107"},{"taxonomy":"post_tag","embeddable":true,"href":"https:\/\/univet.hu\/de\/wp-json\/wp\/v2\/tags?post=89107"}],"curies":[{"name":"wp","href":"https:\/\/api.w.org\/{rel}","templated":true}]}}