{"id":89120,"date":"2023-07-24T19:24:33","date_gmt":"2023-07-24T17:24:33","guid":{"rendered":"https:\/\/univet.hu\/?page_id=89120"},"modified":"2026-02-10T04:36:36","modified_gmt":"2026-02-10T03:36:36","slug":"moravszki-leticia","status":"publish","type":"page","link":"https:\/\/univet.hu\/de\/universitaet\/mitarbeiter\/moravszki-leticia\/","title":{"rendered":"Moravszki Let\u00edcia"},"content":{"rendered":"<p style=\"text-align: center;\"><strong>Einf\u00fchrung<\/strong><\/p> <p><strong>Unterrichtserfahrungen:<\/strong><\/p> <ul> <li>Erforderliche Kurse: <ul> <li>Tierern\u00e4hrung I. und II.<\/li> <\/ul> <\/li> <li>Wahlf\u00e4cher: <ul> <li>Pferdedi\u00e4tetik<\/li> <li>Bewegungsphysiologie und Sportmedizin des Pferdes<\/li> <\/ul> <\/li> <\/ul> <p><strong>Sprachen:<\/strong> Englisch, Deutsch<\/p> <p><strong>Studienreisen:<\/strong><\/p> <ul> <li data-leveltext=\"\uf0b7\" data-font=\"Symbol\" data-listid=\"7\" data-list-defn-props=\"{&quot;335552541&quot;:1,&quot;335559683&quot;:0,&quot;335559684&quot;:-2,&quot;335559685&quot;:720,&quot;335559991&quot;:360,&quot;469769226&quot;:&quot;Symbol&quot;,&quot;469769242&quot;:[8226],&quot;469777803&quot;:&quot;left&quot;,&quot;469777804&quot;:&quot;\uf0b7&quot;,&quot;469777815&quot;:&quot;hybridMultilevel&quot;}\" aria-setsize=\"-1\" data-aria-posinset=\"3\" data-aria-level=\"1\">2013: Bilaterale Vereinbarung, Tier\u00e4rztliche Hochschule Hannover, Klinik f\u00fcr Pferde<\/li> <\/ul> <p><strong>Qualifikation:<\/strong> Doktor der Veterin\u00e4rmedizin, Veterin\u00e4rexperte f\u00fcr Pferdemedizin<\/p> <p><strong>Wissenschaftliche T\u00e4tigkeit:<\/strong><\/p> <ul> <li>H\u00e4ufigkeit des Auftretens bestimmter Formen von Melanomen bei Ungarischen Vollblutarabern<\/li> <li>Pr\u00e4valenz und pathologische Rolle des Equiden-Herpesvirus 5<\/li> <li>Trends bei der F\u00fctterung von Haustieren<\/li> <\/ul> <p><strong>Fortschritt:<\/strong><\/p> <p>2008: Doktor der Veterin\u00e4rmedizin<br \/> 2009: Tierarzt an der Pferdeklinik der Veterin\u00e4rmedizinischen Universit\u00e4t (Innere Medizin)<br \/> 2017: Veterin\u00e4rexperte f\u00fcr Pferdemedizin<br \/> 2021: Tierarzt am Lehrstuhl f\u00fcr Tierern\u00e4hrung und Klinische Di\u00e4tetik<br \/> 2023: Doktorand<\/p> <p><strong>Professionelle Mitgliedschaft:<\/strong><br \/> European Society of Veterinary and Comparative Nutrition \u2013 Mitgliedschaft ab 2020<\/p> <p><strong>Anzahl der betreuten Abschlussarbeiten:<\/strong><br \/> Thesen: 3<br \/> TDK funktioniert: 1<\/p> <p><strong>Liste der Ver\u00f6ffentlichungen<\/strong><\/p> <p>MTMT:\u00a0 <a href=\"https:\/\/m2.mtmt.hu\/gui2\/?type=authors&amp;mode=browse&amp;sel=authors10023449\">https:\/\/m2.mtmt.hu\/gui2\/?type=authors&amp;mode=browse&amp;sel=authors10023449<\/a><\/p> <table class=\"table table-striped\" width=\"976\"> <tbody> <tr> <td>1.<\/td> <td> <p><span data-contrast=\"auto\">Het\u00e9nyi, Nikoletta;\u00a0<\/span><b><span data-contrast=\"auto\">Moravszki, Let\u00edcia:\u00a0<\/span><\/b><span data-contrast=\"auto\">Gy\u00f3gyn\u00f6v\u00e9nyek haszn\u00e1lata a cukorbetegs\u00e9g ter\u00e1pi\u00e1j\u00e1ban: Irodalmi \u00f6sszefoglal\u00f3<\/span><span data-ccp-props=\"{&quot;201341983&quot;:0,&quot;335559739&quot;:160,&quot;335559740&quot;:259}\">\u00a0<\/span><\/p> <p><span data-contrast=\"auto\">MAGYAR \u00c1LLATORVOSOK LAPJA 145: 6 pp. 359-371., 13 p. (2023)<\/span><span data-ccp-props=\"{&quot;201341983&quot;:0,&quot;335559685&quot;:720,&quot;335559739&quot;:160,&quot;335559740&quot;:259}\">\u00a0<\/span><\/td> <\/tr> <tr> <td>2.<\/td> <td> <p><b><span data-contrast=\"auto\">L, Moravszki<\/span><\/b><span data-contrast=\"auto\">; T, Bakonyi; P, Miko; S, Sardi; Zs, Bohak; E, B\u00f3dai; O, Kutasi: Detection of equine herpesvirus 5 in different respiratory samples of horses<\/span><span data-ccp-props=\"{&quot;201341983&quot;:0,&quot;335559739&quot;:160,&quot;335559740&quot;:259}\">\u00a0<\/span><\/p> <p><span data-contrast=\"auto\">JOURNAL OF VETERINARY INTERNAL MEDICINE 29 pp. 977-991., 15 p. (2015)<\/span><span data-ccp-props=\"{&quot;201341983&quot;:0,&quot;335559685&quot;:720,&quot;335559739&quot;:160,&quot;335559740&quot;:259}\">\u00a0<\/span><\/td> <\/tr> <tr> <td>3.<\/td> <td> <p><span data-contrast=\"auto\">O, Kutasi;\u00a0<\/span><b><span data-contrast=\"auto\">L, Moravszki<\/span><\/b><span data-contrast=\"auto\">; S, Sardi; Zs, Bohak; P, Miko; N, Balogh; K, Nagy; T, Bakonyi: Equine herpesvirus type 5 in bronchoalveolar lavage fluid of horses with equine multinodular pulmonary fibrosis (EMPF) and with other chronic respiratory disorders<\/span><span data-ccp-props=\"{&quot;201341983&quot;:0,&quot;335559739&quot;:160,&quot;335559740&quot;:259}\">\u00a0<\/span><\/p> <p><span data-contrast=\"auto\">JOURNAL OF VETERINARY INTERNAL MEDICINE 28: 2 Paper: 10.1111\/jvim.12326 (2014)<\/span><span data-ccp-props=\"{&quot;201341983&quot;:0,&quot;335559685&quot;:720,&quot;335559739&quot;:160,&quot;335559740&quot;:259}\">\u00a0<\/span><\/td> <\/tr> <tr> <td>4.<\/td> <td> <p><span data-contrast=\"auto\">Orsolya, Kutasi;\u00a0<\/span><b><span data-contrast=\"auto\">Let\u00edcia, Moravszki<\/span><\/b><span data-contrast=\"auto\">; S\u00e1ra, S\u00e1rdi; Zs\u00f3fia, Boh\u00e1k; Imre, Biksi; Ferenc, Baska; Ott\u00f3, Szenci<\/span><span data-ccp-props=\"{&quot;201341983&quot;:0,&quot;335559739&quot;:160,&quot;335559740&quot;:259}\">\u00a0<\/span><\/p> <p><span data-contrast=\"auto\">Systemic granulomatous disease in a Hungarian warmblood gelding<\/span><span data-ccp-props=\"{&quot;201341983&quot;:0,&quot;335559685&quot;:720,&quot;335559739&quot;:160,&quot;335559740&quot;:259}\">\u00a0<\/span><\/p> <p><span data-contrast=\"auto\">JOURNAL OF EQUINE VETERINARY SCIENCE 34: 6 pp. 810-815., 6 p. (2014)<\/span><span data-ccp-props=\"{&quot;201341983&quot;:0,&quot;335559685&quot;:720,&quot;335559739&quot;:160,&quot;335559740&quot;:259}\">\u00a0<\/span><\/td> <\/tr> <tr> <td>5.<\/td> <td> <p><b><span data-contrast=\"auto\">Moravszki, Leticia<\/span><\/b><span data-contrast=\"auto\">; Votion, Dominique; Lekeux, Pierre; Kutasi, Orsolya: Kieg\u00e9sz\u00edt\u0151 vizsg\u00e1latok lovak l\u00e9gz\u0151szervi betegs\u00e9geinek meg\u00e1llap\u00edt\u00e1s\u00e1hoz: Irodalmi \u00e1ttekint\u00e9s: Ancillary diagnostic methods in the diagnosis of equine respiratory diseases. Literature review<\/span><span data-ccp-props=\"{&quot;201341983&quot;:0,&quot;335559739&quot;:160,&quot;335559740&quot;:259}\">\u00a0<\/span><\/p> <p><span data-contrast=\"auto\">MAGYAR \u00c1LLATORVOSOK LAPJA 135: 4 pp. 195-205., 11 p. (2013)<\/span><\/td> <\/tr> <\/tbody> <\/table> <p>&nbsp;<\/p> <p><strong>Beratung:<\/strong> nach vorheriger Vereinbarung per E-Mail<\/p>","protected":false},"excerpt":{"rendered":"<p>Einf\u00fchrung Unterrichtserfahrungen: Erforderliche Kurse: Tierern\u00e4hrung I. und II. Wahlf\u00e4cher: Pferdedi\u00e4tetik Bewegungsphysiologie und Sportmedizin des Pferdes Sprachen: Englisch, Deutsch Studienreisen: 2013: Bilaterale Vereinbarung, Tier\u00e4rztliche Hochschule Hannover, Klinik f\u00fcr Pferde Qualifikation: Doktor der Veterin\u00e4rmedizin, Veterin\u00e4rexperte f\u00fcr Pferdemedizin Wissenschaftliche T\u00e4tigkeit: H\u00e4ufigkeit des Auftretens bestimmter Formen von Melanomen bei Ungarischen Vollblutarabern Pr\u00e4valenz und pathologische Rolle des Equiden-Herpesvirus 5 Trends<\/p>\n","protected":false},"author":5824,"featured_media":0,"parent":859,"menu_order":0,"comment_status":"closed","ping_status":"closed","template":"","meta":{"_acf_changed":false,"footnotes":""},"categories":[55],"tags":[],"class_list":["post-89120","page","type-page","status-publish","hentry","category-mitarbeiter"],"acf":[],"_links":{"self":[{"href":"https:\/\/univet.hu\/de\/wp-json\/wp\/v2\/pages\/89120","targetHints":{"allow":["GET"]}}],"collection":[{"href":"https:\/\/univet.hu\/de\/wp-json\/wp\/v2\/pages"}],"about":[{"href":"https:\/\/univet.hu\/de\/wp-json\/wp\/v2\/types\/page"}],"author":[{"embeddable":true,"href":"https:\/\/univet.hu\/de\/wp-json\/wp\/v2\/users\/5824"}],"replies":[{"embeddable":true,"href":"https:\/\/univet.hu\/de\/wp-json\/wp\/v2\/comments?post=89120"}],"version-history":[{"count":1,"href":"https:\/\/univet.hu\/de\/wp-json\/wp\/v2\/pages\/89120\/revisions"}],"predecessor-version":[{"id":200401,"href":"https:\/\/univet.hu\/de\/wp-json\/wp\/v2\/pages\/89120\/revisions\/200401"}],"up":[{"embeddable":true,"href":"https:\/\/univet.hu\/de\/wp-json\/wp\/v2\/pages\/859"}],"wp:attachment":[{"href":"https:\/\/univet.hu\/de\/wp-json\/wp\/v2\/media?parent=89120"}],"wp:term":[{"taxonomy":"category","embeddable":true,"href":"https:\/\/univet.hu\/de\/wp-json\/wp\/v2\/categories?post=89120"},{"taxonomy":"post_tag","embeddable":true,"href":"https:\/\/univet.hu\/de\/wp-json\/wp\/v2\/tags?post=89120"}],"curies":[{"name":"wp","href":"https:\/\/api.w.org\/{rel}","templated":true}]}}