{"id":89142,"date":"2023-07-25T09:05:01","date_gmt":"2023-07-25T07:05:01","guid":{"rendered":"https:\/\/univet.hu\/?page_id=89142"},"modified":"2026-02-10T04:37:09","modified_gmt":"2026-02-10T03:37:09","slug":"zorkoczy-orsolya","status":"publish","type":"page","link":"https:\/\/univet.hu\/de\/universitaet\/mitarbeiter\/zorkoczy-orsolya\/","title":{"rendered":"Zork\u00f3czy Orsolya"},"content":{"rendered":"<p><strong>Vorstellung<\/strong>:<\/p> <p>Ich habe meinen Abschluss als Biologin an der Veterin\u00e4rmedizinischen Universit\u00e4t Budapest gemacht. Die Forschung und die Weitergabe von Wissen haben f\u00fcr mich bei meiner T\u00e4tigkeit Priorit\u00e4t. Derzeit arbeite ich an der Entwicklung genetischer Marker f\u00fcr lokale geweihtragende Arten und Mufflons.<\/p> <p><strong>Forschungsschwerpunkte: <\/strong>Identifizierung von Individuen, Arten und Geschlechtsbestimmung von einheimischen Wildarten<\/p> <p><strong>Anzahl der Studierenden (Diplomarbeit\/Wissenschaftlicher Studierendenkreis &#8211; TDK):<\/strong><\/p> <ul> <li><strong>Diplomarbeit: 4<\/strong><\/li> <li><strong>TDK: 4<\/strong><\/li> <\/ul> <p><strong>Liste der Publikationen (TOP10) und <a href=\"https:\/\/m2.mtmt.hu\/gui2\/?type=authors&amp;mode=browse&amp;sel=authors10087499\">MTMT link<\/a><\/strong><\/p> <table style=\"height: 512px;\" width=\"925\"> <tbody> <tr> <td style=\"width: 916.6px;\"> <ol> <li><strong>Zork\u00f3czy, O. K., Turi, O., Wagenhoffer, Z., \u00d3zsv\u00e1ri, L., Lehotzky, P., P\u00e1d\u00e1r, Z., &amp; Zenke, P. (2023). A Selection of 14 Tetrameric Microsatellite Markers for Genetic Investigations in Fallow Deer (Dama dama). Animals, 13(13), 2083.<\/strong><\/li> <\/ol> <\/td> <\/tr> <tr> <td style=\"width: 916.6px;\"> <ol start=\"2\"> <li><strong>Zork\u00f3czy, O. K., Wagenhoffer, Z., Lehotzky, P., P\u00e1d\u00e1r, Z., &amp; Zenke, P. (2024). Mitochondrial Control Region Database of Hungarian Fallow Deer (Dama dama) Populations for Forensic Use. Animals, 14(13), 1911.<\/strong><\/li> <\/ol> <\/td> <\/tr> <tr> <td style=\"width: 916.6px;\"> <ol start=\"3\"> <li><strong>Zork\u00f3czy, O. K., Gyurcs\u00f3, A., \u00d3zsv\u00e1ri, L., Lehotzky, P., Sanil, R., &amp; Zenke, P. (2024). Development of a loop-mediated isothermal amplification technique for sex detection in Cervidae species. Mammalian Biology, 1-9.<\/strong><\/li> <\/ol> <\/td> <\/tr> <tr> <td style=\"width: 916.6px;\"> <ol start=\"4\"> <li><strong>Zenke, P., Zork\u00f3czy, O. K., Lehotzky, P., \u00d3zsv\u00e1ri, L., &amp; P\u00e1d\u00e1r, Z. (2022). Molecular Sexing and Species Detection of Antlered European Hunting Game for Forensic Purposes. Animals, 12(3), 246.<\/strong><\/li> <\/ol> <\/td> <\/tr> <tr> <td style=\"width: 916.6px;\"> <ol start=\"5\"> <li><strong>Krisztina, Z. O., Zs\u00f3fia, B., Zsombor, W., P\u00e1l, L., &amp; Petra, Z. (2024). Sejtmagi \u00e9s mitokondri\u00e1lis genetikai markerek tesztel\u00e9se hazai muflonokban (Ovis aries musimon). Magyar \u00c1llatorvosok Lapja, 146(10), 615-624.<\/strong><\/li> <\/ol> <\/td> <\/tr> <tr> <td style=\"width: 916.6px;\"> <ol start=\"6\"> <li><strong>Turi O, Wagenhoffer Zs, Battay M, Lehotzky P, Zork\u00f3czy O (2023). Mikroszatellita-markerek tesztel\u00e9se d\u00e1mszarvasok egyedi azonos\u00edt\u00e1sa c\u00e9lj\u00e1b\u00f3l. Magyar Allatorvosok Lapja, 145(3), 183-192.<\/strong><\/li> <\/ol> <\/td> <\/tr> <tr> <td style=\"width: 916.6px;\"> <ol start=\"7\"> <li><strong>Orsolya, Z. K., Zs\u00f3fia, B., Andr\u00e1s, S., L\u00e1szl\u00f3, \u00d3., Zsombor, W., &amp; Petra, Z. (2023). A LAMP-(hurok \u00e1ltal k\u00f6zvet\u00edtett izotermikus sokszoros\u00edt\u00e1s) technika f\u0151 alkalmaz\u00e1si lehet\u0151s\u00e9gei az \u00e1llatorvostudom\u00e1nyban Irodalmi \u00f6sszefoglal\u00f3. Magyar \u00c1llatorvosok Lapja, 145(10), 611-624.<\/strong><\/li> <\/ol> <\/td> <\/tr> <tr> <td style=\"width: 916.6px;\"> <ol start=\"8\"> <li><strong>Szives, A., Zork\u00f3czy, O. K., Lehotzky, P., G\u00e1sp\u00e1rdy, A., &amp; Zenke, P (2022). Kutya, vagy farkas? Igazs\u00e1g\u00fcgyi c\u00e9l\u00fa molekul\u00e1ris genetikai vizsg\u00e1latok a k\u00e9t taxon fajon bel\u00fcli elk\u00fcl\u00f6n\u00edt\u00e9s\u00e9re. Magyar \u00c1llatorvosok Lapja, 144(4), 233-247.<\/strong><\/li> <\/ol> <\/td> <\/tr> <tr> <td style=\"width: 916.6px;\"> <ol start=\"9\"> <li><strong>Nagy, J.GY., Zsinka, B., Vereb\u00e9lyi, V., Zork\u00f3czy, O.K., Tyler, T. (2017) A Vaccinium microcarpum (Turcz. ex Rupr.) Schmalh. Magyarorsz\u00e1gon. Kitaibelia 22, 71-76.<\/strong><\/li> <\/ol> <\/td> <\/tr> <\/tbody> <\/table> <p>&nbsp;<\/p>","protected":false},"excerpt":{"rendered":"<p>Vorstellung: Ich habe meinen Abschluss als Biologin an der Veterin\u00e4rmedizinischen Universit\u00e4t Budapest gemacht. Die Forschung und die Weitergabe von Wissen haben f\u00fcr mich bei meiner T\u00e4tigkeit Priorit\u00e4t. Derzeit arbeite ich an der Entwicklung genetischer Marker f\u00fcr lokale geweihtragende Arten und Mufflons. Forschungsschwerpunkte: Identifizierung von Individuen, Arten und Geschlechtsbestimmung von einheimischen Wildarten Anzahl der Studierenden (Diplomarbeit\/Wissenschaftlicher<\/p>\n","protected":false},"author":5824,"featured_media":0,"parent":859,"menu_order":0,"comment_status":"closed","ping_status":"closed","template":"","meta":{"_acf_changed":false,"footnotes":""},"categories":[],"tags":[],"class_list":["post-89142","page","type-page","status-publish","hentry"],"acf":[],"_links":{"self":[{"href":"https:\/\/univet.hu\/de\/wp-json\/wp\/v2\/pages\/89142","targetHints":{"allow":["GET"]}}],"collection":[{"href":"https:\/\/univet.hu\/de\/wp-json\/wp\/v2\/pages"}],"about":[{"href":"https:\/\/univet.hu\/de\/wp-json\/wp\/v2\/types\/page"}],"author":[{"embeddable":true,"href":"https:\/\/univet.hu\/de\/wp-json\/wp\/v2\/users\/5824"}],"replies":[{"embeddable":true,"href":"https:\/\/univet.hu\/de\/wp-json\/wp\/v2\/comments?post=89142"}],"version-history":[{"count":1,"href":"https:\/\/univet.hu\/de\/wp-json\/wp\/v2\/pages\/89142\/revisions"}],"predecessor-version":[{"id":200463,"href":"https:\/\/univet.hu\/de\/wp-json\/wp\/v2\/pages\/89142\/revisions\/200463"}],"up":[{"embeddable":true,"href":"https:\/\/univet.hu\/de\/wp-json\/wp\/v2\/pages\/859"}],"wp:attachment":[{"href":"https:\/\/univet.hu\/de\/wp-json\/wp\/v2\/media?parent=89142"}],"wp:term":[{"taxonomy":"category","embeddable":true,"href":"https:\/\/univet.hu\/de\/wp-json\/wp\/v2\/categories?post=89142"},{"taxonomy":"post_tag","embeddable":true,"href":"https:\/\/univet.hu\/de\/wp-json\/wp\/v2\/tags?post=89142"}],"curies":[{"name":"wp","href":"https:\/\/api.w.org\/{rel}","templated":true}]}}