{"id":89187,"date":"2023-07-25T10:24:51","date_gmt":"2023-07-25T08:24:51","guid":{"rendered":"https:\/\/univet.hu\/?page_id=89187"},"modified":"2026-02-10T04:36:18","modified_gmt":"2026-02-10T03:36:18","slug":"karpati-edina","status":"publish","type":"page","link":"https:\/\/univet.hu\/de\/universitaet\/mitarbeiter\/karpati-edina\/","title":{"rendered":"K\u00e1rp\u00e1ti Edina"},"content":{"rendered":"<p><strong>Vorstellung<\/strong><\/p> <p>Seit 2021 arbeite ich als Doktorandin an der Veterin\u00e4rmedizinischen Universit\u00e4t Budapest unter der Leitung von Dr. Andr\u00e1s G\u00e1sp\u00e1rdy. In meiner Arbeit besch\u00e4ftige ich mich haupts\u00e4chlich mit Nutztieren. Derzeit f\u00fchre ich umfangreiche Studien durch, um die urspr\u00fcnglichen Merkmale der einheimischen Schafrassen zu bewahren und ihre genetische Vielfalt zu erhalten, sowie physiologische Grundlagenforschung beim Schaf, die in den Bereichen Reproduktionsbiologie und Geburtshilfe von Nutzen ist. Neben landwirtschaftlichen Nutztieren interessiere ich mich auch f\u00fcr Heimtiere, wobei besonders Katzen im Vordergrund stehen.<\/p> <p><strong>Forschungsschwerpunkte:<\/strong><\/p> <p>1) Durchf\u00fchrung einer vollst\u00e4ndigen Stammbaumanalyse der heimischen Racka-Schafe (Hortob\u00e1gyer Racka und Gyimeser Racka),<\/p> <p>2) Bestimmung des m\u00fctterlichen genetischen Hintergrunds der ungarischen Racka-Schafe auf der Grundlage der mtDNA-Kontrollregion,<\/p> <p>3) \u00dcberwachung des Melatoninspiegels im Blutplasma von Mutterschafen in verschiedenen Stadien der Tr\u00e4chtigkeit und beim Ablammen.<\/p> <p><strong>Mitgliedschaft in einem Fachberufsverband:<\/strong><\/p> <table style=\"height: 334px;\" width=\"925\"> <tbody> <tr style=\"height: 66px;\"> <td style=\"width: 302.05px; height: 66px;\">Name der Kommission<\/td> <td style=\"width: 302.05px; height: 66px;\">Zeitintervall<\/td> <td style=\"width: 302.1px; height: 66px;\">Posten<\/td> <\/tr> <tr style=\"height: 178px;\"> <td style=\"width: 302.05px; height: 178px;\">International Association for the Conservation of Animal Breeds in the Danubian Region-Internationale Vereinigung f\u00fcr die Erhaltung der Donau-Nutztierrassen<\/td> <td style=\"width: 302.05px; height: 178px;\">2022-<\/td> <td style=\"width: 302.1px; height: 178px;\">Mitglied<\/td> <\/tr> <tr style=\"height: 66px;\"> <td style=\"width: 302.05px; height: 66px;\">Verband f\u00fcr Labortierkunde<\/td> <td style=\"width: 302.05px; height: 66px;\">2022-<\/td> <td style=\"width: 302.1px; height: 66px;\">Mitglied<\/td> <\/tr> <\/tbody> <\/table> <p><strong>Anzahl der Studeierenden (Diplomarbeit\/Wissenschaftlicher Studierendenkreis &#8211; TDK):<\/strong><\/p> <ul> <li><strong>Diplomarbeit:3<\/strong><\/li> <li><strong>TDK:2<\/strong><\/li> <\/ul> <p><strong>Liste der Publikationen (TOP10) und MTMT link:<\/strong><\/p> <table style=\"height: 701px;\" width=\"925\"> <tbody> <tr style=\"height: 128px;\"> <td style=\"height: 128px; width: 916.6px;\"><strong>1. <\/strong>Sch\u00fctz L, Guly\u00e1s L, Wagenhoffer Zs, S\u00e1f\u00e1r L, Becskei Zs, G\u00e1sp\u00e1rdy A, K\u00e1rp\u00e1ti E (2023): Bestimmung des Generationsintervalls in der Gyimeser Racka und seine Bedeutung bei gef\u00e4hrdeten Schafrassen. Danubian Animal Genetic Resources, 8(1): 21-28. doi.org\/10.59913\/dagr.2023.12256<\/td> <\/tr> <tr style=\"height: 128px;\"> <td style=\"height: 128px; width: 916.6px;\"><strong>2. <\/strong>K\u00e1rp\u00e1ti E, Guly\u00e1s L, G\u00e1sp\u00e1rdy A (2023): Az \u00e1tlagos belteny\u00e9sztetts\u00e9g k\u00e9tf\u00e9le m\u00f3don val\u00f3 meghat\u00e1roz\u00e1sa a gyimesi racka p\u00e9ld\u00e1j\u00e1n kereszt\u00fcl (Determining the average inbreeding coefficient in two ways using the example of the Gyimesi Racka). AWETH, 19(1): 47-54. doi.org\/10.17205\/SZIE.AWETH.2023.1.047<\/td> <\/tr> <tr style=\"height: 128px;\"> <td style=\"height: 128px; width: 916.6px;\"><strong>3. <\/strong>K\u00e1rp\u00e1ti Edina, F\u00fcrlinger D\u00f3ra, M\u00f3cz\u00e1n\u00e9 Plesk\u00f3 Anik\u00f3, Guly\u00e1s L\u00e1szl\u00f3, G\u00e1sp\u00e1rdy Andr\u00e1s, Becskei Zsolt (2022): Various approaches to influence melatonin level in sheep reproduction. Review. Veterinarski Glasnik, 77(1): 16-34. https:\/\/doi.org\/10.2298\/VETGL220308007K<\/td> <\/tr> <tr style=\"height: 152px;\"> <td style=\"height: 152px; width: 916.6px;\"><strong>4. <\/strong>K\u00e1rp\u00e1ti E, Becskei Zs, G\u00e1sp\u00e1rdy A, S\u00e1f\u00e1r L, Guly\u00e1s L (2022): Der Status der Homozygotie des Gyimeser Zackelschafes in Ungarn auf der Grundlage einer vorl\u00e4ufigen Analyse der Herdbuchdaten (Homozygosity status of Gyimes Racka in Hungary based on preliminary analysis of pedigree data). Danubian Animal Genetic Resources, 7(2): 57-63.<\/td> <\/tr> <tr style=\"height: 152px;\"> <td style=\"height: 152px; width: 916.6px;\"><strong>5. <\/strong>K\u00e1rp\u00e1ti E, Guly\u00e1s L, G\u00e1sp\u00e1rdy A (2022): A melatonin szint szab\u00e1lyoz\u00e1s\u00e1nak sokr\u00e9t\u0171lehet\u0151s\u00e9gei a juh szaporod\u00e1s\u00e1ban (Various possibilities for regulating melatonin levels in sheep reproduction). In: Magyar Buiatrikus T\u00e1rsas\u00e1g XXX. Jubileumi Nemzetk\u00f6zi Kongresszusa. Szerk.: Szenci Ott\u00f3. 2022. m\u00e1rcius 20-23. Eger. Proceedings pp. 140-147. ISBN: 978-615-81413-2-1. A\/3 nyomda, Budapest.<\/td> <\/tr> <\/tbody> <\/table> <p>&nbsp;<\/p>","protected":false},"excerpt":{"rendered":"<p>Vorstellung Seit 2021 arbeite ich als Doktorandin an der Veterin\u00e4rmedizinischen Universit\u00e4t Budapest unter der Leitung von Dr. Andr\u00e1s G\u00e1sp\u00e1rdy. In meiner Arbeit besch\u00e4ftige ich mich haupts\u00e4chlich mit Nutztieren. Derzeit f\u00fchre ich umfangreiche Studien durch, um die urspr\u00fcnglichen Merkmale der einheimischen Schafrassen zu bewahren und ihre genetische Vielfalt zu erhalten, sowie physiologische Grundlagenforschung beim Schaf, die<\/p>\n","protected":false},"author":5824,"featured_media":0,"parent":859,"menu_order":0,"comment_status":"closed","ping_status":"closed","template":"","meta":{"_acf_changed":false,"footnotes":""},"categories":[],"tags":[],"class_list":["post-89187","page","type-page","status-publish","hentry"],"acf":[],"_links":{"self":[{"href":"https:\/\/univet.hu\/de\/wp-json\/wp\/v2\/pages\/89187","targetHints":{"allow":["GET"]}}],"collection":[{"href":"https:\/\/univet.hu\/de\/wp-json\/wp\/v2\/pages"}],"about":[{"href":"https:\/\/univet.hu\/de\/wp-json\/wp\/v2\/types\/page"}],"author":[{"embeddable":true,"href":"https:\/\/univet.hu\/de\/wp-json\/wp\/v2\/users\/5824"}],"replies":[{"embeddable":true,"href":"https:\/\/univet.hu\/de\/wp-json\/wp\/v2\/comments?post=89187"}],"version-history":[{"count":1,"href":"https:\/\/univet.hu\/de\/wp-json\/wp\/v2\/pages\/89187\/revisions"}],"predecessor-version":[{"id":200371,"href":"https:\/\/univet.hu\/de\/wp-json\/wp\/v2\/pages\/89187\/revisions\/200371"}],"up":[{"embeddable":true,"href":"https:\/\/univet.hu\/de\/wp-json\/wp\/v2\/pages\/859"}],"wp:attachment":[{"href":"https:\/\/univet.hu\/de\/wp-json\/wp\/v2\/media?parent=89187"}],"wp:term":[{"taxonomy":"category","embeddable":true,"href":"https:\/\/univet.hu\/de\/wp-json\/wp\/v2\/categories?post=89187"},{"taxonomy":"post_tag","embeddable":true,"href":"https:\/\/univet.hu\/de\/wp-json\/wp\/v2\/tags?post=89187"}],"curies":[{"name":"wp","href":"https:\/\/api.w.org\/{rel}","templated":true}]}}