{"id":89639,"date":"2023-07-26T14:47:50","date_gmt":"2023-07-26T12:47:50","guid":{"rendered":"https:\/\/univet.hu\/?page_id=89639"},"modified":"2026-02-10T04:36:19","modified_gmt":"2026-02-10T03:36:19","slug":"kasza-gyula","status":"publish","type":"page","link":"https:\/\/univet.hu\/de\/universitaet\/mitarbeiter\/kasza-gyula\/","title":{"rendered":"Kasza Gyula"},"content":{"rendered":"<p style=\"text-align: center;\"><strong>Einf\u00fchrung<\/strong><\/p> <p>Gyula Kasza ist au\u00dferordentlicher Professor an der Abteilung f\u00fcr Lebensmittelhygiene der Veterin\u00e4rmedizinischen Universit\u00e4t und Leiter der Forschungsgruppe Lebensmittel\u00f6konomie.<\/p> <p><strong>Forschungsschwerpunkte:<\/strong><\/p> <ul> <li>Lebensmittelsicherheit<\/li> <li>Reduzierung der Lebensmittelverschwendung<\/li> <li>Risikokommunikation<\/li> <li>Konsumentenforschung<\/li> <\/ul> <p><strong>Fortschritt<\/strong><\/p> <table style=\"height: 1267px;\" width=\"725\"> <tbody> <tr style=\"height: 40px;\"> <td style=\"width: 166.3px; text-align: center; height: 40px;\"><strong>Arbeitspl\u00e4tze<\/strong><\/td> <td style=\"width: 302.75px; text-align: center; height: 40px;\"><strong>Institutionsname<\/strong><\/td> <td style=\"width: 233.95px; text-align: center; height: 40px;\"><strong>Post<\/strong><\/td> <\/tr> <tr style=\"height: 115px;\"> <td style=\"width: 166.3px; height: 115px;\">2007-<\/td> <td style=\"width: 302.75px; height: 115px;\">\u00c1llatorvostudom\u00e1nyi Egyetem, \u00c9lelmiszerhigi\u00e9niai Tansz\u00e9k<\/td> <td style=\"width: 233.95px; height: 115px;\">au\u00dferordentlicher Professor, Honoraruniversit\u00e4tsprofessor (bisher: Gastredner, Projektleiter)<\/td> <\/tr> <tr style=\"height: 115px;\"> <td style=\"width: 166.3px; height: 115px;\">2015-2022<\/td> <td style=\"width: 302.75px; height: 115px;\">Nemzeti \u00c9lelmiszerl\u00e1nc-biztons\u00e1gi Hivatal, \u00c9lelmiszerbiztons\u00e1gi Kock\u00e1zatkezel\u00e9si Igazgat\u00f3s\u00e1g<\/td> <td style=\"width: 233.95px; height: 115px;\">Abteilungsleiter, stellvertretender Direktor<\/td> <\/tr> <tr style=\"height: 77px;\"> <td style=\"width: 166.3px; height: 77px;\">2008-2013<\/td> <td style=\"width: 302.75px; height: 77px;\">F\u00f6ldm\u0171vel\u00e9si \u00e9s Vid\u00e9kfejleszt\u00e9si Miniszt\u00e9rium<\/td> <td style=\"width: 233.95px; height: 77px;\">Abteilungsleiter, Ministerialvertreter<\/td> <\/tr> <tr style=\"height: 153px;\"> <td style=\"width: 166.3px; height: 153px;\">2005-<\/td> <td style=\"width: 302.75px; height: 153px;\">Magyar Agr\u00e1r- \u00e9s \u00c9lettudom\u00e1nyi Egyetem \u00e9s jogel\u0151dei, \u00c9lelmiszeripari Gazdas\u00e1gtan Tansz\u00e9k, \u00c9lelmiszertudom\u00e1nyi \u00e9s Technol\u00f3giai Int\u00e9zet<\/td> <td style=\"width: 233.95px; height: 153px;\">Au\u00dferordentlicher Universit\u00e4tsprofessor (Teilzeit), ordentlicher Universit\u00e4tsdozent<\/td> <\/tr> <tr style=\"height: 40px;\"> <td style=\"width: 166.3px; height: 40px;\">2006-2009<\/td> <td style=\"width: 302.75px; height: 40px;\">Eur\u00f3pai Szoci\u00e1lis Alap<\/td> <td style=\"width: 233.95px; height: 40px;\">\u00dcberwachungsexperte<\/td> <\/tr> <tr style=\"height: 115px;\"> <td style=\"width: 166.3px; height: 115px;\">2004-2005<\/td> <td style=\"width: 302.75px; height: 115px;\">Institute for Advanced Studies on Science, Technology and Society, Graz, Ausztria<\/td> <td style=\"width: 233.95px; height: 115px;\">Wissenschaftlicher Mitarbeiter, Ernst-Mach-Stipendiat mit \u00f6sterreichischem Staatsstipendium<\/td> <\/tr> <tr style=\"height: 115px;\"> <td style=\"width: 166.3px; height: 115px;\">2003<\/td> <td style=\"width: 302.75px; height: 115px;\">Science and Technology Studies Unit, Department of Sociology, University of York, Egyes\u00fclt Kir\u00e1lys\u00e1g<\/td> <td style=\"width: 233.95px; height: 115px;\">Wissenschaftlicher Mitarbeiter mit einem Marie-Curie-Stipendium<\/td> <\/tr> <tr style=\"height: 149px;\"> <td style=\"width: 166.3px; height: 149px;\">2001-2004<\/td> <td style=\"width: 302.75px; height: 149px;\">K\u00f6zponti \u00c9lelmiszer-tudom\u00e1nyi Kutat\u00f3int\u00e9zet, \u00c9lelmiszergazdas\u00e1gi \u00e9s \u00c9lelmiszermin\u0151s\u00e9gi Oszt\u00e1ly<\/td> <td style=\"width: 233.95px; height: 149px;\">Wissenschaftlicher Mitarbeiter<\/td> <\/tr> <tr style=\"height: 77px;\"> <td style=\"width: 166.3px; text-align: center; height: 77px;\"><strong>Studien<\/strong><\/td> <td style=\"width: 302.75px; text-align: center; height: 77px;\"><strong>Institutionsname<\/strong><\/td> <td style=\"width: 233.95px; text-align: center; height: 77px;\"><strong>Studium, akademischer Grad, Titel<\/strong><\/td> <\/tr> <tr style=\"height: 77px;\"> <td style=\"width: 166.3px; height: 77px;\">2018<\/td> <td style=\"width: 302.75px; height: 77px;\">\u00c1llatorvostudom\u00e1nyi Doktori Iskola &#8211; \u00c1llatorvostudom\u00e1nyi Egyetem<\/td> <td style=\"width: 233.95px; height: 77px;\">Habilitation<\/td> <\/tr> <tr style=\"height: 77px;\"> <td style=\"width: 166.3px; height: 77px;\">2010-2012<\/td> <td style=\"width: 302.75px; height: 77px;\">E\u00f6tv\u00f6s Lor\u00e1nd Tudom\u00e1nyegyetem &#8211; \u00c1llam- \u00e9s Jogtudom\u00e1nyi Kar<\/td> <td style=\"width: 233.95px; height: 77px;\">Postgraduale Ausbildung mit juristischem Abschluss<\/td> <\/tr> <tr style=\"height: 40px;\"> <td style=\"width: 166.3px; height: 40px;\">2001-2010<\/td> <td style=\"width: 302.75px; height: 40px;\">Budapesti Corvinus Egyetem<\/td> <td style=\"width: 233.95px; height: 40px;\">Doktortitel<\/td> <\/tr> <tr style=\"height: 77px;\"> <td style=\"width: 166.3px; height: 77px;\">1996-2001<\/td> <td style=\"width: 302.75px; height: 77px;\">Kaposv\u00e1ri Egyetem &#8211; \u00c1llattudom\u00e1nyi Kar<\/td> <td style=\"width: 233.95px; height: 77px;\">Wirtschaftsingenieur der Agrarwirtschaft mit Schwerpunkt Lebensmittel\u00f6konomie<\/td> <\/tr> <\/tbody> <\/table> <p><strong>Mitgliedschaft in einer Berufsorganisation<\/strong><\/p> <table style=\"height: 514px;\" width=\"624\"> <tbody> <tr style=\"height: 23px;\"> <td style=\"height: 23px; width: 364.574px;\"><strong>Name des Ausschusses<\/strong><\/td> <td style=\"height: 23px; width: 144.361px;\"><b>Zeit<\/b><\/td> <td style=\"height: 23px; width: 94.5455px;\"><b>Rank<\/b><\/td> <\/tr> <tr style=\"height: 47px;\"> <td style=\"height: 47px; width: 364.574px;\">Citizens Panel on Food Waste (Eur\u00f3pai Bizotts\u00e1g), Knowledge Committee<\/td> <td style=\"height: 47px; width: 144.361px;\">2022-<\/td> <td style=\"height: 47px; width: 94.5455px;\">Mitglied<\/td> <\/tr> <tr style=\"height: 47px;\"> <td style=\"height: 47px; width: 364.574px;\">European Consumer Food Waste Forum (European Joint Research Centre)<\/td> <td style=\"height: 47px; width: 144.361px;\">2021-<\/td> <td style=\"height: 47px; width: 94.5455px;\">Kernexperte<\/td> <\/tr> <tr style=\"height: 23px;\"> <td style=\"height: 23px; width: 364.574px;\">Magyar T\u00e1pl\u00e1lkoz\u00e1studom\u00e1nyi T\u00e1rsas\u00e1g<\/td> <td style=\"height: 23px; width: 144.361px;\">2021-<\/td> <td style=\"height: 23px; width: 94.5455px;\">Mitglied<\/td> <\/tr> <tr style=\"height: 47px;\"> <td style=\"height: 47px; width: 364.574px;\">European Platform on Food Losses and Food Waste (DG SANT\u00c9)<\/td> <td style=\"height: 47px; width: 144.361px;\">2019-<\/td> <td style=\"height: 47px; width: 94.5455px;\">Mitglied<\/td> <\/tr> <tr style=\"height: 23px;\"> <td style=\"height: 23px; width: 364.574px;\">\u00c9lelmiszer \u00c9rt\u00e9k F\u00f3rum, Ir\u00e1ny\u00edt\u00f3 Bizotts\u00e1g<\/td> <td style=\"height: 23px; width: 144.361px;\">2018<\/td> <td style=\"height: 23px; width: 94.5455px;\">Mitglied<\/td> <\/tr> <tr style=\"height: 23px;\"> <td style=\"height: 23px; width: 364.574px;\">Magyar Eredetv\u00e9delmi Tan\u00e1cs<\/td> <td style=\"height: 23px; width: 144.361px;\">2015-2017<\/td> <td style=\"height: 23px; width: 94.5455px;\">Mitglied<\/td> <\/tr> <tr style=\"height: 47px;\"> <td style=\"height: 47px; width: 364.574px;\">Magyar \u00c9lelmiszerk\u00f6nyv Szeszesitalok Szakbizotts\u00e1g<\/td> <td style=\"height: 47px; width: 144.361px;\">2015-2017<\/td> <td style=\"height: 47px; width: 94.5455px;\">Mitglied<\/td> <\/tr> <tr style=\"height: 71px;\"> <td style=\"height: 71px; width: 364.574px;\">Magyar Tudom\u00e1nyos Akad\u00e9mia, K\u00f6rnyezettudom\u00e1nyi Eln\u00f6ki Bizotts\u00e1g, \u00c9lelmiszerbiztons\u00e1gi Albizotts\u00e1g<\/td> <td style=\"height: 71px; width: 144.361px;\">2013-<\/td> <td style=\"height: 71px; width: 94.5455px;\">Mitglied<\/td> <\/tr> <tr style=\"height: 47px;\"> <td style=\"height: 47px; width: 364.574px;\">Hungarikum Bizotts\u00e1g, Agr\u00e1r- \u00e9s \u00e9lelmiszergazdas\u00e1g \u00c1gazati Szakbizotts\u00e1g<\/td> <td style=\"height: 47px; width: 144.361px;\">2013-2018<\/td> <td style=\"height: 47px; width: 94.5455px;\">Mitglied<\/td> <\/tr> <tr style=\"height: 47px;\"> <td style=\"height: 47px; width: 364.574px;\">Magyar Tudom\u00e1nyos Akad\u00e9mia<\/td> <td style=\"height: 47px; width: 144.361px;\">2011-<\/td> <td style=\"height: 47px; width: 94.5455px;\">Mitglied einer \u00f6ffentlichen K\u00f6rperschaft<\/td> <\/tr> <tr style=\"height: 23px;\"> <td style=\"height: 23px; width: 364.574px;\">Magyar Hadtudom\u00e1nyi T\u00e1rsas\u00e1g<\/td> <td style=\"height: 23px; width: 144.361px;\">2010-2018<\/td> <td style=\"height: 23px; width: 94.5455px;\">Mitglied<\/td> <\/tr> <tr style=\"height: 23px;\"> <td style=\"height: 23px; width: 364.574px;\">Magyar \u00c9lelmez\u00e9sipari Tudom\u00e1nyos Egyes\u00fclet<\/td> <td style=\"height: 23px; width: 144.361px;\">2005-<\/td> <td style=\"height: 23px; width: 94.5455px;\">Mitglied<\/td> <\/tr> <tr style=\"height: 23px;\"> <td style=\"height: 23px; width: 364.574px;\">Magyar Zoon\u00f3zis T\u00e1rsas\u00e1g<\/td> <td style=\"height: 23px; width: 144.361px;\">2004-<\/td> <td style=\"height: 23px; width: 94.5455px;\">Vorstandsmitglied<\/td> <\/tr> <\/tbody> <\/table> <p><strong>Anzahl der bisherigen Abschlussarbeiten\/TDK-Studenten<\/strong><\/p> <p>121 Thesen\/32 TDK-Thesen<\/p> <p><strong>Doktoranden<\/strong><\/p> <table style=\"width: 889px; height: 583px;\"> <tbody> <tr> <td style=\"width: 716.217px;\">Abschluss erworben:<\/p> <table style=\"height: 262px;\" width=\"884\"> <tbody> <tr> <td style=\"width: 467.467px;\">Szakos D\u00e1vid<\/td> <td style=\"width: 400.533px;\">2022<\/td> <\/tr> <tr> <td style=\"width: 467.467px;\">Gortva-Vajda \u00c1gnes Gizella<\/td> <td style=\"width: 400.533px;\">2021<\/td> <\/tr> <tr> <td style=\"width: 467.467px;\">Izs\u00f3 Tekla<\/td> <td style=\"width: 400.533px;\">2021<\/td> <\/tr> <tr> <td style=\"width: 467.467px;\">Kiss Anna<\/td> <td style=\"width: 400.533px;\">2021<\/td> <\/tr> <tr> <td style=\"width: 467.467px;\">Bogn\u00e1r Lajos<\/td> <td style=\"width: 400.533px;\">2020<\/td> <\/tr> <tr> <td style=\"width: 467.467px;\">Szegedyn\u00e9 Fricz \u00c1gnes<\/td> <td style=\"width: 400.533px;\">2020<\/td> <\/tr> <tr> <td style=\"width: 467.467px;\">S\u00fcth Mikl\u00f3s<\/td> <td style=\"width: 400.533px;\">2019<\/td> <\/tr> <tr> <td style=\"width: 467.467px;\">Szab\u00f3-B\u00f3di Barbara<\/td> <td style=\"width: 400.533px;\">2018<\/td> <\/tr> <\/tbody> <\/table> <\/td> <td style=\"width: 156.783px;\"><\/td> <\/tr> <tr> <td style=\"width: 716.217px;\"> <p>Absolvent:<\/p> <p>Szab\u00f3 Erika\u00a0\u00a0\u00a0\u00a0\u00a0\u00a0\u00a0\u00a0\u00a0\u00a0\u00a0\u00a0\u00a0\u00a0\u00a0\u00a0\u00a0\u00a0\u00a0\u00a0\u00a0\u00a0\u00a0\u00a0\u00a0\u00a0\u00a0\u00a0\u00a0\u00a0\u00a0\u00a0\u00a0\u00a0\u00a0\u00a0\u00a0\u00a0\u00a0\u00a0\u00a0\u00a0\u00a0\u00a0\u00a0\u00a0\u00a0\u00a0\u00a0\u00a0\u00a0\u00a0\u00a0\u00a0\u00a0\u00a0\u00a0\u00a0\u00a0\u00a0\u00a0\u00a0\u00a0\u00a0\u00a0 2022<\/td> <td style=\"width: 156.783px;\"><\/td> <\/tr> <tr> <td style=\"width: 716.217px;\"> <p>Aktuelle Doktoranden mit voraussichtlichem Abschlussjahr:<\/p> <p>Nugraha Widya Satya\u00a0\u00a0\u00a0\u00a0\u00a0\u00a0 2026\/08<\/p> <p>L\u00e1mfalusy Tam\u00e1s\u00a0 2026\/01<\/p> <p>L\u00e1szl\u00f3 Veronika\u00a0\u00a0\u00a0\u00a0 2025\/08<\/td> <td style=\"width: 156.783px;\"><\/td> <\/tr> <\/tbody> <\/table> <p>&nbsp;<\/p> <p><strong>Publikationsliste (Top10)<\/strong><\/p> <p>MTMT:\u00a0 https:\/\/m2.mtmt.hu\/gui2\/?type=authors&amp;mode=browse&amp;sel=authors10020603<\/p> <ol> <li>Kasza, G., Szab\u00f3-B\u00f3di, B., Lakner, Z., &amp; Izs\u00f3, T. (2019). Balancing the desire to decrease food waste with requirements of food safety. Trends in Food Science &amp; Technology, 84, 74-76.<\/li> <li>Kasza, G., Csenki, E., Szakos, D., &amp; Izs\u00f3, T. (2022). The evolution of food safety risk communication: Models and trends in the past and the future. Food Control, 138, 109025.<\/li> <li>Szakos, D., Szab\u00f3-B\u00f3di, B., &amp; Kasza, G. (2021). Consumer awareness campaign to reduce household food waste based on structural equation behavior modeling in Hungary. Environmental Science and Pollution Research, 28(19), 24580-24589.<\/li> <li>Szab\u00f3-B\u00f3di, B., Kasza, G., &amp; Szakos, D. (2018). Assessment of household food waste in Hungary. British Food Journal, 120(3), 625-638<\/li> <li>Plasek, B., Lakner, Z., Kasza, G., &amp; Temesi, \u00c1. (2019). Consumer evaluation of the role of functional food products in disease prevention and the characteristics of target groups. Nutrients, 12(1), 69.<\/li> <li>Szakos, D., \u00d3zsv\u00e1ri, L., &amp; Kasza, G. (2020). Perception of older adults about health-related functionality of foods compared with other age groups. Sustainability, 12(7), 2748.<\/li> <li>Kasza, G., Dork\u00f3, A., Kunszab\u00f3, A., &amp; Szakos, D. (2020). Quantification of household food waste in hungary: A replication study using the FUSIONS methodology. Sustainability, 12(8), 3069.<\/li> <li>Kasza, G., Csenki, E. Z., Izs\u00f3, T., &amp; Scholderer, J. (2022). Paradoxical risk mitigation behavior in private households. Food Control, 138, 109032.<\/li> <li>M\u00f8retr\u00f8, T., Nguyen-The, C., Didier, P., Ma\u00eetre, I., Izs\u00f3, T., Kasza, G., Langsrud, S. (2021). Consumer practices and prevalence of Campylobacter, Salmonella and norovirus in kitchens from six European countries. International Journal of Food Microbiology, 347, 109172.<\/li> <li>Kunszab\u00f3, A., Szakos, D., Dork\u00f3, A., Farkas, C., &amp; Kasza, G. (2022). Household food waste composting habits and behaviours in Hungary: A segmentation study. Sustainable Chemistry and Pharmacy, 30, 100839.<\/li> <\/ol> <p>&nbsp;<\/p> <p>&nbsp;<\/p>","protected":false},"excerpt":{"rendered":"<p>Einf\u00fchrung Gyula Kasza ist au\u00dferordentlicher Professor an der Abteilung f\u00fcr Lebensmittelhygiene der Veterin\u00e4rmedizinischen Universit\u00e4t und Leiter der Forschungsgruppe Lebensmittel\u00f6konomie. Forschungsschwerpunkte: Lebensmittelsicherheit Reduzierung der Lebensmittelverschwendung Risikokommunikation Konsumentenforschung Fortschritt Arbeitspl\u00e4tze Institutionsname Post 2007- \u00c1llatorvostudom\u00e1nyi Egyetem, \u00c9lelmiszerhigi\u00e9niai Tansz\u00e9k au\u00dferordentlicher Professor, Honoraruniversit\u00e4tsprofessor (bisher: Gastredner, Projektleiter) 2015-2022 Nemzeti \u00c9lelmiszerl\u00e1nc-biztons\u00e1gi Hivatal, \u00c9lelmiszerbiztons\u00e1gi Kock\u00e1zatkezel\u00e9si Igazgat\u00f3s\u00e1g Abteilungsleiter, stellvertretender Direktor 2008-2013 F\u00f6ldm\u0171vel\u00e9si \u00e9s Vid\u00e9kfejleszt\u00e9si<\/p>\n","protected":false},"author":5824,"featured_media":0,"parent":859,"menu_order":0,"comment_status":"closed","ping_status":"closed","template":"","meta":{"_acf_changed":false,"footnotes":""},"categories":[],"tags":[],"class_list":["post-89639","page","type-page","status-publish","hentry"],"acf":[],"_links":{"self":[{"href":"https:\/\/univet.hu\/de\/wp-json\/wp\/v2\/pages\/89639","targetHints":{"allow":["GET"]}}],"collection":[{"href":"https:\/\/univet.hu\/de\/wp-json\/wp\/v2\/pages"}],"about":[{"href":"https:\/\/univet.hu\/de\/wp-json\/wp\/v2\/types\/page"}],"author":[{"embeddable":true,"href":"https:\/\/univet.hu\/de\/wp-json\/wp\/v2\/users\/5824"}],"replies":[{"embeddable":true,"href":"https:\/\/univet.hu\/de\/wp-json\/wp\/v2\/comments?post=89639"}],"version-history":[{"count":1,"href":"https:\/\/univet.hu\/de\/wp-json\/wp\/v2\/pages\/89639\/revisions"}],"predecessor-version":[{"id":200372,"href":"https:\/\/univet.hu\/de\/wp-json\/wp\/v2\/pages\/89639\/revisions\/200372"}],"up":[{"embeddable":true,"href":"https:\/\/univet.hu\/de\/wp-json\/wp\/v2\/pages\/859"}],"wp:attachment":[{"href":"https:\/\/univet.hu\/de\/wp-json\/wp\/v2\/media?parent=89639"}],"wp:term":[{"taxonomy":"category","embeddable":true,"href":"https:\/\/univet.hu\/de\/wp-json\/wp\/v2\/categories?post=89639"},{"taxonomy":"post_tag","embeddable":true,"href":"https:\/\/univet.hu\/de\/wp-json\/wp\/v2\/tags?post=89639"}],"curies":[{"name":"wp","href":"https:\/\/api.w.org\/{rel}","templated":true}]}}