{"id":89765,"date":"2023-07-27T10:18:05","date_gmt":"2023-07-27T08:18:05","guid":{"rendered":"https:\/\/univet.hu\/?page_id=89765"},"modified":"2026-02-10T04:38:26","modified_gmt":"2026-02-10T03:38:26","slug":"kerek-adam","status":"publish","type":"page","link":"https:\/\/univet.hu\/de\/universitaet\/mitarbeiter\/kerek-adam\/","title":{"rendered":"Kerek \u00c1d\u00e1m"},"content":{"rendered":"<p><span style=\"font-family: impact, sans-serif;\"><strong>Einf\u00fchrung<\/strong><\/span><\/p> <p align=\"justify\">Dr. \u00c1d\u00e1m Kerek wurde in Gy\u00f6ngy\u00f6s geboren und schloss sein Gymnasium am J\u00e1nos Berze Nagy Gymnasium ab. Danach wurde er an die Fakult\u00e4t f\u00fcr Agrar- und Umweltwissenschaften der Szent-Istv\u00e1n-Universit\u00e4t aufgenommen, wo er 2010 einen BSc erwarb. Er machte seinen Abschluss in. Danach arbeitete er zwei Jahre lang im START-Programm f\u00fcr \u00f6ffentliche Arbeiten in seinem Heimatdorf, der Stadtverwaltung von Nagyr\u00e9dei, wo er Koordinierungs- und Planungsaufgaben wahrnahm. Zwischenzeitlich absolvierte er die Ausbildung zum Tierarzthelfer OKJ. Im Jahr 2014 wurde er an der Veterin\u00e4rmedizinischen Fakult\u00e4t der Szent-Istv\u00e1n-Universit\u00e4t (ab 2016 Veterin\u00e4rmedizinische Universit\u00e4t) aufgenommen. Im Februar 2020 schloss er sein Studium an der Veterin\u00e4rmedizinischen Universit\u00e4t mit summa cum laude als Doktor der Veterin\u00e4rmedizin ab. Seit M\u00e4rz 2020 ist er am Fachbereich Pharmakologie und Toxikologie als Fachtierarzt und Mitglied des Innovationsb\u00fcros t\u00e4tig. Zwischen 2021 und 2023 schloss er sein Studium an der Veterin\u00e4rmedizinischen Universit\u00e4t mit summa cum laude als Facharzt f\u00fcr Schweinegesundheit ab. Ab Herbst 2022 ist er Pr\u00e4sident der Doktorandenselbstverwaltung (D\u00d6K).<\/p> <p><span style=\"font-family: impact, sans-serif;\"><strong>Forschungsschwerpunkte:<\/strong><\/span><\/p> <ul> <li>antimikrobielle Resistenz, MHK-Wertbestimmung, ECOFF<\/li> <li>Evolutions- und Co-Selektionsstudien mit der Microbial Evolution and Growth Arena (MEGA-plate)-Methode<\/li> <li>Untersuchung antimikrobieller Resistenzgene (ARG).<\/li> <li>Pr\u00fcfung von Antibiotika-Alternativen (z. B. Propolis, Peptide, Pflanzenextrakte, Probiotika)<\/li> <li>Wirksamkeit von Desinfektionsmitteln untersuchung<\/li> <li>Untersuchung auf Parasiten (z. B. Trichomonas spp., Histomonas meleagridis)<\/li> <\/ul> <hr align=\"center\" size=\"5\" width=\"60%\" \/> <p><strong><span style=\"font-family: impact, sans-serif;\">Studien:<\/span><\/strong><\/p> <table style=\"height: 169px;\" width=\"851\"> <tbody> <tr> <td style=\"width: 107px; text-align: center;\">2021 &#8211; 2023<\/td> <td style=\"width: 728px; text-align: center;\"> <p>\u00c1llatorvostudom\u00e1nyi Egyetem, Budapest<\/p> <p><strong>Ausbildung zum Schweinegesundheitsspezialisten<\/strong><\/td> <\/tr> <tr> <td style=\"width: 107px; text-align: center;\">2020 &#8211;<\/td> <td style=\"width: 728px; text-align: center;\"> <p>\u00c1llatorvostudom\u00e1nyi Egyetem, Budapest<\/p> <p><strong>Doktorand<\/strong><\/td> <\/tr> <tr> <td style=\"width: 107px; text-align: center;\">2014-2020<\/td> <td style=\"width: 728px; text-align: center;\"> <p>\u00c1llatorvostudom\u00e1nyi Egyetem, Budapest<\/p> <p><strong>zertifizierter Tierarzt<\/strong>, summa cum laude (exzellent)<\/td> <\/tr> <tr> <td style=\"width: 107px; text-align: center;\">2018-2020<\/td> <td style=\"width: 728px; text-align: center;\"> <p>\u00c1llatorvostudom\u00e1nyi Egyetem, Budapest<\/p> <p><strong>Spezialisierung auf Wildtiermanagement<\/strong><\/td> <\/tr> <tr> <td style=\"width: 107px; text-align: center;\">2012<\/td> <td style=\"width: 728px; text-align: center;\"> <p>VM K\u00f6z\u00e9p-Magyarorsz\u00e1gi Agr\u00e1r-Szakk\u00e9pz\u0151 K\u00f6zpont, Bercs\u00e9nyi Mikl\u00f3s \u00c9lelmiszer-ipari Szakk\u00e9pz\u0151 Iskola, Koll\u00e9gium \u00e9s VM Gyakorl\u00f3iskola, Budapest<\/p> <p><strong>Tierarzthelferin, Fachassistentin f\u00fcr Tiergesundheit<\/strong><\/td> <\/tr> <tr> <td style=\"width: 107px; text-align: center;\">2007-2010<\/td> <td style=\"width: 728px; text-align: center;\"> <p>Szent Istv\u00e1n Egyetem Mez\u0151gazdas\u00e1g- \u00e9s K\u00f6rnyezettudom\u00e1nyi Kar<\/p> <p><strong>Tierhaltungsingenieur<\/strong><\/td> <\/tr> <\/tbody> <\/table> <p>&nbsp;<\/p> <p><span style=\"font-family: impact, sans-serif;\"><strong>Fortschritt<\/strong><\/span><\/p> <table style=\"height: 148px; width: 516px;\" width=\"381\"> <tbody> <tr> <td style=\"width: 195.391px; text-align: center;\">2023. juli<\/td> <td style=\"width: 304.609px; text-align: center;\">Lehrassistent an der Universit\u00e4t<\/td> <\/tr> <tr style=\"height: 24px;\"> <td style=\"width: 195.391px; text-align: center; height: 24px;\">2023. februar<\/td> <td style=\"width: 304.609px; text-align: center; height: 24px;\">Spezialist f\u00fcr Schweinegesundheit<\/td> <\/tr> <tr> <td style=\"width: 195.391px; text-align: center;\">2022 september<\/td> <td style=\"width: 304.609px; text-align: center;\">D\u00d6K-Pr\u00e4sident<\/td> <\/tr> <tr style=\"height: 24px;\"> <td style=\"width: 195.391px; text-align: center; height: 24px;\">2020 september<\/td> <td style=\"width: 304.609px; text-align: center; height: 24px;\">Doktorand<\/td> <\/tr> <tr style=\"height: 24px;\"> <td style=\"width: 195.391px; text-align: center; height: 24px;\">2020 marsch<\/td> <td style=\"width: 304.609px; text-align: center; height: 24px;\">Abteilungstierarzt<\/td> <\/tr> <tr style=\"height: 24px;\"> <td style=\"width: 195.391px; text-align: center; height: 24px;\">2020 marsch<\/td> <td style=\"width: 304.609px; text-align: center; height: 24px;\">Ungarische Veterin\u00e4rkammer, Grundmitgliedschaft<\/td> <\/tr> <\/tbody> <\/table> <hr align=\"center\" size=\"5\" width=\"60%\" \/> <p><span style=\"font-family: impact, sans-serif;\"><strong>Publikationsliste (Top10)<\/strong><\/span><\/p> <p style=\"text-align: center;\">MTMT:\u00a0<a href=\"https:\/\/m2.mtmt.hu\/gui2\/?type=authors&amp;mode=browse&amp;sel=authors10073038\">https:\/\/m2.mtmt.hu\/gui2\/?type=authors&amp;mode=browse&amp;sel=authors10073038<\/a><\/p> <table style=\"height: 86px; width: 1140px;\" width=\"1140\"> <tbody> <tr style=\"height: 86px;\"> <td style=\"width: 36px; height: 86px; text-align: center;\">1.<\/td> <td style=\"width: 1088px; height: 86px;\"> <div class=\"authors\"><span class=\"author-name\">Remport, \u00c1gnes\u00a0<\/span>;\u00a0<span class=\"author-name\"><a href=\"https:\/\/m2.mtmt.hu\/gui2\/?type=authors&amp;mode=browse&amp;sel=10034911\" target=\"_blank\" rel=\"noopener\">M\u00e1tis, G\u00e1bor<\/a>\u00a0<\/span>;\u00a0<span class=\"author-name\">Juh\u00e1sz, Orsolya\u00a0<\/span>;\u00a0<span class=\"author-name\"><a href=\"https:\/\/m2.mtmt.hu\/gui2\/?type=authors&amp;mode=browse&amp;sel=10073038\" target=\"_blank\" rel=\"noopener\">Kerek, \u00c1d\u00e1m<\/a>\u00a0<\/span>;\u00a0<span class=\"author-name\"><a href=\"https:\/\/m2.mtmt.hu\/gui2\/?type=authors&amp;mode=browse&amp;sel=10002318\" target=\"_blank\" rel=\"noopener\">Neogr\u00e1dy, Zsuzsanna:\u00a0<\/a><\/span><a href=\"https:\/\/m2.mtmt.hu\/gui2\/?mode=browse&amp;params=publication;31400899\" target=\"_blank\" rel=\"noopener\">A xilitm\u00e9rgez\u00e9s kialakul\u00e1s\u00e1nak mechanizmusa kuty\u00e1ban<span class=\"subTitle\">: Irodalmi \u00f6sszefoglal\u00f3.\u00a0<\/span><\/a><span class=\"journal-title\">MAGYAR \u00c1LLATORVOSOK LAPJA<\/span>\u00a0<span class=\"journal-volume\">140<\/span>\u00a0:\u00a0<span class=\"journal-issue\">2<\/span>\u00a0<span class=\"page\">pp. 109-117. , 9 p.<\/span>\u00a0<span class=\"year\">(2018)<\/span><\/div> <\/td> <\/tr> <tr> <td style=\"width: 36px; text-align: center;\">2.<\/td> <td style=\"width: 1088px;\"> <div class=\"authors\"> <p>Kerek \u00c1d\u00e1m &#8211; B\u00e1r\u00e1ny Zolt\u00e1n &#8211; Sterczer \u00c1gnes &#8211; J\u00f3cs\u00e1k Gergely: A neuroinflamm\u00e1ci\u00f3 k\u00f3rfolyamata \u00e9s egyes ter\u00e1pi\u00e1s vonatkoz\u00e1sai : Irodalmi \u00f6sszefoglal\u00f3 . &#8211; In: Magyar \u00e1llatorvosok lapja, ISSN 0025-004X , 2020. (142. \u00e9vf.), 12. sz., 755-767. p.<\/p> <\/div> <\/td> <\/tr> <tr> <td style=\"width: 36px; text-align: center;\">3.<\/td> <td style=\"width: 1088px;\"> <div class=\"authors\"> <p>Kerek, \u00c1., Sterczer, \u00c1., Somogyi, Z., Kov\u00e1cs, D., and Jerzsele, \u00c1. (2021). Investigation of the environmental presence of multidrug-resistant bacteria at small animal hospitals in Hungary.\u00a0<em>Acta Veterinaria Hungarica<\/em>\u00a068, 4, 387-392, available from: &lt;<a href=\"https:\/\/doi.org\/10.1556\/004.2020.00055\" target=\"_blank\" rel=\"noopener\">\u00a0https:\/\/doi.org\/10.1556\/004.2020.00055<\/a><\/p> <\/div> <\/td> <\/tr> <tr> <td style=\"width: 36px; text-align: center;\">4.<\/td> <td style=\"width: 1088px;\"> <div class=\"authors\"> <p>Somogyi, Zolt\u00e1n ; Mag, Patrik ; Kov\u00e1cs, D\u00f3ra ; Kerek, \u00c1d\u00e1m ; Szab\u00f3, P\u00e1l ; Makrai, L\u00e1szl\u00f3 ; Jerzsele, \u00c1kos: Synovial and Systemic Pharmacokinetics of Florfenicol and PK\/PD Integration against Streptococcus suis in Pigs PHARMACEUTICS 14 : 1 p. 109 (2022)<\/p> <\/div> <\/td> <\/tr> <tr> <td style=\"width: 36px; text-align: center;\">5.<\/td> <td style=\"width: 1088px;\"> <div class=\"authors\"> <p>Kerek, \u00c1d\u00e1m ; Csan\u00e1dy, P\u00e9ter ; Jerzsele, \u00c1kos: A propolisz bakt\u00e9riumellenes hat\u00e9konys\u00e1ga \u2013 1. r\u00e9sz, MAGYAR \u00c1LLATORVOSOK LAPJA 144 : 5 pp. 285-298. , 14 p. (2022)<\/p> <\/div> <\/td> <\/tr> <tr> <td style=\"width: 36px; text-align: center;\">6.<\/td> <td style=\"width: 1088px;\"> <div class=\"authors\"> <p>Kerek, \u00c1d\u00e1m ; T\u00f6r\u00f6k, Bence ; Jerzsele, \u00c1kos: MEGA-plate \u2013 \u00daj evol\u00faci\u00f3s \u00e9s koszelekci\u00f3s mikrobiol\u00f3giai vizsg\u00e1lati m\u00f3dszer, MAGYAR \u00c1LLATORVOSOK LAPJA 144 : 7 pp. 429-439. , 11 p. (2022)<\/p> <\/div> <\/td> <\/tr> <tr> <td style=\"width: 36px; text-align: center;\">7.<\/td> <td style=\"width: 1088px;\"> <div class=\"authors\"> <p>Kerek, \u00c1d\u00e1m ; Sasv\u00e1ri, M\u00e1ty\u00e1s ; Jerzsele, \u00c1kos ; Somogyi, Zolt\u00e1n ; Janov\u00e1k, L\u00e1szl\u00f3 ; Abonyi-T\u00f3th, Zsolt ; D\u00e9k\u00e1ny, Imre: Photoreactive Coating Material as an Effective and Durable Antimicrobial Composite in Reducing Bacterial Load on Surfaces in Livestock, BIOMEDICINES 10 : 9 p. 2312 (2022)<\/p> <\/div> <\/td> <\/tr> <tr> <td style=\"width: 36px; text-align: center;\">8.<\/td> <td style=\"width: 1088px;\"> <div class=\"authors\"> <p>Kerek \u00c1d\u00e1m; Csan\u00e1dy P\u00e9ter; Jerzsele \u00c1kos: A propolisz protozoa- \u00e9s gombaellenes hat\u00e9konys\u00e1ga : 2. r\u00e9sz : Irodalmi \u00f6sszefoglal\u00f3. Magyar \u00e1llatorvosok lapja, ISSN 0025-004X , 2022. (144. \u00e9vf.) 11. sz. 691-704. old.<\/p> <\/div> <\/td> <\/tr> <tr> <td style=\"width: 36px; text-align: center;\">9.<\/td> <td style=\"width: 1088px;\"> <div class=\"authors\"> <p>Pint\u00e9r Krisztina; Kerek \u00c1d\u00e1m; Magyar Tibor: A Pasteurella multocida t\u00f6rzsek antibiotikum\u00e9rz\u00e9kenys\u00e9ge, az antimikrobi\u00e1lis rezisztencia genetikai h\u00e1ttere: Irodalmi \u00f6sszefoglal\u00f3. Magyar \u00e1llatorvosok lapja, ISSN 0025-004X , 2023. (145. \u00e9vf.) 4. sz. 239-256. old.<\/p> <\/div> <\/td> <\/tr> <tr> <td style=\"width: 36px; text-align: center;\">10.<\/td> <td style=\"width: 1088px;\"> <div class=\"authors\"> <p>Somogyi, Zolt\u00e1n, Patrik Mag, R\u00e9ka Simon, \u00c1d\u00e1m Kerek, P\u00e1l Szab\u00f3, Ervin Albert, Imre Biksi, and \u00c1kos Jerzsele. 2023. &#8222;Pharmacokinetics and Pharmacodynamics of Florfenicol in Plasma and Synovial Fluid of Pigs at a Dose of 30 mg\/kg<sub>bw<\/sub>\u00a0Following Intramuscular Administration&#8220;\u00a0<em>Antibiotics<\/em>\u00a012, no. 4: 758. https:\/\/doi.org\/10.3390\/antibiotics12040758<\/p> <\/div> <\/td> <\/tr> <\/tbody> <\/table> <p>&nbsp;<\/p> <p>&nbsp;<\/p> <p>(Aktualisiert: April 2023)<\/p>","protected":false},"excerpt":{"rendered":"<p>Einf\u00fchrung Dr. \u00c1d\u00e1m Kerek wurde in Gy\u00f6ngy\u00f6s geboren und schloss sein Gymnasium am J\u00e1nos Berze Nagy Gymnasium ab. Danach wurde er an die Fakult\u00e4t f\u00fcr Agrar- und Umweltwissenschaften der Szent-Istv\u00e1n-Universit\u00e4t aufgenommen, wo er 2010 einen BSc erwarb. Er machte seinen Abschluss in. Danach arbeitete er zwei Jahre lang im START-Programm f\u00fcr \u00f6ffentliche Arbeiten in seinem<\/p>\n","protected":false},"author":5824,"featured_media":0,"parent":859,"menu_order":37,"comment_status":"open","ping_status":"open","template":"","meta":{"_acf_changed":false,"footnotes":""},"categories":[],"tags":[],"class_list":["post-89765","page","type-page","status-publish","hentry"],"acf":[],"_links":{"self":[{"href":"https:\/\/univet.hu\/de\/wp-json\/wp\/v2\/pages\/89765","targetHints":{"allow":["GET"]}}],"collection":[{"href":"https:\/\/univet.hu\/de\/wp-json\/wp\/v2\/pages"}],"about":[{"href":"https:\/\/univet.hu\/de\/wp-json\/wp\/v2\/types\/page"}],"author":[{"embeddable":true,"href":"https:\/\/univet.hu\/de\/wp-json\/wp\/v2\/users\/5824"}],"replies":[{"embeddable":true,"href":"https:\/\/univet.hu\/de\/wp-json\/wp\/v2\/comments?post=89765"}],"version-history":[{"count":1,"href":"https:\/\/univet.hu\/de\/wp-json\/wp\/v2\/pages\/89765\/revisions"}],"predecessor-version":[{"id":200508,"href":"https:\/\/univet.hu\/de\/wp-json\/wp\/v2\/pages\/89765\/revisions\/200508"}],"up":[{"embeddable":true,"href":"https:\/\/univet.hu\/de\/wp-json\/wp\/v2\/pages\/859"}],"wp:attachment":[{"href":"https:\/\/univet.hu\/de\/wp-json\/wp\/v2\/media?parent=89765"}],"wp:term":[{"taxonomy":"category","embeddable":true,"href":"https:\/\/univet.hu\/de\/wp-json\/wp\/v2\/categories?post=89765"},{"taxonomy":"post_tag","embeddable":true,"href":"https:\/\/univet.hu\/de\/wp-json\/wp\/v2\/tags?post=89765"}],"curies":[{"name":"wp","href":"https:\/\/api.w.org\/{rel}","templated":true}]}}