{"id":89772,"date":"2023-07-27T10:27:59","date_gmt":"2023-07-27T08:27:59","guid":{"rendered":"https:\/\/univet.hu\/?page_id=89772"},"modified":"2026-02-10T04:38:29","modified_gmt":"2026-02-10T03:38:29","slug":"kovacs-dora","status":"publish","type":"page","link":"https:\/\/univet.hu\/de\/universitaet\/mitarbeiter\/kovacs-dora\/","title":{"rendered":"Kov\u00e1cs D\u00f3ra"},"content":{"rendered":"<p style=\"font-family: impact, sans-serif;\" align=\"justify\">Bemutatkoz\u00e1s<\/p> <p align=\"justify\">Dr. Kov\u00e1cs D\u00f3ra Szegeden sz\u00fcletett, de gimn\u00e1ziumi tanulm\u00e1nyait m\u00e1r Budapesten folytatta. 2018-ban v\u00e9gzett az \u00c1llatorvostudom\u00e1nyi Egyetemen \u00e1llatorvos doktork\u00e9nt \u00e9s m\u00e9g ugyanazon \u00e9vben megkezdte PhD tanulm\u00e1nyait az Egyetem Gy\u00f3gyszertani \u00e9s M\u00e9regtani Tansz\u00e9k\u00e9n. Ezzel p\u00e1rhuzamosan az Egyetem elv\u00e9gz\u00e9se \u00f3ta az \u00e1llatgy\u00f3gyszer ipar\u00e1gban is akt\u00edvan tev\u00e9kenykedik. Kutat\u00e1si t\u00e9m\u00e1ja term\u00e9szetes antibiotikum alternat\u00edv\u00e1k keres\u00e9s\u00e9re \u00e9p\u00fcl, els\u0151sorban sert\u00e9s eredet\u0171 b\u00e9lh\u00e1msejtekkel \u00e9s sert\u00e9sb\u0151l izol\u00e1lt bakt\u00e9riumt\u00f6rzseken v\u00e9gez saj\u00e1t kutat\u00e1sokat. Jelenleg 3 TDK hallgat\u00f3nak t\u00e9mavezet\u0151je vagy t\u00e1rst\u00e9mavezet\u0151je, valamint sz\u00e1mos tansz\u00e9ki kutat\u00e1si projektnek akt\u00edv r\u00e9sztvev\u0151je.<\/p> <hr align=\"center\" size=\"5\" width=\"60%\" \/> <p><span style=\"font-family: impact, sans-serif;\">El\u0151rehalad\u00e1s<\/span><\/p> <table style=\"height: 119px; width: 283px;\" width=\"218\"> <tbody> <tr> <td style=\"width: 112.938px;\">2018 &#8211;<\/td> <td style=\"width: 154.062px; text-align: center;\">PhD hallgat\u00f3<\/td> <\/tr> <tr> <td style=\"width: 112.938px;\">2022-<\/td> <td style=\"width: 154.062px; text-align: center;\">egyetemi tan\u00e1rseg\u00e9d<\/td> <\/tr> <tr> <td style=\"width: 112.938px;\">2022-<\/td> <td style=\"width: 154.062px; text-align: center;\">egyetemi adjunktus<\/td> <\/tr> <\/tbody> <\/table> <p>&nbsp;<\/p> <hr align=\"center\" size=\"5\" width=\"60%\" \/> <p><span style=\"font-family: impact, sans-serif;\">Publik\u00e1ci\u00f3s lista (Top10)<\/span><\/p> <p style=\"text-align: center;\">MTMT:\u00a0<a href=\"https:\/\/m2.mtmt.hu\/gui2\/?type=authors&amp;mode=browse&amp;sel=authors10065612\">https:\/\/m2.mtmt.hu\/gui2\/?type=authors&amp;mode=browse&amp;sel=authors10065612<\/a><\/p> <table style=\"height: 279px; width: 1140px;\" width=\"1140\"> <tbody> <tr style=\"height: 86px;\"> <td style=\"width: 36px; height: 86px; text-align: center;\">1.<\/td> <td style=\"width: 1088px; height: 86px;\">Ess\u0151sy M, Fodor I, Ihn\u00e1th Z, Karancsi Z, Kov\u00e1cs D, Szalai KV, Szentmikl\u00f3si D, Jerzsele \u00c1, 2020: Az antibiotikum-mentes brojler-h\u00e1zity\u00fak-hizlal\u00e1s lehet\u0151s\u00e9gei, k\u00fcl\u00f6n\u00f6s tekintettel a pre- \u00e9s probiotikumok haszn\u00e1lat\u00e1ra I. <em>Magyar \u00c1llatorvosok Lapja<\/em>, 142. 397-407.<\/td> <\/tr> <tr style=\"height: 54px;\"> <td style=\"width: 36px; height: 54px; text-align: center;\">2.<\/td> <td style=\"width: 1088px; height: 54px;\">Jerzsele \u00c1, Somogyi Z, Szalai M, Kov\u00e1cs D, 2020: A ferment\u00e1lt b\u00fazacs\u00edra-kivonat hat\u00e1sa brojlercsirk\u00e9k mesters\u00e9ges <em style=\"font-family: inherit; font-size: inherit;\">Salmonella<\/em><span style=\"font-family: inherit; font-size: inherit;\"> Typhimurium fert\u0151z\u00e9s\u00e9re. <\/span><em style=\"font-family: inherit; font-size: inherit;\">Magyar \u00c1llatorvosok Lapja<\/em><span style=\"font-family: inherit; font-size: inherit;\">, 142. 77-85.<\/span><\/td> <\/tr> <tr style=\"height: 54px;\"> <td style=\"width: 36px; height: 54px; text-align: center;\">3.<\/td> <td style=\"width: 1088px; height: 54px;\">Farkas O, Karancsi Z, Kovacs D, Lubov B, Csiko G, Palocz O, 2018: Effect of flavonoids on cytochrome P450 activity in porcine intestinal epithelial cells &#8211; in vitro interaction study. <em style=\"font-family: inherit; font-size: inherit;\">Journal Of Veterinary Pharmacology And Therapeutics<\/em><span style=\"font-family: inherit; font-size: inherit;\">, 41. 142-143. Meeting Abstract: P12.6.<\/span><\/td> <\/tr> <tr style=\"height: 54px;\"> <td style=\"width: 36px; height: 54px; text-align: center;\">4.<\/td> <td style=\"width: 1088px; height: 54px;\">\u00a0Jerzsele \u00c1, Kov\u00e1cs D, Somogyi Z, 2017: Az oklacitinib, egy \u00faj Janus-kin\u00e1zg\u00e1tl\u00f3 hat\u00f3anyag kuty\u00e1k at\u00f3pi\u00e1s b\u0151rgyullad\u00e1s\u00e1nak \u00e9s egy\u00e9b, viszket\u00e9ssel j\u00e1r\u00f3 megbeteged\u00e9seinek kezel\u00e9s\u00e9re. <em style=\"font-family: inherit; font-size: inherit;\">Magyar \u00c1llatorvosok Lapja<\/em><span style=\"font-family: inherit; font-size: inherit;\">, 139. 9. 545-552.<\/span><\/td> <\/tr> <tr style=\"height: 31px;\"> <td style=\"width: 36px; height: 31px; text-align: center;\">5.<\/td> <td style=\"width: 1088px; height: 31px;\">\u00a0Jerzsele \u00c1, Somogyi Z, Kov\u00e1cs D, G\u00e1l J, 2017: A f\u00e9regellenes kezel\u00e9sek jelent\u0151s\u00e9ge \u00e9s lehet\u0151s\u00e9gei az intenz\u00edv baromfitart\u00e1sban. <em style=\"font-family: inherit; font-size: inherit;\">Magyar \u00c1llatorvosok Lapja<\/em><span style=\"font-family: inherit; font-size: inherit;\">, 139. 7. 397-404.<\/span><\/td> <\/tr> <\/tbody> <\/table> <p>&nbsp;<\/p> <p>(Friss\u00edtve: 2022. november)<\/p>","protected":false},"excerpt":{"rendered":"<p>Bemutatkoz\u00e1s Dr. Kov\u00e1cs D\u00f3ra Szegeden sz\u00fcletett, de gimn\u00e1ziumi tanulm\u00e1nyait m\u00e1r Budapesten folytatta. 2018-ban v\u00e9gzett az \u00c1llatorvostudom\u00e1nyi Egyetemen \u00e1llatorvos doktork\u00e9nt \u00e9s m\u00e9g ugyanazon \u00e9vben megkezdte PhD tanulm\u00e1nyait az Egyetem Gy\u00f3gyszertani \u00e9s M\u00e9regtani Tansz\u00e9k\u00e9n. Ezzel p\u00e1rhuzamosan az Egyetem elv\u00e9gz\u00e9se \u00f3ta az \u00e1llatgy\u00f3gyszer ipar\u00e1gban is akt\u00edvan tev\u00e9kenykedik. Kutat\u00e1si t\u00e9m\u00e1ja term\u00e9szetes antibiotikum alternat\u00edv\u00e1k keres\u00e9s\u00e9re \u00e9p\u00fcl, els\u0151sorban sert\u00e9s eredet\u0171 b\u00e9lh\u00e1msejtekkel<\/p>\n","protected":false},"author":5824,"featured_media":0,"parent":859,"menu_order":37,"comment_status":"open","ping_status":"open","template":"","meta":{"_acf_changed":false,"footnotes":""},"categories":[],"tags":[],"class_list":["post-89772","page","type-page","status-publish","hentry"],"acf":[],"_links":{"self":[{"href":"https:\/\/univet.hu\/de\/wp-json\/wp\/v2\/pages\/89772","targetHints":{"allow":["GET"]}}],"collection":[{"href":"https:\/\/univet.hu\/de\/wp-json\/wp\/v2\/pages"}],"about":[{"href":"https:\/\/univet.hu\/de\/wp-json\/wp\/v2\/types\/page"}],"author":[{"embeddable":true,"href":"https:\/\/univet.hu\/de\/wp-json\/wp\/v2\/users\/5824"}],"replies":[{"embeddable":true,"href":"https:\/\/univet.hu\/de\/wp-json\/wp\/v2\/comments?post=89772"}],"version-history":[{"count":1,"href":"https:\/\/univet.hu\/de\/wp-json\/wp\/v2\/pages\/89772\/revisions"}],"predecessor-version":[{"id":200514,"href":"https:\/\/univet.hu\/de\/wp-json\/wp\/v2\/pages\/89772\/revisions\/200514"}],"up":[{"embeddable":true,"href":"https:\/\/univet.hu\/de\/wp-json\/wp\/v2\/pages\/859"}],"wp:attachment":[{"href":"https:\/\/univet.hu\/de\/wp-json\/wp\/v2\/media?parent=89772"}],"wp:term":[{"taxonomy":"category","embeddable":true,"href":"https:\/\/univet.hu\/de\/wp-json\/wp\/v2\/categories?post=89772"},{"taxonomy":"post_tag","embeddable":true,"href":"https:\/\/univet.hu\/de\/wp-json\/wp\/v2\/tags?post=89772"}],"curies":[{"name":"wp","href":"https:\/\/api.w.org\/{rel}","templated":true}]}}