{"id":89785,"date":"2023-07-27T10:51:10","date_gmt":"2023-07-27T08:51:10","guid":{"rendered":"https:\/\/univet.hu\/?page_id=89785"},"modified":"2026-02-10T04:36:29","modified_gmt":"2026-02-10T03:36:29","slug":"mag-patrik","status":"publish","type":"page","link":"https:\/\/univet.hu\/de\/universitaet\/mitarbeiter\/mag-patrik\/","title":{"rendered":"Mag Patrik"},"content":{"rendered":"<p style=\"font-family: impact, sans-serif;\" align=\"justify\">Bemutatkoz\u00e1s<\/p> <p align=\"justify\">Dr. Mag Patrik Egerben sz\u00fcletett, gimn\u00e1ziumi tanulm\u00e1nyait is ebben a v\u00e1rosban folytatta. 2022-ben v\u00e9gzett az \u00c1llatorvostudom\u00e1nyi Egyetemen, \u00e1llatorvos doktork\u00e9nt, summa cum laude min\u0151s\u00edt\u00e9ssel. M\u00e9g ugyanebben az \u00e9vben kezdte PhD tanulm\u00e1nyait az Egyetem Gy\u00f3gyszertani \u00e9s M\u00e9regtani Tansz\u00e9k\u00e9n, ahol hallgat\u00f3k\u00e9nt a TDK munk\u00e1j\u00e1t is v\u00e9gezte. Ezzel p\u00e1rhuzamosan egy kis\u00e1llat rendel\u0151ben is megkezdte munk\u00e1j\u00e1t, ahol belgy\u00f3gy\u00e1szati ell\u00e1t\u00e1s mellett kisebb l\u00e1gyszervi seb\u00e9szeti beavatkoz\u00e1sokat is v\u00e9gez. Kutat\u00e1si ter\u00fclete az antibiotikumok farmakokinetikai\/farmakodin\u00e1miai (PK\/PD) elemz\u00e9se, k\u00fcl\u00f6n\u00f6s tekintettel a t\u00e1rs\u00e1llatok b\u0151rgy\u00f3gy\u00e1szati vonatkoz\u00e1saira. Ezen fel\u00fcl sz\u00e1mos tansz\u00e9ki kutat\u00e1si projektnek akt\u00edv r\u00e9sztvev\u0151je.<\/p> <hr align=\"center\" size=\"5\" width=\"60%\" \/> <p><span style=\"font-family: impact, sans-serif;\">El\u0151rehalad\u00e1s<\/span><\/p> <table style=\"height: 79px;\" width=\"609\"> <tbody> <tr> <td style=\"width: 296.5px;\">2023. j\u00falius<\/td> <td style=\"width: 296.5px; text-align: center;\">egyetemi tan\u00e1rseg\u00e9d<\/td> <\/tr> <tr> <td style=\"width: 296.5px;\">2022 &#8211;<\/td> <td style=\"width: 296.5px; text-align: center;\">PhD hallgat\u00f3, tansz\u00e9ki \u00e1llatorvos<\/td> <\/tr> <\/tbody> <\/table> <p>&nbsp;<\/p> <hr align=\"center\" size=\"5\" width=\"60%\" \/> <p><span style=\"font-family: impact, sans-serif;\">Publik\u00e1ci\u00f3s lista (Top10)<\/span><\/p> <p style=\"text-align: center;\">MTMT:<\/p> <p>&nbsp;<\/p> <table style=\"height: 103px; width: 1133px;\" width=\"1140\"> <tbody> <tr style=\"height: 86px;\"> <td style=\"width: 35.7656px; height: 86px; text-align: center;\">1.<\/td> <td style=\"width: 1081.23px; height: 86px;\">Somogyi Z, Mag P, Kov\u00e1cs D, Kerek \u00c1, Szab\u00f3 P, Makrai L, Jerzsele \u00c1 (2022) Synovial and Systemic Pharmacokinetics of Florfenicol and PK\/PD Integration against Streptococcus suis in Pigs. <em>Pharmaceutics<\/em> 14:109. https:\/\/doi.org\/10.3390\/pharmaceutics14010109<\/td> <\/tr> <\/tbody> <\/table> <p>&nbsp;<\/p> <p style=\"text-align: center;\">Friss\u00edtve: 2023. j\u00falius<\/p>","protected":false},"excerpt":{"rendered":"<p>Bemutatkoz\u00e1s Dr. Mag Patrik Egerben sz\u00fcletett, gimn\u00e1ziumi tanulm\u00e1nyait is ebben a v\u00e1rosban folytatta. 2022-ben v\u00e9gzett az \u00c1llatorvostudom\u00e1nyi Egyetemen, \u00e1llatorvos doktork\u00e9nt, summa cum laude min\u0151s\u00edt\u00e9ssel. M\u00e9g ugyanebben az \u00e9vben kezdte PhD tanulm\u00e1nyait az Egyetem Gy\u00f3gyszertani \u00e9s M\u00e9regtani Tansz\u00e9k\u00e9n, ahol hallgat\u00f3k\u00e9nt a TDK munk\u00e1j\u00e1t is v\u00e9gezte. Ezzel p\u00e1rhuzamosan egy kis\u00e1llat rendel\u0151ben is megkezdte munk\u00e1j\u00e1t, ahol belgy\u00f3gy\u00e1szati ell\u00e1t\u00e1s<\/p>\n","protected":false},"author":5824,"featured_media":0,"parent":859,"menu_order":0,"comment_status":"open","ping_status":"open","template":"","meta":{"_acf_changed":false,"footnotes":""},"categories":[],"tags":[],"class_list":["post-89785","page","type-page","status-publish","hentry"],"acf":[],"_links":{"self":[{"href":"https:\/\/univet.hu\/de\/wp-json\/wp\/v2\/pages\/89785","targetHints":{"allow":["GET"]}}],"collection":[{"href":"https:\/\/univet.hu\/de\/wp-json\/wp\/v2\/pages"}],"about":[{"href":"https:\/\/univet.hu\/de\/wp-json\/wp\/v2\/types\/page"}],"author":[{"embeddable":true,"href":"https:\/\/univet.hu\/de\/wp-json\/wp\/v2\/users\/5824"}],"replies":[{"embeddable":true,"href":"https:\/\/univet.hu\/de\/wp-json\/wp\/v2\/comments?post=89785"}],"version-history":[{"count":1,"href":"https:\/\/univet.hu\/de\/wp-json\/wp\/v2\/pages\/89785\/revisions"}],"predecessor-version":[{"id":200392,"href":"https:\/\/univet.hu\/de\/wp-json\/wp\/v2\/pages\/89785\/revisions\/200392"}],"up":[{"embeddable":true,"href":"https:\/\/univet.hu\/de\/wp-json\/wp\/v2\/pages\/859"}],"wp:attachment":[{"href":"https:\/\/univet.hu\/de\/wp-json\/wp\/v2\/media?parent=89785"}],"wp:term":[{"taxonomy":"category","embeddable":true,"href":"https:\/\/univet.hu\/de\/wp-json\/wp\/v2\/categories?post=89785"},{"taxonomy":"post_tag","embeddable":true,"href":"https:\/\/univet.hu\/de\/wp-json\/wp\/v2\/tags?post=89785"}],"curies":[{"name":"wp","href":"https:\/\/api.w.org\/{rel}","templated":true}]}}