{"id":89806,"date":"2023-07-27T11:28:58","date_gmt":"2023-07-27T09:28:58","guid":{"rendered":"https:\/\/univet.hu\/?page_id=89806"},"modified":"2026-02-10T04:36:36","modified_gmt":"2026-02-10T03:36:36","slug":"moritz-alma","status":"publish","type":"page","link":"https:\/\/univet.hu\/de\/universitaet\/mitarbeiter\/moritz-alma\/","title":{"rendered":"M\u00f3ritz Alma"},"content":{"rendered":"<p style=\"font-family: impact, sans-serif;\" align=\"justify\">Einf\u00fchrung<\/p> <p align=\"justify\">Nach Abschluss seines Abiturstudiums in V\u00e1c begann Dr. M\u00f3ritz Alma Vir\u00e1g im Jahr 2015 sein Studium an der Veterin\u00e4rmedizinischen Fakult\u00e4t der Veterin\u00e4rmedizinischen Universit\u00e4t. Im Winter 2021 erlangte er sein Diplom und nahm anschlie\u00dfend eine Stelle in der Tierpraxis in V\u00e1c an. Dar\u00fcber hinaus begann er im Herbst 2021 seine Arbeit als Doktorand am Institut f\u00fcr Pharmakologie und Toxikologie der Universit\u00e4t. Die Abteilung konnte als Student w\u00e4hrend der Arbeit zweier TDKs die Forschungsarbeit zu Antibiotika-Alternativen kennenlernen und er kann seine Untersuchungen als Doktorand fortsetzen. Im Rahmen seiner Forschung untersucht er alternative Therapiem\u00f6glichkeiten f\u00fcr chronische Darmerkrankungen bei Hunden mithilfe von Darmepithelzellkulturen des Hundes und Kokulturen wei\u00dfer Blutk\u00f6rperchen.<\/p> <hr align=\"center\" size=\"5\" width=\"60%\" \/> <p><span style=\"font-family: impact, sans-serif;\"><strong>Publikationsliste (Top10)<\/strong><\/span><\/p> <p style=\"text-align: center;\">MTMT:<\/p> <table style=\"height: 20px; width: 1140px;\" width=\"1140\"> <tbody> <tr style=\"height: 86px;\"> <td style=\"width: 36.059px; height: 20px; text-align: center;\">1.<\/td> <td style=\"width: 1089.98px; height: 20px;\">KARANCSI Z., M\u00d3RITZ A. V., LEWIN N., VERES A. M., JERZSELE \u00c1., FARKAS O., 2020: Effect of a Fermented Wheat Germ Extract in Intestinal Epithelial Cells in case of Lipopolysaccharide-Evoked Inflammation. Oxid Med Cell Longev, 2020: 1482482.<\/td> <\/tr> <\/tbody> <\/table> <p>&nbsp;<\/p> <p style=\"text-align: center;\">Aktualisiert: Juli 2022<\/p>","protected":false},"excerpt":{"rendered":"<p>Einf\u00fchrung Nach Abschluss seines Abiturstudiums in V\u00e1c begann Dr. M\u00f3ritz Alma Vir\u00e1g im Jahr 2015 sein Studium an der Veterin\u00e4rmedizinischen Fakult\u00e4t der Veterin\u00e4rmedizinischen Universit\u00e4t. Im Winter 2021 erlangte er sein Diplom und nahm anschlie\u00dfend eine Stelle in der Tierpraxis in V\u00e1c an. Dar\u00fcber hinaus begann er im Herbst 2021 seine Arbeit als Doktorand am Institut<\/p>\n","protected":false},"author":5824,"featured_media":0,"parent":859,"menu_order":0,"comment_status":"open","ping_status":"open","template":"","meta":{"_acf_changed":false,"footnotes":""},"categories":[],"tags":[],"class_list":["post-89806","page","type-page","status-publish","hentry"],"acf":[],"_links":{"self":[{"href":"https:\/\/univet.hu\/de\/wp-json\/wp\/v2\/pages\/89806","targetHints":{"allow":["GET"]}}],"collection":[{"href":"https:\/\/univet.hu\/de\/wp-json\/wp\/v2\/pages"}],"about":[{"href":"https:\/\/univet.hu\/de\/wp-json\/wp\/v2\/types\/page"}],"author":[{"embeddable":true,"href":"https:\/\/univet.hu\/de\/wp-json\/wp\/v2\/users\/5824"}],"replies":[{"embeddable":true,"href":"https:\/\/univet.hu\/de\/wp-json\/wp\/v2\/comments?post=89806"}],"version-history":[{"count":1,"href":"https:\/\/univet.hu\/de\/wp-json\/wp\/v2\/pages\/89806\/revisions"}],"predecessor-version":[{"id":200402,"href":"https:\/\/univet.hu\/de\/wp-json\/wp\/v2\/pages\/89806\/revisions\/200402"}],"up":[{"embeddable":true,"href":"https:\/\/univet.hu\/de\/wp-json\/wp\/v2\/pages\/859"}],"wp:attachment":[{"href":"https:\/\/univet.hu\/de\/wp-json\/wp\/v2\/media?parent=89806"}],"wp:term":[{"taxonomy":"category","embeddable":true,"href":"https:\/\/univet.hu\/de\/wp-json\/wp\/v2\/categories?post=89806"},{"taxonomy":"post_tag","embeddable":true,"href":"https:\/\/univet.hu\/de\/wp-json\/wp\/v2\/tags?post=89806"}],"curies":[{"name":"wp","href":"https:\/\/api.w.org\/{rel}","templated":true}]}}