{"id":89998,"date":"2023-07-27T16:15:43","date_gmt":"2023-07-27T14:15:43","guid":{"rendered":"https:\/\/univet.hu\/?page_id=89998"},"modified":"2026-02-10T04:36:22","modified_gmt":"2026-02-10T03:36:22","slug":"kollar-anna","status":"publish","type":"page","link":"https:\/\/univet.hu\/de\/universitaet\/mitarbeiter\/kollar-anna\/","title":{"rendered":"Koll\u00e1r Anna"},"content":{"rendered":"<p style=\"text-align: center;\"><strong>Einf\u00fchrung<\/strong><\/p> <p>Dr. Anna Koll\u00e1r erlangte im Jahr 2000 ihren Doktortitel in Veterin\u00e4rmedizin an der Fakult\u00e4t f\u00fcr Veterin\u00e4rmedizin der Szent-Istv\u00e1n-Universit\u00e4t. W\u00e4hrend seiner Studienzeit nahm er aktiv am wissenschaftlichen Studentenkreis der Abteilung f\u00fcr Physiologie und Biochemie teil. Im Jahr 2001 wurde ihm vom National Scientific Student Council die Pro Scientia-Goldmedaille f\u00fcr seine Dissertation mit dem Titel \u201eMolekularbiologische Untersuchung bestimmter Faktoren der Hom\u00f6ostase des Schilddr\u00fcsenhormons im Gehirn\u201c verliehen. Im Jahr 2001 absolvierte er sein Veterin\u00e4rpraktikum in der Tiergesundheits- und Lebensmittelkontrollstation im Komitat Pest und arbeitete anschlie\u00dfend von 2004 bis 2020 in der Direktion f\u00fcr biologische Forschung und Entwicklung der Ceva-Phylaxia Zrt. Er erlangte seinen Doktortitel im Jahr 2017 an der J\u00e1nos Szent\u00e1gothai Doctoral School of Neuroscience der Semmelweis-Universit\u00e4t, der Titel seiner Dissertation: Untersuchung regulatorischer Faktoren, die den durch Schilddr\u00fcsenhormon vermittelten Wirkungen zugrunde liegen. Ab 2020 ist er Laborleiter der Mikrolab Kft. Ab 2021 wird er in der Abteilung f\u00fcr Epidemiologie und Mikrobiologie von \u00c1TE arbeiten.<\/p> <p><strong>Forschungsschwerpunkte:<\/strong><\/p> <ul> <li>Molekulare Neuroendokrinologie<\/li> <li>Entwicklung von Impfstoffen gegen Gefl\u00fcgel- und Schweineviren (klassisch\/Vektor)<\/li> <\/ul> <p><strong>Fortschritt<\/strong><\/p> <table style=\"height: 262px;\" width=\"982\"> <tbody> <tr style=\"height: 24px;\"> <td style=\"width: 173.253px; height: 24px; text-align: center;\"><strong>Arbeitspl\u00e4tze<\/strong><\/td> <td style=\"width: 528.793px; height: 24px; text-align: center;\"><strong>Institutionsname<\/strong><\/td> <td style=\"width: 259.432px; height: 24px; text-align: center;\"><b>Post<\/b><\/td> <\/tr> <tr style=\"height: 24px;\"> <td style=\"width: 173.253px; height: 24px; text-align: center;\">2021.09.01.<\/td> <td style=\"width: 528.793px; height: 24px; text-align: center;\">\u00c1TE J\u00e1rv\u00e1nytani \u00e9s Mikrobiol\u00f3giai Tansz\u00e9k<\/td> <td style=\"width: 259.432px; height: 24px; text-align: center;\"><\/td> <\/tr> <tr style=\"height: 24px;\"> <td style=\"width: 173.253px; height: 24px; text-align: center;\">2020.09.01.<\/td> <td style=\"width: 528.793px; height: 24px; text-align: center;\">Mikrolab \u00e9s SPF Mikrobiol\u00f3giai Laborat\u00f3rium Kft.<\/td> <td style=\"width: 259.432px; height: 24px; text-align: center;\">Labor Manager<\/td> <\/tr> <tr style=\"height: 24px;\"> <td style=\"width: 173.253px; height: 24px; text-align: center;\">2019.11.01-2020.08.31.<\/td> <td style=\"width: 528.793px; height: 24px; text-align: center;\">Ceva-Phylaxia<\/td> <td style=\"width: 259.432px; height: 24px; text-align: center;\">Stellvertretender Direktor f\u00fcr fr\u00fche Entwicklung<\/td> <\/tr> <tr style=\"height: 46px;\"> <td style=\"width: 173.253px; height: 46px; text-align: center;\">2016.10.01-2019.10.31.<\/td> <td style=\"width: 528.793px; height: 46px; text-align: center;\">Ceva-Phylaxia<\/td> <td style=\"width: 259.432px; height: 46px; text-align: center;\">Leiter der integrierten Entwicklungseinheit Zell-Ei-Plattform und Virologie<\/td> <\/tr> <tr style=\"height: 24px;\"> <td style=\"width: 173.253px; height: 24px; text-align: center;\">2010.10.01-2016.09.30.<\/td> <td style=\"width: 528.793px; height: 24px; text-align: center;\">Biol\u00f3giai Kutat\u00e1s Fejleszt\u00e9s, Ceva-Phylaxia,<\/td> <td style=\"width: 259.432px; height: 24px; text-align: center;\">Leiter der integrierten Entwicklungseinheit Virologie<\/td> <\/tr> <tr style=\"height: 24px;\"> <td style=\"width: 173.253px; height: 24px; text-align: center;\">2010.01.01-2010.10.01.<\/td> <td style=\"width: 528.793px; height: 24px; text-align: center;\">Virol\u00f3giai Fejleszt\u00e9si Igazgat\u00f3s\u00e1g, Ceva-Phylaxia<\/td> <td style=\"width: 259.432px; height: 24px; text-align: center;\">Leitender Entwickler<\/td> <\/tr> <tr style=\"height: 24px;\"> <td style=\"width: 173.253px; height: 24px; text-align: center;\">2004.06.01-2009.12.31<\/td> <td style=\"width: 528.793px; height: 24px; text-align: center;\">Virol\u00f3giai Fejleszt\u00e9si Igazgat\u00f3s\u00e1g, Ceva-Phylaxia<\/td> <td style=\"width: 259.432px; height: 24px; text-align: center;\">Entwicklungsmitarbeiter<\/td> <\/tr> <tr style=\"height: 24px;\"> <td style=\"width: 173.253px; height: 24px; text-align: center;\">2002-2003<\/td> <td style=\"width: 528.793px; height: 24px; text-align: center;\">Semmelweis Egyetem, Budapest<\/td> <td style=\"width: 259.432px; height: 24px; text-align: center;\">Doktorand<\/td> <\/tr> <tr style=\"height: 24px;\"> <td style=\"width: 173.253px; height: 24px; text-align: center;\">2001<\/td> <td style=\"width: 528.793px; height: 24px; text-align: center;\">Pest megyei \u00c1llateg\u00e9szs\u00e9g\u00fcgyi \u00e9s \u00c9lelmiszer-ellen\u0151rz\u0151 \u00c1llom\u00e1s<\/td> <td style=\"width: 259.432px; height: 24px; text-align: center;\">Veterin\u00e4rpraktikant<\/td> <\/tr> <\/tbody> <\/table> <p><strong>Mitgliedschaft in einer Berufsorganisation<\/strong><\/p> <table style=\"height: 173px;\" width=\"961\"> <tbody> <tr> <td style=\"width: 502px; text-align: center;\"><strong>Name des Ausschusses<\/strong><\/td> <td style=\"width: 100.133px; text-align: center;\"><strong>Zeit<\/strong><\/td> <td style=\"width: 338.467px; text-align: center;\"><strong>Rang<\/strong><\/td> <\/tr> <tr> <td style=\"width: 502px; text-align: center;\">Pro Scientia Arany\u00e9rmesek T\u00e1rsas\u00e1ga<\/td> <td style=\"width: 100.133px; text-align: center;\">2001-<\/td> <td style=\"width: 338.467px; text-align: center;\">Mitglied<\/td> <\/tr> <\/tbody> <\/table> <p><strong>Anzahl der bisherigen Abschlussarbeiten\/TDK-Studenten<\/strong><\/p> <p>&#8211;<\/p> <table width=\"569\"> <tbody> <tr> <td colspan=\"2\" width=\"569\"><strong>Doktoranden<\/strong><\/td> <\/tr> <tr> <td width=\"281\">&#8211;<\/td> <td width=\"288\"><\/td> <\/tr> <\/tbody> <\/table> <p><strong>Patent:<\/strong><\/p> <h6><a href=\"https:\/\/patents.justia.com\/patent\/9550812\"><span style=\"font-size: 12pt;\">Synthetic capsid proteins and uses thereof<\/span><\/a><\/h6> <p>Patentnummer: US9550812B2<\/p> <p><strong>Publikationsliste (Top10)<\/strong><\/p> <p>MTMT:\u00a0 <a href=\"https:\/\/m2.mtmt.hu\/api\/author\/10057867\/summary\">https:\/\/m2.mtmt.hu\/api\/author\/10057867\/summary<\/a><\/p> <table style=\"height: 504px;\" width=\"964\"> <tbody> <tr style=\"height: 104px;\"> <td style=\"width: 56.0167px; height: 104px; text-align: center;\">1.<\/td> <td style=\"width: 893.183px; height: 104px; text-align: center;\">Wichgers Schreur PJ, Oymans J, Kant J, van de Water S, <u>Koll\u00e1r A,<\/u> Dehon Y, So\u00f3s P, P\u00e9nzes Z, van Keulen L, Kortekaas J. (2021) A single vaccination with four segmented rift valley fever prevents vertical transmission of the wild-type virus in pregnant ewes. NPJ Vaccines. 6:8<\/td> <\/tr> <tr style=\"height: 80px;\"> <td style=\"width: 56.0167px; height: 80px; text-align: center;\">2.<\/td> <td style=\"width: 893.183px; height: 80px; text-align: center;\">Wichgers Schreur PJ, Oreshkova N, van Keulen L, Kant J, van de Water S, So\u00f3s P, Dehon Y, <u>Koll\u00e1r A<\/u>, P\u00e9nzes Z, Kortekaas J. (2020)\u00a0 <a href=\"https:\/\/pubmed.ncbi.nlm.nih.gov\/32728479\/\">Safety and efficacy of four-segmented Rift Valley fever virus in young sheep, goats and cattle<\/a>.\u00a0NPJ Vaccines. 5:65<\/td> <\/tr> <tr style=\"height: 104px;\"> <td style=\"width: 56.0167px; height: 104px; text-align: center;\">3.<\/td> <td style=\"width: 893.183px; height: 104px; text-align: center;\">P\u00e9nzes Z, Czegl\u00e9di A, Nagy Z, <u>Koll\u00e1r A<\/u>, T\u00f3th \u00c1, Mis\u00e1k F, Rendes K, Iv\u00f3k M, Gyimesi R, Lovrecz G, Tretyakova I, El-Attrache J, Palya V, Pushko P (2019) <a href=\"https:\/\/pubmed.ncbi.nlm.nih.gov\/31131578\/\">Rapid Construction and Immunogenicity Testing of a Novel H5 Virus-Like Particle Prototype Vaccine Against Clade 2.3.4.4 H5N8 Highly Pathogenic Avian Influenza Virus.\u00a0<\/a>Avian Dis. 63:203-208<\/td> <\/tr> <tr style=\"height: 72px;\"> <td style=\"width: 56.0167px; height: 72px; text-align: center;\">4.<\/td> <td style=\"width: 893.183px; height: 72px; text-align: center;\"><u>Koll\u00e1r A<\/u>, Kv\u00e1rta-Papp Zs, Egri P, Gereben B (2016)<br \/> Different types of luciferase reporters show distinct susceptibility to T3-evoked downregulation.<br \/> Thyroid 26: 179-182<\/td> <\/tr> <tr style=\"height: 48px;\"> <td style=\"width: 56.0167px; height: 48px; text-align: center;\">5.<\/td> <td style=\"width: 893.183px; height: 48px; text-align: center;\">Gereben B, Pachucki J, <u>Koll\u00e1r A<\/u>, Liposits Z, Fekete C (2004)\u00a0 <a href=\"http:\/\/www.ncbi.nlm.nih.gov\/pubmed\/15087435\">Ontogenic redistribution of type 2 deiodinase messenger ribonucleic acid in the brain of chicken.\u00a0<\/a>Endocrinology 145: 3619-3625<\/td> <\/tr> <tr style=\"height: 48px;\"> <td style=\"width: 56.0167px; height: 48px; text-align: center;\">6.<\/td> <td style=\"width: 893.183px; height: 48px; text-align: center;\">Gereben B, <u>Koll\u00e1r A<\/u>, Harney JW, Larsen PR (2002)\u00a0 The mRNA structure has potent regulatory effects on type 2 iodothyronine deiodinase expression.\u00a0 Molecular Endocrinology 16: 1667-1679<\/td> <\/tr> <tr style=\"height: 24px;\"> <td style=\"width: 56.0167px; height: 24px; text-align: center;\">7.<\/td> <td style=\"width: 893.183px; height: 24px; text-align: center;\">Gereben B, <u>Koll\u00e1r A<\/u>, Bartha T, Buys N, Decuypere E, Rudas P (1998)\u00a0 3,3\u2019,5-Triiodothyronine (T<sub>3<\/sub>) uptake and expression of thyroid hormone receptors during the adapation to hypothyroidism of the brain of chicken.\u00a0 Acta Veterinaria Hungarica 46: 473-485<\/td> <\/tr> <tr style=\"height: 24px;\"> <td style=\"width: 56.0167px; height: 24px;\"><\/td> <td style=\"width: 893.183px; height: 24px;\"><\/td> <\/tr> <\/tbody> <\/table> <h6><\/h6> <p>&nbsp;<\/p>","protected":false},"excerpt":{"rendered":"<p>Einf\u00fchrung Dr. Anna Koll\u00e1r erlangte im Jahr 2000 ihren Doktortitel in Veterin\u00e4rmedizin an der Fakult\u00e4t f\u00fcr Veterin\u00e4rmedizin der Szent-Istv\u00e1n-Universit\u00e4t. W\u00e4hrend seiner Studienzeit nahm er aktiv am wissenschaftlichen Studentenkreis der Abteilung f\u00fcr Physiologie und Biochemie teil. Im Jahr 2001 wurde ihm vom National Scientific Student Council die Pro Scientia-Goldmedaille f\u00fcr seine Dissertation mit dem Titel \u201eMolekularbiologische<\/p>\n","protected":false},"author":5824,"featured_media":0,"parent":859,"menu_order":0,"comment_status":"closed","ping_status":"closed","template":"","meta":{"_acf_changed":false,"footnotes":""},"categories":[55],"tags":[],"class_list":["post-89998","page","type-page","status-publish","hentry","category-mitarbeiter"],"acf":[],"_links":{"self":[{"href":"https:\/\/univet.hu\/de\/wp-json\/wp\/v2\/pages\/89998","targetHints":{"allow":["GET"]}}],"collection":[{"href":"https:\/\/univet.hu\/de\/wp-json\/wp\/v2\/pages"}],"about":[{"href":"https:\/\/univet.hu\/de\/wp-json\/wp\/v2\/types\/page"}],"author":[{"embeddable":true,"href":"https:\/\/univet.hu\/de\/wp-json\/wp\/v2\/users\/5824"}],"replies":[{"embeddable":true,"href":"https:\/\/univet.hu\/de\/wp-json\/wp\/v2\/comments?post=89998"}],"version-history":[{"count":1,"href":"https:\/\/univet.hu\/de\/wp-json\/wp\/v2\/pages\/89998\/revisions"}],"predecessor-version":[{"id":200379,"href":"https:\/\/univet.hu\/de\/wp-json\/wp\/v2\/pages\/89998\/revisions\/200379"}],"up":[{"embeddable":true,"href":"https:\/\/univet.hu\/de\/wp-json\/wp\/v2\/pages\/859"}],"wp:attachment":[{"href":"https:\/\/univet.hu\/de\/wp-json\/wp\/v2\/media?parent=89998"}],"wp:term":[{"taxonomy":"category","embeddable":true,"href":"https:\/\/univet.hu\/de\/wp-json\/wp\/v2\/categories?post=89998"},{"taxonomy":"post_tag","embeddable":true,"href":"https:\/\/univet.hu\/de\/wp-json\/wp\/v2\/tags?post=89998"}],"curies":[{"name":"wp","href":"https:\/\/api.w.org\/{rel}","templated":true}]}}