{"id":90113,"date":"2023-07-28T11:10:25","date_gmt":"2023-07-28T09:10:25","guid":{"rendered":"https:\/\/univet.hu\/?page_id=90113"},"modified":"2026-02-10T04:38:33","modified_gmt":"2026-02-10T03:38:33","slug":"marialigeti-marton","status":"publish","type":"page","link":"https:\/\/univet.hu\/de\/universitaet\/mitarbeiter\/marialigeti-marton\/","title":{"rendered":"M\u00e1rialigeti M\u00e1rton"},"content":{"rendered":"<p style=\"text-align: center;\"><strong>Einf\u00fchrung<\/strong><\/p> <p>&nbsp;<\/p> <p>Mein Studium an der Rechtsvorg\u00e4ngerin der Veterin\u00e4rmedizinischen Universit\u00e4t habe ich 2009 abgeschlossen. Danach arbeitete ich in mehreren Tierkliniken in Budapest und konzentrierte mich zunehmend auf die Patientenversorgung in der Inneren Medizin.<\/p> <p>Ich bin seit Oktober 2018 Teil der Abteilung. Neben dem Aufbau des Labors beteilige ich mich auch an der Ausbildung, Forschung und Patientenbetreuung.<\/p> <p>Im Rahmen der Abteilung (akkreditiertes Labor) nehme ich an der Facharztausbildung des European College of Veterinary Clinical Pathology teil.<\/p> <p><strong>Forschungsschwerpunkte:<\/strong><\/p> <ul> <li>Untersuchung von Blutpl\u00e4ttchen bei Krebs<\/li> <li>Untersuchung von Akute-Phase-Proteinen<\/li> <\/ul> <p><strong>Fortschritt<\/strong><\/p> <p><strong>Mitgliedschaft in einer Berufsorganisation<\/strong><\/p> <p><strong>Anzahl der bisherigen Abschlussarbeiten\/TDK-Studenten<\/strong><\/p> <p>3<\/p> <table style=\"height: 23px;\" width=\"569\"> <tbody> <tr style=\"height: 23px;\"> <td style=\"height: 23px; width: 559.73px;\" colspan=\"2\"><strong>Doktoranden<\/strong><\/td> <\/tr> <\/tbody> <\/table> <p><strong>Publikationsliste (Top10)<\/strong><\/p> <p>MTMT<\/p>","protected":false},"excerpt":{"rendered":"<p>Einf\u00fchrung &nbsp; Mein Studium an der Rechtsvorg\u00e4ngerin der Veterin\u00e4rmedizinischen Universit\u00e4t habe ich 2009 abgeschlossen. Danach arbeitete ich in mehreren Tierkliniken in Budapest und konzentrierte mich zunehmend auf die Patientenversorgung in der Inneren Medizin. Ich bin seit Oktober 2018 Teil der Abteilung. Neben dem Aufbau des Labors beteilige ich mich auch an der Ausbildung, Forschung und<\/p>\n","protected":false},"author":5824,"featured_media":0,"parent":859,"menu_order":37,"comment_status":"open","ping_status":"open","template":"","meta":{"_acf_changed":false,"footnotes":""},"categories":[],"tags":[],"class_list":["post-90113","page","type-page","status-publish","hentry"],"acf":[],"_links":{"self":[{"href":"https:\/\/univet.hu\/de\/wp-json\/wp\/v2\/pages\/90113","targetHints":{"allow":["GET"]}}],"collection":[{"href":"https:\/\/univet.hu\/de\/wp-json\/wp\/v2\/pages"}],"about":[{"href":"https:\/\/univet.hu\/de\/wp-json\/wp\/v2\/types\/page"}],"author":[{"embeddable":true,"href":"https:\/\/univet.hu\/de\/wp-json\/wp\/v2\/users\/5824"}],"replies":[{"embeddable":true,"href":"https:\/\/univet.hu\/de\/wp-json\/wp\/v2\/comments?post=90113"}],"version-history":[{"count":1,"href":"https:\/\/univet.hu\/de\/wp-json\/wp\/v2\/pages\/90113\/revisions"}],"predecessor-version":[{"id":200522,"href":"https:\/\/univet.hu\/de\/wp-json\/wp\/v2\/pages\/90113\/revisions\/200522"}],"up":[{"embeddable":true,"href":"https:\/\/univet.hu\/de\/wp-json\/wp\/v2\/pages\/859"}],"wp:attachment":[{"href":"https:\/\/univet.hu\/de\/wp-json\/wp\/v2\/media?parent=90113"}],"wp:term":[{"taxonomy":"category","embeddable":true,"href":"https:\/\/univet.hu\/de\/wp-json\/wp\/v2\/categories?post=90113"},{"taxonomy":"post_tag","embeddable":true,"href":"https:\/\/univet.hu\/de\/wp-json\/wp\/v2\/tags?post=90113"}],"curies":[{"name":"wp","href":"https:\/\/api.w.org\/{rel}","templated":true}]}}