{"id":90182,"date":"2023-07-28T12:49:36","date_gmt":"2023-07-28T10:49:36","guid":{"rendered":"https:\/\/univet.hu\/?page_id=90182"},"modified":"2026-02-10T00:05:45","modified_gmt":"2026-02-09T23:05:45","slug":"ernaehrung-exotischer-reptilien-stubenvoegel-und-kleiner-mammalia-b","status":"publish","type":"page","link":"https:\/\/univet.hu\/de\/studenten\/kurse\/ernaehrung-exotischer-reptilien-stubenvoegel-und-kleiner-mammalia-b\/","title":{"rendered":"Ern\u00e4hrung exotischer Reptilien, Stubenv\u00f6gel und kleiner Mammalia"},"content":{"rendered":"<p><strong>Allgemeine Ziele des Kurses:<\/strong><\/p> <p>Zweck dieses Faches ist die Vorf\u00fchrung der Ern\u00e4hrungsgrundlagen exotischer Tierarten. Obwohl diese Kenntnisse sind nicht im Unterrichtsstoff inbegriffen, k\u00f6nnen solche Rassen in der Praxis sehr oft vorkommen.<\/p> <p><strong>Minimale Vorkenntnisse:<\/strong>\u00a0Es gibt keine Vorausetzungen.<\/p> <p><strong>Verantwortlicher Vortragender:<\/strong> Dr. Doz. Istv\u00e1n HULL\u00c1R<br \/> <strong>Beteiligte\u00a0 Vortragende:<\/strong> Frau Dr. Nikoletta HET\u00c9NYI<\/p>","protected":false},"excerpt":{"rendered":"<p>Allgemeine Ziele des Kurses: Zweck dieses Faches ist die Vorf\u00fchrung der Ern\u00e4hrungsgrundlagen exotischer Tierarten. Obwohl diese Kenntnisse sind nicht im Unterrichtsstoff inbegriffen, k\u00f6nnen solche Rassen in der Praxis sehr oft vorkommen. Minimale Vorkenntnisse:\u00a0Es gibt keine Vorausetzungen. Verantwortlicher Vortragender: Dr. Doz. Istv\u00e1n HULL\u00c1R Beteiligte\u00a0 Vortragende: Frau Dr. Nikoletta HET\u00c9NYI<\/p>\n","protected":false},"author":3837,"featured_media":0,"parent":678,"menu_order":163,"comment_status":"closed","ping_status":"closed","template":"","meta":{"_acf_changed":false,"footnotes":""},"categories":[65],"tags":[],"class_list":["post-90182","page","type-page","status-publish","hentry","category-kurse"],"acf":[],"_links":{"self":[{"href":"https:\/\/univet.hu\/de\/wp-json\/wp\/v2\/pages\/90182","targetHints":{"allow":["GET"]}}],"collection":[{"href":"https:\/\/univet.hu\/de\/wp-json\/wp\/v2\/pages"}],"about":[{"href":"https:\/\/univet.hu\/de\/wp-json\/wp\/v2\/types\/page"}],"author":[{"embeddable":true,"href":"https:\/\/univet.hu\/de\/wp-json\/wp\/v2\/users\/3837"}],"replies":[{"embeddable":true,"href":"https:\/\/univet.hu\/de\/wp-json\/wp\/v2\/comments?post=90182"}],"version-history":[{"count":2,"href":"https:\/\/univet.hu\/de\/wp-json\/wp\/v2\/pages\/90182\/revisions"}],"predecessor-version":[{"id":198835,"href":"https:\/\/univet.hu\/de\/wp-json\/wp\/v2\/pages\/90182\/revisions\/198835"}],"up":[{"embeddable":true,"href":"https:\/\/univet.hu\/de\/wp-json\/wp\/v2\/pages\/678"}],"wp:attachment":[{"href":"https:\/\/univet.hu\/de\/wp-json\/wp\/v2\/media?parent=90182"}],"wp:term":[{"taxonomy":"category","embeddable":true,"href":"https:\/\/univet.hu\/de\/wp-json\/wp\/v2\/categories?post=90182"},{"taxonomy":"post_tag","embeddable":true,"href":"https:\/\/univet.hu\/de\/wp-json\/wp\/v2\/tags?post=90182"}],"curies":[{"name":"wp","href":"https:\/\/api.w.org\/{rel}","templated":true}]}}