{"id":90287,"date":"2023-07-28T15:32:20","date_gmt":"2023-07-28T13:32:20","guid":{"rendered":"https:\/\/univet.hu\/?page_id=90287"},"modified":"2023-09-04T22:32:45","modified_gmt":"2023-09-04T20:32:45","slug":"forschung","status":"publish","type":"page","link":"https:\/\/univet.hu\/de\/universitaet\/organisationseinheiten\/institut-fur-tierzucht-tierernahrung-und-labortierkunde\/lehrstuhlg-fur-tierzucht-und-haustiergenetik\/forschung\/","title":{"rendered":"Forschung"},"content":{"rendered":"<p><strong>Die wichtigsten Forschungst\u00e4tigkeiten des Lehrstuhls<\/strong><\/p> <p><strong>G\u00e1sp\u00e1rdy Andr\u00e1s:<\/strong><\/p> <ul> <li>Leistung (Lebensleistung) von Milch- und Fleischrindern<\/li> <li>Erhaltung der genetischen Vielfalt in kleinen gef\u00e4hrdeten Nutztierpopulationen<\/li> <li>Reproduktionsbiologischen Indikatoren von Nutztieren und ihrer biometrischen Verarbeitung<\/li> <li>Sch\u00e4tzung von genetischem Parameter<\/li> <\/ul> <p><strong>Mar\u00f3ti-Ag\u00f3ts \u00c1kos:<\/strong><\/p> <ul> <li>Fortgeschrittene Instrumente f\u00fcr die Ph\u00e4notypisierung<\/li> <li>Phylogenetische Forschung \u00fcber die Vorfahren der Rassen<\/li> <li>Verhinderung negativer Folgen durch Inzucht bei ungarischen Hunderassen (<a href=\"https:\/\/fedo.hu\/hu\/index.html\">FEDO.HU<\/a>)<\/li> <\/ul> <p><strong>Z\u00f6ld\u00e1g L\u00e1szl\u00f3:<\/strong><\/p> <ul> <li>Farbgenetik der Haustierehttps<\/li> <li>Erbkrankheiten von Haustieren<\/li> <\/ul> <p><strong>Zenke Petra:<\/strong><\/p> <ul> <li>Genetische Erkennung bestimmter Merkmale von Haustieren: z. B. Farbgenetik, Inzucht, Hitzestress, Krankheitsanf\u00e4lligkeit<\/li> <li>Forensische Tiergenetik: Arten-, Individuen- und Geschlechtsidentifizierung, Populationsgenetik<\/li> <li>Wildtiergenetik: Biodiversit\u00e4t, Lebensmittelsicherheit, genetische Differenzierung hybrider Individuen<\/li> <li>Geschlechtsbestimmung bei Zootieren; fetales Geschlecht, nachgewiesen durch nicht-invasive Methoden aus m\u00fctterlichem Blutplasma<\/li> <li>Entwicklungen zum Nachweis degradierter und minimaler DNA-Mengen aus biologischen \u00dcberresten unterschiedlicher Art und unterschiedlichen Alters<\/li> <\/ul> <p><strong>K\u00e1rp\u00e1ti Edina:<\/strong><\/p> <ul> <li>Durchf\u00fchrung einer vollst\u00e4ndigen Stammbaumanalyse der heimischen Racka-Schafe (Hortob\u00e1gyer Racka und Gyimeser Racka)<\/li> <li>Bestimmung des m\u00fctterlichen genetischen Hintergrunds der ungarischen Racka-Schafe auf der Grundlage der mtDNA-Kontrollregion<\/li> <li>\u00dcberwachung des Melatoninspiegels im Blutplasma von Mutterschafen in verschiedenen Stadien der Tr\u00e4chtigkeit und beim Ablammen<\/li> <\/ul> <p><strong>Zork\u00f3czy Orsolya Krisztina:<\/strong><\/p> <ul> <li>Identifizierung von Individuen, Arten und Geschlechtsbestimmung von einheimischen Wildarten<\/li> <\/ul>","protected":false},"excerpt":{"rendered":"<p>Die wichtigsten Forschungst\u00e4tigkeiten des Lehrstuhls G\u00e1sp\u00e1rdy Andr\u00e1s: Leistung (Lebensleistung) von Milch- und Fleischrindern Erhaltung der genetischen Vielfalt in kleinen gef\u00e4hrdeten Nutztierpopulationen Reproduktionsbiologischen Indikatoren von Nutztieren und ihrer biometrischen Verarbeitung Sch\u00e4tzung von genetischem Parameter Mar\u00f3ti-Ag\u00f3ts \u00c1kos: Fortgeschrittene Instrumente f\u00fcr die Ph\u00e4notypisierung Phylogenetische Forschung \u00fcber die Vorfahren der Rassen Verhinderung negativer Folgen durch Inzucht bei ungarischen Hunderassen<\/p>\n","protected":false},"author":3837,"featured_media":0,"parent":3297,"menu_order":0,"comment_status":"open","ping_status":"open","template":"page-templates\/page-staff.php","meta":{"_acf_changed":false,"footnotes":""},"categories":[62],"tags":[],"class_list":["post-90287","page","type-page","status-publish","hentry","category-themen"],"acf":[],"_links":{"self":[{"href":"https:\/\/univet.hu\/de\/wp-json\/wp\/v2\/pages\/90287","targetHints":{"allow":["GET"]}}],"collection":[{"href":"https:\/\/univet.hu\/de\/wp-json\/wp\/v2\/pages"}],"about":[{"href":"https:\/\/univet.hu\/de\/wp-json\/wp\/v2\/types\/page"}],"author":[{"embeddable":true,"href":"https:\/\/univet.hu\/de\/wp-json\/wp\/v2\/users\/3837"}],"replies":[{"embeddable":true,"href":"https:\/\/univet.hu\/de\/wp-json\/wp\/v2\/comments?post=90287"}],"version-history":[{"count":0,"href":"https:\/\/univet.hu\/de\/wp-json\/wp\/v2\/pages\/90287\/revisions"}],"up":[{"embeddable":true,"href":"https:\/\/univet.hu\/de\/wp-json\/wp\/v2\/pages\/3297"}],"wp:attachment":[{"href":"https:\/\/univet.hu\/de\/wp-json\/wp\/v2\/media?parent=90287"}],"wp:term":[{"taxonomy":"category","embeddable":true,"href":"https:\/\/univet.hu\/de\/wp-json\/wp\/v2\/categories?post=90287"},{"taxonomy":"post_tag","embeddable":true,"href":"https:\/\/univet.hu\/de\/wp-json\/wp\/v2\/tags?post=90287"}],"curies":[{"name":"wp","href":"https:\/\/api.w.org\/{rel}","templated":true}]}}