{"id":91393,"date":"2023-08-27T19:40:00","date_gmt":"2023-08-27T17:40:00","guid":{"rendered":"https:\/\/univet.hu\/de\/studenten\/kurse\/new-course-page\/"},"modified":"2026-02-10T00:05:29","modified_gmt":"2026-02-09T23:05:29","slug":"veterinaermedizinsche-klinische-genetik-spezifisch","status":"publish","type":"page","link":"https:\/\/univet.hu\/de\/studenten\/kurse\/veterinaermedizinsche-klinische-genetik-spezifisch\/","title":{"rendered":"Veterin\u00e4rmedizinsche klinische Genetik Spezifisch"},"content":{"rendered":"<p>Spezifische Erkenntnisse der Erbkrankheiten<\/p> <p>Fachkoordinator: Dr. Z\u00f6ld\u00e1g L\u00e1szl\u00f3<\/p>","protected":false},"excerpt":{"rendered":"<p>Spezifische Erkenntnisse der Erbkrankheiten Fachkoordinator: Dr. Z\u00f6ld\u00e1g L\u00e1szl\u00f3<\/p>\n","protected":false},"author":3837,"featured_media":0,"parent":678,"menu_order":0,"comment_status":"open","ping_status":"open","template":"","meta":{"_acf_changed":false,"footnotes":""},"categories":[65],"tags":[],"class_list":["post-91393","page","type-page","status-publish","hentry","category-kurse"],"acf":[],"_links":{"self":[{"href":"https:\/\/univet.hu\/de\/wp-json\/wp\/v2\/pages\/91393","targetHints":{"allow":["GET"]}}],"collection":[{"href":"https:\/\/univet.hu\/de\/wp-json\/wp\/v2\/pages"}],"about":[{"href":"https:\/\/univet.hu\/de\/wp-json\/wp\/v2\/types\/page"}],"author":[{"embeddable":true,"href":"https:\/\/univet.hu\/de\/wp-json\/wp\/v2\/users\/3837"}],"replies":[{"embeddable":true,"href":"https:\/\/univet.hu\/de\/wp-json\/wp\/v2\/comments?post=91393"}],"version-history":[{"count":2,"href":"https:\/\/univet.hu\/de\/wp-json\/wp\/v2\/pages\/91393\/revisions"}],"predecessor-version":[{"id":198800,"href":"https:\/\/univet.hu\/de\/wp-json\/wp\/v2\/pages\/91393\/revisions\/198800"}],"up":[{"embeddable":true,"href":"https:\/\/univet.hu\/de\/wp-json\/wp\/v2\/pages\/678"}],"wp:attachment":[{"href":"https:\/\/univet.hu\/de\/wp-json\/wp\/v2\/media?parent=91393"}],"wp:term":[{"taxonomy":"category","embeddable":true,"href":"https:\/\/univet.hu\/de\/wp-json\/wp\/v2\/categories?post=91393"},{"taxonomy":"post_tag","embeddable":true,"href":"https:\/\/univet.hu\/de\/wp-json\/wp\/v2\/tags?post=91393"}],"curies":[{"name":"wp","href":"https:\/\/api.w.org\/{rel}","templated":true}]}}