{"id":91676,"date":"2023-08-29T20:59:14","date_gmt":"2023-08-29T18:59:14","guid":{"rendered":"https:\/\/univet.hu\/?page_id=91676"},"modified":"2026-02-10T00:05:48","modified_gmt":"2026-02-09T23:05:48","slug":"tierzucht-2","status":"publish","type":"page","link":"https:\/\/univet.hu\/de\/studenten\/kurse\/tierzucht-2\/","title":{"rendered":"Tierzucht"},"content":{"rendered":"<p><strong>Verantwortlich f\u00fcr das Fach:<\/strong> Dr. G\u00e1sp\u00e1rdy Andr\u00e1s<\/p> <p><strong>Vortragende:<\/strong> Dr. Andr\u00e1s G\u00e1sp\u00e1rdy, Dr. \u00c1kos Mar\u00f3ti-Ag\u00f3ts, Dr. Petra Zenke, Dr. Orsolya Korbacska-Kutasi<\/p> <p><strong>Anforderungen:<\/strong> Veterin\u00e4rmedizinische Genetik<\/p> <p>W\u00e4hrend des Unterrichts werden die wichtigsten Haustierarten (so Pferd, Rind, Schaf, Ziege, Schwein), sowie die zwei h\u00e4ufigsten Begleittierarten (Hund und Katze), beziehungsweise die wesentlichen Gefl\u00fcgelarten (Huhn, Pute, Gans, Ente, Taube) mit deren wertvollen Eigenschaften (Reproduktion und Erbfehler inbegriffen), Rassen und Haltungstechnologien angezeigt.<\/p> <p>Bedingungen f\u00fcr den Erhalt der Unterschrift: Teilnahme an Praktika, erfolgreicher Abschluss des Grunddatentests w\u00e4hrend des Semesters<\/p>","protected":false},"excerpt":{"rendered":"<p>Verantwortlich f\u00fcr das Fach: Dr. G\u00e1sp\u00e1rdy Andr\u00e1s Vortragende: Dr. Andr\u00e1s G\u00e1sp\u00e1rdy, Dr. \u00c1kos Mar\u00f3ti-Ag\u00f3ts, Dr. Petra Zenke, Dr. Orsolya Korbacska-Kutasi Anforderungen: Veterin\u00e4rmedizinische Genetik W\u00e4hrend des Unterrichts werden die wichtigsten Haustierarten (so Pferd, Rind, Schaf, Ziege, Schwein), sowie die zwei h\u00e4ufigsten Begleittierarten (Hund und Katze), beziehungsweise die wesentlichen Gefl\u00fcgelarten (Huhn, Pute, Gans, Ente, Taube) mit deren<\/p>\n","protected":false},"author":3837,"featured_media":0,"parent":678,"menu_order":164,"comment_status":"closed","ping_status":"closed","template":"","meta":{"_acf_changed":false,"footnotes":""},"categories":[65],"tags":[],"class_list":["post-91676","page","type-page","status-publish","hentry","category-kurse"],"acf":[],"_links":{"self":[{"href":"https:\/\/univet.hu\/de\/wp-json\/wp\/v2\/pages\/91676","targetHints":{"allow":["GET"]}}],"collection":[{"href":"https:\/\/univet.hu\/de\/wp-json\/wp\/v2\/pages"}],"about":[{"href":"https:\/\/univet.hu\/de\/wp-json\/wp\/v2\/types\/page"}],"author":[{"embeddable":true,"href":"https:\/\/univet.hu\/de\/wp-json\/wp\/v2\/users\/3837"}],"replies":[{"embeddable":true,"href":"https:\/\/univet.hu\/de\/wp-json\/wp\/v2\/comments?post=91676"}],"version-history":[{"count":2,"href":"https:\/\/univet.hu\/de\/wp-json\/wp\/v2\/pages\/91676\/revisions"}],"predecessor-version":[{"id":198841,"href":"https:\/\/univet.hu\/de\/wp-json\/wp\/v2\/pages\/91676\/revisions\/198841"}],"up":[{"embeddable":true,"href":"https:\/\/univet.hu\/de\/wp-json\/wp\/v2\/pages\/678"}],"wp:attachment":[{"href":"https:\/\/univet.hu\/de\/wp-json\/wp\/v2\/media?parent=91676"}],"wp:term":[{"taxonomy":"category","embeddable":true,"href":"https:\/\/univet.hu\/de\/wp-json\/wp\/v2\/categories?post=91676"},{"taxonomy":"post_tag","embeddable":true,"href":"https:\/\/univet.hu\/de\/wp-json\/wp\/v2\/tags?post=91676"}],"curies":[{"name":"wp","href":"https:\/\/api.w.org\/{rel}","templated":true}]}}