{"id":92043,"date":"2023-09-04T20:21:09","date_gmt":"2023-09-04T18:21:09","guid":{"rendered":"https:\/\/univet.hu\/?page_id=92043"},"modified":"2026-02-10T00:05:47","modified_gmt":"2026-02-09T23:05:47","slug":"kuenstliche-brut-der-gefluegeleier","status":"publish","type":"page","link":"https:\/\/univet.hu\/de\/studenten\/kurse\/kuenstliche-brut-der-gefluegeleier\/","title":{"rendered":"K\u00fcnstliche Brut der Gefl\u00fcgeleier"},"content":{"rendered":"<p>Ziel des Kurses ist es, die Studierenden in die theoretischen und praktischen Grundlagen der Zucht von \u00f6konomischen und einigen exotischen Vogelarten einzuf\u00fchren.<\/p> <p>Anforderungen vor dem Studium: Tierzucht<\/p> <p>Fachkoordinator: Dr. G\u00e1sp\u00e1rdy Andr\u00e1s<\/p> <p>Vortragende:\u00a0Dr. G\u00e1sp\u00e1rdy Andr\u00e1s, Dr. Mar\u00f3ti-Ag\u00f3ts \u00c1kos, Dr. K\u0151r\u00f6si L\u00e1szl\u00f3<\/p> <p>Themen<\/p> <table> <tbody> <tr> <td width=\"604\">1. Einf\u00fchrung, Technologie der Br\u00fcterei,<\/td> <\/tr> <tr> <td width=\"604\">2. Bruteierqualit\u00e4t,<\/td> <\/tr> <tr> <td width=\"604\">3. Messung der Bruteier, Beginn der Inkubation<\/td> <\/tr> <tr> <td width=\"604\">4. Embryonale Entwicklung, Embryodiagnose;<\/td> <\/tr> <tr> <td width=\"604\">5. Durchleuchtung mit der Schier Lampe<\/td> <\/tr> <tr> <td width=\"604\">6. Vakzinierung des Bruteies, Vakzinierung der K\u00fcken<\/td> <\/tr> <tr> <td width=\"604\">7. Durchleuchtung, Messung, und Umlegen der Eier auf Schlupfhorde<\/td> <\/tr> <tr> <td width=\"604\">8. Eihygiene, Br\u00fctereihygiene,<\/td> <\/tr> <tr> <td width=\"604\">9. Schlupf der K\u00fcken, K\u00fcken Diagnose<\/td> <\/tr> <tr> <td width=\"604\">10. Brut bei anderen Vogelarten<\/td> <\/tr> <tr> <td width=\"604\">11. Schriftliche Pr\u00fcfung, Datenaufarbeitung<\/td> <\/tr> <\/tbody> <\/table> <p>&nbsp;<\/p>","protected":false},"excerpt":{"rendered":"<p>Ziel des Kurses ist es, die Studierenden in die theoretischen und praktischen Grundlagen der Zucht von \u00f6konomischen und einigen exotischen Vogelarten einzuf\u00fchren. Anforderungen vor dem Studium: Tierzucht Fachkoordinator: Dr. G\u00e1sp\u00e1rdy Andr\u00e1s Vortragende:\u00a0Dr. G\u00e1sp\u00e1rdy Andr\u00e1s, Dr. Mar\u00f3ti-Ag\u00f3ts \u00c1kos, Dr. K\u0151r\u00f6si L\u00e1szl\u00f3 Themen 1. Einf\u00fchrung, Technologie der Br\u00fcterei, 2. Bruteierqualit\u00e4t, 3. Messung der Bruteier, Beginn der Inkubation<\/p>\n","protected":false},"author":3837,"featured_media":0,"parent":678,"menu_order":164,"comment_status":"closed","ping_status":"closed","template":"","meta":{"_acf_changed":false,"footnotes":""},"categories":[65],"tags":[],"class_list":["post-92043","page","type-page","status-publish","hentry","category-kurse"],"acf":[],"_links":{"self":[{"href":"https:\/\/univet.hu\/de\/wp-json\/wp\/v2\/pages\/92043","targetHints":{"allow":["GET"]}}],"collection":[{"href":"https:\/\/univet.hu\/de\/wp-json\/wp\/v2\/pages"}],"about":[{"href":"https:\/\/univet.hu\/de\/wp-json\/wp\/v2\/types\/page"}],"author":[{"embeddable":true,"href":"https:\/\/univet.hu\/de\/wp-json\/wp\/v2\/users\/3837"}],"replies":[{"embeddable":true,"href":"https:\/\/univet.hu\/de\/wp-json\/wp\/v2\/comments?post=92043"}],"version-history":[{"count":2,"href":"https:\/\/univet.hu\/de\/wp-json\/wp\/v2\/pages\/92043\/revisions"}],"predecessor-version":[{"id":198840,"href":"https:\/\/univet.hu\/de\/wp-json\/wp\/v2\/pages\/92043\/revisions\/198840"}],"up":[{"embeddable":true,"href":"https:\/\/univet.hu\/de\/wp-json\/wp\/v2\/pages\/678"}],"wp:attachment":[{"href":"https:\/\/univet.hu\/de\/wp-json\/wp\/v2\/media?parent=92043"}],"wp:term":[{"taxonomy":"category","embeddable":true,"href":"https:\/\/univet.hu\/de\/wp-json\/wp\/v2\/categories?post=92043"},{"taxonomy":"post_tag","embeddable":true,"href":"https:\/\/univet.hu\/de\/wp-json\/wp\/v2\/tags?post=92043"}],"curies":[{"name":"wp","href":"https:\/\/api.w.org\/{rel}","templated":true}]}}