{"id":92047,"date":"2023-09-04T20:29:19","date_gmt":"2023-09-04T18:29:19","guid":{"rendered":"https:\/\/univet.hu\/de\/studenten\/kurse\/new-course-page\/"},"modified":"2026-02-10T00:05:23","modified_gmt":"2026-02-09T23:05:23","slug":"besondere-wiederkaeuer","status":"publish","type":"page","link":"https:\/\/univet.hu\/de\/studenten\/kurse\/besondere-wiederkaeuer\/","title":{"rendered":"Besondere Wiederk\u00e4uer"},"content":{"rendered":"<p>Ziel des Kurses ist es, die besonderen Wiederk\u00e4uerarten der Welt, wie Zebu, Yak, Bison und ihre Hybriden, vorzustellen.<\/p> <p>Anforderungen vor dem Studium: Tierzucht<\/p> <p>Fachkoordinator: Dr. G\u00e1sp\u00e1rdy Andr\u00e1s<\/p> <p>Vortragende:\u00a0Dr. G\u00e1sp\u00e1rdy Andr\u00e1s, Dr. Mar\u00f3ti-Ag\u00f3ts \u00c1kos<\/p> <table> <tbody> <tr> <td width=\"604\">Themen<\/td> <\/tr> <tr> <td width=\"604\">1.\u00a0\u00a0\u00a0\u00a0 Einf\u00fchrung, Die Besonderheiten der Wiederk\u00e4uer, und die Bekanntgabe von geografischer Verbreitung und artspezifischen Merkmalen der verschiedenen Wiederk\u00e4uer Arten (Zebu, Yak, Gaur, Gayal, Wisent)<\/td> <\/tr> <tr> <td width=\"604\">2.\u00a0\u00a0\u00a0\u00a0 Die Besonderheiten der Wiederk\u00e4uer, und die Bekanntgabe von geografischer Verbreitung und artspezifischen Merkmalen der verschiedenen Wiederk\u00e4uer Arten (Afrikanische u. asiatische B\u00fcffel)<\/td> <\/tr> <tr> <td width=\"604\">3.\u00a0\u00a0\u00a0\u00a0 Die Besonderheiten der Wiederk\u00e4uer, und die Bekanntgabe von geografischer Verbreitung und artspezifischen Merkmalen der verschiedenen Wiederk\u00e4uer Arten (altweltlichen und neuweltlichen Kamelarten)<\/td> <\/tr> <tr> <td width=\"604\">4.\u00a0\u00a0\u00a0\u00a0 Die Merkmale und Besonderheiten der gez\u00fcchteten Hirscharten und Varianten. Laufvogel (Strau\u00df, Nandu, Emu)<\/td> <\/tr> <tr> <td width=\"604\">5.\u00a0\u00a0\u00a0\u00a0 Ganzt\u00e4gige Fachreise, Konsultation<\/td> <\/tr> <tr> <td width=\"604\">6.\u00a0\u00a0\u00a0\u00a0 Haltung eines eigenen Vortrages zu einem ausgew\u00e4hlten Thema<\/td> <\/tr> <\/tbody> <\/table> <p>&nbsp;<\/p>","protected":false},"excerpt":{"rendered":"<p>Ziel des Kurses ist es, die besonderen Wiederk\u00e4uerarten der Welt, wie Zebu, Yak, Bison und ihre Hybriden, vorzustellen. Anforderungen vor dem Studium: Tierzucht Fachkoordinator: Dr. G\u00e1sp\u00e1rdy Andr\u00e1s Vortragende:\u00a0Dr. G\u00e1sp\u00e1rdy Andr\u00e1s, Dr. Mar\u00f3ti-Ag\u00f3ts \u00c1kos Themen 1.\u00a0\u00a0\u00a0\u00a0 Einf\u00fchrung, Die Besonderheiten der Wiederk\u00e4uer, und die Bekanntgabe von geografischer Verbreitung und artspezifischen Merkmalen der verschiedenen Wiederk\u00e4uer Arten (Zebu, Yak,<\/p>\n","protected":false},"author":3837,"featured_media":0,"parent":678,"menu_order":0,"comment_status":"open","ping_status":"open","template":"","meta":{"_acf_changed":false,"footnotes":""},"categories":[65],"tags":[],"class_list":["post-92047","page","type-page","status-publish","hentry","category-kurse"],"acf":[],"_links":{"self":[{"href":"https:\/\/univet.hu\/de\/wp-json\/wp\/v2\/pages\/92047","targetHints":{"allow":["GET"]}}],"collection":[{"href":"https:\/\/univet.hu\/de\/wp-json\/wp\/v2\/pages"}],"about":[{"href":"https:\/\/univet.hu\/de\/wp-json\/wp\/v2\/types\/page"}],"author":[{"embeddable":true,"href":"https:\/\/univet.hu\/de\/wp-json\/wp\/v2\/users\/3837"}],"replies":[{"embeddable":true,"href":"https:\/\/univet.hu\/de\/wp-json\/wp\/v2\/comments?post=92047"}],"version-history":[{"count":2,"href":"https:\/\/univet.hu\/de\/wp-json\/wp\/v2\/pages\/92047\/revisions"}],"predecessor-version":[{"id":198788,"href":"https:\/\/univet.hu\/de\/wp-json\/wp\/v2\/pages\/92047\/revisions\/198788"}],"up":[{"embeddable":true,"href":"https:\/\/univet.hu\/de\/wp-json\/wp\/v2\/pages\/678"}],"wp:attachment":[{"href":"https:\/\/univet.hu\/de\/wp-json\/wp\/v2\/media?parent=92047"}],"wp:term":[{"taxonomy":"category","embeddable":true,"href":"https:\/\/univet.hu\/de\/wp-json\/wp\/v2\/categories?post=92047"},{"taxonomy":"post_tag","embeddable":true,"href":"https:\/\/univet.hu\/de\/wp-json\/wp\/v2\/tags?post=92047"}],"curies":[{"name":"wp","href":"https:\/\/api.w.org\/{rel}","templated":true}]}}