{"id":92060,"date":"2023-09-04T20:51:30","date_gmt":"2023-09-04T18:51:30","guid":{"rendered":"https:\/\/univet.hu\/?page_id=92060"},"modified":"2026-02-10T00:05:27","modified_gmt":"2026-02-09T23:05:27","slug":"tierzucht-sommerpraktikum","status":"publish","type":"page","link":"https:\/\/univet.hu\/de\/studenten\/kurse\/tierzucht-sommerpraktikum\/","title":{"rendered":"Tierzucht Sommerpraktikum"},"content":{"rendered":"<p>Fachkoordinator: Dr. G\u00e1sp\u00e1rdy Andr\u00e1s<\/p>","protected":false},"excerpt":{"rendered":"<p>Fachkoordinator: Dr. G\u00e1sp\u00e1rdy Andr\u00e1s<\/p>\n","protected":false},"author":3837,"featured_media":0,"parent":678,"menu_order":0,"comment_status":"open","ping_status":"open","template":"","meta":{"_acf_changed":false,"footnotes":""},"categories":[65],"tags":[],"class_list":["post-92060","page","type-page","status-publish","hentry","category-kurse"],"acf":[],"_links":{"self":[{"href":"https:\/\/univet.hu\/de\/wp-json\/wp\/v2\/pages\/92060","targetHints":{"allow":["GET"]}}],"collection":[{"href":"https:\/\/univet.hu\/de\/wp-json\/wp\/v2\/pages"}],"about":[{"href":"https:\/\/univet.hu\/de\/wp-json\/wp\/v2\/types\/page"}],"author":[{"embeddable":true,"href":"https:\/\/univet.hu\/de\/wp-json\/wp\/v2\/users\/3837"}],"replies":[{"embeddable":true,"href":"https:\/\/univet.hu\/de\/wp-json\/wp\/v2\/comments?post=92060"}],"version-history":[{"count":2,"href":"https:\/\/univet.hu\/de\/wp-json\/wp\/v2\/pages\/92060\/revisions"}],"predecessor-version":[{"id":198795,"href":"https:\/\/univet.hu\/de\/wp-json\/wp\/v2\/pages\/92060\/revisions\/198795"}],"up":[{"embeddable":true,"href":"https:\/\/univet.hu\/de\/wp-json\/wp\/v2\/pages\/678"}],"wp:attachment":[{"href":"https:\/\/univet.hu\/de\/wp-json\/wp\/v2\/media?parent=92060"}],"wp:term":[{"taxonomy":"category","embeddable":true,"href":"https:\/\/univet.hu\/de\/wp-json\/wp\/v2\/categories?post=92060"},{"taxonomy":"post_tag","embeddable":true,"href":"https:\/\/univet.hu\/de\/wp-json\/wp\/v2\/tags?post=92060"}],"curies":[{"name":"wp","href":"https:\/\/api.w.org\/{rel}","templated":true}]}}