{"id":92067,"date":"2023-09-04T21:20:24","date_gmt":"2023-09-04T19:20:24","guid":{"rendered":"https:\/\/univet.hu\/?page_id=92067"},"modified":"2023-09-05T21:36:16","modified_gmt":"2023-09-05T19:36:16","slug":"laufende-abschlussarbeiten-thesis-und-wissenschaftlicher-studierendenkreis-tdk-themen","status":"publish","type":"page","link":"https:\/\/univet.hu\/de\/universitaet\/organisationseinheiten\/institut-fur-tierzucht-tierernahrung-und-labortierkunde\/lehrstuhlg-fur-tierzucht-und-haustiergenetik\/laufende-abschlussarbeiten-thesis-und-wissenschaftlicher-studierendenkreis-tdk-themen\/","title":{"rendered":"Laufende Abschlussarbeiten (Thesis) und Wissenschaftlicher Studierendenkreis (TDK) Themen"},"content":{"rendered":"<p>Der Lehrstuhl arbeitet derzeit an folgenden <strong>Abschlussarbeiten (Thesis) <\/strong>und<strong> Wissenschaftlicher Studierendenkreis (TDK)<\/strong><\/p> <table style=\"height: 875px; width: 978px;\"> <tbody> <tr style=\"height: 80px;\"> <td style=\"height: 80px; width: 235.712px;\"><strong><em>Jahr<\/em><\/strong><\/td> <td style=\"height: 80px; width: 241.462px;\"><strong><em>Titel<\/em><\/strong><\/td> <td style=\"height: 80px; width: 237.8px;\"><strong><em>Studenten\/-innen<\/em><\/strong><\/td> <td style=\"height: 80px; width: 239.025px;\"><strong><em>Betreuer\/-innen der Dissertation<\/em><\/strong><\/td> <\/tr> <tr style=\"height: 176px;\"> <td style=\"height: 176px; width: 235.712px;\">2023\u00a0(Dissertation ist<strong><em>\u00a0<\/em><\/strong>in Bearbeitung)<\/td> <td style=\"height: 176px; width: 241.462px;\">Genetikai teszt kidolgoz\u00e1sa ivar-meghat\u00e1roz\u00e1sra izoterm\u00e1lis PCR m\u00f3dszerrel agancsos k\u00e9r\u0151dz\u0151 fajokra<\/td> <td style=\"height: 176px; width: 237.8px;\">Bujtor Zs\u00f3fia Krisztina<\/td> <td style=\"height: 176px; width: 239.025px;\"> <p>Dr. Zenke Petra<\/p> <p>&nbsp;<\/td> <\/tr> <tr style=\"height: 176px;\"> <td style=\"height: 176px; width: 235.712px;\">2023 (Dissertation ist<strong><em>\u00a0<\/em><\/strong>in Bearbeitung)<\/td> <td style=\"height: 176px; width: 241.462px;\">\u0150zek egyedi szint\u0171 azonos\u00edt\u00e1sa tetramer mikroszatellita markerek alapj\u00e1n Magyarorsz\u00e1gon (TDK)<\/td> <td style=\"height: 176px; width: 237.8px;\">Sur\u00e1nyi Melinda<\/td> <td style=\"height: 176px; width: 239.025px;\">Zork\u00f3czy Orsolya Krisztina, Dr. Zenke Petra<\/td> <\/tr> <tr style=\"height: 104px;\"> <td style=\"height: 104px; width: 235.712px;\">2023 (Dissertation ist<strong><em>\u00a0<\/em><\/strong>in Bearbeitung)<\/td> <td style=\"height: 104px; width: 241.462px;\">Tying-up syndrome in Warm-blooded horses<\/td> <td style=\"height: 104px; width: 237.8px;\">Alexander Hausmann<\/td> <td style=\"height: 104px; width: 239.025px;\">Dr. Z\u00f6ld\u00e1g L\u00e1szl\u00f3<\/td> <\/tr> <tr style=\"height: 104px;\"> <td style=\"height: 104px; width: 235.712px;\">2023 (Dissertation ist<strong><em>\u00a0<\/em><\/strong>in Bearbeitung)<\/td> <td style=\"height: 104px; width: 241.462px;\">Current genomics (genetic markers) of canine hip dysplasia<\/td> <td style=\"height: 104px; width: 237.8px;\">Tal Kornblut<\/td> <td style=\"height: 104px; width: 239.025px;\">Dr. Z\u00f6ld\u00e1g L\u00e1szl\u00f3<\/td> <\/tr> <tr style=\"height: 80px;\"> <td style=\"height: 80px; width: 235.712px;\">2023 (Dissertation ist<strong><em>\u00a0<\/em><\/strong>in Bearbeitung)<\/td> <td style=\"height: 80px; width: 241.462px;\">Medical Detection Dog<\/td> <td style=\"height: 80px; width: 237.8px;\">Avigail Sala Simon<\/td> <td style=\"height: 80px; width: 239.025px;\">Dr. Z\u00f6ld\u00e1g L\u00e1szl\u00f3<\/td> <\/tr> <tr style=\"height: 152px;\"> <td style=\"height: 152px; width: 235.712px;\">2023 (Dissertation ist<strong><em>\u00a0<\/em><\/strong>in Bearbeitung)<\/td> <td style=\"height: 152px; width: 241.462px;\">Current genomic data in health and performance of German show jumping horses<\/td> <td style=\"height: 152px; width: 237.8px;\">Victoria Vir\u00e1g Reichert<\/td> <td style=\"height: 152px; width: 239.025px;\">Dr. Z\u00f6ld\u00e1g L\u00e1szl\u00f3<\/td> <\/tr> <\/tbody> <\/table> <p>&nbsp;<\/p>","protected":false},"excerpt":{"rendered":"<p>Der Lehrstuhl arbeitet derzeit an folgenden Abschlussarbeiten (Thesis) und Wissenschaftlicher Studierendenkreis (TDK) Jahr Titel Studenten\/-innen Betreuer\/-innen der Dissertation 2023\u00a0(Dissertation ist\u00a0in Bearbeitung) Genetikai teszt kidolgoz\u00e1sa ivar-meghat\u00e1roz\u00e1sra izoterm\u00e1lis PCR m\u00f3dszerrel agancsos k\u00e9r\u0151dz\u0151 fajokra Bujtor Zs\u00f3fia Krisztina Dr. Zenke Petra &nbsp; 2023 (Dissertation ist\u00a0in Bearbeitung) \u0150zek egyedi szint\u0171 azonos\u00edt\u00e1sa tetramer mikroszatellita markerek alapj\u00e1n Magyarorsz\u00e1gon (TDK) Sur\u00e1nyi Melinda Zork\u00f3czy<\/p>\n","protected":false},"author":3837,"featured_media":0,"parent":3297,"menu_order":0,"comment_status":"open","ping_status":"open","template":"","meta":{"_acf_changed":false,"footnotes":""},"categories":[],"tags":[],"class_list":["post-92067","page","type-page","status-publish","hentry"],"acf":[],"_links":{"self":[{"href":"https:\/\/univet.hu\/de\/wp-json\/wp\/v2\/pages\/92067","targetHints":{"allow":["GET"]}}],"collection":[{"href":"https:\/\/univet.hu\/de\/wp-json\/wp\/v2\/pages"}],"about":[{"href":"https:\/\/univet.hu\/de\/wp-json\/wp\/v2\/types\/page"}],"author":[{"embeddable":true,"href":"https:\/\/univet.hu\/de\/wp-json\/wp\/v2\/users\/3837"}],"replies":[{"embeddable":true,"href":"https:\/\/univet.hu\/de\/wp-json\/wp\/v2\/comments?post=92067"}],"version-history":[{"count":0,"href":"https:\/\/univet.hu\/de\/wp-json\/wp\/v2\/pages\/92067\/revisions"}],"up":[{"embeddable":true,"href":"https:\/\/univet.hu\/de\/wp-json\/wp\/v2\/pages\/3297"}],"wp:attachment":[{"href":"https:\/\/univet.hu\/de\/wp-json\/wp\/v2\/media?parent=92067"}],"wp:term":[{"taxonomy":"category","embeddable":true,"href":"https:\/\/univet.hu\/de\/wp-json\/wp\/v2\/categories?post=92067"},{"taxonomy":"post_tag","embeddable":true,"href":"https:\/\/univet.hu\/de\/wp-json\/wp\/v2\/tags?post=92067"}],"curies":[{"name":"wp","href":"https:\/\/api.w.org\/{rel}","templated":true}]}}