{"id":92159,"date":"2023-09-05T12:33:19","date_gmt":"2023-09-05T10:33:19","guid":{"rendered":"https:\/\/univet.hu\/?page_id=92159"},"modified":"2023-09-05T12:41:09","modified_gmt":"2023-09-05T10:41:09","slug":"publikationen","status":"publish","type":"page","link":"https:\/\/univet.hu\/de\/universitaet\/organisationseinheiten\/institut-fur-tierzucht-tierernahrung-und-labortierkunde\/lehrstuhlg-fur-tierzucht-und-haustiergenetik\/publikationen\/","title":{"rendered":"Publikationen"},"content":{"rendered":"<table> <tbody> <tr> <td style=\"width: 306px;\"><strong>Autor\/-in<\/strong><\/td> <td style=\"width: 379px;\"><strong>MTMT Links<\/strong><\/td> <\/tr> <tr> <td style=\"width: 306px;\">Dr. Z\u00f6ld\u00e1g L\u00e1szl\u00f3<\/td> <td style=\"width: 379px;\"><a href=\"https:\/\/m2.mtmt.hu\/gui2\/?type=authors&amp;mode=browse&amp;sel=authors10009848\">MTMT<\/a><\/td> <\/tr> <tr> <td style=\"width: 306px;\">Dr. G\u00e1sp\u00e1rdy Andr\u00e1s<\/td> <td style=\"width: 379px;\"><a href=\"https:\/\/m2.mtmt.hu\/gui2\/?type=authors&amp;mode=browse&amp;sel=authors10000613\">MTMT<\/a><\/td> <\/tr> <tr> <td style=\"width: 306px;\">Dr. Mar\u00f3ti-Ag\u00f3ts \u00c1kos<\/td> <td style=\"width: 379px;\"><a href=\"https:\/\/m2.mtmt.hu\/gui2\/?type=authors&amp;mode=browse&amp;sel=authors10023162\">MTMT<\/a><\/td> <\/tr> <tr> <td style=\"width: 306px;\">Dr. Zenke Petra<\/td> <td style=\"width: 379px;\"><a href=\"https:\/\/m2.mtmt.hu\/gui2\/?type=authors&amp;mode=browse&amp;sel=authors10023166\">MTMT<\/a><\/td> <\/tr> <tr> <td style=\"width: 306px;\">K\u00e1rp\u00e1ti Edina<\/td> <td style=\"width: 379px;\"><a href=\"https:\/\/m2.mtmt.hu\/gui2\/?type=authors&amp;mode=browse&amp;sel=10082808\">MTMT<\/a><\/td> <\/tr> <tr> <td style=\"width: 306px;\">Zork\u00f3czy Orsolya<\/td> <td style=\"width: 379px;\"><a href=\"https:\/\/m2.mtmt.hu\/gui2\/?type=authors&amp;mode=browse&amp;sel=authors10087499\">MTMT<\/a><\/td> <\/tr> <\/tbody> <\/table> <p>&nbsp;<\/p>","protected":false},"excerpt":{"rendered":"<p>Autor\/-in MTMT Links Dr. Z\u00f6ld\u00e1g L\u00e1szl\u00f3 MTMT Dr. G\u00e1sp\u00e1rdy Andr\u00e1s MTMT Dr. Mar\u00f3ti-Ag\u00f3ts \u00c1kos MTMT Dr. Zenke Petra MTMT K\u00e1rp\u00e1ti Edina MTMT Zork\u00f3czy Orsolya MTMT &nbsp;<\/p>\n","protected":false},"author":3837,"featured_media":0,"parent":3297,"menu_order":0,"comment_status":"open","ping_status":"open","template":"","meta":{"_acf_changed":false,"footnotes":""},"categories":[],"tags":[],"class_list":["post-92159","page","type-page","status-publish","hentry"],"acf":[],"_links":{"self":[{"href":"https:\/\/univet.hu\/de\/wp-json\/wp\/v2\/pages\/92159","targetHints":{"allow":["GET"]}}],"collection":[{"href":"https:\/\/univet.hu\/de\/wp-json\/wp\/v2\/pages"}],"about":[{"href":"https:\/\/univet.hu\/de\/wp-json\/wp\/v2\/types\/page"}],"author":[{"embeddable":true,"href":"https:\/\/univet.hu\/de\/wp-json\/wp\/v2\/users\/3837"}],"replies":[{"embeddable":true,"href":"https:\/\/univet.hu\/de\/wp-json\/wp\/v2\/comments?post=92159"}],"version-history":[{"count":0,"href":"https:\/\/univet.hu\/de\/wp-json\/wp\/v2\/pages\/92159\/revisions"}],"up":[{"embeddable":true,"href":"https:\/\/univet.hu\/de\/wp-json\/wp\/v2\/pages\/3297"}],"wp:attachment":[{"href":"https:\/\/univet.hu\/de\/wp-json\/wp\/v2\/media?parent=92159"}],"wp:term":[{"taxonomy":"category","embeddable":true,"href":"https:\/\/univet.hu\/de\/wp-json\/wp\/v2\/categories?post=92159"},{"taxonomy":"post_tag","embeddable":true,"href":"https:\/\/univet.hu\/de\/wp-json\/wp\/v2\/tags?post=92159"}],"curies":[{"name":"wp","href":"https:\/\/api.w.org\/{rel}","templated":true}]}}