{"id":93202,"date":"2023-09-13T09:59:28","date_gmt":"2023-09-13T07:59:28","guid":{"rendered":"https:\/\/univet.hu\/?page_id=93202"},"modified":"2023-09-13T10:26:14","modified_gmt":"2023-09-13T08:26:14","slug":"kommunikacios-es-nemzetkoezi-kapcsolatok-osztalya","status":"publish","type":"page","link":"https:\/\/univet.hu\/de\/kommunikacios-es-nemzetkoezi-kapcsolatok-osztalya\/","title":{"rendered":"Abteilung f\u00fcr Kommunikation und Internationale Beziehungen"},"content":{"rendered":"<p>&nbsp;<\/p> <p><strong>Gesch\u00e4ftsordnung<\/strong><\/p> <p><a href=\"https:\/\/univet.hu\/wp-content\/uploads\/2020\/01\/01_\u00dcgyrend_KNKO-1.pdf\" target=\"_blank\" rel=\"noopener\">Gesch\u00e4ftsordnung &#8211; Abteilung f\u00fcr Kommunikation und Internationale Beziehungen<\/a><\/p> <p><strong>Flussdiagramme<\/strong><\/p> <p><a href=\"https:\/\/univet.hu\/wp-content\/uploads\/2020\/01\/09_01_01_KNKO_honlapkezeles_v02.pdf\" target=\"_blank\" rel=\"noopener\">Flussdiagramm \u2013 Website-Management<\/a><\/p> <p><a href=\"https:\/\/univet.hu\/wp-content\/uploads\/2020\/01\/09_01_02_KNKO_hirlevel_v02.pdf\" target=\"_blank\" rel=\"noopener\">Flussdiagramm \u2013 Newsletter<\/a><\/p> <p><a href=\"https:\/\/univet.hu\/wp-content\/uploads\/2020\/01\/09_01_03_KNKO_marketingkommunikacio_v03.pdf\" target=\"_blank\" rel=\"noopener\">Flussdiagramm \u2013 Marketingkommunikation<\/a><\/p> <p><a href=\"https:\/\/univet.hu\/wp-content\/uploads\/2020\/01\/09_01_04_KNKO_sajtokommunikacio_v02.pdf\" target=\"_blank\" rel=\"noopener\">Flussdiagramm \u2013 Pressekommunikation<\/a><\/p> <p><a href=\"https:\/\/univet.hu\/wp-content\/uploads\/2020\/01\/09_01_05_KNKO_sajtotajekoztato_v02.pdf\" target=\"_blank\" rel=\"noopener\">Flussdiagramm \u2013 Pressekonferenz<\/a><\/p> <p><a href=\"https:\/\/univet.hu\/wp-content\/uploads\/2020\/01\/09_01_06_KNKO_belsos_rendezvenyszervezes_v02.pdf\" target=\"_blank\" rel=\"noopener\">Flussdiagramm \u2013 Interne Veranstaltungsorganisation<\/a><\/p> <p><a href=\"https:\/\/univet.hu\/wp-content\/uploads\/2020\/01\/09_01_07_KNKO_kulsos_rendezvenyszervezes_v02.pdf\" target=\"_blank\" rel=\"noopener\">Flussdiagramm \u2013 Externe Eventorganisation<\/a><\/p> <p><a href=\"https:\/\/univet.hu\/wp-content\/uploads\/2020\/01\/09_01_08_KNKO_rekrutacio_v03.pdf\" target=\"_blank\" rel=\"noopener\">Flussdiagramm \u2013 Rekrutierung<\/a><\/p> <p><a href=\"https:\/\/univet.hu\/wp-content\/uploads\/2020\/01\/09_01_09_KNKO_ugynokhalozat_v03.pdf\" target=\"_blank\" rel=\"noopener\">Flussdiagramm \u2013 Agentennetzwerk<\/a><\/p> <p><a href=\"https:\/\/univet.hu\/wp-content\/uploads\/2020\/01\/09_01_10_KNKO_online_felveteli_koordinacio_v03.pdf\" target=\"_blank\" rel=\"noopener\">Flussdiagramm \u2013 Online-Zulassungskoordination<\/a><\/p> <p><a href=\"https:\/\/univet.hu\/wp-content\/uploads\/2020\/01\/09_01_11_KNKO_nemzetkozi_egyuttmukodes_v03.pdf\" target=\"_blank\" rel=\"noopener\">Flussdiagramm \u2013 Internationale Zusammenarbeit<\/a><\/p> <p><a href=\"https:\/\/univet.hu\/wp-content\/uploads\/2020\/01\/09_01_12_KNKO_oktatasi_fejlesztes_v03.pdf\" target=\"_blank\" rel=\"noopener\">Flussdiagramm \u2013 Bildungsentwicklung<\/a><\/p> <p>&nbsp;<\/p>","protected":false},"excerpt":{"rendered":"<p>&nbsp; Gesch\u00e4ftsordnung Gesch\u00e4ftsordnung &#8211; Abteilung f\u00fcr Kommunikation und Internationale Beziehungen Flussdiagramme Flussdiagramm \u2013 Website-Management Flussdiagramm \u2013 Newsletter Flussdiagramm \u2013 Marketingkommunikation Flussdiagramm \u2013 Pressekommunikation Flussdiagramm \u2013 Pressekonferenz Flussdiagramm \u2013 Interne Veranstaltungsorganisation Flussdiagramm \u2013 Externe Eventorganisation Flussdiagramm \u2013 Rekrutierung Flussdiagramm \u2013 Agentennetzwerk Flussdiagramm \u2013 Online-Zulassungskoordination Flussdiagramm \u2013 Internationale Zusammenarbeit Flussdiagramm \u2013 Bildungsentwicklung &nbsp;<\/p>\n","protected":false},"author":4862,"featured_media":0,"parent":0,"menu_order":0,"comment_status":"closed","ping_status":"closed","template":"","meta":{"_acf_changed":false,"footnotes":""},"categories":[],"tags":[],"class_list":["post-93202","page","type-page","status-publish","hentry"],"acf":[],"_links":{"self":[{"href":"https:\/\/univet.hu\/de\/wp-json\/wp\/v2\/pages\/93202","targetHints":{"allow":["GET"]}}],"collection":[{"href":"https:\/\/univet.hu\/de\/wp-json\/wp\/v2\/pages"}],"about":[{"href":"https:\/\/univet.hu\/de\/wp-json\/wp\/v2\/types\/page"}],"author":[{"embeddable":true,"href":"https:\/\/univet.hu\/de\/wp-json\/wp\/v2\/users\/4862"}],"replies":[{"embeddable":true,"href":"https:\/\/univet.hu\/de\/wp-json\/wp\/v2\/comments?post=93202"}],"version-history":[{"count":0,"href":"https:\/\/univet.hu\/de\/wp-json\/wp\/v2\/pages\/93202\/revisions"}],"wp:attachment":[{"href":"https:\/\/univet.hu\/de\/wp-json\/wp\/v2\/media?parent=93202"}],"wp:term":[{"taxonomy":"category","embeddable":true,"href":"https:\/\/univet.hu\/de\/wp-json\/wp\/v2\/categories?post=93202"},{"taxonomy":"post_tag","embeddable":true,"href":"https:\/\/univet.hu\/de\/wp-json\/wp\/v2\/tags?post=93202"}],"curies":[{"name":"wp","href":"https:\/\/api.w.org\/{rel}","templated":true}]}}