{"id":93299,"date":"2023-09-13T12:43:44","date_gmt":"2023-09-13T10:43:44","guid":{"rendered":"https:\/\/univet.hu\/?page_id=93299"},"modified":"2026-02-10T04:49:40","modified_gmt":"2026-02-10T03:49:40","slug":"veroeffentlichungen-gruppenmitgliedschaften","status":"publish","type":"page","link":"https:\/\/univet.hu\/de\/universitaet\/mitarbeiter\/marialigeti-marton\/veroeffentlichungen-gruppenmitgliedschaften\/","title":{"rendered":"Ver\u00f6ffentlichungen, Gruppenmitgliedschaften"},"content":{"rendered":"<h2>Ver\u00f6ffentlichungen<\/h2> <ul> <li>Hard Ticks Infesting Dogs in Hungary and their Infection with Babesia and Borrelia Species (Harte Zecken befallen Hunde in Ungarn und ihre Infektion mit Babesien- und Borrelienarten)<\/li> <\/ul> <p style=\"padding-left: 60px;\">F\u00f6ldv\u00e1ri G., M\u00e1rialigeti M., Solymosi N., Luk\u00e1cs Z., Majoros G., K\u00f3sa J. P., Farkas R., Parasitologische Forschung, 2007<\/p> <ul> <li>Neh\u00e9z helyzetben &#8211; (Wissenschaft)Kommunikation f\u00fcr Tier\u00e4rzte<\/li> <\/ul> <p style=\"padding-left: 60px;\">Liptovszky M, M\u00e1rialigeti M, Kammertierarzt 2014<\/p> <h2>Gruppenmitgliedschaft<\/h2> <ul> <li><a href=\"http:\/\/mbae.hu\">Hungarian Veterinary Dermatology Association<\/a> &#8211; F\u00f6rdermitglied<\/li> <li><a href=\"http:\/\/esvcp.org\">European Society of Veterinary Clinical Pathology<\/a><\/li> <li><a href=\"https:\/\/balinttarsasag.hu\/\">Magyarorsz\u00e1gi B\u00e1lint Mih\u00e1ly Pszichoszomatikus T\u00e1rsas\u00e1g<\/a><\/li> <\/ul> <p>&nbsp;<\/p>","protected":false},"excerpt":{"rendered":"<p>Ver\u00f6ffentlichungen Hard Ticks Infesting Dogs in Hungary and their Infection with Babesia and Borrelia Species (Harte Zecken befallen Hunde in Ungarn und ihre Infektion mit Babesien- und Borrelienarten) F\u00f6ldv\u00e1ri G., M\u00e1rialigeti M., Solymosi N., Luk\u00e1cs Z., Majoros G., K\u00f3sa J. P., Farkas R., Parasitologische Forschung, 2007 Neh\u00e9z helyzetben &#8211; (Wissenschaft)Kommunikation f\u00fcr Tier\u00e4rzte Liptovszky M, M\u00e1rialigeti<\/p>\n","protected":false},"author":5824,"featured_media":0,"parent":90113,"menu_order":0,"comment_status":"open","ping_status":"open","template":"","meta":{"_acf_changed":false,"footnotes":""},"categories":[],"tags":[],"class_list":["post-93299","page","type-page","status-publish","hentry"],"acf":[],"_links":{"self":[{"href":"https:\/\/univet.hu\/de\/wp-json\/wp\/v2\/pages\/93299","targetHints":{"allow":["GET"]}}],"collection":[{"href":"https:\/\/univet.hu\/de\/wp-json\/wp\/v2\/pages"}],"about":[{"href":"https:\/\/univet.hu\/de\/wp-json\/wp\/v2\/types\/page"}],"author":[{"embeddable":true,"href":"https:\/\/univet.hu\/de\/wp-json\/wp\/v2\/users\/5824"}],"replies":[{"embeddable":true,"href":"https:\/\/univet.hu\/de\/wp-json\/wp\/v2\/comments?post=93299"}],"version-history":[{"count":1,"href":"https:\/\/univet.hu\/de\/wp-json\/wp\/v2\/pages\/93299\/revisions"}],"predecessor-version":[{"id":200965,"href":"https:\/\/univet.hu\/de\/wp-json\/wp\/v2\/pages\/93299\/revisions\/200965"}],"up":[{"embeddable":true,"href":"https:\/\/univet.hu\/de\/wp-json\/wp\/v2\/pages\/90113"}],"wp:attachment":[{"href":"https:\/\/univet.hu\/de\/wp-json\/wp\/v2\/media?parent=93299"}],"wp:term":[{"taxonomy":"category","embeddable":true,"href":"https:\/\/univet.hu\/de\/wp-json\/wp\/v2\/categories?post=93299"},{"taxonomy":"post_tag","embeddable":true,"href":"https:\/\/univet.hu\/de\/wp-json\/wp\/v2\/tags?post=93299"}],"curies":[{"name":"wp","href":"https:\/\/api.w.org\/{rel}","templated":true}]}}