{"id":93447,"date":"2023-09-14T10:11:35","date_gmt":"2023-09-14T08:11:35","guid":{"rendered":"https:\/\/univet.hu\/?page_id=93447"},"modified":"2026-02-10T04:38:39","modified_gmt":"2026-02-10T03:38:39","slug":"pasztory-kovacs-szilvia","status":"publish","type":"page","link":"https:\/\/univet.hu\/de\/universitaet\/mitarbeiter\/pasztory-kovacs-szilvia\/","title":{"rendered":"P\u00e1sztory-Kov\u00e1cs Szilvia"},"content":{"rendered":"<p><strong>Einf\u00fchrung:<\/strong><\/p> <p>Ich bin Dr. Szilvia P\u00e1sztory-Kov\u00e1cs, wissenschaftliche Mitarbeiterin am Institut f\u00fcr \u00d6kologie. Am Fachbereich unterrichte und organisiere ich die F\u00e4cher Aktuelle Fragen der Biologie, Populationsgenetik und Evolutionsbiologie sowie Feldpraxis I f\u00fcr BSc-Studierende. Ich halte einen Seminarkurs zum Lesen von Artikeln f\u00fcr Masterstudierende ab. Mein aktuelles Forschungsinteresse gilt der Populationsgenetik und Populationsdynamik von Greifv\u00f6geln.<\/p> <p><strong>Forschungsschwerpunkte:<\/strong><\/p> <ul> <li>Analyse langj\u00e4hriger Beringungsdatenreihen von Singv\u00f6geln mit statistischen Methoden<\/li> <li>Statistische Geschlechtsbestimmung und Validierung von V\u00f6geln anhand morphologischer Merkmale mit molekularen Methoden<\/li> <li>Populationsgenetik und Phylogeographie des Wei\u00dfkopfseeadlers, Brut- und Fortpflanzungsbewegungen<\/li> <li>Untersuchung der Nahrungszusammensetzung des Wei\u00dfkopfseeadlers in Ungarn in den letzten 40 Jahren<\/li> <li>Populationslebensf\u00e4higkeitsanalyse (PVA) der Wei\u00dfkopfseeadlerpopulation im Karpatenbecken<\/li> <li>Sch\u00e4tzung des \u00dcberlebens von Brutv\u00f6geln beim Wei\u00dfkopfseeadler<\/li> <li>Absch\u00e4tzung der Verwandtenvermeidung und Inzucht bei Wei\u00dfkopfseeadlern<\/li> <li>Analyse der Zuverl\u00e4ssigkeit der nicht-invasiven Probenahmemethode in Populationsdynamikstudien von Greifv\u00f6geln<\/li> <li>Hybridisierung des Pr\u00e4rieadlers und des W\u00fcstenadlers<\/li> <\/ul> <p><strong>Themenmanagement<\/strong><\/p> <p>MSc-Studenten: 4<\/p> <p>BSc-Studierende: 5<\/p> <p>TDK-Thesen: 4<\/p> <p><strong>Optionale Themen f\u00fcr Abschlussarbeiten:<\/strong><\/p> <p>Untersuchung der genetischen Vielfalt und Phylogeographie westlicher, nicht wandernder Damwildpopulationen<br \/> Ver\u00e4nderungen im Geschlechterverh\u00e4ltnis von Parlagisas-Setzlingen in den letzten 15 Jahren und die Ermittlung der darauf Einfluss nehmenden \u00f6kologischen Faktoren.<\/p> <p><strong>Fortschritt:<\/strong><\/p> <p>2013 \u2013 Veterin\u00e4rmedizinische Universit\u00e4t, Abteilung \u00d6kologie<\/p> <p>2013\u00a0\u00a0\u00a0\u00a0\u00a0\u00a0\u00a0\u00a0 PhD, Universit\u00e4t f\u00fcr Veterin\u00e4rmedizin<\/p> <p>2007-2013 Veterin\u00e4rmedizinische Universit\u00e4t, Fachbereich Biomathematik und Informatik<\/p> <p>2002-2007 Universit\u00e4t f\u00fcr Veterin\u00e4rmedizin, angewandter Zoologe<\/p> <p>&nbsp;<\/p> <p>Publikationsliste (Top 10)<\/p> <p><a href=\"https:\/\/m2.mtmt.hu\/gui2\/?type=authors&amp;mode=browse&amp;sel=10019806\"><span data-contrast=\"none\">Szilvia Kov\u00e1cs<\/span><\/a><span data-contrast=\"auto\">, <\/span><a href=\"https:\/\/m2.mtmt.hu\/gui2\/?type=authors&amp;mode=browse&amp;sel=10020360\"><span data-contrast=\"none\">Tibor Cs\u00f6rg\u0151<\/span><\/a><span data-contrast=\"auto\">, <\/span><a href=\"https:\/\/m2.mtmt.hu\/gui2\/?type=authors&amp;mode=browse&amp;sel=10002007\"><span data-contrast=\"none\">Andrea Harnos<\/span><\/a><span data-contrast=\"auto\">, <\/span><a href=\"https:\/\/m2.mtmt.hu\/gui2\/?type=authors&amp;mode=browse&amp;sel=10023284\"><span data-contrast=\"none\">P\u00e9ter Feh\u00e9rv\u00e1ri<\/span><\/a><span data-contrast=\"auto\">, <\/span><a href=\"https:\/\/m2.mtmt.hu\/gui2\/?type=authors&amp;mode=browse&amp;sel=10018009\"><span data-contrast=\"none\">Krisztina Nagy<\/span><\/a><span data-ccp-props=\"{&quot;201341983&quot;:0,&quot;335559739&quot;:0,&quot;335559740&quot;:240}\">\u00a0<\/span><\/p> <p><a href=\"https:\/\/m2.mtmt.hu\/gui2\/?mode=browse&amp;params=publication;1639812\"><span data-contrast=\"none\">Change in migration phenology and biometrics of two conspeci\ufb01c Sylvia species in Hungary<\/span><\/a><span data-ccp-props=\"{&quot;201341983&quot;:0,&quot;335559739&quot;:0,&quot;335559740&quot;:240}\">\u00a0<\/span><\/p> <p><span data-contrast=\"auto\">JOURNAL OF ORNITHOLOGY 152 : 2 pp. 365-373. , 9 p. (2011)<\/span><span data-ccp-props=\"{&quot;201341983&quot;:0,&quot;335559739&quot;:0,&quot;335559740&quot;:240}\">\u00a0<\/span><\/p> <p><span data-ccp-props=\"{&quot;201341983&quot;:0,&quot;335559739&quot;:0,&quot;335559740&quot;:240}\">\u00a0<\/span><\/p> <p><a href=\"https:\/\/m2.mtmt.hu\/gui2\/?type=authors&amp;mode=browse&amp;sel=10019806\"><span data-contrast=\"none\">Kov\u00e1cs Sz<\/span><\/a><span data-contrast=\"auto\">, <\/span><a href=\"https:\/\/m2.mtmt.hu\/gui2\/?type=authors&amp;mode=browse&amp;sel=10020360\"><span data-contrast=\"none\">Cs\u00f6rg\u0151 T<\/span><\/a><span data-contrast=\"auto\">, <\/span><a href=\"https:\/\/m2.mtmt.hu\/gui2\/?type=authors&amp;mode=browse&amp;sel=10002007\"><span data-contrast=\"none\">Harnos A<\/span><\/a><span data-contrast=\"auto\">, <\/span><a href=\"https:\/\/m2.mtmt.hu\/gui2\/?type=authors&amp;mode=browse&amp;sel=10023284\"><span data-contrast=\"none\">Feh\u00e9rv\u00e1ri P<\/span><\/a><span data-contrast=\"auto\">, <\/span><a href=\"https:\/\/m2.mtmt.hu\/gui2\/?type=authors&amp;mode=browse&amp;sel=10018009\"><span data-contrast=\"none\">Nagy K<\/span><\/a><span data-ccp-props=\"{&quot;201341983&quot;:0,&quot;335559739&quot;:0,&quot;335559740&quot;:240}\">\u00a0<\/span><\/p> <p><a href=\"https:\/\/m2.mtmt.hu\/gui2\/?mode=browse&amp;params=publication;1772792\"><span data-contrast=\"none\">Changes in migration phenology and biometrical traits of Reed, Marsh and Sedge Warblers<\/span><\/a><span data-ccp-props=\"{&quot;201341983&quot;:0,&quot;335559739&quot;:0,&quot;335559740&quot;:240}\">\u00a0<\/span><\/p> <p><span data-contrast=\"auto\">CENTRAL EUROPEAN JOURNAL OF BIOLOGY 7 : 1 pp. 115-125. , 11 p. (2012)<\/span><span data-ccp-props=\"{&quot;201341983&quot;:0,&quot;335559739&quot;:0,&quot;335559740&quot;:240}\">\u00a0<\/span><\/p> <p><span data-ccp-props=\"{&quot;201341983&quot;:0,&quot;335559739&quot;:0,&quot;335559740&quot;:240}\">\u00a0<\/span><\/p> <p><a href=\"https:\/\/m2.mtmt.hu\/gui2\/?type=authors&amp;mode=browse&amp;sel=10002007\"><span data-contrast=\"none\">Harnos A<\/span><\/a><span data-contrast=\"auto\">, <\/span><a href=\"https:\/\/m2.mtmt.hu\/gui2\/?type=authors&amp;mode=browse&amp;sel=10047393\"><span data-contrast=\"none\">Nora A<\/span><\/a><span data-contrast=\"auto\">, <\/span><a href=\"https:\/\/m2.mtmt.hu\/gui2\/?type=authors&amp;mode=browse&amp;sel=10019806\"><span data-contrast=\"none\">Kovacs S<\/span><\/a><span data-contrast=\"auto\">, <\/span><a href=\"https:\/\/m2.mtmt.hu\/gui2\/?type=authors&amp;mode=browse&amp;sel=10023281\"><span data-contrast=\"none\">Lang Z<\/span><\/a><span data-contrast=\"auto\">, <\/span><a href=\"https:\/\/m2.mtmt.hu\/gui2\/?type=authors&amp;mode=browse&amp;sel=10020360\"><span data-contrast=\"none\">Csorgo T<\/span><\/a><span data-ccp-props=\"{&quot;201341983&quot;:0,&quot;335559739&quot;:0,&quot;335559740&quot;:240}\">\u00a0<\/span><\/p> <p><a href=\"https:\/\/m2.mtmt.hu\/gui2\/?mode=browse&amp;params=publication;2877962\"><span data-contrast=\"none\">Increasing protandry in the spring migration of the Pied Flycatcher (Ficedula hypoleuca) in Central Europe<\/span><\/a><span data-ccp-props=\"{&quot;201341983&quot;:0,&quot;335559739&quot;:0,&quot;335559740&quot;:240}\">\u00a0<\/span><\/p> <p><span data-contrast=\"auto\">JOURNAL OF ORNITHOLOGY 156 : 2 pp. 543-546. , 4 p. (2014)\u00a0<\/span><span data-ccp-props=\"{&quot;201341983&quot;:0,&quot;335559739&quot;:0,&quot;335559740&quot;:240}\">\u00a0<\/span><\/p> <p><span data-ccp-props=\"{&quot;201341983&quot;:0,&quot;335559739&quot;:160,&quot;335559740&quot;:259}\">\u00a0<\/span><\/p> <p><a href=\"https:\/\/m2.mtmt.hu\/gui2\/?type=authors&amp;mode=browse&amp;sel=10023248\"><span data-contrast=\"none\">Vili N<\/span><\/a><span data-contrast=\"auto\">, <\/span><a href=\"https:\/\/m2.mtmt.hu\/gui2\/?type=authors&amp;mode=browse&amp;sel=10047391\"><span data-contrast=\"none\">Nemesh\u00e1zi E<\/span><\/a><span data-contrast=\"auto\">, <\/span><a href=\"https:\/\/m2.mtmt.hu\/gui2\/?type=authors&amp;mode=browse&amp;sel=10019806\"><span data-contrast=\"none\">Kov\u00e1cs Sz<\/span><\/a><span data-contrast=\"auto\">, <\/span><a href=\"https:\/\/m2.mtmt.hu\/gui2\/?type=authors&amp;mode=browse&amp;sel=10079414\"><span data-contrast=\"none\">Horv\u00e1th M<\/span><\/a><span data-contrast=\"auto\">, Kalm\u00e1r L, <\/span><a href=\"https:\/\/m2.mtmt.hu\/gui2\/?type=authors&amp;mode=browse&amp;sel=10025320\"><span data-contrast=\"none\">Szab\u00f3 K<\/span><\/a><span data-ccp-props=\"{&quot;201341983&quot;:0,&quot;335559739&quot;:0,&quot;335559740&quot;:240}\">\u00a0<\/span><\/p> <p><a href=\"https:\/\/m2.mtmt.hu\/gui2\/?mode=browse&amp;params=publication;2166383\"><span data-contrast=\"none\">Factors affecting DNA quality in feathers used for non-invasive sampling<\/span><\/a><span data-ccp-props=\"{&quot;201341983&quot;:0,&quot;335559739&quot;:0,&quot;335559740&quot;:240}\">\u00a0<\/span><\/p> <p><span data-contrast=\"auto\">JOURNAL OF ORNITHOLOGY 154 : 2 pp. 587-595. , 9 p. (2013)\u00a0<\/span><span data-ccp-props=\"{&quot;201341983&quot;:0,&quot;335559739&quot;:0,&quot;335559740&quot;:240}\">\u00a0<\/span><\/p> <p><span data-ccp-props=\"{&quot;201341983&quot;:0,&quot;335559739&quot;:0,&quot;335559740&quot;:240}\">\u00a0<\/span><\/p> <p><a href=\"https:\/\/m2.mtmt.hu\/gui2\/?type=authors&amp;mode=browse&amp;sel=10023248\"><span data-contrast=\"none\">Vili N<\/span><\/a><span data-contrast=\"auto\">, <\/span><a href=\"https:\/\/m2.mtmt.hu\/gui2\/?type=authors&amp;mode=browse&amp;sel=10025320\"><span data-contrast=\"none\">Szab\u00f3 K<\/span><\/a><span data-contrast=\"auto\">, <\/span><a href=\"https:\/\/m2.mtmt.hu\/gui2\/?type=authors&amp;mode=browse&amp;sel=10019806\"><span data-contrast=\"none\">Kov\u00e1cs Sz<\/span><\/a><span data-contrast=\"auto\">, <\/span><a href=\"https:\/\/m2.mtmt.hu\/gui2\/?type=authors&amp;mode=browse&amp;sel=10023251\"><span data-contrast=\"none\">Kabai P<\/span><\/a><span data-contrast=\"auto\">, Kalm\u00e1r L, <\/span><a href=\"https:\/\/m2.mtmt.hu\/gui2\/?type=authors&amp;mode=browse&amp;sel=10079414\"><span data-contrast=\"none\">Horv\u00e1th M<\/span><\/a><span data-ccp-props=\"{&quot;201341983&quot;:0,&quot;335559739&quot;:0,&quot;335559740&quot;:240}\">\u00a0<\/span><\/p> <p><a href=\"https:\/\/m2.mtmt.hu\/gui2\/?mode=browse&amp;params=publication;2441771\"><span data-contrast=\"none\">High turnover rate revealed by non-invasive genetic analyses in an expanding Eastern Imperial Eagle population<\/span><\/a><span data-ccp-props=\"{&quot;201341983&quot;:0,&quot;335559739&quot;:0,&quot;335559740&quot;:240}\">\u00a0<\/span><\/p> <p><span data-contrast=\"auto\">ACTA ZOOLOGICA ACADEMIAE SCIENTIARUM HUNGARICAE 59 : 3 pp. 279-295. , 17 p. (2013)<\/span><span data-ccp-props=\"{&quot;201341983&quot;:0,&quot;335559739&quot;:0,&quot;335559740&quot;:240}\">\u00a0<\/span><\/p> <p><span data-ccp-props=\"{&quot;201341983&quot;:0,&quot;335559739&quot;:0,&quot;335559740&quot;:240}\">\u00a0<\/span><\/p> <p><a href=\"https:\/\/m2.mtmt.hu\/gui2\/?type=authors&amp;mode=browse&amp;sel=10023169\"><span data-contrast=\"none\">Hetenyi N<\/span><\/a><span data-contrast=\"auto\">, <\/span><a href=\"https:\/\/m2.mtmt.hu\/gui2\/?type=authors&amp;mode=browse&amp;sel=10023193\"><span data-contrast=\"none\">Satorhelyi T<\/span><\/a><span data-contrast=\"auto\">, <\/span><a href=\"https:\/\/m2.mtmt.hu\/gui2\/?type=authors&amp;mode=browse&amp;sel=10019806\"><span data-contrast=\"none\">Kovacs S<\/span><\/a><span data-contrast=\"auto\">, <\/span><a href=\"https:\/\/m2.mtmt.hu\/gui2\/?type=authors&amp;mode=browse&amp;sel=10002299\"><span data-contrast=\"none\">Hullar I<\/span><\/a><span data-ccp-props=\"{&quot;201341983&quot;:0,&quot;335559739&quot;:0,&quot;335559740&quot;:240}\">\u00a0<\/span><\/p> <p><a href=\"https:\/\/m2.mtmt.hu\/gui2\/?mode=browse&amp;params=publication;2730783\"><span data-contrast=\"none\">Effects of two dietary vitamin and mineral supplements on the growth and health of Hermann&#8217;s tortoise (Testudo hermanni).<\/span><\/a><span data-ccp-props=\"{&quot;201341983&quot;:0,&quot;335559739&quot;:0,&quot;335559740&quot;:240}\">\u00a0<\/span><\/p> <p><span data-contrast=\"auto\">BERLINER UND MUNCHENER TIERARZTLICHE WOCHENSCHRIFT 127 : 5-6 pp. 251-256. , 6 p. (2014)<\/span><span data-ccp-props=\"{&quot;201341983&quot;:0,&quot;335559739&quot;:0,&quot;335559740&quot;:240}\">\u00a0<\/span><\/p> <p><span data-ccp-props=\"{&quot;201341983&quot;:0,&quot;335559739&quot;:0,&quot;335559740&quot;:240}\">\u00a0<\/span><\/p> <p><a href=\"https:\/\/m2.mtmt.hu\/gui2\/?type=authors&amp;mode=browse&amp;sel=10047393\"><span data-contrast=\"none\">\u00c1gh N\u00f3ra<\/span><\/a><span data-contrast=\"auto\">, <\/span><a href=\"https:\/\/m2.mtmt.hu\/gui2\/?type=authors&amp;mode=browse&amp;sel=10019806\"><span data-contrast=\"none\">Kov\u00e1cs Szilvia<\/span><\/a><span data-contrast=\"auto\">, <\/span><a href=\"https:\/\/m2.mtmt.hu\/gui2\/?type=authors&amp;mode=browse&amp;sel=10047391\"><span data-contrast=\"none\">Nemesh\u00e1zi Edina<\/span><\/a><span data-contrast=\"auto\">, <\/span><a href=\"https:\/\/m2.mtmt.hu\/gui2\/?type=authors&amp;mode=browse&amp;sel=10025320\"><span data-contrast=\"none\">Szab\u00f3 Kriszti\u00e1n<\/span><\/a><span data-ccp-props=\"{&quot;201341983&quot;:0,&quot;335559739&quot;:0,&quot;335559740&quot;:240}\">\u00a0<\/span><\/p> <p><a href=\"https:\/\/m2.mtmt.hu\/gui2\/?mode=browse&amp;params=publication;3312188\"><span data-contrast=\"none\">Univerz\u00e1lis, ivarhat\u00e1roz\u00e1shoz haszn\u00e1lt CHD1 markerek alkalmazhat\u00f3s\u00e1ga k\u00fcl\u00f6nb\u00f6z\u0151 mad\u00e1rrendekben: Feasibility of universal CHD1 sexing markers in various bird orders<\/span><\/a><span data-ccp-props=\"{&quot;201341983&quot;:0,&quot;335559739&quot;:0,&quot;335559740&quot;:240}\">\u00a0<\/span><\/p> <p><span data-contrast=\"auto\">MAGYAR \u00c1LLATORVOSOK LAPJA 140 : 1 pp. 47-59. , 13 p. (2018)<\/span><span data-ccp-props=\"{&quot;201341983&quot;:0,&quot;335559739&quot;:0,&quot;335559740&quot;:240}\">\u00a0<\/span><\/p> <p><span data-contrast=\"auto\">\u00a0<\/span><span data-ccp-props=\"{&quot;201341983&quot;:0,&quot;335559739&quot;:0,&quot;335559740&quot;:240}\">\u00a0<\/span><\/p> <p><a href=\"https:\/\/m2.mtmt.hu\/gui2\/?type=authors&amp;mode=browse&amp;sel=10023248\"><span data-contrast=\"none\">Vili N<\/span><\/a><span data-contrast=\"auto\">, Horv\u00e1th MB, <\/span><a href=\"https:\/\/m2.mtmt.hu\/gui2\/?type=authors&amp;mode=browse&amp;sel=10019806\"><span data-contrast=\"none\">Kov\u00e1cs Sz<\/span><\/a><span data-contrast=\"auto\">, Chavko J, <\/span><a href=\"https:\/\/m2.mtmt.hu\/gui2\/?type=authors&amp;mode=browse&amp;sel=10000728\"><span data-contrast=\"none\">Hornung E<\/span><\/a><span data-contrast=\"auto\">, <\/span><a href=\"https:\/\/m2.mtmt.hu\/gui2\/?type=authors&amp;mode=browse&amp;sel=10012906\"><span data-contrast=\"none\">Kalm\u00e1r L<\/span><\/a><span data-ccp-props=\"{&quot;201341983&quot;:0,&quot;335559739&quot;:0,&quot;335559740&quot;:240}\">\u00a0<\/span><\/p> <p><a href=\"https:\/\/m2.mtmt.hu\/gui2\/?mode=browse&amp;params=publication;1198618\"><span data-contrast=\"none\">Alternat\u00edv mintav\u00e9teli m\u00f3dszer gyakorlati alkalmazhat\u00f3s\u00e1ga mad\u00e1rgenetikai vizsg\u00e1latokban: parlagi sasok ivarmeghat\u00e1roz\u00e1sa, mikroszatellit\u00e1kon alapul\u00f3 egyedi azonos\u00edt\u00e1sa \u00e9s mtDNS-\u00e9nek vizsg\u00e1lata: Alternative sampling methods in avian genetic studies: sexing, microsatellites based individual identification and mtDNA analyses of eastern imperial eagles (Aquila heliaca)<\/span><\/a><span data-ccp-props=\"{&quot;201341983&quot;:0,&quot;335559739&quot;:0,&quot;335559740&quot;:240}\">\u00a0<\/span><\/p> <p><span data-contrast=\"auto\">MAGYAR \u00c1LLATORVOSOK LAPJA 131 : 7 pp. 426-435. , 10 p. (2009)<\/span><span data-ccp-props=\"{&quot;201341983&quot;:0,&quot;335559739&quot;:0,&quot;335559740&quot;:240}\">\u00a0<\/span><\/p> <p><span data-ccp-props=\"{&quot;201341983&quot;:0,&quot;335559739&quot;:0,&quot;335559740&quot;:240}\">\u00a0<\/span><\/p> <p><a href=\"https:\/\/m2.mtmt.hu\/gui2\/?type=authors&amp;mode=browse&amp;sel=10079414\"><span data-contrast=\"none\">M\u00e1rton Horv\u00e1th<\/span><\/a><span data-contrast=\"auto\">, B\u00e9la Solti, Imre Fat\u00e9r, Tibor Juh\u00e1sz, L\u00e1szl\u00f3 Haraszthy, Tam\u00e1s Szitta, Zsuzsanna Ball\u00f3k, <\/span><a href=\"https:\/\/m2.mtmt.hu\/gui2\/?type=authors&amp;mode=browse&amp;sel=10019806\"><span data-contrast=\"none\">Szilvia P\u00e1sztory-Kov\u00e1cs<\/span><\/a><span data-ccp-props=\"{&quot;201341983&quot;:0,&quot;335559739&quot;:0,&quot;335559740&quot;:240}\">\u00a0<\/span><\/p> <p><a href=\"https:\/\/m2.mtmt.hu\/gui2\/?mode=browse&amp;params=publication;27456063\"><span data-contrast=\"none\">Temporal changes in the diet composition of the Eastern Imperial Eagle (Aquila heliaca) in Hungary<\/span><\/a><span data-ccp-props=\"{&quot;201341983&quot;:0,&quot;335559739&quot;:0,&quot;335559740&quot;:240}\">\u00a0<\/span><\/p> <p><span data-contrast=\"auto\">ORNIS HUNGARICA 26 : 1 pp. 1-26. Paper: 10.1515\/orhu-2018-0001 , 26 p. (2018).<\/span><span data-ccp-props=\"{&quot;201341983&quot;:0,&quot;335559739&quot;:0,&quot;335559740&quot;:240}\">\u00a0<\/span><\/p> <p><span data-ccp-props=\"{&quot;201341983&quot;:0,&quot;335559739&quot;:0,&quot;335559740&quot;:240}\">\u00a0<\/span><\/p> <p><a href=\"https:\/\/m2.mtmt.hu\/gui2\/?type=authors&amp;mode=browse&amp;sel=10002007\"><span data-contrast=\"none\">HARNOS Andrea<\/span><\/a><span data-contrast=\"auto\">, <\/span><a href=\"https:\/\/m2.mtmt.hu\/gui2\/?type=authors&amp;mode=browse&amp;sel=10023284\"><span data-contrast=\"none\">FEH\u00c9RV\u00c1RI P\u00e9ter<\/span><\/a><span data-contrast=\"auto\">, <\/span><a href=\"https:\/\/m2.mtmt.hu\/gui2\/?type=authors&amp;mode=browse&amp;sel=10062689\"><span data-contrast=\"none\">PIROSS Imre S\u00e1ndor<\/span><\/a><span data-contrast=\"auto\">, KARCZA Zsolt, <\/span><a href=\"https:\/\/m2.mtmt.hu\/gui2\/?type=authors&amp;mode=browse&amp;sel=10047393\"><span data-contrast=\"none\">\u00c1GH N\u00f3ra<\/span><\/a><span data-contrast=\"auto\">, <\/span><a href=\"https:\/\/m2.mtmt.hu\/gui2\/?type=authors&amp;mode=browse&amp;sel=10019806\"><span data-contrast=\"none\">KOV\u00c1CS Szilvia<\/span><\/a><span data-contrast=\"auto\">, <\/span><a href=\"https:\/\/m2.mtmt.hu\/gui2\/?type=authors&amp;mode=browse&amp;sel=10020360\"><span data-contrast=\"none\">CS\u00d6RG\u0150 Tibor<\/span><\/a><span data-ccp-props=\"{&quot;201341983&quot;:0,&quot;335559739&quot;:0,&quot;335559740&quot;:240}\">\u00a0<\/span><\/p> <p><a href=\"https:\/\/m2.mtmt.hu\/gui2\/?mode=browse&amp;params=publication;3175145\"><span data-contrast=\"none\">Exploratory analyses of migration timing and morphometrics of the Pied Flycatcher (Ficedula hypoleuca)<\/span><\/a><span data-ccp-props=\"{&quot;201341983&quot;:0,&quot;335559739&quot;:0,&quot;335559740&quot;:240}\">\u00a0<\/span><\/p> <p><span data-contrast=\"auto\">ORNIS HUNGARICA 24 : 2 pp. 109-126. , 18 p. (2016)<\/span><span data-ccp-props=\"{&quot;201341983&quot;:0,&quot;335559739&quot;:0,&quot;335559740&quot;:240}\">\u00a0<\/span><\/p> <p><span data-ccp-props=\"{&quot;201341983&quot;:0,&quot;335559739&quot;:0,&quot;335559740&quot;:240}\">\u00a0<\/span><\/p> <p><a href=\"https:\/\/m2.mtmt.hu\/gui2\/?type=authors&amp;mode=browse&amp;sel=10023169\"><span data-contrast=\"none\">Het\u00e9nyi Nikoletta<\/span><\/a><span data-contrast=\"auto\">, S\u00e1torhelyi Tam\u00e1s, <\/span><a href=\"https:\/\/m2.mtmt.hu\/gui2\/?type=authors&amp;mode=browse&amp;sel=10019806\"><span data-contrast=\"none\">Kov\u00e1cs Szilvia<\/span><\/a><span data-contrast=\"auto\">, Hull\u00e1r Istv\u00e1n<\/span><span data-ccp-props=\"{&quot;201341983&quot;:0,&quot;335559739&quot;:0,&quot;335559740&quot;:240}\">\u00a0<\/span><\/p> <p><a href=\"https:\/\/m2.mtmt.hu\/gui2\/?mode=browse&amp;params=publication;3235812\"><span data-contrast=\"none\">Variations in blood biochemical values in male Hermann&#8217;s tortoises (Testudo hermanni)<\/span><\/a><span data-ccp-props=\"{&quot;201341983&quot;:0,&quot;335559739&quot;:0,&quot;335559740&quot;:240}\">\u00a0<\/span><\/p> <p><span data-contrast=\"auto\">Veterinaria-Sarajevo 65 : 1 pp. 15-21. , 7 p. (2016)<\/span><span data-ccp-props=\"{&quot;201341983&quot;:0,&quot;335559739&quot;:0,&quot;335559740&quot;:240}\">\u00a0<\/span><\/p> <p>&nbsp;<\/p> <p><a href=\"https:\/\/m2.mtmt.hu\/gui2\/?type=authors&amp;mode=browse&amp;sel=authors10019806\">MTMT2<\/a> | <a href=\"https:\/\/scholar.google.hu\/citations?hl=hu&amp;user=_DMELjcAAAAJ\">Google Scholar<\/a> | <a href=\"https:\/\/orcid.org\/0000-0002-0260-4356\">ORCID<\/a><\/p> <p><span data-ccp-props=\"{&quot;134233117&quot;:true,&quot;134233118&quot;:true,&quot;201341983&quot;:0,&quot;335559739&quot;:160,&quot;335559740&quot;:240}\">\u00a0<\/span><\/p>","protected":false},"excerpt":{"rendered":"<p>Einf\u00fchrung: Ich bin Dr. Szilvia P\u00e1sztory-Kov\u00e1cs, wissenschaftliche Mitarbeiterin am Institut f\u00fcr \u00d6kologie. Am Fachbereich unterrichte und organisiere ich die F\u00e4cher Aktuelle Fragen der Biologie, Populationsgenetik und Evolutionsbiologie sowie Feldpraxis I f\u00fcr BSc-Studierende. Ich halte einen Seminarkurs zum Lesen von Artikeln f\u00fcr Masterstudierende ab. Mein aktuelles Forschungsinteresse gilt der Populationsgenetik und Populationsdynamik von Greifv\u00f6geln. Forschungsschwerpunkte: Analyse<\/p>\n","protected":false},"author":5824,"featured_media":0,"parent":859,"menu_order":37,"comment_status":"closed","ping_status":"closed","template":"","meta":{"_acf_changed":false,"footnotes":""},"categories":[],"tags":[],"class_list":["post-93447","page","type-page","status-publish","hentry"],"acf":[],"_links":{"self":[{"href":"https:\/\/univet.hu\/de\/wp-json\/wp\/v2\/pages\/93447","targetHints":{"allow":["GET"]}}],"collection":[{"href":"https:\/\/univet.hu\/de\/wp-json\/wp\/v2\/pages"}],"about":[{"href":"https:\/\/univet.hu\/de\/wp-json\/wp\/v2\/types\/page"}],"author":[{"embeddable":true,"href":"https:\/\/univet.hu\/de\/wp-json\/wp\/v2\/users\/5824"}],"replies":[{"embeddable":true,"href":"https:\/\/univet.hu\/de\/wp-json\/wp\/v2\/comments?post=93447"}],"version-history":[{"count":1,"href":"https:\/\/univet.hu\/de\/wp-json\/wp\/v2\/pages\/93447\/revisions"}],"predecessor-version":[{"id":200532,"href":"https:\/\/univet.hu\/de\/wp-json\/wp\/v2\/pages\/93447\/revisions\/200532"}],"up":[{"embeddable":true,"href":"https:\/\/univet.hu\/de\/wp-json\/wp\/v2\/pages\/859"}],"wp:attachment":[{"href":"https:\/\/univet.hu\/de\/wp-json\/wp\/v2\/media?parent=93447"}],"wp:term":[{"taxonomy":"category","embeddable":true,"href":"https:\/\/univet.hu\/de\/wp-json\/wp\/v2\/categories?post=93447"},{"taxonomy":"post_tag","embeddable":true,"href":"https:\/\/univet.hu\/de\/wp-json\/wp\/v2\/tags?post=93447"}],"curies":[{"name":"wp","href":"https:\/\/api.w.org\/{rel}","templated":true}]}}