{"id":93458,"date":"2023-09-14T10:26:02","date_gmt":"2023-09-14T08:26:02","guid":{"rendered":"https:\/\/univet.hu\/?page_id=93458"},"modified":"2026-02-10T04:38:45","modified_gmt":"2026-02-10T03:38:45","slug":"puska-gina","status":"publish","type":"page","link":"https:\/\/univet.hu\/de\/universitaet\/mitarbeiter\/puska-gina\/","title":{"rendered":"Puska Gina"},"content":{"rendered":"<p><strong>Einf\u00fchrung:<\/strong><\/p> <p>Mein Name ist Dr. Gina Puska, ich arbeite als Assistenzprofessorin am Fachbereich \u00d6kologie. Ich unterrichte das Fach Molekularbiologie der Zelle im BSc-Studiengang Biologie sowie Zell- und Molekularbiologie, Regulatorische Biologie und Physiologie sowie Mikroskopische Phototechnik f\u00fcr Biologiestudenten des MSc. Mein Hauptinteresse gilt den neuronalen Bahnen des Sozialverhaltens, die ich haupts\u00e4chlich mit histologischen und chemogenetischen Techniken auf Basis des viralen Gentransfers untersuche. Dar\u00fcber hinaus umfasst mein Forschungsgebiet auch die zellpathologische Untersuchung neurodegenerativer Erkrankungen, die die Grundlage meiner Doktorarbeit bildet.<\/p> <p><strong>Kooperationen:<\/strong><\/p> <p>ELTE-Abteilung f\u00fcr Physiologie und Neurobiologie \u2013 Forschungsgruppe f\u00fcr molekulare und systemische Neurobiologie<\/p> <p><strong>Themenmanagement:<\/strong><\/p> <p>MSc-Studierende: 3 (aktuell 3)<\/p> <p>BSc-Studenten: 1 (Abschluss 1)<\/p> <p>TDK-Studenten: 3 (derzeit 1)<\/p> <p><strong>Optionale Themen f\u00fcr Abschlussarbeiten:<\/strong><\/p> <p>F\u00fcr Studierende der Hauptf\u00e4cher Biologie BSc und Forschungszoologie:<\/p> <p>Die Rolle des lateralen Septums im Sozialverhalten<\/p> <p>Erforschung der Rolle des pr\u00e4optischen Bereichs im Sozialverhalten<\/p> <p><strong>Fortschritt:<\/strong><\/p> <p>Seit 2022 Universit\u00e4tsassistenzprofessor, Universit\u00e4t f\u00fcr Veterin\u00e4rmedizin, Abteilung f\u00fcr \u00d6kologie<\/p> <p>2019-2022 Universit\u00e4tslehrassistent, Veterin\u00e4rmedizinische Universit\u00e4t, Fachbereich \u00d6kologie<\/p> <p>2016-2019 Forschungsassistent, E\u00f6tv\u00f6s-Lor\u00e1nd-Universit\u00e4t, Fakult\u00e4t f\u00fcr Naturwissenschaften, Institut f\u00fcr Biologie<\/p> <p>2015-2016 Assistenzprofessor an der E\u00f6tv\u00f6s-Lor\u00e1nd-Universit\u00e4t, Fakult\u00e4t f\u00fcr Naturwissenschaften, Institut f\u00fcr Biologie<\/p> <p><strong>Forschungsschwerpunkte:<\/strong><\/p> <ul> <li>Untersuchung neuronaler Bahnen, die an der sozialen Interaktion in Nagetiermodellen beteiligt sind<\/li> <li>Untersuchung der Rolle des Oxytocinsystems im Verhalten<\/li> <li>Elektronenmikroskopische Untersuchung der zellul\u00e4ren pathologischen Prozesse, die an neurodegenerativen Pathologien beteiligt sind<\/li> <\/ul> <p><strong>Publikationsliste (Top 10):<\/strong><\/p> <p>1. Keller D, L\u00e1ng T, Cserven\u00e1k M, Puska G, Barna J, Csillag V, Farkas I, Zelena D, D\u00f3ra F, K\u00fcppers S, Barteczko L, Usdin TB, Palkovits M, Hasan MT, Grinevich V, Dobolyi A (2022). A thalamo-preoptic pathway promotes social grooming in rodents. Curr Biol. 8:S0960-9822(22)01384-7.<\/p> <p>2. Guly\u00e1ssy P, Todorov-V\u00f6lgyi K, T\u00f3th V, Gy\u00f6rffy BA, Puska G, Simor A, Juh\u00e1sz G, Drahos L, K\u00e9kesi KA (2022). The Effect of Sleep Deprivation and Subsequent Recovery Period on the Synaptic Proteome of Rat Cerebral Cortex. Mol Neurobiol. 59(2):1301-1319.<\/p> <p>3. Dim\u00e9n D, Puska G, Szendi V, Sipos E, Zelena D, Dobolyi \u00c1 (2021). Sex-specific parenting and depression evoked by preoptic inhibitory neurons. iScience. 4;24(10):103090.<\/p> <p>4. Guly\u00e1ssy P, Puska G, Gy\u00f6rffy BA, Todorov-V\u00f6lgyi K, Juh\u00e1sz G, Drahos L, K\u00e9kesi KA. (2020). Proteomic comparison of different synaptosome preparation procedures. Amino Acids. 52(11-12):1529-1543.<\/p> <p>5. Barna J, Dim\u00e9n D, Puska G, Kov\u00e1cs D, Csik\u00f3s V, Ol\u00e1h S, Udvari EB, P\u00e1l G, Dobolyi \u00c1. (2019). Complement component 1q subcomponent binding protein in the brain of the rat. Sci Rep. 14;9(1):4597.<\/p> <p>6. Puska G, Lutz MI, Moln\u00e1r K, Regelsberger G, Ricken G, Pirker W, L\u00e1szl\u00f3 L, Kov\u00e1cs GG. (2018). Lysosomal response in relation to \u03b1-synuclein pathology differs between Parkinson&#8217;s disease and multiple system atrophy. Neurobiol Dis. 114:140-152.<\/p> <p>7. Pocsfalvi G, Turi\u00e1k L, Ambrosone A, Del Gaudio P, Puska G, Fiume I, Silvestre T, V\u00e9key K. (2018). Protein biocargo of citrus fruit-derived vesicles reveals heterogeneous transport and extracellular vesicle populations. J Plant Physiol. 229:111-121.<\/p> <p>8. V\u00f6lgyi K, Guly\u00e1ssy P, Todorov MI, Puska G, Badics K, Hlatky D, K\u00e9kesi KA, Nyitrai G, Czurk\u00f3 A, Drahos L, Dobolyi A. (2018). Chronic Cerebral Hypoperfusion Induced Synaptic Proteome Changes in the rat Cerebral Cortex. Mol Neurobiol. 55(5):4253-4266.<\/p> <p>9. Maruzs T, L\u0151rincz P, Szatm\u00e1ri Z, Sz\u00e9plaki S, S\u00e1ndor Z, Lakatos Z, Puska G, Juh\u00e1sz G, Sass M. (2015). Retromer Ensures the Degradation of Autophagic Cargo by Maintaining Lysosome Function in Drosophila. Traffic. 16(10):1088-107.<\/p> <p>10. Kov\u00e1cs GG, Breydo L, Green R, Kis V, Puska G, L\u0151rincz P, Perju-Dumbrava L, Giera R, Pirker W, Lutz M, Lachmann I, Budka H, Uversky VN, Moln\u00e1r K, L\u00e1szl\u00f3 L. (2014). Intracellular processing of disease-associated \u03b1-synuclein in the human brain suggests prion-like cell-to-cell spread. Neurobiol Dis. 69:76-92<\/p> <p><a href=\"https:\/\/m2.mtmt.hu\/gui2\/?type=authors&amp;mode=browse&amp;sel=authors10050179\">MTMT2<\/a> | Google Scholar | ORCID<\/p>","protected":false},"excerpt":{"rendered":"<p>Einf\u00fchrung: Mein Name ist Dr. Gina Puska, ich arbeite als Assistenzprofessorin am Fachbereich \u00d6kologie. Ich unterrichte das Fach Molekularbiologie der Zelle im BSc-Studiengang Biologie sowie Zell- und Molekularbiologie, Regulatorische Biologie und Physiologie sowie Mikroskopische Phototechnik f\u00fcr Biologiestudenten des MSc. Mein Hauptinteresse gilt den neuronalen Bahnen des Sozialverhaltens, die ich haupts\u00e4chlich mit histologischen und chemogenetischen Techniken<\/p>\n","protected":false},"author":5824,"featured_media":0,"parent":859,"menu_order":37,"comment_status":"open","ping_status":"open","template":"","meta":{"_acf_changed":false,"footnotes":""},"categories":[],"tags":[],"class_list":["post-93458","page","type-page","status-publish","hentry"],"acf":[],"_links":{"self":[{"href":"https:\/\/univet.hu\/de\/wp-json\/wp\/v2\/pages\/93458","targetHints":{"allow":["GET"]}}],"collection":[{"href":"https:\/\/univet.hu\/de\/wp-json\/wp\/v2\/pages"}],"about":[{"href":"https:\/\/univet.hu\/de\/wp-json\/wp\/v2\/types\/page"}],"author":[{"embeddable":true,"href":"https:\/\/univet.hu\/de\/wp-json\/wp\/v2\/users\/5824"}],"replies":[{"embeddable":true,"href":"https:\/\/univet.hu\/de\/wp-json\/wp\/v2\/comments?post=93458"}],"version-history":[{"count":1,"href":"https:\/\/univet.hu\/de\/wp-json\/wp\/v2\/pages\/93458\/revisions"}],"predecessor-version":[{"id":200538,"href":"https:\/\/univet.hu\/de\/wp-json\/wp\/v2\/pages\/93458\/revisions\/200538"}],"up":[{"embeddable":true,"href":"https:\/\/univet.hu\/de\/wp-json\/wp\/v2\/pages\/859"}],"wp:attachment":[{"href":"https:\/\/univet.hu\/de\/wp-json\/wp\/v2\/media?parent=93458"}],"wp:term":[{"taxonomy":"category","embeddable":true,"href":"https:\/\/univet.hu\/de\/wp-json\/wp\/v2\/categories?post=93458"},{"taxonomy":"post_tag","embeddable":true,"href":"https:\/\/univet.hu\/de\/wp-json\/wp\/v2\/tags?post=93458"}],"curies":[{"name":"wp","href":"https:\/\/api.w.org\/{rel}","templated":true}]}}