{"id":93502,"date":"2023-09-14T11:19:21","date_gmt":"2023-09-14T09:19:21","guid":{"rendered":"https:\/\/univet.hu\/?page_id=93502"},"modified":"2026-02-10T04:38:57","modified_gmt":"2026-02-10T03:38:57","slug":"vili-nora-2","status":"publish","type":"page","link":"https:\/\/univet.hu\/de\/universitaet\/mitarbeiter\/vili-nora-2\/","title":{"rendered":"Vili N\u00f3ra"},"content":{"rendered":"<p><strong>Einf\u00fchrung:<\/strong><\/p> <p>Mein Name ist N\u00f3ra Vili, ich arbeite als Assistenzprofessorin am Institut f\u00fcr \u00d6kologie. Zurzeit f\u00fchre ich \u00d6kologie-Praktika f\u00fcr BSc-Studenten durch, beteilige mich an der Lehre der Molekularen \u00d6kologie und absolviere im Labor der Forschungsgruppe f\u00e4cher\u00fcbergreifende Praktika. Dar\u00fcber hinaus unterrichte ich im ungarischsprachigen Abschlussvorbereitungsprogramm der Veterin\u00e4rmedizinischen Universit\u00e4t. Meine Forschungsinteressen konzentrieren sich haupts\u00e4chlich auf die Entwicklung und \u00f6kologische Anwendung molekularer Marker und in j\u00fcngerer Zeit auf die Ursachen und Folgen von Geschlechtsumwandlungen bei Amphibien.<\/p> <p><strong>Forschungsschwerpunkte:<\/strong><\/p> <ul> <li>Einzigartige genetische Identifizierung von Greifv\u00f6geln mithilfe von Mikrosatellitenmarkern<\/li> <li>Entwicklung molekularer Marker und deren Einsatz in \u00f6kologischen und naturschutzgenetischen Studien<\/li> <li>Ursachen und Folgen der Geschlechtsumwandlung bei Amphibien<\/li> <\/ul> <p><strong>Themenberatung:<\/strong><\/p> <p>Doktoranden (Co-Betreuer): 2<\/p> <p>MSc-Studenten: 3<\/p> <p>BSc-Studierende: 5<\/p> <p>TDK-Thesen: 5<\/p> <p><strong>Fortschritt:<\/strong><\/p> <p>2020 \u2013 Veterin\u00e4rmedizinische Universit\u00e4t, Abteilung f\u00fcr \u00d6kologie, Forschungsgruppe Molekulare \u00d6kologie, Assistenzprofessor<\/p> <p>2019 \u2013 2020 Veterin\u00e4rmedizinische Universit\u00e4t, Abteilung f\u00fcr \u00d6kologie, Forschungsgruppe Conservation Genetics, wissenschaftlicher Mitarbeiter<\/p> <p>(2017 \u2013 2018 kommissarischer Laborleiter von Aquilabor)<\/p> <p>2017 \u2013 2019 Veterin\u00e4rmedizinische Universit\u00e4t, Abteilung \u00d6kologie, Forschungsgruppe Naturschutzgenetik, wissenschaftlicher Mitarbeiter<\/p> <p>2014 \u2013 2016 Royal Society for the Protection of Birds, Freiwilliger<\/p> <p>2008 \u2013 2013 Fakult\u00e4t f\u00fcr Veterin\u00e4rmedizin der Szent-Istv\u00e1n-Universit\u00e4t, Institut f\u00fcr Biologie, Abteilung f\u00fcr \u00d6kologie, leitender Experte (Zoologe)<\/p> <p><strong>Ausschussmitgliedschaft(en):<\/strong><\/p> <p>2011 &#8211; Mitglied des Organisationskomitees der Ungarischen Naturschutzbiologiekonferenzen<\/p> <p>2015 \u2013 Mitglied des Organisationskomitees der ungarischen Schwesterkonferenz (SCCS Europe) der Reihe \u201eStudent Conferences on Conservation Science\u201c (http:\/\/sccs.ecolres.hu)<\/p> <p>Mitgliedschaft(en) im Berufsverband:<\/p> <p>2001 \u2013 Ungarischer Ornithologie- und Naturschutzverband<\/p> <p>2005 \u2013 Ungarische Biologische Gesellschaft<\/p> <p>2012 \u2013 Gesellschaft f\u00fcr Naturschutzbiologie<\/p> <p><strong>Publikationsliste:<\/strong><\/p> <p>\u2013 Nemesh\u00e1zi, E; Sramk\u00f3, G; Laczk\u00f3, L; Balogh, E; Szatm\u00e1ri, L; Vili, N; Ujhegyi, N; Uveges, B; B\u00f3kony, V, Neuartige genetische Geschlechtsmarker zeigen unerwartetes Fehlen und eine \u00e4hnliche Anf\u00e4lligkeit f\u00fcr Geschlechtsumkehr bei frei lebenden Erdkr\u00f6ten sowohl in nat\u00fcrlichen als auch anthropogenen Lebensr\u00e4umen, Molecular Ecology, 31, 7, 2032-2043, 2022 https:\/\/doi .org\/10.1111\/mec.16388<\/p> <p>\u2013 Bokony, V; Ujhegyi, N; Miko, Zs; Stark, R; Hettyey, A; Vili, N; Gal, Z; Hoffmann, OI; Nemesh\u00e1zi, E, Geschlechtsumkehr und Leistung in Fitness-bezogenen Merkmalen w\u00e4hrend des fr\u00fchen Lebens bei agilen Fr\u00f6schen, Die Entwicklung und Fitness-Konsequenzen von Geschlechtsrollen, 768263101, 2022 https:\/\/doi.org\/10.3389\/fevo.2021.745752<\/p> <p>\u2013 Ujszegi, J; Bertalan, R; Ujhegyi, N; Vereb\u00e9lyi, V; Nemesh\u00e1zi, E; Miko, Zs; Kasler, A; Herczeg, D; Szederk\u00e9nyi, M; Vili, N; Gal, Z; Hoffmann, OI; Bokony, V; Hettyey, A, \u201eHitzewellen\u201c, die w\u00e4hrend des Larvenlebens auftreten, haben artspezifische Auswirkungen auf lebensgeschichtliche Merkmale und die sexuelle Entwicklung bei Anuran-Amphibien, Science of the Total Environment,835,155297, 2022 https:\/\/doi.org\/10.1016\/ j.scitotenv.2022.155297<\/p> <p>\u2013 Miko, Zs; Nemesh\u00e1zi, E; Ujhegyi, N; Vereb\u00e9lyi, V; Ujszegi, J; Kasler, A; Bertalan, R; Vili, N; Gal, Z; Hoffmann, OI; Geschlechtsumkehr und Ontogenese unter Klimawandel und chemischer Verschmutzung: Gibt es Wechselwirkungen zwischen den Auswirkungen erh\u00f6hter Temperatur und einem Xeno\u00f6strogen auf die fr\u00fche Entwicklung beweglicher Fr\u00f6sche?, Environmental Pollution, 285, 117464, 2021, https:\/\/doi.org\/ 10.1016\/ j.envpol.2021.117464<\/p> <p>\u2013 Magonyi, NM; Szab\u00f3, K; Feh\u00e9rv\u00e1ri, P; Solt, Sz; Palatitz, P; Vili, N; Bert\u00f3k, P; M\u00e1tics, R; Extrapaar-Vaterschaft, intraspezifischer Brutparasitismus, Quasiparasitismus und Polygamie beim Rotfu\u00dffalken (Falco vespertinus), Ibis, 163, 3, 1087\u20131092, 2021, https:\/\/doi.org\/10.1111\/ibi.12932<\/p> <p>\u2013 Magonyi, M.N., M\u00e1tics, R., Szab\u00f3, K., Feh\u00e9rv\u00e1ri, P., Solt, Sz., Palatitz, P., Vili, N. Charakterisierung neuartiger Mikrosatellitenmarker f\u00fcr Rotfu\u00dffalke (Falco vespertinus) und Kreuzung -Artenverst\u00e4rkung in anderen Falco-Arten, European Journal of Wildlife Research 65 (4), 62, 2019, https:\/\/doi.org\/10.1007\/s10344-019-1300-8<\/p> <p>\u2013 Vili, N., Szab\u00f3, K., Kov\u00e1cs, Sz., Kabai, P., Kalm\u00e1r, L., Horv\u00e1th, M. (2013) Hohe Fluktuationsrate, festgestellt durch nicht-invasive genetische Analysen in einer wachsenden Population des \u00d6stlichen Kaiseradlers . Acta Zoologica Academiae Scientiarum Hungaricae 59: 279\u2013295<\/p> <p>\u2013 Vili, N., Nemesh\u00e1zi, E., Kov\u00e1cs, Sz., Horv\u00e1th, M., Kalm\u00e1r, L., Szab\u00f3, K. (2013) Faktoren, die die DNA-Qualit\u00e4t in Federn beeinflussen, die f\u00fcr nicht-invasive Probenentnahmen verwendet werden. Journal of Ornithology 154: 587\u2013595, https:\/\/doi.org\/10.1007\/s10336-013-0932-9<\/p> <p>\u2013 Vili, N., Horv\u00e1th, M., Szab\u00f3, K., Kov\u00e1cs, S., Chavko, J., Hornung, E., Kalm\u00e1r, L. (2009) Genetische Struktur der Population des Kaiseradlers (Aquila heliaca) in Slowakei. Slovak Raptor Journal 3: 21\u201328, https:\/\/doi.org\/10.2478\/v10262-012-0029-z<\/p> <p>\u2013 Vili, N., Horv\u00e1th, M.B., Kov\u00e1cs, Sz., Chavko, J., Hornung, E., Kalm\u00e1r, L. (2009) Alternative Probenahmemethoden in der Vogelgenetik<\/p> <p><a href=\"https:\/\/m2.mtmt.hu\/gui2\/?type=authors&amp;mode=browse&amp;sel=authors10023248\">MTMT2<\/a> | <a href=\"https:\/\/scholar.google.com\/citations?user=gCsC4MgAAAAJ&amp;hl=hu\">Google Scholar<\/a> | <a href=\"https:\/\/orcid.org\/0000-0001-7241-231X\">ORCID<\/a><\/p>","protected":false},"excerpt":{"rendered":"<p>Einf\u00fchrung: Mein Name ist N\u00f3ra Vili, ich arbeite als Assistenzprofessorin am Institut f\u00fcr \u00d6kologie. Zurzeit f\u00fchre ich \u00d6kologie-Praktika f\u00fcr BSc-Studenten durch, beteilige mich an der Lehre der Molekularen \u00d6kologie und absolviere im Labor der Forschungsgruppe f\u00e4cher\u00fcbergreifende Praktika. Dar\u00fcber hinaus unterrichte ich im ungarischsprachigen Abschlussvorbereitungsprogramm der Veterin\u00e4rmedizinischen Universit\u00e4t. Meine Forschungsinteressen konzentrieren sich haupts\u00e4chlich auf die Entwicklung<\/p>\n","protected":false},"author":5824,"featured_media":0,"parent":859,"menu_order":37,"comment_status":"open","ping_status":"open","template":"","meta":{"_acf_changed":false,"footnotes":""},"categories":[],"tags":[],"class_list":["post-93502","page","type-page","status-publish","hentry"],"acf":[],"_links":{"self":[{"href":"https:\/\/univet.hu\/de\/wp-json\/wp\/v2\/pages\/93502","targetHints":{"allow":["GET"]}}],"collection":[{"href":"https:\/\/univet.hu\/de\/wp-json\/wp\/v2\/pages"}],"about":[{"href":"https:\/\/univet.hu\/de\/wp-json\/wp\/v2\/types\/page"}],"author":[{"embeddable":true,"href":"https:\/\/univet.hu\/de\/wp-json\/wp\/v2\/users\/5824"}],"replies":[{"embeddable":true,"href":"https:\/\/univet.hu\/de\/wp-json\/wp\/v2\/comments?post=93502"}],"version-history":[{"count":1,"href":"https:\/\/univet.hu\/de\/wp-json\/wp\/v2\/pages\/93502\/revisions"}],"predecessor-version":[{"id":200555,"href":"https:\/\/univet.hu\/de\/wp-json\/wp\/v2\/pages\/93502\/revisions\/200555"}],"up":[{"embeddable":true,"href":"https:\/\/univet.hu\/de\/wp-json\/wp\/v2\/pages\/859"}],"wp:attachment":[{"href":"https:\/\/univet.hu\/de\/wp-json\/wp\/v2\/media?parent=93502"}],"wp:term":[{"taxonomy":"category","embeddable":true,"href":"https:\/\/univet.hu\/de\/wp-json\/wp\/v2\/categories?post=93502"},{"taxonomy":"post_tag","embeddable":true,"href":"https:\/\/univet.hu\/de\/wp-json\/wp\/v2\/tags?post=93502"}],"curies":[{"name":"wp","href":"https:\/\/api.w.org\/{rel}","templated":true}]}}