{"id":93522,"date":"2023-09-14T11:54:24","date_gmt":"2023-09-14T09:54:24","guid":{"rendered":"https:\/\/univet.hu\/?page_id=93522"},"modified":"2026-02-10T04:39:42","modified_gmt":"2026-02-10T03:39:42","slug":"dr-mcdonald-grant-c","status":"publish","type":"page","link":"https:\/\/univet.hu\/de\/universitaet\/mitarbeiter\/dr-mcdonald-grant-c\/","title":{"rendered":"Dr. McDonald Grant C."},"content":{"rendered":"<p><strong>Einf\u00fchrung<\/strong><\/p> <p>Grant C. McDonald ist ein Evolutions\u00f6kologe, der untersucht, wie die soziale Organisation von Tiergesellschaften die Fortpflanzungsstrategien von M\u00e4nnern und Frauen reguliert. Er promovierte an der Universit\u00e4t Oxford, wo er untersuchte, wie Variationen in sozialen und sexuellen Netzwerken Muster sexueller Selektion und sexueller Konflikte beeinflussen. Seine aktuelle Forschung untersucht den Einfluss von sozialem Verhalten und \u00f6kologischen Variationen auf die Entwicklung von Paarungssystemen und der elterlichen F\u00fcrsorge bei K\u00fcstenv\u00f6geln.<\/p> <p><strong>Hauptforschungsgebiete<\/strong><\/p> <ul> <li>Sexuelle Selektion<\/li> <li>Sexueller Konflikt<\/li> <li>Entwicklung des Paarungssystems<\/li> <li>Geselligkeit<\/li> <li>Sexuelle und soziale Netzwerke<\/li> <\/ul> <p>&nbsp;<\/p> <p><strong>Fortschritt<\/strong><\/p> <p>Seit 2024\u00a0au\u00dferordentlicher Professor, Lehrstuhl f\u00fcr Zoologie, Universit\u00e4t f\u00fcr Veterin\u00e4rmedizin<\/p> <p>2020-2024 unabh\u00e4ngiger wissenschaftlicher Mitarbeiter, OTKA Young Researcher Excellence Program, Abteilung f\u00fcr \u00d6kologie, Veterin\u00e4rmedizinische Universit\u00e4t Budapest<\/p> <p>2019-2020 Postdoktorand, Abteilung f\u00fcr \u00d6kologie, Veterin\u00e4rmedizinische Universit\u00e4t Budapest<\/p> <p>2017-2019 Fellowship Lecturer, Keble College, University of Oxford<\/p> <p>2016\u20132017\u00a0\u00a0\u00a0\u00a0\u00a0\u00a0 Fellowship Lecturer, St. Catherine&#8217;s College, Universit\u00e4t Oxford<\/p> <p>2014\u20132019 Postdoktorand, wissenschaftlicher Mitarbeiter, Abteilung f\u00fcr Zoologie, Universit\u00e4t Oxford<\/p> <p>2010\u20132015 Universit\u00e4t Oxford, Doktor der Philosophie in Zoologie<\/p> <p>2008-2009 Imperial College London, Master of Science in \u00d6kologie, Evolution und Naturschutz<\/p> <p>2002-2006 University of Glasgow, Bachelor of Science in Zoologie mit Auszeichnung,<\/p> <p>Vollst\u00e4ndige Publikationsliste: <a href=\"https:\/\/scholar.google.co.uk\/citations?user=iloxTQsAAAAJ&amp;hl=en\" target=\"_blank\" rel=\"noopener\">googlescholar<\/a>\u00a0<a href=\"https:\/\/m2.mtmt.hu\/gui2\/?type=authors&amp;mode=browse&amp;sel=10068618\">mtmt<\/a><\/p> <p>&nbsp;<\/p> <p><strong>Publikationsliste:<\/strong><\/p> <ol> <li><strong>McDonald*, G.C.<\/strong>, \u00c1. Bede-Fazekas<strong>*<\/strong>, A. Ivanov, L. Crecco, T. Sz\u00e9kely and A. Kosztol\u00e1nyi (2022) Landscape and climatic predictors of Kentish plover (<em>Charadrius alexandrinus<\/em>) distributions throughout Kazakhstan.\u00a0<strong><em>IBIS<\/em>.<\/strong><\/li> <li>Roth, A.M., N. Dingemanse, S. Nakagawa, <strong>G.C. McDonald<\/strong>, H. L\u00f8vlie, D. Robledo-Ruiz, and T. Pizzari (2021) Sexual selection and personality: individual and group-level effects on mating behaviour in red junglefowl.\u00a0<strong><em>J. Anim. Ecol.<\/em><\/strong>\u00a090:1288-1306.<\/li> <li>Carleial<strong>*<\/strong>, R., <strong>G.C. McDonald*<\/strong>, L.G. Spurgin, E.A. Fairfield, Y. Wang, D.S. Richardson and T. Pizzari (2020) Temporal dynamics of competitive fertilisation in social groups of red junglefowl (<em>Gallus gallus<\/em>) shed new light on avian sperm competition<em>.<\/em>\u00a0<strong><em>Philos. Trans. R. Soc. B Biol. Sci.<\/em><\/strong>\u00a0375:20200081.<\/li> <li>Halimubieke, N., K. Kup\u00e1n, J.O. Valdebenito, [\u2026] <strong>G.C. McDonald<\/strong>, Y. Liu, A. Kosztol\u00e1nyi and T. Sz\u00e9kely (2020) Successful breeding predicts divorce in plovers.\u00a0<strong><em>Sci. Rep.<\/em><\/strong>\u00a010:15576.<\/li> <li><strong>McDonald, G.C.<\/strong>, N. Engel, S.S. Rat\u00e3o, T. Sz\u00e9kely and A. Kosztol\u00e1nyi (2020) The impact of social structure on breeding strategies in an island bird.\u00a0<strong><em>Rep.<\/em><\/strong>\u00a010:1387210.<\/li> <li><strong>McDonald, G.C.<\/strong>, L.G. Spurgin, E.A. Fairfield, D.S. Richardson and T. Pizzari (2019) Differential female sociality is linked with the fine-scale structure of sexual interactions in replicate groups of red junglefowl,\u00a0<em>Gallus gallus.<\/em>\u00a0<strong><em>R. Soc. B Biol. Sci.<\/em><\/strong>\u00a0286:20191734.<\/li> <li>Carleial<strong>*<\/strong>, R.,\u00a0<strong>G.C. McDonald*<\/strong>\u00a0and T. Pizzari (2019) Dynamic phenotypic correlates of social status and mating effort in male and female red junglefowl,\u00a0<em>Gallus gallus.<\/em>\u00a0<strong><em>J. Evol. Biol.<\/em><\/strong>\u00a033:22-40.<\/li> <li>Alvarez-Fernandez<strong>*<\/strong>, A., K. Borziak<strong>*<\/strong>,\u00a0<strong>G.C. McDonald<\/strong>, S. Dorus and T. Pizzari (2019) Female novelty and male status dynamically modulate ejaculate expenditure and seminal fluid proteome over successive matings in red junglefowl.\u00a0<strong><em>Sci. Rep.\u00a0<\/em><\/strong>9:5852.<\/li> <li><strong>McDonald, G.C.<\/strong>, A. Gardner and T. Pizzari (2019) Sexual selection in complex communities: integrating interspecific reproductive interference in structured populations. 73:1025-1036.<\/li> <li>Pizzari, T. and <strong>G.C. McDonald<\/strong>\u00a0(2019) Sexual selection in socially-structured, polyandrous populations: some insights from the fowl.\u00a0<strong><em>Adv. Study Behav.<\/em><\/strong>\u00a051:77-141.<\/li> <li>Morimoto, J., <strong>G.C. McDonald<\/strong>, E. Smith, D. Smith, J. Perry, T. Chapman, T. Pizzari and S. Wigby (2019) Sex peptide receptor-regulated polyandry modulates the balance of pre- and post-copulatory sexual selection in Drosophila.\u00a0<strong><em>Nat. Commun.<\/em><\/strong>\u00a010:283.<\/li> <li><strong>McDonald, G.C.<\/strong>\u00a0and T. Pizzari (2018) Structure of sexual networks determines the operation of sexual selection.\u00a0<strong><em>Natl Acad. Sci. U. S. A.<\/em><\/strong>\u00a0115:E53-E61.<\/li> <li><strong>McDonald, G.C.<\/strong>, D.R. Farine, K.R. Foster and J.M. Biernaskie (2017) Assortment and the analysis of natural selection on social traits. 71:2693\u20132702.<\/li> <li><strong>McDonald, G.C.<\/strong>, L.G. Spurgin, E.A. Fairfield, D.R. Richardson and T. Pizzari (2017) Pre- and postcopulatory sexual selection favour aggressive, young males in polyandrous groups of red junglefowl. 71:1653\u20131669.<\/li> <li>Miller, C.W., <strong>G.C. McDonald<\/strong>, and A.J. Moore (2016) The tale of the shrinking weapon: seasonal changes in nutrition affect weapon size and sexual dimorphism, but not contemporary evolution.\u00a0<strong><em>J. Evol. Biol.<\/em><\/strong>\u00a029:2266\u20132275.<\/li> <li><strong>McDonald, G.C.<\/strong>\u00a0and T. Pizzari (2016) 162. Sexual networks.\u00a0<strong><em>Encyclopedia of Evolutionary Biology.<\/em><\/strong><\/li> <li><strong>McDonald, G.C.<\/strong>\u00a0and T. Pizzari (2016) Why patterns of assortative mating are key to study sexual selection and how to measure them.\u00a0<strong><em>Ecol. Sociobiol.<\/em><\/strong>\u00a070:209\u2013220.<\/li> <li><strong>McDonald, G.C.<\/strong>\u00a0and T. Pizzari (2015) Mating behaviour: sexual networks and sexual selection. Pp. 24\u201337\u00a0<em>in<\/em>\u00a0<strong><em>Animal social networks: Perspectives and challenges<\/em><\/strong>. Oxford University Press, Oxford.<\/li> <li><strong>McDonald, G.C.<\/strong>, R. James, J. Krause and T. Pizzari (2013) Sexual networks: measuring sexual selection in structured, polyandrous populations.\u00a0<strong><em>Trans. R. Soc. B Biol. Sci.<\/em><\/strong>\u00a0368:20120356.<\/li> <\/ol>","protected":false},"excerpt":{"rendered":"<p>Einf\u00fchrung Grant C. McDonald ist ein Evolutions\u00f6kologe, der untersucht, wie die soziale Organisation von Tiergesellschaften die Fortpflanzungsstrategien von M\u00e4nnern und Frauen reguliert. Er promovierte an der Universit\u00e4t Oxford, wo er untersuchte, wie Variationen in sozialen und sexuellen Netzwerken Muster sexueller Selektion und sexueller Konflikte beeinflussen. Seine aktuelle Forschung untersucht den Einfluss von sozialem Verhalten und<\/p>\n","protected":false},"author":5824,"featured_media":0,"parent":859,"menu_order":207,"comment_status":"closed","ping_status":"closed","template":"","meta":{"_acf_changed":false,"footnotes":""},"categories":[55],"tags":[],"class_list":["post-93522","page","type-page","status-publish","hentry","category-mitarbeiter"],"acf":[],"_links":{"self":[{"href":"https:\/\/univet.hu\/de\/wp-json\/wp\/v2\/pages\/93522","targetHints":{"allow":["GET"]}}],"collection":[{"href":"https:\/\/univet.hu\/de\/wp-json\/wp\/v2\/pages"}],"about":[{"href":"https:\/\/univet.hu\/de\/wp-json\/wp\/v2\/types\/page"}],"author":[{"embeddable":true,"href":"https:\/\/univet.hu\/de\/wp-json\/wp\/v2\/users\/5824"}],"replies":[{"embeddable":true,"href":"https:\/\/univet.hu\/de\/wp-json\/wp\/v2\/comments?post=93522"}],"version-history":[{"count":1,"href":"https:\/\/univet.hu\/de\/wp-json\/wp\/v2\/pages\/93522\/revisions"}],"predecessor-version":[{"id":200644,"href":"https:\/\/univet.hu\/de\/wp-json\/wp\/v2\/pages\/93522\/revisions\/200644"}],"up":[{"embeddable":true,"href":"https:\/\/univet.hu\/de\/wp-json\/wp\/v2\/pages\/859"}],"wp:attachment":[{"href":"https:\/\/univet.hu\/de\/wp-json\/wp\/v2\/media?parent=93522"}],"wp:term":[{"taxonomy":"category","embeddable":true,"href":"https:\/\/univet.hu\/de\/wp-json\/wp\/v2\/categories?post=93522"},{"taxonomy":"post_tag","embeddable":true,"href":"https:\/\/univet.hu\/de\/wp-json\/wp\/v2\/tags?post=93522"}],"curies":[{"name":"wp","href":"https:\/\/api.w.org\/{rel}","templated":true}]}}