{"id":93750,"date":"2023-09-15T09:02:39","date_gmt":"2023-09-15T07:02:39","guid":{"rendered":"https:\/\/univet.hu\/?page_id=93750"},"modified":"2026-02-10T04:43:46","modified_gmt":"2026-02-10T03:43:46","slug":"horvath-david-geza","status":"publish","type":"page","link":"https:\/\/univet.hu\/de\/universitaet\/mitarbeiter\/horvath-david-geza\/","title":{"rendered":"Horv\u00e1th D\u00e1vid G\u00e9za"},"content":{"rendered":"<p style=\"text-align: center;\"><strong>Einf\u00fchrung<\/strong><\/p> <p>Seit 2020 unterrichte ich Pathologie\u00fcbungen f\u00fcr Veterin\u00e4rstudierende im dritten und vierten Studienjahr sowie Labordiagnostik f\u00fcr Studierende im 11. Semester auf Ungarisch und Englisch.<\/p> <p><strong>Hauptforschungsgebiete<\/strong><\/p> <p>Veterin\u00e4rmedizinische Anwendung der digitalen Pathologie, insbesondere bei histopathologischen Ver\u00e4nderungen einiger viraler Schweineerkrankungen.<br \/> <strong>Fortschritt<\/strong><\/p> <p>Als Student nahm ich am Mentorenprogramm teil und assistierte als Demonstrator bei den Autopsie\u00fcbungen von Drittkl\u00e4sslern. Im Jahr 2020 schloss ich mein Studium der Veterin\u00e4rmedizin mit summa cum laude ab und begann in der Abteilung f\u00fcr Pathologie zu arbeiten. Ich war zun\u00e4chst als Abteilungstier\u00e4rztin angestellt, dann wurde ich im selben Jahr zum Doktoratsstudium zugelassen. Mein Thema ist die digitale Schnittanalyse in der Veterin\u00e4rpathologie.<\/p> <p><strong>Anzahl der bisherigen Abschlussarbeiten\/TDK-Studierenden:<\/strong><\/p> <p>Betreuung einer Doktorarbeit<\/p> <p><strong>Publikationsliste<\/strong><\/p> <table style=\"height: 145px;\" width=\"881\"> <tbody> <tr style=\"height: 72px;\"> <td style=\"width: 40.0469px; height: 72px;\">1.<\/td> <td style=\"width: 824.953px; height: 72px;\"><span data-contrast=\"auto\">D\u00e9nes L, Horv\u00e1th DG, Duran O, Ratkhjen PH, Kraft C, Acs B, Sz\u00e1sz AM, R\u00fcmenapf T, Papp M, Ladinig A, Balka G (2021): In Situ Hybridization of PRRSV-1 Combined with Digital Image Analysis in Lung Tissues of Pigs Challenged with PRRSV-1. Veterinary Science. 8:235<\/span><\/td> <\/tr> <tr style=\"height: 48px;\"> <td style=\"width: 40.0469px; height: 48px;\">2.<\/td> <td style=\"width: 824.953px; height: 48px;\"><span data-contrast=\"auto\">Horv\u00e1th DG, S\u00f3s E, D\u00e9nes L, D\u00e1n \u00c1, Biksi I, Balka G (2020): Az elef\u00e1ntok endotheliotropikus herpeszv\u00edrusa, Irodalmi \u00f6sszefoglal\u00f3. Magyar Allatorvosok Lapja. 142:303-312<\/span><\/td> <\/tr> <tr style=\"height: 25px;\"> <td style=\"width: 40.0469px; height: 25px;\">3.<\/td> <td style=\"width: 824.953px; height: 25px;\">\u00a0Horv\u00e1th DG, T\u00f3th G, Lencse Z, Balka G (2021): Multirezisztens <i style=\"font-family: inherit; font-size: inherit;\"><span data-contrast=\"auto\">Enterococcus faecium<\/span><\/i><span style=\"font-family: inherit; font-size: inherit;\" data-contrast=\"auto\"> okozta gerincvel\u0151burok-gyullad\u00e1s kuty\u00e1ban. Magyar Allatorvosok Lapja. 143:451-464<\/span><\/td> <\/tr> <\/tbody> <\/table> <p>&nbsp;<\/p>","protected":false},"excerpt":{"rendered":"<p>Einf\u00fchrung Seit 2020 unterrichte ich Pathologie\u00fcbungen f\u00fcr Veterin\u00e4rstudierende im dritten und vierten Studienjahr sowie Labordiagnostik f\u00fcr Studierende im 11. Semester auf Ungarisch und Englisch. Hauptforschungsgebiete Veterin\u00e4rmedizinische Anwendung der digitalen Pathologie, insbesondere bei histopathologischen Ver\u00e4nderungen einiger viraler Schweineerkrankungen. Fortschritt Als Student nahm ich am Mentorenprogramm teil und assistierte als Demonstrator bei den Autopsie\u00fcbungen von Drittkl\u00e4sslern. Im<\/p>\n","protected":false},"author":5824,"featured_media":0,"parent":859,"menu_order":210,"comment_status":"closed","ping_status":"closed","template":"","meta":{"_acf_changed":false,"footnotes":""},"categories":[55],"tags":[],"class_list":["post-93750","page","type-page","status-publish","hentry","category-mitarbeiter"],"acf":[],"_links":{"self":[{"href":"https:\/\/univet.hu\/de\/wp-json\/wp\/v2\/pages\/93750","targetHints":{"allow":["GET"]}}],"collection":[{"href":"https:\/\/univet.hu\/de\/wp-json\/wp\/v2\/pages"}],"about":[{"href":"https:\/\/univet.hu\/de\/wp-json\/wp\/v2\/types\/page"}],"author":[{"embeddable":true,"href":"https:\/\/univet.hu\/de\/wp-json\/wp\/v2\/users\/5824"}],"replies":[{"embeddable":true,"href":"https:\/\/univet.hu\/de\/wp-json\/wp\/v2\/comments?post=93750"}],"version-history":[{"count":1,"href":"https:\/\/univet.hu\/de\/wp-json\/wp\/v2\/pages\/93750\/revisions"}],"predecessor-version":[{"id":200694,"href":"https:\/\/univet.hu\/de\/wp-json\/wp\/v2\/pages\/93750\/revisions\/200694"}],"up":[{"embeddable":true,"href":"https:\/\/univet.hu\/de\/wp-json\/wp\/v2\/pages\/859"}],"wp:attachment":[{"href":"https:\/\/univet.hu\/de\/wp-json\/wp\/v2\/media?parent=93750"}],"wp:term":[{"taxonomy":"category","embeddable":true,"href":"https:\/\/univet.hu\/de\/wp-json\/wp\/v2\/categories?post=93750"},{"taxonomy":"post_tag","embeddable":true,"href":"https:\/\/univet.hu\/de\/wp-json\/wp\/v2\/tags?post=93750"}],"curies":[{"name":"wp","href":"https:\/\/api.w.org\/{rel}","templated":true}]}}