{"id":93795,"date":"2023-09-15T09:44:50","date_gmt":"2023-09-15T07:44:50","guid":{"rendered":"https:\/\/univet.hu\/?page_id=93795"},"modified":"2026-02-10T04:38:50","modified_gmt":"2026-02-10T03:38:50","slug":"szenes-aron-2","status":"publish","type":"page","link":"https:\/\/univet.hu\/de\/universitaet\/mitarbeiter\/szenes-aron-2\/","title":{"rendered":"Szenes \u00c1ron"},"content":{"rendered":"<p style=\"text-align: center;\"><strong>Einf\u00fchrung<\/strong><\/p> <p>Ausbildungst\u00e4tigkeit: Leitung von Diplom- und TDK-Arbeiten (Doktor der Veterin\u00e4rmedizin, Biologie und Biotechnologie)<\/p> <p>Interessengebiet: angewandte Forschungsprojekte, die in Unternehmenskooperationen umgesetzt werden<\/p> <p>Forschungsschwerpunkte:<\/p> <ul> <li>Genomik und landwirtschaftliche Digitalisierung<\/li> <\/ul> <p><strong>Fortschritt:<\/strong><\/p> <p>Abschluss: Benc\u00e9s High School, Pannonhalma, 2001<\/p> <p>H\u00f6here Bildung:<\/p> <p>2006 MSc in Biologie, ELTE<\/p> <p>2011 Biologielehrer HEUTE, ELTE<\/p> <p>2016 Rechtsanwalt, ELTE<\/p> <p>2019 MBA in Wirtschaftswissenschaften, BME<\/p> <p>Wissenschaftlicher Fortschritt:<\/p> <p>Biowissenschaften PhD, ELTE, 2013<\/p> <p><strong>Anzahl der bisherigen Abschlussarbeiten\/TDK-Studenten: 3<\/strong><\/p> <p>&#8211; Betreuung von 2 Doktoranden (1 Biologie BSc, 1 Bioingenieurwesen MSc)<\/p> <p>&#8211; Betreuung einer TDK-Arbeit<\/p> <p><strong>Anzahl der bisherigen Doktoranden: 0<\/strong><\/p> <p><strong>Publikationsliste (Top 10)<\/strong> in chronologischer Reihenfolge<\/p> <table style=\"height: 301px;\" width=\"1258\"> <tbody> <tr> <td style=\"width: 37.0333px;\">1.<\/td> <td style=\"width: 1204.97px;\"><span data-contrast=\"none\">Fekete, Zs\u00f3fia ; Kontra, Levente ; St\u00e9ger, Viktor ; Hiripi, L\u00e1szl\u00f3 ; Nagy, Tibor ; N\u00e9met, Zolt\u00e1n L\u00e1szl\u00f3 ; Szenes, \u00c1ron ; Ninausz, N\u00f3ra ; P\u00e1sztor, Adrienn ; \u00c9gerh\u00e1zi, B\u00e1lint et al. Genome wide study of wild European rabbit (Oryctolagus cuniculus) populations in Hungary In: T\u00fcnde, Pusztahelyi; Levente, Cegl\u00e9di; \u00c9va, Domonkos-Szabolcsy; Tam\u00e1s, Emri (szerk.) 4th National Conference of Young Biotechnologists Debrecen, Magyarorsz\u00e1g : Debreceni Egyetem (2020) p. 87<\/span><span data-ccp-props=\"{&quot;134233118&quot;:true,&quot;201341983&quot;:0,&quot;335559739&quot;:160,&quot;335559740&quot;:240}\">\u00a0<\/span><\/td> <\/tr> <tr> <td style=\"width: 37.0333px;\">2.<\/td> <td style=\"width: 1204.97px;\"><span data-contrast=\"none\">N\u00e9met, Z. <\/span><span data-contrast=\"none\">&#x2709;<\/span><span data-contrast=\"none\"> ; Albert, E. ; D\u00e1n, \u00c1. ; Balka, G. ; Szenes, \u00c1. ; Sipos, R. ; B\u00f3dizs, S. ; Biksi, I. Genomic analysis of staphylococcus aureus strains originating from hungarian rabbit farms reinforce the clonal origin of various virulence types ANIMALS 10 : 7 pp. 1-13. Paper: 1128 , 13 p. (2020)<\/span><span data-ccp-props=\"{&quot;134233118&quot;:true,&quot;201341983&quot;:0,&quot;335559739&quot;:160,&quot;335559740&quot;:240}\">\u00a0<\/span><\/td> <\/tr> <tr> <td style=\"width: 37.0333px;\">3.<\/td> <td style=\"width: 1204.97px;\"><span data-contrast=\"none\">Fekete, Zs\u00f3fia ; Kontra, Levente ; Nagy, Tibor ; St\u00e9ger, Viktor ; Hiripi, L\u00e1szl\u00f3 ; N\u00e9met, Zolt\u00e1n L\u00e1szl\u00f3 ; Szenes, \u00c1ron ; Frank, Kriszti\u00e1n ; Pint\u00e9r, T\u00edmea ; Schiller, M\u00e1ty\u00e1s et al. J\u00e1rv\u00e1nyos ny\u00fal enterop\u00e1tia genetikai h\u00e1tter\u00e9nek vizsg\u00e1lata teljes genom szekven\u00e1l\u00e1ssal In: Genetikai M\u0171helyek Magyarorsz\u00e1gon XVIII. Minikonferencia (2019) p. 2<\/span><span data-ccp-props=\"{&quot;134233118&quot;:true,&quot;201341983&quot;:0,&quot;335559739&quot;:160,&quot;335559740&quot;:240}\">\u00a0<\/span><\/td> <\/tr> <tr> <td style=\"width: 37.0333px;\">4.<\/td> <td style=\"width: 1204.97px;\"><span data-contrast=\"none\">\u00c1ron, Szenes ; G\u00e1bor, P\u00e1l Mapping Hidden Potential Identity Elements by Computing the Average Discriminating Power of Individual tRNA Positions DNA RESEARCH 19 : 3 pp. 245-258. , 14 p. (2012)<\/span><span data-ccp-props=\"{&quot;134233118&quot;:true,&quot;201341983&quot;:0,&quot;335559739&quot;:160,&quot;335559740&quot;:240}\">\u00a0<\/span><\/td> <\/tr> <tr> <td style=\"width: 37.0333px;\">5.<\/td> <td style=\"width: 1204.97px;\"><span data-contrast=\"none\">Rapali, P\u00e9ter ; Szenes, \u00c1ron ; Radnai, L\u00e1szl\u00f3 ; Bakos, A ; P\u00e1l, G\u00e1bor ; Nyitray, L\u00e1szl\u00f3 DYNLL\/LC8: a light chain subunit of the dynein motor complex and beyond. FEBS JOURNAL 278 : 17 pp. 2980-2996. , 17 p. (2011)<\/span><span data-ccp-props=\"{&quot;134233118&quot;:true,&quot;201341983&quot;:0,&quot;335559739&quot;:160,&quot;335559740&quot;:240}\">\u00a0<\/span><\/td> <\/tr> <tr> <td style=\"width: 37.0333px;\">6.<\/td> <td style=\"width: 1204.97px;\"><span data-contrast=\"none\">H\u00f3di, Zsuzsa ; Rapali, P\u00e9ter ; Radnai, L\u00e1szl\u00f3 ; Moln\u00e1r, Tam\u00e1s ; Szenes, \u00c1ron ; Kardos, J\u00f3zsef ; Buday, L ; Stafford, WF ; Nyitray, L\u00e1szl\u00f3 The LC8 family of dynein light chains: Multifunctional chaperon-like proteins FEBS JOURNAL 274 pp. 106-106. Paper: B1-37 , 1 p. (2007)<\/span><span data-ccp-props=\"{&quot;134233118&quot;:true,&quot;201341983&quot;:0,&quot;335559739&quot;:160,&quot;335559740&quot;:240}\">\u00a0<\/span><\/td> <\/tr> <tr> <td style=\"width: 37.0333px;\">7.<\/td> <td style=\"width: 1204.97px;\"><span data-contrast=\"none\">Jak\u00f3, \u00c9ena ; Ittz\u00e9s, P\u00e9ter ; Szenes, \u00c1ron ; Kun, \u00c1d\u00e1m ; Szathm\u00e1ry, E\u00f6rs ; P\u00e1l, G\u00e1bor In silico detection of tRNA sequence features characteristic to aminoacyl-tRNA synthetase class membership. NUCLEIC ACIDS RESEARCH 35 : 16 pp. 5593-5609. , 17 p. (2007)<\/span><span data-ccp-props=\"{&quot;134233118&quot;:true,&quot;201341983&quot;:0,&quot;335559739&quot;:160,&quot;335559740&quot;:240}\">\u00a0<\/span><\/td> <\/tr> <\/tbody> <\/table> <p><span data-contrast=\"none\">MTMT ID: <\/span><span data-contrast=\"none\">10020472<\/span><\/p>","protected":false},"excerpt":{"rendered":"<p>Einf\u00fchrung Ausbildungst\u00e4tigkeit: Leitung von Diplom- und TDK-Arbeiten (Doktor der Veterin\u00e4rmedizin, Biologie und Biotechnologie) Interessengebiet: angewandte Forschungsprojekte, die in Unternehmenskooperationen umgesetzt werden Forschungsschwerpunkte: Genomik und landwirtschaftliche Digitalisierung Fortschritt: Abschluss: Benc\u00e9s High School, Pannonhalma, 2001 H\u00f6here Bildung: 2006 MSc in Biologie, ELTE 2011 Biologielehrer HEUTE, ELTE 2016 Rechtsanwalt, ELTE 2019 MBA in Wirtschaftswissenschaften, BME Wissenschaftlicher Fortschritt: Biowissenschaften<\/p>\n","protected":false},"author":5824,"featured_media":0,"parent":859,"menu_order":37,"comment_status":"open","ping_status":"open","template":"","meta":{"_acf_changed":false,"footnotes":""},"categories":[],"tags":[],"class_list":["post-93795","page","type-page","status-publish","hentry"],"acf":[],"_links":{"self":[{"href":"https:\/\/univet.hu\/de\/wp-json\/wp\/v2\/pages\/93795","targetHints":{"allow":["GET"]}}],"collection":[{"href":"https:\/\/univet.hu\/de\/wp-json\/wp\/v2\/pages"}],"about":[{"href":"https:\/\/univet.hu\/de\/wp-json\/wp\/v2\/types\/page"}],"author":[{"embeddable":true,"href":"https:\/\/univet.hu\/de\/wp-json\/wp\/v2\/users\/5824"}],"replies":[{"embeddable":true,"href":"https:\/\/univet.hu\/de\/wp-json\/wp\/v2\/comments?post=93795"}],"version-history":[{"count":1,"href":"https:\/\/univet.hu\/de\/wp-json\/wp\/v2\/pages\/93795\/revisions"}],"predecessor-version":[{"id":200546,"href":"https:\/\/univet.hu\/de\/wp-json\/wp\/v2\/pages\/93795\/revisions\/200546"}],"up":[{"embeddable":true,"href":"https:\/\/univet.hu\/de\/wp-json\/wp\/v2\/pages\/859"}],"wp:attachment":[{"href":"https:\/\/univet.hu\/de\/wp-json\/wp\/v2\/media?parent=93795"}],"wp:term":[{"taxonomy":"category","embeddable":true,"href":"https:\/\/univet.hu\/de\/wp-json\/wp\/v2\/categories?post=93795"},{"taxonomy":"post_tag","embeddable":true,"href":"https:\/\/univet.hu\/de\/wp-json\/wp\/v2\/tags?post=93795"}],"curies":[{"name":"wp","href":"https:\/\/api.w.org\/{rel}","templated":true}]}}