{"id":93821,"date":"2023-09-15T10:28:51","date_gmt":"2023-09-15T08:28:51","guid":{"rendered":"https:\/\/univet.hu\/?page_id=93821"},"modified":"2026-02-10T04:38:21","modified_gmt":"2026-02-10T03:38:21","slug":"igriczi-barbara-2","status":"publish","type":"page","link":"https:\/\/univet.hu\/de\/universitaet\/mitarbeiter\/igriczi-barbara-2\/","title":{"rendered":"Igriczi Barbara"},"content":{"rendered":"<p style=\"text-align: center;\"><strong>Einf\u00fchrung<\/strong><\/p> <p>Ich setzte mein Universit\u00e4tsstudium an der Fakult\u00e4t f\u00fcr Chemieingenieurwesen und Bioingenieurwesen der Technischen und Wirtschaftswissenschaftlichen Universit\u00e4t Budapest fort. Im Jahr 2020 habe ich den Bioingenieur-Masterstudiengang Gesundheitsschutz abgeschlossen. Derzeit forsche ich im molekularbiologischen Labor der Abteilung f\u00fcr Pathologie im Rahmen der Doktorandenausbildung an der Veterin\u00e4rmedizinischen Universit\u00e4t. Mein Hauptforschungsthema ist die Untersuchung der Pr\u00e4valenz und genetischen Vielfalt porziner Circoviren und Parvoviren in ungarischen Schweinebest\u00e4nden.<\/p> <p><strong>Forschungsschwerpunkte:<\/strong><\/p> <ul> <li>Infektionsdynamik und vergleichende Genetik porziner Circoviren und Parvoviren in gro\u00dfen Schweineherden<\/li> <\/ul> <p><strong>Anzahl der bisherigen Abschlussarbeiten\/TDK-Studenten: 1<\/strong><\/p> <p><strong>Publikationsliste<\/strong><\/p> <p>MTMT: 10075035<\/p> <table style=\"height: 10px;\" width=\"1165\"> <tbody> <tr style=\"height: 10px;\"> <td style=\"width: 32.0333px; height: 10px;\">1.<\/td> <td style=\"width: 1116.97px; height: 10px;\"> <p><span data-contrast=\"auto\">Rakv\u00e1cs Zs, Kucsma N, Gera M, Igriczi B., Kiss K., Barna J, Kov\u00e1cs D., Vellai T, Bencs L, Reisecker J.M., Szoboszlai N, Szak\u00e1cs G: The human ABCB6 protein is the functional homologue of HMT-1 proteins mediating cadmium detoxification<\/span><span data-ccp-props=\"{&quot;201341983&quot;:0,&quot;335559739&quot;:160,&quot;335559740&quot;:259}\">\u00a0<\/span><\/p> <p><span data-contrast=\"auto\">CELLULAR AND MOLECULAR LIFE SCIENCES 76 : 20 pp. 4131-4144. , 14 p. (2019)<\/span><span data-ccp-props=\"{&quot;201341983&quot;:0,&quot;335559739&quot;:160,&quot;335559740&quot;:259}\"><br \/> <\/span><\/td> <\/tr> <\/tbody> <\/table> <p>&nbsp;<\/p>","protected":false},"excerpt":{"rendered":"<p>Einf\u00fchrung Ich setzte mein Universit\u00e4tsstudium an der Fakult\u00e4t f\u00fcr Chemieingenieurwesen und Bioingenieurwesen der Technischen und Wirtschaftswissenschaftlichen Universit\u00e4t Budapest fort. Im Jahr 2020 habe ich den Bioingenieur-Masterstudiengang Gesundheitsschutz abgeschlossen. Derzeit forsche ich im molekularbiologischen Labor der Abteilung f\u00fcr Pathologie im Rahmen der Doktorandenausbildung an der Veterin\u00e4rmedizinischen Universit\u00e4t. Mein Hauptforschungsthema ist die Untersuchung der Pr\u00e4valenz und genetischen<\/p>\n","protected":false},"author":5824,"featured_media":0,"parent":859,"menu_order":37,"comment_status":"open","ping_status":"open","template":"","meta":{"_acf_changed":false,"footnotes":""},"categories":[],"tags":[],"class_list":["post-93821","page","type-page","status-publish","hentry"],"acf":[],"_links":{"self":[{"href":"https:\/\/univet.hu\/de\/wp-json\/wp\/v2\/pages\/93821","targetHints":{"allow":["GET"]}}],"collection":[{"href":"https:\/\/univet.hu\/de\/wp-json\/wp\/v2\/pages"}],"about":[{"href":"https:\/\/univet.hu\/de\/wp-json\/wp\/v2\/types\/page"}],"author":[{"embeddable":true,"href":"https:\/\/univet.hu\/de\/wp-json\/wp\/v2\/users\/5824"}],"replies":[{"embeddable":true,"href":"https:\/\/univet.hu\/de\/wp-json\/wp\/v2\/comments?post=93821"}],"version-history":[{"count":1,"href":"https:\/\/univet.hu\/de\/wp-json\/wp\/v2\/pages\/93821\/revisions"}],"predecessor-version":[{"id":200499,"href":"https:\/\/univet.hu\/de\/wp-json\/wp\/v2\/pages\/93821\/revisions\/200499"}],"up":[{"embeddable":true,"href":"https:\/\/univet.hu\/de\/wp-json\/wp\/v2\/pages\/859"}],"wp:attachment":[{"href":"https:\/\/univet.hu\/de\/wp-json\/wp\/v2\/media?parent=93821"}],"wp:term":[{"taxonomy":"category","embeddable":true,"href":"https:\/\/univet.hu\/de\/wp-json\/wp\/v2\/categories?post=93821"},{"taxonomy":"post_tag","embeddable":true,"href":"https:\/\/univet.hu\/de\/wp-json\/wp\/v2\/tags?post=93821"}],"curies":[{"name":"wp","href":"https:\/\/api.w.org\/{rel}","templated":true}]}}