{"id":93940,"date":"2023-09-15T12:18:26","date_gmt":"2023-09-15T10:18:26","guid":{"rendered":"https:\/\/univet.hu\/?page_id=93940"},"modified":"2026-03-25T11:23:04","modified_gmt":"2026-03-25T10:23:04","slug":"varga-kristof-attila","status":"publish","type":"page","link":"https:\/\/univet.hu\/de\/universitaet\/mitarbeiter\/varga-kristof-attila\/","title":{"rendered":"Dr.  Krist\u00f3f Attila Varga"},"content":{"rendered":"<p>rechtliche Unterst\u00fctzung im Zusammenhang mit dem Betrieb der Universit\u00e4t<\/p>","protected":false},"excerpt":{"rendered":"<p>rechtliche Unterst\u00fctzung im Zusammenhang mit dem Betrieb der Universit\u00e4t<\/p>\n","protected":false},"author":5824,"featured_media":0,"parent":859,"menu_order":37,"comment_status":"closed","ping_status":"closed","template":"","meta":{"_acf_changed":false,"footnotes":""},"categories":[55],"tags":[],"class_list":["post-93940","page","type-page","status-publish","hentry","category-mitarbeiter"],"acf":[],"_links":{"self":[{"href":"https:\/\/univet.hu\/de\/wp-json\/wp\/v2\/pages\/93940","targetHints":{"allow":["GET"]}}],"collection":[{"href":"https:\/\/univet.hu\/de\/wp-json\/wp\/v2\/pages"}],"about":[{"href":"https:\/\/univet.hu\/de\/wp-json\/wp\/v2\/types\/page"}],"author":[{"embeddable":true,"href":"https:\/\/univet.hu\/de\/wp-json\/wp\/v2\/users\/5824"}],"replies":[{"embeddable":true,"href":"https:\/\/univet.hu\/de\/wp-json\/wp\/v2\/comments?post=93940"}],"version-history":[{"count":5,"href":"https:\/\/univet.hu\/de\/wp-json\/wp\/v2\/pages\/93940\/revisions"}],"predecessor-version":[{"id":204231,"href":"https:\/\/univet.hu\/de\/wp-json\/wp\/v2\/pages\/93940\/revisions\/204231"}],"up":[{"embeddable":true,"href":"https:\/\/univet.hu\/de\/wp-json\/wp\/v2\/pages\/859"}],"wp:attachment":[{"href":"https:\/\/univet.hu\/de\/wp-json\/wp\/v2\/media?parent=93940"}],"wp:term":[{"taxonomy":"category","embeddable":true,"href":"https:\/\/univet.hu\/de\/wp-json\/wp\/v2\/categories?post=93940"},{"taxonomy":"post_tag","embeddable":true,"href":"https:\/\/univet.hu\/de\/wp-json\/wp\/v2\/tags?post=93940"}],"curies":[{"name":"wp","href":"https:\/\/api.w.org\/{rel}","templated":true}]}}