{"id":94477,"date":"2023-09-16T20:51:31","date_gmt":"2023-09-16T18:51:31","guid":{"rendered":"https:\/\/univet.hu\/?page_id=94477"},"modified":"2026-02-10T04:35:59","modified_gmt":"2026-02-10T03:35:59","slug":"dragar-melinda-2","status":"publish","type":"page","link":"https:\/\/univet.hu\/de\/universitaet\/mitarbeiter\/dragar-melinda-2\/","title":{"rendered":"Dr\u00e1g\u00e1r Melinda"},"content":{"rendered":"<p>Einf\u00fchrung<\/p> <p>Nach dem Abitur bekam ich eine Anstellung als Veterin\u00e4rassistentin in der Abteilung f\u00fcr exotische Tiere und Wildtiergesundheit der Veterin\u00e4rmedizinischen Universit\u00e4t, weil ich gerne an der Heilung und Behandlung von Tieren beteiligt bin. Meerschweinchen liegen mir in erster Linie am Herzen, deshalb bin ich in meiner Freizeit ehrenamtlich und zeitweise Gastgeber des Ungarischen Vereins zum Schutz der Meerschweinchen. In dieser Funktion beteilige ich mich an der Behandlung chronisch kranker Meerschweinchen.<\/p>","protected":false},"excerpt":{"rendered":"<p>Einf\u00fchrung Nach dem Abitur bekam ich eine Anstellung als Veterin\u00e4rassistentin in der Abteilung f\u00fcr exotische Tiere und Wildtiergesundheit der Veterin\u00e4rmedizinischen Universit\u00e4t, weil ich gerne an der Heilung und Behandlung von Tieren beteiligt bin. Meerschweinchen liegen mir in erster Linie am Herzen, deshalb bin ich in meiner Freizeit ehrenamtlich und zeitweise Gastgeber des Ungarischen Vereins zum<\/p>\n","protected":false},"author":5824,"featured_media":0,"parent":859,"menu_order":0,"comment_status":"open","ping_status":"open","template":"","meta":{"_acf_changed":false,"footnotes":""},"categories":[],"tags":[],"class_list":["post-94477","page","type-page","status-publish","hentry"],"acf":[],"_links":{"self":[{"href":"https:\/\/univet.hu\/de\/wp-json\/wp\/v2\/pages\/94477","targetHints":{"allow":["GET"]}}],"collection":[{"href":"https:\/\/univet.hu\/de\/wp-json\/wp\/v2\/pages"}],"about":[{"href":"https:\/\/univet.hu\/de\/wp-json\/wp\/v2\/types\/page"}],"author":[{"embeddable":true,"href":"https:\/\/univet.hu\/de\/wp-json\/wp\/v2\/users\/5824"}],"replies":[{"embeddable":true,"href":"https:\/\/univet.hu\/de\/wp-json\/wp\/v2\/comments?post=94477"}],"version-history":[{"count":1,"href":"https:\/\/univet.hu\/de\/wp-json\/wp\/v2\/pages\/94477\/revisions"}],"predecessor-version":[{"id":200338,"href":"https:\/\/univet.hu\/de\/wp-json\/wp\/v2\/pages\/94477\/revisions\/200338"}],"up":[{"embeddable":true,"href":"https:\/\/univet.hu\/de\/wp-json\/wp\/v2\/pages\/859"}],"wp:attachment":[{"href":"https:\/\/univet.hu\/de\/wp-json\/wp\/v2\/media?parent=94477"}],"wp:term":[{"taxonomy":"category","embeddable":true,"href":"https:\/\/univet.hu\/de\/wp-json\/wp\/v2\/categories?post=94477"},{"taxonomy":"post_tag","embeddable":true,"href":"https:\/\/univet.hu\/de\/wp-json\/wp\/v2\/tags?post=94477"}],"curies":[{"name":"wp","href":"https:\/\/api.w.org\/{rel}","templated":true}]}}