{"id":94495,"date":"2023-09-17T11:02:19","date_gmt":"2023-09-17T09:02:19","guid":{"rendered":"https:\/\/univet.hu\/?page_id=94495"},"modified":"2026-02-10T04:37:15","modified_gmt":"2026-02-10T03:37:15","slug":"bittsanszky-andras","status":"publish","type":"page","link":"https:\/\/univet.hu\/de\/universitaet\/mitarbeiter\/bittsanszky-andras\/","title":{"rendered":"Bitts\u00e1nszky Andr\u00e1s"},"content":{"rendered":"<p>Weitere Informationen finden Sie auf der D\u00c9T-<span style=\"font-size: 14pt;\"><a href=\"https:\/\/dfi.univet.hu\/rolunk\/bittsanszky-andras\/\" target=\"_blank\" rel=\"noopener\">Website<\/a> <\/span><\/p>","protected":false},"excerpt":{"rendered":"<p>Weitere Informationen finden Sie auf der D\u00c9T-Website<\/p>\n","protected":false},"author":5824,"featured_media":0,"parent":859,"menu_order":37,"comment_status":"open","ping_status":"open","template":"","meta":{"_acf_changed":false,"footnotes":""},"categories":[55],"tags":[],"class_list":["post-94495","page","type-page","status-publish","hentry","category-mitarbeiter"],"acf":[],"_links":{"self":[{"href":"https:\/\/univet.hu\/de\/wp-json\/wp\/v2\/pages\/94495","targetHints":{"allow":["GET"]}}],"collection":[{"href":"https:\/\/univet.hu\/de\/wp-json\/wp\/v2\/pages"}],"about":[{"href":"https:\/\/univet.hu\/de\/wp-json\/wp\/v2\/types\/page"}],"author":[{"embeddable":true,"href":"https:\/\/univet.hu\/de\/wp-json\/wp\/v2\/users\/5824"}],"replies":[{"embeddable":true,"href":"https:\/\/univet.hu\/de\/wp-json\/wp\/v2\/comments?post=94495"}],"version-history":[{"count":1,"href":"https:\/\/univet.hu\/de\/wp-json\/wp\/v2\/pages\/94495\/revisions"}],"predecessor-version":[{"id":181911,"href":"https:\/\/univet.hu\/de\/wp-json\/wp\/v2\/pages\/94495\/revisions\/181911"}],"up":[{"embeddable":true,"href":"https:\/\/univet.hu\/de\/wp-json\/wp\/v2\/pages\/859"}],"wp:attachment":[{"href":"https:\/\/univet.hu\/de\/wp-json\/wp\/v2\/media?parent=94495"}],"wp:term":[{"taxonomy":"category","embeddable":true,"href":"https:\/\/univet.hu\/de\/wp-json\/wp\/v2\/categories?post=94495"},{"taxonomy":"post_tag","embeddable":true,"href":"https:\/\/univet.hu\/de\/wp-json\/wp\/v2\/tags?post=94495"}],"curies":[{"name":"wp","href":"https:\/\/api.w.org\/{rel}","templated":true}]}}