{"id":94513,"date":"2023-09-17T11:20:58","date_gmt":"2023-09-17T09:20:58","guid":{"rendered":"https:\/\/univet.hu\/?page_id=94513"},"modified":"2026-03-23T13:42:55","modified_gmt":"2026-03-23T12:42:55","slug":"jozwiak-akos-bernard","status":"publish","type":"page","link":"https:\/\/univet.hu\/de\/universitaet\/mitarbeiter\/jozwiak-akos-bernard\/","title":{"rendered":"J\u00f3\u017awiak \u00c1kos Bernard"},"content":{"rendered":"<p>Weitere Informationen finden Sie auf der <a href=\"https:\/\/dfi.univet.hu\/en\/about-us\/akos-jozwiak\/\" target=\"_blank\" rel=\"noopener\">Webseite<\/a> des Department of Digital Food Science (DFI).<\/p>","protected":false},"excerpt":{"rendered":"<p>Weitere Informationen finden Sie auf der Webseite des Department of Digital Food Science (DFI).<\/p>\n","protected":false},"author":5824,"featured_media":0,"parent":859,"menu_order":37,"comment_status":"open","ping_status":"open","template":"","meta":{"_acf_changed":false,"footnotes":""},"categories":[55],"tags":[],"class_list":["post-94513","page","type-page","status-publish","hentry","category-mitarbeiter"],"acf":[],"_links":{"self":[{"href":"https:\/\/univet.hu\/de\/wp-json\/wp\/v2\/pages\/94513","targetHints":{"allow":["GET"]}}],"collection":[{"href":"https:\/\/univet.hu\/de\/wp-json\/wp\/v2\/pages"}],"about":[{"href":"https:\/\/univet.hu\/de\/wp-json\/wp\/v2\/types\/page"}],"author":[{"embeddable":true,"href":"https:\/\/univet.hu\/de\/wp-json\/wp\/v2\/users\/5824"}],"replies":[{"embeddable":true,"href":"https:\/\/univet.hu\/de\/wp-json\/wp\/v2\/comments?post=94513"}],"version-history":[{"count":2,"href":"https:\/\/univet.hu\/de\/wp-json\/wp\/v2\/pages\/94513\/revisions"}],"predecessor-version":[{"id":203745,"href":"https:\/\/univet.hu\/de\/wp-json\/wp\/v2\/pages\/94513\/revisions\/203745"}],"up":[{"embeddable":true,"href":"https:\/\/univet.hu\/de\/wp-json\/wp\/v2\/pages\/859"}],"wp:attachment":[{"href":"https:\/\/univet.hu\/de\/wp-json\/wp\/v2\/media?parent=94513"}],"wp:term":[{"taxonomy":"category","embeddable":true,"href":"https:\/\/univet.hu\/de\/wp-json\/wp\/v2\/categories?post=94513"},{"taxonomy":"post_tag","embeddable":true,"href":"https:\/\/univet.hu\/de\/wp-json\/wp\/v2\/tags?post=94513"}],"curies":[{"name":"wp","href":"https:\/\/api.w.org\/{rel}","templated":true}]}}