{"id":94529,"date":"2023-09-17T11:39:50","date_gmt":"2023-09-17T09:39:50","guid":{"rendered":"https:\/\/univet.hu\/?page_id=94529"},"modified":"2026-02-10T04:39:26","modified_gmt":"2026-02-10T03:39:26","slug":"suth-miklos","status":"publish","type":"page","link":"https:\/\/univet.hu\/de\/universitaet\/mitarbeiter\/suth-miklos\/","title":{"rendered":"S\u00fcth Mikl\u00f3s"},"content":{"rendered":"<p>Weitere Informationen finden Sie auf der D\u00c9T-<a href=\"https:\/\/dfi.univet.hu\/en\/about-us\/miklos-suth\/\" target=\"_blank\" rel=\"noopener\">Website<\/a><\/p>","protected":false},"excerpt":{"rendered":"<p>Weitere Informationen finden Sie auf der D\u00c9T-Website<\/p>\n","protected":false},"author":5824,"featured_media":0,"parent":859,"menu_order":117,"comment_status":"closed","ping_status":"closed","template":"","meta":{"_acf_changed":false,"footnotes":""},"categories":[55],"tags":[],"class_list":["post-94529","page","type-page","status-publish","hentry","category-mitarbeiter"],"acf":[],"_links":{"self":[{"href":"https:\/\/univet.hu\/de\/wp-json\/wp\/v2\/pages\/94529","targetHints":{"allow":["GET"]}}],"collection":[{"href":"https:\/\/univet.hu\/de\/wp-json\/wp\/v2\/pages"}],"about":[{"href":"https:\/\/univet.hu\/de\/wp-json\/wp\/v2\/types\/page"}],"author":[{"embeddable":true,"href":"https:\/\/univet.hu\/de\/wp-json\/wp\/v2\/users\/5824"}],"replies":[{"embeddable":true,"href":"https:\/\/univet.hu\/de\/wp-json\/wp\/v2\/comments?post=94529"}],"version-history":[{"count":1,"href":"https:\/\/univet.hu\/de\/wp-json\/wp\/v2\/pages\/94529\/revisions"}],"predecessor-version":[{"id":200609,"href":"https:\/\/univet.hu\/de\/wp-json\/wp\/v2\/pages\/94529\/revisions\/200609"}],"up":[{"embeddable":true,"href":"https:\/\/univet.hu\/de\/wp-json\/wp\/v2\/pages\/859"}],"wp:attachment":[{"href":"https:\/\/univet.hu\/de\/wp-json\/wp\/v2\/media?parent=94529"}],"wp:term":[{"taxonomy":"category","embeddable":true,"href":"https:\/\/univet.hu\/de\/wp-json\/wp\/v2\/categories?post=94529"},{"taxonomy":"post_tag","embeddable":true,"href":"https:\/\/univet.hu\/de\/wp-json\/wp\/v2\/tags?post=94529"}],"curies":[{"name":"wp","href":"https:\/\/api.w.org\/{rel}","templated":true}]}}