{"id":94637,"date":"2023-09-18T09:44:02","date_gmt":"2023-09-18T07:44:02","guid":{"rendered":"https:\/\/univet.hu\/?page_id=94637"},"modified":"2023-09-18T09:48:50","modified_gmt":"2023-09-18T07:48:50","slug":"abteilungsnachrichten","status":"publish","type":"page","link":"https:\/\/univet.hu\/de\/universitaet\/organisationseinheiten\/lehrstuhl-fur-geburtshilfe-und-reproduktion\/abteilungsnachrichten\/","title":{"rendered":"Abteilungsnachrichten"},"content":{"rendered":"<p><strong>Juni 2023<\/strong><\/p> <p>Zeitschrift ungarischer Tier\u00e4rzte \u2013 Alma Mater<\/p> <p><a href=\"https:\/\/univet.hu\/wp-content\/uploads\/2023\/06\/Alma-Mater_Cseh_L160559.pdf\">Theoretisches und praktisches Ausbildungsprogramm:<\/a><\/p> <p>Aspiration der Follikelfl\u00fcssigkeit der Stute unter Ultraschallkontrolle<br \/> (Ovum Pick Up, OPU) und In-vitro-Fertilisation (IVF) entnommener Eizellen<\/p> <p>Zeitschrift ungarischer Tier\u00e4rzte \u2013 Alma Mater<\/p> <p><a href=\"https:\/\/univet.hu\/wp-content\/uploads\/2023\/06\/Besz\u00e1mol\u00f3_Start-Game_Cseh_L160558.pdf\">START GAME \u2013 2 CRYO<\/a>&#8211; Sommerschule: Tiermodellversuche mit Gameten<br \/> Assistierte Reproduktionstechnologien, Aldo Moro Universit\u00e4t, Bari, Italien<\/p> <p>Univet-Zeitung<\/p> <p>&#8211; Der zwischen den beiden Universit\u00e4ten Prof.<br \/> Es kann als Ergebnis einer mehrj\u00e4hrigen Forschungsbeziehung zwischen S\u00e1ndor Cseh und Prof. Giovanni Lacalandra betrachtet werden.<\/p> <p>&nbsp;<\/p> <p><a href=\"https:\/\/univet.hu\/wp-content\/uploads\/2023\/06\/agreement2023.pdf\">Kooperation mit der Aldo Moro University\u00a0<\/a>&#8211; Der zwischen den beiden Universit\u00e4ten Prof.<br \/> Es kann als Ergebnis einer mehrj\u00e4hrigen Forschungsbeziehung zwischen S\u00e1ndor Cseh und Prof. Giovanni Lacalandra betrachtet werden.<\/p> <p>&nbsp;<\/p> <p><strong>Februar 2023<\/strong><\/p> <p>Am 24. und 25. Februar 2023 fand an der Universit\u00e4t Debrecen das 1. ungarische Doktorandensymposium f\u00fcr Agrarwissenschaften statt, an dem vier Doktoranden der Abteilung teilnahmen. Drei der Doktoranden \u2013 Lilla Bord\u00e1s, Dr. M\u00f3nika Bacsa, D\u00f3ra T\u00f6r\u00f6k \u2013 ein Poster wurde auf dem Symposium pr\u00e4sentiert, Dr. Anna Csepreghy hielt einen Vortrag mit dem Titel \u201eDer potenzielle Vorhersagewert von AMH bei Eingriffen zur assistierten Reproduktion bei Schafen\u201c. Im Posterbereich \u201eVeterin\u00e4r- und Tierhaltungswissenschaften\u201c stellt Dr. M\u00f3nika Bacsa erreichte den 1. Platz.<\/p> <figure id=\"attachment_84295\" aria-describedby=\"caption-attachment-84295\" style=\"width: 240px\" class=\"wp-caption alignnone\"><img loading=\"lazy\" decoding=\"async\" class=\"wp-image-84295 size-medium\" src=\"https:\/\/univet.hu\/wp-content\/uploads\/2023\/03\/received_166718552786618-240x320.jpeg\" alt=\"\" width=\"240\" height=\"320\" srcset=\"https:\/\/univet.hu\/wp-content\/uploads\/2023\/03\/received_166718552786618-240x320.jpeg 240w, https:\/\/univet.hu\/wp-content\/uploads\/2023\/03\/received_166718552786618-768x1024.jpeg 768w, https:\/\/univet.hu\/wp-content\/uploads\/2023\/03\/received_166718552786618-720x960.jpeg 720w, https:\/\/univet.hu\/wp-content\/uploads\/2023\/03\/received_166718552786618.jpeg 1536w\" sizes=\"auto, (max-width: 240px) 100vw, 240px\" \/><figcaption id=\"caption-attachment-84295\" class=\"wp-caption-text\">Bord\u00e1s Lilla, dr. Csepreghy Anna, dr. Bacsa M\u00f3nika, T\u00f6r\u00f6k D\u00f3ra<\/figcaption><\/figure> <p>&nbsp;<\/p> <p>2022. Juli<\/p> <p>ICAR 2022+2 Bologna:\u00a0<a href=\"https:\/\/univet.hu\/wp-content\/uploads\/2022\/07\/ICAR-besz\u00e1mol\u00f3.pdf\">ICAR-Bericht<\/a><\/p> <figure id=\"attachment_76944\" aria-describedby=\"caption-attachment-76944\" style=\"width: 240px\" class=\"wp-caption alignnone\"><img loading=\"lazy\" decoding=\"async\" class=\"wp-image-76944 size-medium\" src=\"https:\/\/univet.hu\/wp-content\/uploads\/2022\/07\/VB_2-240x320.jpg\" alt=\"\" width=\"240\" height=\"320\" srcset=\"https:\/\/univet.hu\/wp-content\/uploads\/2022\/07\/VB_2-240x320.jpg 240w, https:\/\/univet.hu\/wp-content\/uploads\/2022\/07\/VB_2-768x1024.jpg 768w, https:\/\/univet.hu\/wp-content\/uploads\/2022\/07\/VB_2-720x960.jpg 720w, https:\/\/univet.hu\/wp-content\/uploads\/2022\/07\/VB_2.jpg 1200w\" sizes=\"auto, (max-width: 240px) 100vw, 240px\" \/><figcaption id=\"caption-attachment-76944\" class=\"wp-caption-text\">Dr. Vincze Bogl\u00e1rka<\/figcaption><\/figure> <figure id=\"attachment_76942\" aria-describedby=\"caption-attachment-76942\" style=\"width: 235px\" class=\"wp-caption alignnone\"><img loading=\"lazy\" decoding=\"async\" class=\"wp-image-76942 size-medium\" src=\"https:\/\/univet.hu\/wp-content\/uploads\/2022\/07\/SB-235x320.jpg\" alt=\"\" width=\"235\" height=\"320\" srcset=\"https:\/\/univet.hu\/wp-content\/uploads\/2022\/07\/SB-235x320.jpg 235w, https:\/\/univet.hu\/wp-content\/uploads\/2022\/07\/SB-768x1045.jpg 768w, https:\/\/univet.hu\/wp-content\/uploads\/2022\/07\/SB-706x960.jpg 706w, https:\/\/univet.hu\/wp-content\/uploads\/2022\/07\/SB.jpg 1176w\" sizes=\"auto, (max-width: 235px) 100vw, 235px\" \/><figcaption id=\"caption-attachment-76942\" class=\"wp-caption-text\">Dr. Somosk\u0151i Bence<\/figcaption><\/figure> <figure id=\"attachment_76943\" aria-describedby=\"caption-attachment-76943\" style=\"width: 240px\" class=\"wp-caption alignnone\"><img loading=\"lazy\" decoding=\"async\" class=\"wp-image-76943 size-medium\" src=\"https:\/\/univet.hu\/wp-content\/uploads\/2022\/07\/TD-240x320.jpg\" alt=\"\" width=\"240\" height=\"320\" srcset=\"https:\/\/univet.hu\/wp-content\/uploads\/2022\/07\/TD-240x320.jpg 240w, https:\/\/univet.hu\/wp-content\/uploads\/2022\/07\/TD-768x1024.jpg 768w, https:\/\/univet.hu\/wp-content\/uploads\/2022\/07\/TD-720x960.jpg 720w, https:\/\/univet.hu\/wp-content\/uploads\/2022\/07\/TD.jpg 1200w\" sizes=\"auto, (max-width: 240px) 100vw, 240px\" \/><figcaption id=\"caption-attachment-76943\" class=\"wp-caption-text\">T\u00f6r\u00f6k D\u00f3ra<\/figcaption><\/figure> <figure id=\"attachment_76938\" aria-describedby=\"caption-attachment-76938\" style=\"width: 240px\" class=\"wp-caption alignnone\"><img loading=\"lazy\" decoding=\"async\" class=\"size-medium wp-image-76938\" src=\"https:\/\/univet.hu\/wp-content\/uploads\/2022\/07\/BL-240x320.jpg\" alt=\"\" width=\"240\" height=\"320\" srcset=\"https:\/\/univet.hu\/wp-content\/uploads\/2022\/07\/BL-240x320.jpg 240w, https:\/\/univet.hu\/wp-content\/uploads\/2022\/07\/BL-768x1024.jpg 768w, https:\/\/univet.hu\/wp-content\/uploads\/2022\/07\/BL-720x960.jpg 720w, https:\/\/univet.hu\/wp-content\/uploads\/2022\/07\/BL.jpg 1200w\" sizes=\"auto, (max-width: 240px) 100vw, 240px\" \/><figcaption id=\"caption-attachment-76938\" class=\"wp-caption-text\">Bord\u00e1s Lilla<\/figcaption><\/figure> <figure id=\"attachment_76939\" aria-describedby=\"caption-attachment-76939\" style=\"width: 320px\" class=\"wp-caption alignnone\"><img loading=\"lazy\" decoding=\"async\" class=\"size-medium wp-image-76939\" src=\"https:\/\/univet.hu\/wp-content\/uploads\/2022\/07\/csop_busz-320x240.jpg\" alt=\"\" width=\"320\" height=\"240\" srcset=\"https:\/\/univet.hu\/wp-content\/uploads\/2022\/07\/csop_busz-320x240.jpg 320w, https:\/\/univet.hu\/wp-content\/uploads\/2022\/07\/csop_busz-768x576.jpg 768w, https:\/\/univet.hu\/wp-content\/uploads\/2022\/07\/csop_busz-960x720.jpg 960w, https:\/\/univet.hu\/wp-content\/uploads\/2022\/07\/csop_busz.jpg 1600w\" sizes=\"auto, (max-width: 320px) 100vw, 320px\" \/><figcaption id=\"caption-attachment-76939\" class=\"wp-caption-text\">ICAR Gruppenfoto: Somosk\u0151i Bence, Cseh S\u00e1ndor, Bord\u00e1s Lilla, Vincze Bogl\u00e1rka, T\u00f6r\u00f6k D\u00f3ra, R\u00e1tky J\u00f3zsef<\/figcaption><\/figure> <p>&nbsp;<\/p> <figure id=\"attachment_76941\" aria-describedby=\"caption-attachment-76941\" style=\"width: 320px\" class=\"wp-caption alignnone\"><img loading=\"lazy\" decoding=\"async\" class=\"size-medium wp-image-76941\" src=\"https:\/\/univet.hu\/wp-content\/uploads\/2022\/07\/ICAR_csopkep-320x240.jpg\" alt=\"\" width=\"320\" height=\"240\" srcset=\"https:\/\/univet.hu\/wp-content\/uploads\/2022\/07\/ICAR_csopkep-320x240.jpg 320w, https:\/\/univet.hu\/wp-content\/uploads\/2022\/07\/ICAR_csopkep-768x576.jpg 768w, https:\/\/univet.hu\/wp-content\/uploads\/2022\/07\/ICAR_csopkep-960x720.jpg 960w, https:\/\/univet.hu\/wp-content\/uploads\/2022\/07\/ICAR_csopkep.jpg 1037w\" sizes=\"auto, (max-width: 320px) 100vw, 320px\" \/><figcaption id=\"caption-attachment-76941\" class=\"wp-caption-text\">ICAR Gruppenfoto<br \/>R\u00e1tky J\u00f3zsef, Cseh S\u00e1ndor, Somosk\u0151i Bence, T\u00f6r\u00f6k D\u00f3ra, Bord\u00e1s Lilla, Vincze Bogl\u00e1rka<\/figcaption><\/figure> <p><strong>2021. September<\/strong><\/p> <p>Schulungsprogramm zum Einfrieren von Hundesperma unter der Leitung von Dr. Bruce Christensen<\/p> <p><a href=\"https:\/\/univet.hu\/wp-content\/uploads\/2021\/11\/676_Alma_Mater.pdf\">676_Alma_Mater<\/a><\/p> <p><strong>2019. september<\/strong><\/p> <p>Schulungsprogramm unter der Leitung von Dr. Bruce Christensen-<br \/> <a href=\"https:\/\/univet.hu\/wp-content\/uploads\/2019\/10\/TCI.pdf\">Endoskopische transzervikale Insemination bei Hunden<\/a><\/p> <p><strong>2019. april<\/strong><\/p> <p>F\u00fcr Dr. wurde eine Gedenktafel eingeweiht. Im Gedenken an J\u00e1nos Haraszti<\/p> <p><a href=\"https:\/\/univet.hu\/wp-content\/uploads\/2019\/05\/Prof.-Haraszti-1.pdf\">Professor Haraszti J\u00e1nos<\/a><\/p> <p><strong>2018. Juni<\/strong><\/p> <p>Mit einer Gartenveranstaltung im Campuspark verabschiedeten die Mitarbeiter des Fachbereichs das Schuljahr 2018.<\/p> <p><img loading=\"lazy\" decoding=\"async\" class=\"alignnone size-medium wp-image-32364\" src=\"https:\/\/univet.hu\/wp-content\/uploads\/2019\/01\/Sz\u00fcl.kerti-parti-2018-320x192.jpg\" alt=\"\" width=\"320\" height=\"192\" data-replaced=\"true\" srcset=\"https:\/\/univet.hu\/wp-content\/uploads\/2019\/01\/Sz\u00fcl.kerti-parti-2018-320x192.jpg 320w, https:\/\/univet.hu\/wp-content\/uploads\/2019\/01\/Sz\u00fcl.kerti-parti-2018-768x461.jpg 768w, https:\/\/univet.hu\/wp-content\/uploads\/2019\/01\/Sz\u00fcl.kerti-parti-2018-960x577.jpg 960w\" sizes=\"auto, (max-width: 320px) 100vw, 320px\" \/><\/p>","protected":false},"excerpt":{"rendered":"<p>Juni 2023 Zeitschrift ungarischer Tier\u00e4rzte \u2013 Alma Mater Theoretisches und praktisches Ausbildungsprogramm: Aspiration der Follikelfl\u00fcssigkeit der Stute unter Ultraschallkontrolle (Ovum Pick Up, OPU) und In-vitro-Fertilisation (IVF) entnommener Eizellen Zeitschrift ungarischer Tier\u00e4rzte \u2013 Alma Mater START GAME \u2013 2 CRYO&#8211; Sommerschule: Tiermodellversuche mit Gameten Assistierte Reproduktionstechnologien, Aldo Moro Universit\u00e4t, Bari, Italien Univet-Zeitung &#8211; Der zwischen den<\/p>\n","protected":false},"author":3837,"featured_media":0,"parent":15547,"menu_order":0,"comment_status":"closed","ping_status":"closed","template":"","meta":{"_acf_changed":false,"footnotes":""},"categories":[],"tags":[],"class_list":["post-94637","page","type-page","status-publish","hentry"],"acf":[],"_links":{"self":[{"href":"https:\/\/univet.hu\/de\/wp-json\/wp\/v2\/pages\/94637","targetHints":{"allow":["GET"]}}],"collection":[{"href":"https:\/\/univet.hu\/de\/wp-json\/wp\/v2\/pages"}],"about":[{"href":"https:\/\/univet.hu\/de\/wp-json\/wp\/v2\/types\/page"}],"author":[{"embeddable":true,"href":"https:\/\/univet.hu\/de\/wp-json\/wp\/v2\/users\/3837"}],"replies":[{"embeddable":true,"href":"https:\/\/univet.hu\/de\/wp-json\/wp\/v2\/comments?post=94637"}],"version-history":[{"count":0,"href":"https:\/\/univet.hu\/de\/wp-json\/wp\/v2\/pages\/94637\/revisions"}],"up":[{"embeddable":true,"href":"https:\/\/univet.hu\/de\/wp-json\/wp\/v2\/pages\/15547"}],"wp:attachment":[{"href":"https:\/\/univet.hu\/de\/wp-json\/wp\/v2\/media?parent=94637"}],"wp:term":[{"taxonomy":"category","embeddable":true,"href":"https:\/\/univet.hu\/de\/wp-json\/wp\/v2\/categories?post=94637"},{"taxonomy":"post_tag","embeddable":true,"href":"https:\/\/univet.hu\/de\/wp-json\/wp\/v2\/tags?post=94637"}],"curies":[{"name":"wp","href":"https:\/\/api.w.org\/{rel}","templated":true}]}}