{"id":94752,"date":"2023-09-18T11:27:04","date_gmt":"2023-09-18T09:27:04","guid":{"rendered":"https:\/\/univet.hu\/?page_id=94752"},"modified":"2023-09-18T11:27:04","modified_gmt":"2023-09-18T09:27:04","slug":"ueber-das-resort","status":"publish","type":"page","link":"https:\/\/univet.hu\/de\/universitaet\/organisationseinheiten\/ferienheim-fonyod\/ueber-das-resort\/","title":{"rendered":"\u00dcber das Resort"},"content":{"rendered":"<p><strong>Beschreibung des Resorts (<a title=\"Alaprajz\" href=\"\/files\/subpages\/242\/files\/Terkep.pdf\" target=\"_blank\" rel=\"noopener\">Grundriss<\/a>)<\/strong><\/p> <p>Auf jeder Seite des Geb\u00e4udes befinden sich 3 R\u00e4ume, die vom Aufenthaltsraum aus zug\u00e4nglich sind.<\/p> <p>Rechte Seite<br \/> Zimmer 1: Wohnfl\u00e4che 11 m2, f\u00fcr 2 Personen<br \/> 2. Zimmer: Wohnfl\u00e4che 18 m2, f\u00fcr 3 Personen (Zusatzbett m\u00f6glich)<br \/> 3. Zimmer: Wohnfl\u00e4che 15 m2, f\u00fcr 3 Personen (Zusatzbett m\u00f6glich)<\/p> <p>Linke Seite<br \/> Zimmer 4: Wohnfl\u00e4che 18 m2, f\u00fcr 3 Personen (Zusatzbett m\u00f6glich)<br \/> Zimmer 5: Wohnfl\u00e4che 16,5 m2, 3 Schlafpl\u00e4tze (Zusatzbett m\u00f6glich)<br \/> Zimmer 6: Wohnfl\u00e4che 12 m2, f\u00fcr 2 Personen<\/p> <p>Jede Seite verf\u00fcgt \u00fcber 1-1 Badezimmer und WC sowie 1-1 ausgestattete K\u00fcche und Esszimmer. In jedem Zimmer wurde ein gro\u00dfer K\u00fchlschrank installiert, in der K\u00fcche ein separater Gefrierschrank.<\/p> <p>Weitere Fotos finden Sie in der <a href=\"https:\/\/univet.hu\/hu\/2013\/11\/17\/a-fonyodi-udulo-fonyod-magyarorszag\/\">Galerie<\/a>.<\/p> <p><img loading=\"lazy\" decoding=\"async\" class=\"alignnone\" style=\"height: 348px; width: 464px;\" src=\"https:\/\/univet.hu\/files\/subpages\/242\/images\/04-Homlokzat.JPG\" alt=\"04 Homlokzat\" width=\"2592\" height=\"1944\" data-replaced=\"true\" \/><\/p>","protected":false},"excerpt":{"rendered":"<p>Beschreibung des Resorts (Grundriss) Auf jeder Seite des Geb\u00e4udes befinden sich 3 R\u00e4ume, die vom Aufenthaltsraum aus zug\u00e4nglich sind. Rechte Seite Zimmer 1: Wohnfl\u00e4che 11 m2, f\u00fcr 2 Personen 2. Zimmer: Wohnfl\u00e4che 18 m2, f\u00fcr 3 Personen (Zusatzbett m\u00f6glich) 3. Zimmer: Wohnfl\u00e4che 15 m2, f\u00fcr 3 Personen (Zusatzbett m\u00f6glich) Linke Seite Zimmer 4: Wohnfl\u00e4che 18<\/p>\n","protected":false},"author":3837,"featured_media":0,"parent":3477,"menu_order":0,"comment_status":"closed","ping_status":"closed","template":"","meta":{"_acf_changed":false,"footnotes":""},"categories":[],"tags":[],"class_list":["post-94752","page","type-page","status-publish","hentry"],"acf":[],"_links":{"self":[{"href":"https:\/\/univet.hu\/de\/wp-json\/wp\/v2\/pages\/94752","targetHints":{"allow":["GET"]}}],"collection":[{"href":"https:\/\/univet.hu\/de\/wp-json\/wp\/v2\/pages"}],"about":[{"href":"https:\/\/univet.hu\/de\/wp-json\/wp\/v2\/types\/page"}],"author":[{"embeddable":true,"href":"https:\/\/univet.hu\/de\/wp-json\/wp\/v2\/users\/3837"}],"replies":[{"embeddable":true,"href":"https:\/\/univet.hu\/de\/wp-json\/wp\/v2\/comments?post=94752"}],"version-history":[{"count":0,"href":"https:\/\/univet.hu\/de\/wp-json\/wp\/v2\/pages\/94752\/revisions"}],"up":[{"embeddable":true,"href":"https:\/\/univet.hu\/de\/wp-json\/wp\/v2\/pages\/3477"}],"wp:attachment":[{"href":"https:\/\/univet.hu\/de\/wp-json\/wp\/v2\/media?parent=94752"}],"wp:term":[{"taxonomy":"category","embeddable":true,"href":"https:\/\/univet.hu\/de\/wp-json\/wp\/v2\/categories?post=94752"},{"taxonomy":"post_tag","embeddable":true,"href":"https:\/\/univet.hu\/de\/wp-json\/wp\/v2\/tags?post=94752"}],"curies":[{"name":"wp","href":"https:\/\/api.w.org\/{rel}","templated":true}]}}