{"id":94770,"date":"2023-09-18T11:32:09","date_gmt":"2023-09-18T09:32:09","guid":{"rendered":"https:\/\/univet.hu\/?page_id=94770"},"modified":"2023-09-18T11:33:20","modified_gmt":"2023-09-18T09:33:20","slug":"holiday-fees","status":"publish","type":"page","link":"https:\/\/univet.hu\/de\/universitaet\/organisationseinheiten\/ferienheim-fonyod\/holiday-fees\/","title":{"rendered":"Urlaubsgeb\u00fchren"},"content":{"rendered":"<ul> <li>Universit\u00e4tsmitarbeiter und unmittelbare Familienangeh\u00f6rige (Elternteil, Kind, Ehemann\/Ehefrau\/Partner): 800 HUF\/Person\/Tag<\/li> <li>Kinder von 3 bis 14 Jahren: 600 HUF\/Person\/Tag<\/li> <li>Au\u00dferuniversit\u00e4rer Mitarbeiter, nicht unmittelbarer Familienangeh\u00f6riger (z. B. Enkelkind): 1.600 HUF\/Person\/Tag<\/li> <li>Kinder von 3 bis 14 Jahren: 1.200 HUF\/Person\/Tag<\/li> <\/ul> <p>Die Resortgeb\u00fchr (ab 18 Jahren) ist vor Ort zu entrichten.<\/p>","protected":false},"excerpt":{"rendered":"<p>Universit\u00e4tsmitarbeiter und unmittelbare Familienangeh\u00f6rige (Elternteil, Kind, Ehemann\/Ehefrau\/Partner): 800 HUF\/Person\/Tag Kinder von 3 bis 14 Jahren: 600 HUF\/Person\/Tag Au\u00dferuniversit\u00e4rer Mitarbeiter, nicht unmittelbarer Familienangeh\u00f6riger (z. B. Enkelkind): 1.600 HUF\/Person\/Tag Kinder von 3 bis 14 Jahren: 1.200 HUF\/Person\/Tag Die Resortgeb\u00fchr (ab 18 Jahren) ist vor Ort zu entrichten.<\/p>\n","protected":false},"author":3837,"featured_media":0,"parent":3477,"menu_order":0,"comment_status":"closed","ping_status":"closed","template":"","meta":{"_acf_changed":false,"footnotes":""},"categories":[],"tags":[],"class_list":["post-94770","page","type-page","status-publish","hentry"],"acf":[],"_links":{"self":[{"href":"https:\/\/univet.hu\/de\/wp-json\/wp\/v2\/pages\/94770","targetHints":{"allow":["GET"]}}],"collection":[{"href":"https:\/\/univet.hu\/de\/wp-json\/wp\/v2\/pages"}],"about":[{"href":"https:\/\/univet.hu\/de\/wp-json\/wp\/v2\/types\/page"}],"author":[{"embeddable":true,"href":"https:\/\/univet.hu\/de\/wp-json\/wp\/v2\/users\/3837"}],"replies":[{"embeddable":true,"href":"https:\/\/univet.hu\/de\/wp-json\/wp\/v2\/comments?post=94770"}],"version-history":[{"count":0,"href":"https:\/\/univet.hu\/de\/wp-json\/wp\/v2\/pages\/94770\/revisions"}],"up":[{"embeddable":true,"href":"https:\/\/univet.hu\/de\/wp-json\/wp\/v2\/pages\/3477"}],"wp:attachment":[{"href":"https:\/\/univet.hu\/de\/wp-json\/wp\/v2\/media?parent=94770"}],"wp:term":[{"taxonomy":"category","embeddable":true,"href":"https:\/\/univet.hu\/de\/wp-json\/wp\/v2\/categories?post=94770"},{"taxonomy":"post_tag","embeddable":true,"href":"https:\/\/univet.hu\/de\/wp-json\/wp\/v2\/tags?post=94770"}],"curies":[{"name":"wp","href":"https:\/\/api.w.org\/{rel}","templated":true}]}}