{"id":94859,"date":"2023-09-18T14:20:29","date_gmt":"2023-09-18T12:20:29","guid":{"rendered":"https:\/\/univet.hu\/?page_id=94859"},"modified":"2023-09-18T14:20:29","modified_gmt":"2023-09-18T12:20:29","slug":"dienstleistungen","status":"publish","type":"page","link":"https:\/\/univet.hu\/de\/universitaet\/organisationseinheiten\/lehrstuhl-fur-pathologie\/dienstleistungen\/","title":{"rendered":"Dienstleistungen"},"content":{"rendered":"<p><strong>Leistungen der Abteilung Pathologie:<\/strong><\/p> <ul> <li>diagnostische Autopsie (Hund, Katze, Gefl\u00fcgel, Schwein; Schwein, Pferd, Wiederk\u00e4uer und Kaninchen in \u00dcll\u0151)<\/li> <li>Herdenuntersuchungen<\/li> <li>Histopathologie (auch Immunhistochemie [IHC])<\/li> <li>In-situ-Hybridisierung (bitte kontaktieren Sie uns, bevor Sie diese Untersuchung anfordern)<\/li> <li>Zytologie<\/li> <li>PCR<\/li> <li>Bakteriologie, Kultivierung<\/li> <li>Elektronenmikroskopie (bitte kontaktieren Sie uns, bevor Sie diese Untersuchung anfordern)<\/li> <\/ul> <p>&nbsp;<\/p> <p><strong>F\u00fcr die histopathologische Untersuchung:<\/strong> Die ausreichend gro\u00dfe Probe sollte in eine 8\u201310 %ige gepufferte Formalinl\u00f6sung und in eine Flasche mit gro\u00dfer \u00d6ffnung gegeben werden. Dies ist eine absolute Notwendigkeit f\u00fcr eine \u201elege artis\u201c-Untersuchung und -Diagnose. In jedem Fall ist dem Muster ein ordnungsgem\u00e4\u00df ausgef\u00fclltes Antragsformular beizuf\u00fcgen (herunterladbar auf der Seite \u201eLeistungen\u201c) \u2013 ohne das Formular k\u00f6nnen wir keinen Bericht erstellen. Die Annahme der Proben erfolgt zu den \u00d6ffnungszeiten der Abteilung (Montag bis Donnerstag 8.00 bis 15.00 Uhr; Freitag 8.00 bis 13.00 Uhr) oder per Post. Wir erstellen innerhalb von 2 Wochen einen histopathologischen Bericht.<\/p> <p><strong>F\u00fcr die diagnostische Autopsie:<\/strong> Die ordnungsgem\u00e4\u00dfe Lagerung (erforderlich: gek\u00fchlt auf 0\u20134\u00a0\u00b0C) und der Transport des Kadavers sind unbedingt erforderlich. Bitte vermeiden Sie auch das Einfrieren des Kadavers. Wegen des schnelleren Gewebeabbaus (Autolyse) sollte es vermieden werden, den Kadaver \u00fcber einen l\u00e4ngeren Zeitraum in fest verschlossenen Plastikt\u00fcten aufzubewahren. Es lohnt sich, die Obduktionsproben nicht \u00fcber einen l\u00e4ngeren Zeitraum aufzubewahren. Wir ben\u00f6tigen in jedem Fall ein ordnungsgem\u00e4\u00df ausgef\u00fclltes Antragsformular (bitte finden Sie es in den Anlagen). Sie k\u00f6nnen auch die Krankengeschichte des Tieres, Laborbefunde usw. beif\u00fcgen. Die Daten des Bestellers und\/oder K\u00e4ufers sollten deutlich gekennzeichnet sein.<\/p> <p>Die Probenentnahme und die Obduktion des Schlachtk\u00f6rpers durch den diensthabenden Tierarzt erfolgen werktags zu den Sprechzeiten (Montag-Donnerstag 8-15 Uhr; Freitag 8-13 Uhr). Der Obduktionsbericht wird innerhalb von 1\u20132 Wochen verschickt und eine telefonische Beratung kann angefordert werden. Sollten Sie Fragen oder Beratungsbedarf haben, rufen Sie bitte w\u00e4hrend der Gesch\u00e4ftszeiten unsere Rezeption unter +36-1-478-4181 an.<\/p> <p>In \u00dcll\u0151 wird die Autopsie gro\u00dfer Tiere (Schweine, Rinder, kleine Wiederk\u00e4uer) oder Kaninchenherden durchgef\u00fchrt. F\u00fcr weitere Informationen wenden Sie sich bitte an Dr. Imre Biksi unter +36-30-948-7747.<\/p> <p>&nbsp;<\/p>","protected":false},"excerpt":{"rendered":"<p>Leistungen der Abteilung Pathologie: diagnostische Autopsie (Hund, Katze, Gefl\u00fcgel, Schwein; Schwein, Pferd, Wiederk\u00e4uer und Kaninchen in \u00dcll\u0151) Herdenuntersuchungen Histopathologie (auch Immunhistochemie [IHC]) In-situ-Hybridisierung (bitte kontaktieren Sie uns, bevor Sie diese Untersuchung anfordern) Zytologie PCR Bakteriologie, Kultivierung Elektronenmikroskopie (bitte kontaktieren Sie uns, bevor Sie diese Untersuchung anfordern) &nbsp; F\u00fcr die histopathologische Untersuchung: Die ausreichend gro\u00dfe Probe<\/p>\n","protected":false},"author":3837,"featured_media":0,"parent":3377,"menu_order":0,"comment_status":"open","ping_status":"open","template":"","meta":{"_acf_changed":false,"footnotes":""},"categories":[],"tags":[],"class_list":["post-94859","page","type-page","status-publish","hentry"],"acf":[],"_links":{"self":[{"href":"https:\/\/univet.hu\/de\/wp-json\/wp\/v2\/pages\/94859","targetHints":{"allow":["GET"]}}],"collection":[{"href":"https:\/\/univet.hu\/de\/wp-json\/wp\/v2\/pages"}],"about":[{"href":"https:\/\/univet.hu\/de\/wp-json\/wp\/v2\/types\/page"}],"author":[{"embeddable":true,"href":"https:\/\/univet.hu\/de\/wp-json\/wp\/v2\/users\/3837"}],"replies":[{"embeddable":true,"href":"https:\/\/univet.hu\/de\/wp-json\/wp\/v2\/comments?post=94859"}],"version-history":[{"count":0,"href":"https:\/\/univet.hu\/de\/wp-json\/wp\/v2\/pages\/94859\/revisions"}],"up":[{"embeddable":true,"href":"https:\/\/univet.hu\/de\/wp-json\/wp\/v2\/pages\/3377"}],"wp:attachment":[{"href":"https:\/\/univet.hu\/de\/wp-json\/wp\/v2\/media?parent=94859"}],"wp:term":[{"taxonomy":"category","embeddable":true,"href":"https:\/\/univet.hu\/de\/wp-json\/wp\/v2\/categories?post=94859"},{"taxonomy":"post_tag","embeddable":true,"href":"https:\/\/univet.hu\/de\/wp-json\/wp\/v2\/tags?post=94859"}],"curies":[{"name":"wp","href":"https:\/\/api.w.org\/{rel}","templated":true}]}}