{"id":94923,"date":"2023-09-19T09:02:01","date_gmt":"2023-09-19T07:02:01","guid":{"rendered":"https:\/\/univet.hu\/?page_id=94923"},"modified":"2023-09-19T09:04:31","modified_gmt":"2023-09-19T07:04:31","slug":"a-kollegium-igazgato-nevelotanar-fobb-feladatai","status":"publish","type":"page","link":"https:\/\/univet.hu\/de\/universitaet\/organisationseinheiten\/ate-marek-jozsef-bildungszentrum-und-studentenwohnheim\/a-kollegium-igazgato-nevelotanar-fobb-feladatai\/","title":{"rendered":"Die Hauptaufgaben des Direktors (P\u00e4dagogiklehrers) der Hochschule"},"content":{"rendered":"<p>1. Die Hauptaufgaben des Direktors (P\u00e4dagogiklehrers) der Hochschule<\/p> <p>1.1. Die Hauptaufgaben des Hochschuldirektors (P\u00e4dagogiklehrer) im Sinne der in der Organisations- und Betriebsordnung der \u00c1OTK festgelegten Verantwortlichkeiten sind folgende:<\/p> <ul> <li>Organisation und Koordination von Aufgaben im Zusammenhang mit der Wartung, dem Betrieb, der Verwaltung und der Verwaltung des \u00c1OTK-Wohnheims.<\/li> <li>Umsetzung von Aufgaben, die sich aus Gesetzen, Hochschulordnungen und Wohnheimvorschriften ergeben.<\/li> <li>Komplette Verwaltung von Mietobjekten f\u00fcr Wohnheimzwecke.<\/li> <li>Anmeldung von Wohnheimpl\u00e4tzen, Kontrolle deren Besetzung, Abwicklung und Kontrolle der Erhebung der Wohnheimgeb\u00fchren.<\/li> <li>Planung des Jahresbudgets der Wohnheime und Mietobjekte, um einen effizienten Betrieb sicherzustellen.<\/li> <li>Erledigung der von der Organisationseinheit in den Hochschulordnungen im Zusammenhang mit der Nutzung von Managementrahmenwerken im Zust\u00e4ndigkeitsbereich des Hochschuldirektors zu erf\u00fcllenden Buchhaltungs- und Kontrollaufgaben sowie die Erstellung der entsprechenden Abrechnungen.<\/li> <li>Wahrung langfristiger strategischer Interessen am Betrieb des Wohnheims, Schutz und Erhalt der Ausstattung und des technischen Zustands des Wohnheimgeb\u00e4udes sowie gegebenenfalls Einleitung von Sanierungsma\u00dfnahmen.<\/li> <li>Bereitstellung der gesetzlich festgelegten Grundversorgung in den Wohnheimen.<\/li> <li>Effizienter und sparsamer Einsatz von physischen und finanziellen Verm\u00f6genswerten sowie Humanressourcen. Unabh\u00e4ngige Verwaltung mit dem Verwaltungsrahmen der Hochschule (Budget, eigene Einnahmen, Ausschreibungs- und Sponsorenzusch\u00fcsse, Erstattungsgeb\u00fchren der Hochschule usw.).<\/li> <li>Effektive Organisation der eigenen einkommensschaffenden Aktivit\u00e4ten der Hochschule.<\/li> <li>Organisation und Kontrolle der Einhaltung und Durchsetzung berufsrechtlicher Vorschriften (\u00c1NTSZ, Brandschutz und Arbeitssicherheit).<\/li> <li>Aufrechterhaltung des Kontakts und der Zusammenarbeit mit anderen Organisationseinheiten der \u00c1OTK, der Studentenvertretung und dem Studentenkomitee des Wohnheims im Rahmen der gesetzlichen und internen Vorschriften.<\/li> <li>Unterst\u00fctzung der Studierenden bei der Vorbereitung auf das intellektuelle Schaffen an der Hochschule.<\/li> <li>Einleitung und Untersuchung geeigneter Verfahren im Wohnheim und bei Disziplinarverst\u00f6\u00dfen der Studierenden.<\/li> <li>Vorbereitung von Verpflichtungen im Zusammenhang mit der Hochschule, Abschluss und Gegenzeichnung nach Kommentierung, umfassende Verwaltung im Rahmen der einschl\u00e4gigen Verwaltungs-, Verpflichtungs- und anderen internen Vorschriften und Gesetze.<\/li> <li>Festlegung der Regeln f\u00fcr die Nutzung von Wohnheimzimmern auf Grundlage der jeweiligen Fakult\u00e4tsordnung.<\/li> <li>Als Kompetenzangelegenheit die Bearbeitung von Bewerbungsangelegenheiten im Zusammenhang mit dem Wohnheim und dem studentischen Leben im Wohnheim sowie die Unterst\u00fctzung bei Bewerbungen von Studierenden, die auch das Wohnheim betreffen.<\/li> <li>Unterst\u00fctzung der beruflichen, kulturellen, sportlichen und sportlichen Aktivit\u00e4ten der Hochschule, indem die infrastrukturellen Betriebsbedingungen bestm\u00f6glich sichergestellt werden.<\/li> <li>Festlegung der Regeln f\u00fcr das Zusammenleben im Wohnheim unter Ber\u00fccksichtigung der Stellungnahme des Studierendenausschusses des Wohnheims.<\/li> <li>Festlegung der Nutzungsbedingungen der zus\u00e4tzlichen Dienstleistungen, die von der Hochschule bereitgestellt werden k\u00f6nnen.<\/li> <li>Organisation von Kontakten und Kooperationen mit anderen Hochschulen und Hochschulverb\u00fcnden.<\/li> <li>Regelm\u00e4\u00dfige monatliche Bereitstellung von Informationen \u00fcber die wirtschaftlichen Aktivit\u00e4ten der Wohnheime an das Wohnheim-Studentenkomitee und Beantwortung aller auftretenden Fragen.<\/li> <li>H\u00f6chstens monatlich der Wohnheimkommission die M\u00f6glichkeit zu geben, die mit der Hochschule abgeschlossenen Vertr\u00e4ge (Verpflichteter ist der Dekan) einzusehen.<\/li> <\/ul> <p>&nbsp;<\/p> <p>1.2. Die Organisation des Kollegiums zur Wahrnehmung der in der Gesch\u00e4ftsordnung und der Gesch\u00e4ftsordnung festgelegten Aufgaben ist wie folgt strukturiert:<\/p> <p>Wohnheimleiter (P\u00e4dagogischer Lehrer)<\/p> <p>Die Bewerbung um die Leitung des Kollegiums wird durch den Fakult\u00e4tsrat und den Studienausschuss des Dekans mit Zustimmung der Fakult\u00e4ts-Studierendenvertretung und des Fakult\u00e4tsrates bekannt gegeben.<\/p> <p>Der Leiter des Wohnheims (P\u00e4dagogischer Lehrer) wird vom Dekan ernannt. (auf der Grundlage von \u00a7 114\/. Buchstabe b des \u00c1OTK SZMSZ)<\/p> <p>Der Direktor \u00fcbt seine T\u00e4tigkeit direkt unter der Leitung des Dekans aus.<\/p> <p>Der Dekan \u00fcbt die Befugnis aus, Arbeitgeber gegen\u00fcber den Mitarbeitern der Hochschule zu ernennen und einzustellen. Der Leiter mit Arbeitsleitungsbefugnis ist der Direktor oder sein benannter Stellvertreter.<\/p> <p>2. Verantwortlichkeiten, Rechte und Pflichten des Direktors (P\u00e4dagogikers).<\/p> <p>2.1. Der Direktor (P\u00e4dagogischer Lehrer)<\/p> <p>Verantwortlich:<\/p> <ul> <li>F\u00fcr die Ordnungsm\u00e4\u00dfigkeit, die Einhaltung der Gesetze sowie der universit\u00e4ts- und fakult\u00e4tsinternen Vorschriften.<\/li> <li>Daf\u00fcr, dass er seine Aufgaben bestm\u00f6glich und mit der erwarteten Sachkenntnis und Sorgfalt ausf\u00fchrt und erf\u00fcllt.<\/li> <\/ul> <p>&nbsp;<\/p> <p>&#8211; zur Durchsetzung der Anforderungen an berufliche Effizienz und Wirtschaftlichkeit in der Unternehmensf\u00fchrung.<\/p> <ul> <li>F\u00fcr die Einrichtung, kontinuierliche \u00dcberpr\u00fcfung und Einleitung von \u00c4nderungen der einheitlichen Wohnheimverfahren und -prozesse.<\/li> <\/ul> <p>&#8211; zur Organisation und Aufrechterhaltung der Managementkontrolle gegen\u00fcber den Mitarbeitern.<\/p> <p>&nbsp;<\/p> <p>Berechtigt:<\/p> <p>&#8211; F\u00fcr die Informationen, die f\u00fcr die Ausf\u00fchrung Ihrer Arbeit und der Aktivit\u00e4ten Ihrer Kollegen erforderlich sind.<\/p> <p>&#8211; Um administrative \u00c4nderungen im Zusammenhang mit Ihrer Arbeit im Dekanat einzuleiten.<\/p> <p>&#8211; Aus\u00fcbung des Rechts zur Ausstellung von Gutscheinen zu Gunsten und Lasten des Finanzrahmens der Hochschule im Rahmen der einschl\u00e4gigen Gesetze und universit\u00e4tsinternen Ordnungen.<\/p> <p>&#8211; In Bezug auf Mitarbeiter:<\/p> <p>&#8211; F\u00fchrung von Mitarbeitern.<\/p> <p>&#8211; um den Arbeitsprozess zu \u00fcberpr\u00fcfen.<\/p> <p>&#8211; zur Information und Berichterstattung.<\/p> <p>&#8211; Pr\u00e4mien, Gehaltserh\u00f6hungen und Auszeichnungen vorzuschlagen.<\/p> <p>&#8211; Disziplinarma\u00dfnahmen einzuleiten.<\/p> <p>&#8211; organisatorische und administrative Ver\u00e4nderungen einzuleiten.<\/p> <p>&nbsp;<\/p> <p>Aufgabe:<\/p> <p>&#8211; Planung, Organisation und Leitung des Hochschulbetriebs.<\/p> <p>Einschlie\u00dflich:<\/p> <p>&#8211; die Festlegung der Reihenfolge der Aufgaben und Arbeitsabl\u00e4ufe der Hochschule, deren schriftliche Niederschrift und ggf. deren Genehmigung durch den Dekan.<\/p> <p>&#8211; Jahresplan der Aufgaben, m\u00f6gliche Korrektur des Zeitplans, Kontrolle der Erfolge.<\/p> <p>&#8211; Festlegung von Fristen, deren Einhaltung und Durchsetzung.<\/p> <p>&#8211; die Organisation der im Arbeitsprozess vorgesehenen Kontrolle und die Kontrolle der Beseitigung der festgestellten M\u00e4ngel.<\/p> <p>&#8211; Unternehmenssteuerung.<\/p> <p>&#8211; regelm\u00e4\u00dfige Information der Stakeholder \u00fcber Entscheidungen, Ereignisse, Aufgaben,<\/p> <p>&#8211; Auswahl, Schulung, F\u00f6rderung und Anerkennung von Mitarbeitern mit entsprechender beruflicher Qualifikation und Kompetenz, Einleitung der Verantwortlichkeit in begr\u00fcndeten F\u00e4llen.<\/p> <p>&#8211; Datenbereitstellung f\u00fcr Hochschulrat und Fakult\u00e4tsrat sowie sonstige Eingaben.<\/p> <p>&#8211; Datenbereitstellung f\u00fcr die Erstellung des Jahresplans, der institutionellen Berichte und der Textberichte.<\/p> <p>&#8211; T\u00e4tigkeiten im Zusammenhang mit Betrieb, Betrieb, Instandhaltung und Verwaltung der Hochschule sowie die Leitung und Organisation der Verwaltungsarbeiten.<\/p> <p>&#8211; Erstellung von Mietvertr\u00e4gen f\u00fcr Wohnheimfl\u00e4chen und Sponsoringvertr\u00e4gen f\u00fcr das Wohnheim, oder. Vorbereitung, Pr\u00fcfung und Genehmigung.<\/p> <p>&#8211; Genehmigung von Veranstaltungen, die im Wohnheim stattfinden, und Festlegung ihrer Betriebsbedingungen.<\/p> <p>&#8211; Ordnungsgem\u00e4\u00dfe Abwicklung von Studentenpraktika, \u00dcberpr\u00fcfung der Verf\u00fcgbarkeit grundlegender Dienstleistungen, Bearbeitung kontroverser F\u00e4lle und Disziplinarfragen im Zusammenhang mit Studenten.<\/p> <p>&#8211; Erarbeitung der Hausordnung des Wohnheims, Festlegung der im Wohnheim nutzbaren Zusatzleistungen und Festlegung der Nutzungsm\u00f6glichkeiten. Erstellung der Zimmerliste der dort wohnenden Wohnheime.<\/p> <p>&#8211; Unterst\u00fctzung beim Ein- und Auszug von College-Studenten.<\/p> <p>&#8211; Kontakt zu Kommilitonen.<\/p> <p>&#8211; Warnung vor im R\u00fcckstand befindlichen Studierenden.<\/p> <p>&#8211; Erledigung aller berufsbezogenen Aufgaben, die Ihnen Ihre Vorgesetzten anvertrauen und f\u00fcr die Sie \u00fcber Fachkenntnisse verf\u00fcgen.<\/p> <p>&#8211; Kontaktaufnahme der im Wohnheim untergebrachten Studierenden mit dem Studierendenausschuss des Wohnheims<\/p> <p>&#8211; Der Direktor von 2.1. kann seine in Ziffer 11.1.1.1 genannten Befugnisse delegieren. Der Aus\u00fcbende der \u00fcbertragenen Befugnis darf die Befugnis nicht \u00fcbertragen.<\/p>","protected":false},"excerpt":{"rendered":"<p>1. Die Hauptaufgaben des Direktors (P\u00e4dagogiklehrers) der Hochschule 1.1. Die Hauptaufgaben des Hochschuldirektors (P\u00e4dagogiklehrer) im Sinne der in der Organisations- und Betriebsordnung der \u00c1OTK festgelegten Verantwortlichkeiten sind folgende: Organisation und Koordination von Aufgaben im Zusammenhang mit der Wartung, dem Betrieb, der Verwaltung und der Verwaltung des \u00c1OTK-Wohnheims. Umsetzung von Aufgaben, die sich aus Gesetzen, Hochschulordnungen<\/p>\n","protected":false},"author":3837,"featured_media":0,"parent":3411,"menu_order":0,"comment_status":"closed","ping_status":"closed","template":"","meta":{"_acf_changed":false,"footnotes":""},"categories":[],"tags":[],"class_list":["post-94923","page","type-page","status-publish","hentry"],"acf":[],"_links":{"self":[{"href":"https:\/\/univet.hu\/de\/wp-json\/wp\/v2\/pages\/94923","targetHints":{"allow":["GET"]}}],"collection":[{"href":"https:\/\/univet.hu\/de\/wp-json\/wp\/v2\/pages"}],"about":[{"href":"https:\/\/univet.hu\/de\/wp-json\/wp\/v2\/types\/page"}],"author":[{"embeddable":true,"href":"https:\/\/univet.hu\/de\/wp-json\/wp\/v2\/users\/3837"}],"replies":[{"embeddable":true,"href":"https:\/\/univet.hu\/de\/wp-json\/wp\/v2\/comments?post=94923"}],"version-history":[{"count":0,"href":"https:\/\/univet.hu\/de\/wp-json\/wp\/v2\/pages\/94923\/revisions"}],"up":[{"embeddable":true,"href":"https:\/\/univet.hu\/de\/wp-json\/wp\/v2\/pages\/3411"}],"wp:attachment":[{"href":"https:\/\/univet.hu\/de\/wp-json\/wp\/v2\/media?parent=94923"}],"wp:term":[{"taxonomy":"category","embeddable":true,"href":"https:\/\/univet.hu\/de\/wp-json\/wp\/v2\/categories?post=94923"},{"taxonomy":"post_tag","embeddable":true,"href":"https:\/\/univet.hu\/de\/wp-json\/wp\/v2\/tags?post=94923"}],"curies":[{"name":"wp","href":"https:\/\/api.w.org\/{rel}","templated":true}]}}