{"id":95120,"date":"2023-09-20T08:23:49","date_gmt":"2023-09-20T06:23:49","guid":{"rendered":"https:\/\/univet.hu\/?page_id=95120"},"modified":"2024-10-07T18:17:11","modified_gmt":"2024-10-07T16:17:11","slug":"doktorandenvereinigung","status":"publish","type":"page","link":"https:\/\/univet.hu\/de\/studenten\/doktorandenvereinigung\/","title":{"rendered":"Doktorandenvereinigung"},"content":{"rendered":"<p>Die Selbstverwaltung der Doktoranden der Universit\u00e4t ist das im nationalen Hochschulgesetz genannte Vertretungsorgan der Doktoranden. Sie nimmt alle Aufgaben der studentischen Selbstverwaltung f\u00fcr Studierende im Grundstudium wahr. Sie vertritt nicht nur die Interessen der Doktoranden, sondern organisiert auch Veranstaltungen und Konferenzen f\u00fcr Doktoranden, beteiligt sich an der Arbeit des Nationalen Verbandes der Doktoranden (DOSZ) und kn\u00fcpft Beziehungen zu Doktorandenorganisationen anderer Hochschuleinrichtungen in Ungarn und im Ausland.<\/p> <p>Die Dokumentation \u00fcber die Arbeit des D\u00d6K ist im Intranet verf\u00fcgbar.<\/p> <p>Die Hauptaufgabe des D\u00d6K ist es, die Interessen der Doktoranden zu vertreten und zu sch\u00fctzen. Bitte wenden Sie sich mit Ihren Problemstellungen, Fragen und Anregungen an uns.<\/p> <p>Die Mitglieder der Delegiertenversammlung:<\/p> <ul> <li><strong>Pr\u00e4sident:<\/strong> Dr. Mag Patrik <a class=\"decrypt\" rel=\"nbh\/qbusjlAvojwfu\/iv\" href=\"javascript:void(0);\">[Click to see email]<\/a><\/li> <li><strong>Vizepr\u00e4sidentin:<\/strong> Dr. Farkas M\u00e1t\u00e9 <a class=\"decrypt\" rel=\"gbslbt\/nbufAvojwfu\/iv\" href=\"javascript:void(0);\">[Click to see email]<\/a><\/li> <li><strong>Haushaltsbeauftragter:<\/strong> Dr. Sipos Roland <a class=\"decrypt\" rel=\"tjqpt\/spmboeAvojwfu\/iv\" href=\"javascript:void(0);\">[Click to see email]<\/a><\/li> <li><strong>Mitglied des Senats:<\/strong> Dr. Mag Patrik<\/li> <li><strong>Mitglied der Nationalen Vereinigung der Doktoranden:<\/strong> Dr. Farkas M\u00e1t\u00e9<\/li> <li><strong>Mitglied des Nationalen Rates f\u00fcr Doktoranden- und Postdoktorandenstudien:<\/strong> Dr. Farkas M\u00e1t\u00e9<\/li> <li><strong>Mitglied des Rates der Doktorandenschule:<\/strong> Dr. Mag Patrik<\/li> <li><strong>Mitglied des Wissenschafts- und Innovationsausschusses:<\/strong>\u00a0Paliczn\u00e9 Kust\u00e1n Bianka <a class=\"decrypt\" rel=\"qbmjd{of\/lvtubo\/cjbolbAvojwfu\/iv\" href=\"javascript:void(0);\">[Click to see email]<\/a><\/li> <li><strong>Mitglied des Studentischen Evaluierungsausschusses:<\/strong>\u00a0Kunszab\u00f3 Atilla <a class=\"decrypt\" rel=\"lvot{bcp\/bujmmbAvojwfu\/iv\" href=\"javascript:void(0);\">[Click to see email]<\/a><\/li> <li><strong>Mitglied des Bildungsausschusses:<\/strong> Dr. Somogyi Fanni <a class=\"decrypt\" rel=\"tpnphzj\/gboojAvojwfu\/iv\" href=\"javascript:void(0);\">[Click to see email]<\/a><\/li> <li><strong>Mitglied des Akkreditierungs- und Qualit\u00e4tsausschusses:<\/strong> Dr. Mag Patrik<\/li> <li>Dr. N\u00e9meth Kriszti\u00e1n<\/li> <\/ul> <p>Kontaktdaten des D\u00d6K-Pr\u00e4sidenten, Sprechzeiten:<\/p> <ul> <li>W\u00e4hrend der Vorlesungszeit: jede gerade Woche am Montag 10:00-11:00<\/li> <li>Pr\u00fcfungszeit: jeden ersten Montag im Monat 10:00-11:00<\/li> <li>B\u00fcro: Fakult\u00e4t f\u00fcr Pharmazie und Toxikologie, Geb\u00e4ude R-S, B\u00fcro im Erdgeschoss<\/li> <li>Postanschrift: 1400 Budapest, Pf. 2.<\/li> <li>Telefon: 0620\/5360060<\/li> <\/ul>","protected":false},"excerpt":{"rendered":"<p>Die Selbstverwaltung der Doktoranden der Universit\u00e4t ist das im nationalen Hochschulgesetz genannte Vertretungsorgan der Doktoranden. Sie nimmt alle Aufgaben der studentischen Selbstverwaltung f\u00fcr Studierende im Grundstudium wahr. Sie vertritt nicht nur die Interessen der Doktoranden, sondern organisiert auch Veranstaltungen und Konferenzen f\u00fcr Doktoranden, beteiligt sich an der Arbeit des Nationalen Verbandes der Doktoranden (DOSZ) und<\/p>\n","protected":false},"author":4862,"featured_media":0,"parent":349,"menu_order":12,"comment_status":"closed","ping_status":"closed","template":"","meta":{"_acf_changed":false,"footnotes":""},"categories":[],"tags":[],"class_list":["post-95120","page","type-page","status-publish","hentry"],"acf":[],"_links":{"self":[{"href":"https:\/\/univet.hu\/de\/wp-json\/wp\/v2\/pages\/95120","targetHints":{"allow":["GET"]}}],"collection":[{"href":"https:\/\/univet.hu\/de\/wp-json\/wp\/v2\/pages"}],"about":[{"href":"https:\/\/univet.hu\/de\/wp-json\/wp\/v2\/types\/page"}],"author":[{"embeddable":true,"href":"https:\/\/univet.hu\/de\/wp-json\/wp\/v2\/users\/4862"}],"replies":[{"embeddable":true,"href":"https:\/\/univet.hu\/de\/wp-json\/wp\/v2\/comments?post=95120"}],"version-history":[{"count":0,"href":"https:\/\/univet.hu\/de\/wp-json\/wp\/v2\/pages\/95120\/revisions"}],"up":[{"embeddable":true,"href":"https:\/\/univet.hu\/de\/wp-json\/wp\/v2\/pages\/349"}],"wp:attachment":[{"href":"https:\/\/univet.hu\/de\/wp-json\/wp\/v2\/media?parent=95120"}],"wp:term":[{"taxonomy":"category","embeddable":true,"href":"https:\/\/univet.hu\/de\/wp-json\/wp\/v2\/categories?post=95120"},{"taxonomy":"post_tag","embeddable":true,"href":"https:\/\/univet.hu\/de\/wp-json\/wp\/v2\/tags?post=95120"}],"curies":[{"name":"wp","href":"https:\/\/api.w.org\/{rel}","templated":true}]}}