{"id":95133,"date":"2023-09-20T08:49:50","date_gmt":"2023-09-20T06:49:50","guid":{"rendered":"https:\/\/univet.hu\/?page_id=95133"},"modified":"2024-10-24T09:59:43","modified_gmt":"2024-10-24T07:59:43","slug":"einheiten","status":"publish","type":"page","link":"https:\/\/univet.hu\/de\/universitaet\/organisationseinheiten\/lehrstuhl-fur-die-medizin-der-exotischen-tiere\/einheiten\/","title":{"rendered":"Einheiten"},"content":{"rendered":"<p><span data-olk-copy-source=\"MessageBody\">Abteilung f\u00fcr Medizin Exotischer Tiere, Wildtiere, Fische und Bienen<\/span><\/p> <p>Abteilungsleiter: Dr. J\u00e1nos G\u00e1l, stellvertretender Abteilungsleiter: Dr. Mikl\u00f3s Maros\u00e1n<\/p> <p>Geschichte der Abteilung<\/p> <p>Die <span data-olk-copy-source=\"MessageBody\">Abteilung f\u00fcr Medizin Exotischer Tiere, Wildtiere, Fische und Bienen<\/span> wurde am 1. Januar 2014 durch Zusammenlegung der Abteilung f\u00fcr Medizin exotischer Tiere und Wildtiere der Abteilung Pathologie und der Abteilung Exoten der Abteilung Innere Medizin gegr\u00fcndet. Neben der klinischen Patientenversorgung exotischer Tiere werden in der neuen Abteilung auch pathologische und diagnostische Arbeiten durchgef\u00fchrt. Die Einheit f\u00fchrt au\u00dferdem Untersuchungen zur Tiergesundheits\u00fcberwachung und pr\u00e4ventive Kontrollprogramme f\u00fcr jagdbare und gesch\u00fctzte Wildarten in Ungarn durch. Auf Wunsch von Ermittlungsbeh\u00f6rden und Gerichten f\u00fchrt die Abteilung auch forensische Gutachten und Gutachten in den Bereichen Wildtiergesundheit, Jagd, Wildtiermanagement und Wildtierzucht durch. Die Abteilung unterrichtet das Pflichtfach \u201eAvian and Exotic Animal Medicine\u201c auf Englisch sowie mehrere optionale Kurse. Neben der postgradualen Facharztweiterbildung \u201eExperte f\u00fcr Exotische Tiermedizin\u201c organisiert die Abteilung auch die Ausbildungen \u201eBienengesundheitsexperte\u201c und \u201eWildtierexperte\u201c.<\/p> <p>-Exotische Tierklinik<\/p> <p>Dr. Anik\u00f3 M\u00f3zer, Dr. Anna Linda N\u00f3gr\u00e1di, Dr. Antal Papp, Dr. T\u00fcnde Kanyorszky, Dr. D\u00f3ra Csat\u00e1ri, Dr. \u00c1risz Ziszisz<\/p> <p>Abteilungsleiter: Dr. J\u00e1nos G\u00e1l<\/p> <p>Komplette tier\u00e4rztliche Betreuung von exotischen Haustieren, Kaninchen, Meerschweinchen, Hamster, Degu, Chinchillas, Ratten und anderen Kleinnagern sowie Zierv\u00f6geln und Terrarientieren (Eidechsen, Schlangen, Schildkr\u00f6ten).<\/p> <p>&#8211; Abteilung f\u00fcr Jagd-, Wild- und Wildtiermanagement<\/p> <p>Dr. Mikl\u00f3s Maros\u00e1n, Dr. Tam\u00e1s T\u00f3th, Norbert Aba\u00faji<\/p> <p>Abteilungsleiter: Dr. Mikl\u00f3s Maros\u00e1n<\/p> <p>Die Abteilung Jagd-, Wild- und Wildtiermanagement wurde 2015 gegr\u00fcndet. Sie betreut seitdem Forschungsthemen und Bildungsaufgaben im Zusammenhang mit Jagd, Wildtiermanagement und Naturschutz. Die Abteilung ist f\u00fcr die Fachausbildung von Doktoranden im Wildtiermanagement und den Aufbaustudiengang Wildtierschadensbewertung verantwortlich.<\/p> <p>&#8211; Abteilung Aquakultur und Fischhygiene &#8211;<\/p> <p>Dr. Ferenc Baska, Dr. Judit Kojer<\/p> <p>Abteilungsleiter: Dr. Ferenc Baska<\/p> <p>Die Abteilung ist am Standort Rottenbiller Street der Universit\u00e4t unter der Leitung von Dr. Ferenc Baska, au\u00dferordentlicher Professor, t\u00e4tig. Die Aufgaben der Abteilung bestehen in der Vermittlung von Fachwissen rund um Fische und andere befischte Wasserorganismen, einschlie\u00dflich Pflicht- und Wahlveranstaltungen. Neben der Ausbildung bietet es Fischproduzenten und Fischereibetreibern fachkundige Beratung<\/p> <p>Gew\u00e4sser und forscht in Zusammenarbeit mit der Fischereiabteilung des Landwirtschaftsministeriums im Rahmen einer gemeinsam gegr\u00fcndeten \u201eFischereiforschungsgruppe\u201c.<\/p> <p>&#8211; Abteilung f\u00fcr Bienenzucht und Bienenheilkunde &#8211;<\/p> <p>G\u00e1bor Hal\u00e1sz, Abteilungsleiter: Dr. J\u00e1nos G\u00e1l<\/p> <p>Zu den Aufgaben der Abteilung geh\u00f6ren der Betrieb einer praktischen Imkerei am Fakult\u00e4tsstandort \u00dcll\u0151 und die dort stattfindende praktische Ausbildung sowie die Bienengesundheitsforschung und nicht zuletzt die F\u00f6rderung der Bienenhaltung bei Veterin\u00e4rstudenten.<\/p> <p>&#8211; Abteilung f\u00fcr Zoo- und Wildtiermedizin &#8211;<\/p> <p>Der Budapester Zoo und Botanische Garten ist eine Au\u00dfenabteilung der Veterin\u00e4rmedizinischen Universit\u00e4t Budapest und dient sowohl Studenten als auch Doktoranden als Zentrum f\u00fcr Forschung und Ausbildung im Bereich Zoo- und Wildtiermedizin. Die Mitglieder des Veterin\u00e4rteams sind sowohl nach ungarischen Standards als auch international anerkannte Spezialisten, die an zahlreichen Naturschutzprojekten und verschiedenen Forschungsbereichen beteiligt sind. Die an der Einrichtung geleistete klinische und auch pathologische Arbeit spielt eine entscheidende Rolle bei der Bewirtschaftung gef\u00e4hrdeter Arten sowohl auf Einzel- als auch auf Populationsebene.<\/p>","protected":false},"excerpt":{"rendered":"<p>Abteilung f\u00fcr Medizin Exotischer Tiere, Wildtiere, Fische und Bienen Abteilungsleiter: Dr. J\u00e1nos G\u00e1l, stellvertretender Abteilungsleiter: Dr. Mikl\u00f3s Maros\u00e1n Geschichte der Abteilung Die Abteilung f\u00fcr Medizin Exotischer Tiere, Wildtiere, Fische und Bienen wurde am 1. Januar 2014 durch Zusammenlegung der Abteilung f\u00fcr Medizin exotischer Tiere und Wildtiere der Abteilung Pathologie und der Abteilung Exoten der Abteilung<\/p>\n","protected":false},"author":3837,"featured_media":0,"parent":3318,"menu_order":0,"comment_status":"open","ping_status":"open","template":"","meta":{"_acf_changed":false,"footnotes":""},"categories":[],"tags":[],"class_list":["post-95133","page","type-page","status-publish","hentry"],"acf":[],"_links":{"self":[{"href":"https:\/\/univet.hu\/de\/wp-json\/wp\/v2\/pages\/95133","targetHints":{"allow":["GET"]}}],"collection":[{"href":"https:\/\/univet.hu\/de\/wp-json\/wp\/v2\/pages"}],"about":[{"href":"https:\/\/univet.hu\/de\/wp-json\/wp\/v2\/types\/page"}],"author":[{"embeddable":true,"href":"https:\/\/univet.hu\/de\/wp-json\/wp\/v2\/users\/3837"}],"replies":[{"embeddable":true,"href":"https:\/\/univet.hu\/de\/wp-json\/wp\/v2\/comments?post=95133"}],"version-history":[{"count":0,"href":"https:\/\/univet.hu\/de\/wp-json\/wp\/v2\/pages\/95133\/revisions"}],"up":[{"embeddable":true,"href":"https:\/\/univet.hu\/de\/wp-json\/wp\/v2\/pages\/3318"}],"wp:attachment":[{"href":"https:\/\/univet.hu\/de\/wp-json\/wp\/v2\/media?parent=95133"}],"wp:term":[{"taxonomy":"category","embeddable":true,"href":"https:\/\/univet.hu\/de\/wp-json\/wp\/v2\/categories?post=95133"},{"taxonomy":"post_tag","embeddable":true,"href":"https:\/\/univet.hu\/de\/wp-json\/wp\/v2\/tags?post=95133"}],"curies":[{"name":"wp","href":"https:\/\/api.w.org\/{rel}","templated":true}]}}